{"id":39,"date":"2019-05-17T13:50:32","date_gmt":"2019-05-17T11:50:32","guid":{"rendered":"https:\/\/trails.cryptomania.cz\/ztracena-breclav\/?page_id=39"},"modified":"2021-04-08T09:32:55","modified_gmt":"2021-04-08T07:32:55","slug":"pravidla-hry","status":"publish","type":"page","link":"https:\/\/trails.cryptomania.cz\/ztracena-breclav\/pravidla-hry\/","title":{"rendered":"Pravidla hry"},"content":{"rendered":"<h2>Z\u00e1kladn\u00ed informace<\/h2>\n<ul>\n<li>Hra je \u0159\u00edzena pomoc\u00ed tohoto hern\u00edho syst\u00e9mu..<\/li>\n<li>Zde najdete v\u0161echny d\u016fle\u017eit\u00e9 pokyny a tak\u00e9 sem budete zad\u00e1vat v\u0161echna hesla, kter\u00e1 b\u011bhem hry z\u00edsk\u00e1te.<\/li>\n<li>Ke h\u0159e pot\u0159ebujete krom\u011b hern\u00edho syst\u00e9mu tak\u00e9 <strong>hern\u00ed bro\u017euru, nabit\u00fd chytr\u00fd telefon s p\u0159ipojen\u00edm k internetu, pap\u00edr a tu\u017eku.<\/strong><\/li>\n<li>Pokud jste tak je\u0161t\u011b neu\u010dinili, hern\u00ed bro\u017euru si m\u016f\u017eete st\u00e1hnout a vytisknout ve form\u00e1tu <a href=\"https:\/\/trails.cryptomania.cz\/wp-content\/themes\/trail2-ztracenabreclav-child\/brozura\/ztracenabreclav-brozuraA5.pdf\">bro\u017eury<\/a> \u010di <a href=\"https:\/\/trails.cryptomania.cz\/wp-content\/themes\/trail2-ztracenabreclav-child\/brozura\/ztracenabreclav-brozuraA4.pdf\">p\u0159ipravenou k tisku na A4<\/a>), p\u0159\u00edpadn\u011b si ji vyzvednout v Turistick\u00e9m informa\u010dn\u00edm centru v B\u0159eclavi, pavilonu v parku \u010di p\u0159i n\u00e1v\u0161t\u011bvu objekt\u016f MMG B\u0159eclav (muzeum pod vod\u00e1rnou, synagoga a Pohansko).<\/li>\n<li>Hra fyzicky za\u010d\u00edn\u00e1 v B\u0159eclavi, u budovy cyklo pavilonu ve st\u0159edu sad\u016f 28. \u0159\u00edjna.<\/li>\n<\/ul>\n<div style='position: relative;'><div title='48.7544839\u00b0N, 16.8911700\u00b0E' id='m65204' style='width: 100%; height: 400px;'><\/div><\/div><p class='text-end'><small><a href='https:\/\/mapy.cz\/turisticka?source=coor&id=16.89117%2C48.7544839&ds=2&x=16.89117&y=48.7544839&z=17' target='_blank'>Zobrazit na mapy.cz<\/a><\/small><\/p>\n<h2>Stanovi\u0161t\u011b<\/h2>\n<ul>\n<li>Hra obsahuje 4 stanovi\u0161t\u011b a 1 bonusov\u00e9 stanovi\u0161t\u011b<\/li>\n<li>Stanovi\u0161t\u011b jsou o\u010d\u00edslov\u00e1na od 1 a je mo\u017en\u00e9 je nav\u0161t\u00edvit pouze postupn\u011b.<\/li>\n<li>Bonusov\u00e9 stanovi\u0161t\u011b se zobraz\u00ed po ukon\u010den\u00ed hry a je mo\u017en\u00e9 je nav\u0161t\u00edvit kdykoliv.<\/li>\n<li>Pr\u016fchod hrou zobrazuje sch\u00e9ma n\u00ed\u017ee.<\/li>\n<\/ul>\n<p><img decoding=\"async\" src=\"http:\/\/trails.cryptomania.cz\/masaryk\/wp-content\/uploads\/sites\/51\/2018\/10\/Sch\u00e9ma-hry-1.png\" alt=\"Sch\u00e9ma hry\" class=\"alignnone img-responsive\" \/><\/p>\n<h2>\u00dakoly<\/h2>\n<ul>\n<li>Za vy\u0159e\u0161en\u00ed \u00fakol\u016f z\u00edsk\u00e1v\u00e1te body.<\/li>\n<li>Po\u010det z\u00edskan\u00fdch bod\u016f se li\u0161\u00ed podle toho, zda jste \u00fakol vy\u0159e\u0161ili bez pomoci, vzali si v hern\u00edm syst\u00e9mu n\u00e1pov\u011bdu \u010di \u0159e\u0161en\u00ed.\n<ul>\n<li>Vy\u0159e\u0161en\u00ed \u00fakolu: <strong>zisk 10 bod\u016f<\/strong><\/li>\n<li>N\u00e1pov\u011bda k p\u0159esunu: <strong>-2 body<\/strong><\/li>\n<li>N\u00e1pov\u011bda k \u00fakolu: <strong>-5 bod\u016f<\/strong><\/li>\n<li>P\u0159esko\u010den\u00ed stanovi\u0161t\u011b zobrazen\u00edm spr\u00e1vn\u00e9ho \u0159e\u0161en\u00ed: <strong>0 bod\u016f<\/strong><\/li>\n<\/ul>\n<\/li>\n<li>\u0158e\u0161en\u00edm \u00fakolu je v\u017edy jednoslovn\u00e9 smyslupln\u00e9 heslo &#8211; v p\u0159\u00edpad\u011b, \u017ee v\u00e1m vyjde v\u011bta (nap\u0159. Heslem je B\u0159eclav.), zad\u00e1v\u00e1te jen slovo \u201eB\u0159eclav\u201c.<\/li>\n<li>Pokud zad\u00e1te dv\u011b \u0161patn\u00e1 hesla po sob\u011b, dal\u0161\u00ed m\u016f\u017eete zadat a\u017e za 2 minuty.<\/li>\n<li>\u00dakoly spolu vz\u00e1jemn\u011b nesouvis\u00ed, ka\u017ed\u00fd je pot\u0159eba \u0159e\u0161it samostatn\u011b.<\/li>\n<li>Ve h\u0159e pou\u017e\u00edv\u00e1me anglickou abecedu o 26 znac\u00edch (CH jsou 2 r\u016fzn\u00e1 p\u00edsmena).<\/li>\n<li>V\u011bt\u0161inu zad\u00e1n\u00ed z\u00edsk\u00e1te elektronicky v hern\u00edm syst\u00e9mu, n\u011bkter\u00e9 \u00fakoly v\u0161ak mohou vy\u017eadovat i pr\u00e1ci s bro\u017eurkou. V takov\u00e9m p\u0159\u00edpad\u011b v\u00e1s v\u0161ak syst\u00e9m upozorn\u00ed. V\u0161e ostatn\u00ed, co pot\u0159ebujete k vy\u0159e\u0161en\u00ed \u00fakolu, najdete v bl\u00edzk\u00e9m okol\u00ed nebo si to nesete s sebou.<\/li>\n<\/ul>\n<h2>P\u0159\u00edb\u011bh<\/h2>\n<p>P\u0159i p\u0159esunech a tak\u00e9 na jednotliv\u00fdch stanovi\u0161t\u00edch v\u00e1m bude syst\u00e9m po \u010d\u00e1stech odhalovat p\u0159\u00edb\u011bh hry. Text p\u0159\u00edb\u011bhu neobsahuje \u017e\u00e1dn\u00e9 \u0161ifry, ale informace z n\u011bj m\u016f\u017eete p\u0159i \u0159e\u0161en\u00ed jednotliv\u00fdch \u00fakol\u016f vyu\u017e\u00edt. Doporu\u010dujeme jej \u010d\u00edst velmi pozorn\u011b!<\/p>\n<h2>Fair Play<\/h2>\n<p>Neprozrazujte pros\u00edm \u0159e\u0161en\u00ed \u00fakol\u016f. Je t\u011b\u017ek\u00e9 si hru u\u017e\u00edt, pokud zn\u00e1te dop\u0159edu \u0159e\u0161en\u00ed \u0161ifer. Z\u00e1rove\u0148 v\u00e1s pros\u00edme, abyste se ke v\u0161em hern\u00edm prvk\u016fm chovali ohledupln\u011b.<\/p>\n<p>&nbsp;<\/p>\n<p style=\"text-align: right;\"><em>P\u0159ejeme p\u0159\u00edjemnou hru!<br \/>\n<\/em><\/p>\n","protected":false},"excerpt":{"rendered":"<p>Z\u00e1kladn\u00ed informace Hra je \u0159\u00edzena pomoc\u00ed tohoto hern\u00edho syst\u00e9mu.. Zde najdete v\u0161echny d\u016fle\u017eit\u00e9 pokyny a tak\u00e9 sem budete zad\u00e1vat v\u0161echna hesla, kter\u00e1 b\u011bhem hry z\u00edsk\u00e1te. Ke h\u0159e pot\u0159ebujete krom\u011b hern\u00edho syst\u00e9mu tak\u00e9 hern\u00ed bro\u017euru, nabit\u00fd chytr\u00fd telefon s p\u0159ipojen\u00edm k internetu, pap\u00edr a tu\u017eku. Pokud jste tak je\u0161t\u011b neu\u010dinili, hern\u00ed bro\u017euru si m\u016f\u017eete st\u00e1hnout a [&hellip;]<\/p>\n","protected":false},"author":1,"featured_media":0,"parent":0,"menu_order":0,"comment_status":"closed","ping_status":"closed","template":"","meta":{"footnotes":""},"class_list":["post-39","page","type-page","status-publish","hentry"],"_links":{"self":[{"href":"https:\/\/trails.cryptomania.cz\/ztracena-breclav\/wp-json\/wp\/v2\/pages\/39","targetHints":{"allow":["GET"]}}],"collection":[{"href":"https:\/\/trails.cryptomania.cz\/ztracena-breclav\/wp-json\/wp\/v2\/pages"}],"about":[{"href":"https:\/\/trails.cryptomania.cz\/ztracena-breclav\/wp-json\/wp\/v2\/types\/page"}],"author":[{"embeddable":true,"href":"https:\/\/trails.cryptomania.cz\/ztracena-breclav\/wp-json\/wp\/v2\/users\/1"}],"replies":[{"embeddable":true,"href":"https:\/\/trails.cryptomania.cz\/ztracena-breclav\/wp-json\/wp\/v2\/comments?post=39"}],"version-history":[{"count":7,"href":"https:\/\/trails.cryptomania.cz\/ztracena-breclav\/wp-json\/wp\/v2\/pages\/39\/revisions"}],"predecessor-version":[{"id":166,"href":"https:\/\/trails.cryptomania.cz\/ztracena-breclav\/wp-json\/wp\/v2\/pages\/39\/revisions\/166"}],"wp:attachment":[{"href":"https:\/\/trails.cryptomania.cz\/ztracena-breclav\/wp-json\/wp\/v2\/media?parent=39"}],"curies":[{"name":"wp","href":"https:\/\/api.w.org\/{rel}","templated":true}]}}