{"id":7,"date":"2019-04-26T16:31:23","date_gmt":"2019-04-26T14:31:23","guid":{"rendered":"https:\/\/trails.cryptomania.cz\/zidovska-breclav\/contacts\/"},"modified":"2024-08-27T14:46:49","modified_gmt":"2024-08-27T12:46:49","slug":"contacts","status":"publish","type":"page","link":"https:\/\/trails.cryptomania.cz\/zidovska-breclav\/contacts\/","title":{"rendered":"Kontakt"},"content":{"rendered":"<div class=\"row justify-content-center lazyblock-cryptomania-basic-column-ZvRjGn wp-block-lazyblock-cryptomania-basic-column\">\n        <div class=\"col col-lg-10 col-xl-8 col-xxl-8\">\n            <div class=\"row\">\n                \n\n<p class=\"is-style-text-perex text-perex\">Hru pro v\u00e1s s l\u00e1skou p\u0159ipravili lid\u00e9 z <a href=\"https:\/\/www.muzeumbv.cz\/\">M\u011bstsk\u00e9ho muzea a galerie B\u0159eclav<\/a> a spole\u010dnosti <a href=\"https:\/\/www.cryptomania.cz\">Cryptomania<\/a>.<\/p>\n\n\n\n<p class=\"is-style-text-perex text-perex\"><strong>Provozovatel hry<\/strong> v\u00e1m pom\u016f\u017ee s ot\u00e1zkami na otv\u00edrac\u00ed dobu m\u00edst pro v\u00fddej hern\u00edch materi\u00e1l\u016f \u010di pokud naraz\u00edte na chyb\u011bj\u00edc\u00ed hern\u00ed prvek (opravili kostel, chyb\u00ed cedulka apod.). <strong>Auto\u0159i hry<\/strong> ocen\u00ed p\u0159ipom\u00ednky k \u0161ifr\u00e1m nebo zp\u011btnou vazbu ke h\u0159e.<\/p>\n\n\n            <\/div>\n        <\/div>\n    <\/div>\n\n<div class=\"lazyblock-cryptorace-contact-Z1WoMCh wp-block-lazyblock-cryptorace-contact\"><div class=\"row mt-3 row justify-content-center\">\n    <div class=\"col-12 col-md-4 col-lg-4 col-xxl-3\">\n        <h2 class=\"mb-3\">Provozovatel hry<\/h2>\n        <ul>\n            <li><strong>M\u011bstsk\u00e9 muzeum a galerie B\u0159eclav<\/strong><\/li>\n            <li><i class=\"fa-solid fa-phone-volume\"><\/i> &nbsp; <a\n                        href=\"tel:+420 519 323 050\">+420 519 323 050<\/a>\n            <\/li>\n            <li><i class=\"fa-regular fa-envelope\"><\/i> &nbsp; <a\n                        href=\"mailto:info@muzeumbv.cz\">info@muzeumbv.cz<\/a>\n            <\/li>\n        <\/ul>\n    <\/div>\n    <div class=\"col col-md-8 col-lg-6 col-xxl-5 text-center border-bottom pt-5\">\n        <img decoding=\"async\" src=\"https:\/\/trails.cryptomania.cz\/zidovska-breclav\/wp-content\/uploads\/sites\/55\/2024\/08\/muzeum.jpg\"\n                 alt=\"M\u011bstsk\u00e9 muzeum a galerie B\u0159eclav\" title=\"M\u011bstsk\u00e9 muzeum a galerie B\u0159eclav\"\n                 class=\"img-fluid\" style=\"max-height: 400px;\">\n    <\/div>\n<\/div>\n<\/div>\n\n<div class=\"row justify-content-center lazyblock-cryptomania-basic-column-ZQ234 wp-block-lazyblock-cryptomania-basic-column\">\n        <div class=\"col col-lg-10 col-xl-8 col-xxl-8\">\n            <div class=\"row\">\n                \n\n<p class=\"\"><\/p>\n\n\n            <\/div>\n        <\/div>\n    <\/div>\n\n<div class=\"lazyblock-cryptorace-contact-Z1iCI5r wp-block-lazyblock-cryptorace-contact\"><div class=\"row mt-3 row justify-content-center\">\n    <div class=\"col-12 col-md-4 col-lg-4 col-xxl-3\">\n        <h2 class=\"mb-3\">Auto\u0159i hry<\/h2>\n        <ul>\n            <li><strong>T\u00fdm Cryptomania<\/strong><\/li>\n            <li><i class=\"fa-solid fa-phone-volume\"><\/i> &nbsp; <a\n                        href=\"tel:+420 773 723 443\">+420 773 723 443<\/a>\n            <\/li>\n            <li><i class=\"fa-regular fa-envelope\"><\/i> &nbsp; <a\n                        href=\"mailto:hry@cryptomania.cz\">hry@cryptomania.cz<\/a>\n            <\/li>\n        <\/ul>\n    <\/div>\n    <div class=\"col col-md-8 col-lg-6 col-xxl-5 text-center border-bottom pt-5\">\n        <img decoding=\"async\" src=\"https:\/\/trails.cryptomania.cz\/zidovska-breclav\/wp-content\/uploads\/sites\/55\/2024\/08\/cryptoteam.png\"\n                 alt=\"T\u00fdm Cryptomania\" title=\"T\u00fdm Cryptomania\"\n                 class=\"img-fluid\" style=\"max-height: 400px;\">\n    <\/div>\n<\/div>\n<\/div>","protected":false},"excerpt":{"rendered":"","protected":false},"author":1,"featured_media":0,"parent":0,"menu_order":0,"comment_status":"closed","ping_status":"closed","template":"","meta":{"footnotes":""},"class_list":["post-7","page","type-page","status-publish","hentry"],"_links":{"self":[{"href":"https:\/\/trails.cryptomania.cz\/zidovska-breclav\/wp-json\/wp\/v2\/pages\/7","targetHints":{"allow":["GET"]}}],"collection":[{"href":"https:\/\/trails.cryptomania.cz\/zidovska-breclav\/wp-json\/wp\/v2\/pages"}],"about":[{"href":"https:\/\/trails.cryptomania.cz\/zidovska-breclav\/wp-json\/wp\/v2\/types\/page"}],"author":[{"embeddable":true,"href":"https:\/\/trails.cryptomania.cz\/zidovska-breclav\/wp-json\/wp\/v2\/users\/1"}],"replies":[{"embeddable":true,"href":"https:\/\/trails.cryptomania.cz\/zidovska-breclav\/wp-json\/wp\/v2\/comments?post=7"}],"version-history":[{"count":5,"href":"https:\/\/trails.cryptomania.cz\/zidovska-breclav\/wp-json\/wp\/v2\/pages\/7\/revisions"}],"predecessor-version":[{"id":149,"href":"https:\/\/trails.cryptomania.cz\/zidovska-breclav\/wp-json\/wp\/v2\/pages\/7\/revisions\/149"}],"wp:attachment":[{"href":"https:\/\/trails.cryptomania.cz\/zidovska-breclav\/wp-json\/wp\/v2\/media?parent=7"}],"curies":[{"name":"wp","href":"https:\/\/api.w.org\/{rel}","templated":true}]}}