{"id":40,"date":"2019-08-01T16:04:48","date_gmt":"2019-08-01T14:04:48","guid":{"rendered":"https:\/\/trails.cryptomania.cz\/zidovska-breclav\/?page_id=40"},"modified":"2024-08-27T14:59:26","modified_gmt":"2024-08-27T12:59:26","slug":"o-hre","status":"publish","type":"page","link":"https:\/\/trails.cryptomania.cz\/zidovska-breclav\/o-hre\/","title":{"rendered":"O h\u0159e"},"content":{"rendered":"<div class=\"row justify-content-center lazyblock-cryptomania-basic-column-1fGebN wp-block-lazyblock-cryptomania-basic-column\">\n        <div class=\"col col-lg-10 col-xl-8 col-xxl-8\">\n            <div class=\"row\">\n                \n\n<p class=\"is-style-text-perex text-perex\">Jmenuji se Hermann Hirsch Edler von Kuffner. Dlouh\u00e9 jm\u00e9no s dlouhou rodovou tradic\u00ed star\u00e9 \u017eidovsk\u00e9 rodiny.\u00a0V\u0161ak tak\u00e9 p\u0159\u00edb\u011bh, kter\u00fd V\u00e1m vyl\u00ed\u010d\u00edm, se ned\u00e1 vt\u011bsnat do jednoho slova. Ne, nechci t\u00edm \u0159\u00edct, \u017ee jsem hlavn\u00ed osobou vypr\u00e1v\u011bn\u00ed, to by bylo p\u0159\u00edli\u0161 neskromn\u00e9. T\u00edm hlavn\u00edm hrdinou je samotn\u00e9 m\u011bsto, kter\u00e9 jsem miloval a s n\u00edm\u017e jsem spojil sv\u016fj \u017eivot.\u00a0<\/p>\n\n\n\n<p class=\"is-style-text-perex text-perex\">B\u0159eclav druh\u00e9 poloviny 19. stolet\u00ed.\u00a0 M\u011bsto zasa\u017een\u00e9 pr\u016fmyslovou revoluc\u00ed. M\u011bsto, kde padaj\u00ed hranice \u017eidovsk\u00e9ho ghetta, kde je mo\u017en\u00e9, aby se starostou stal \u010dlov\u011bk \u017eidovsk\u00e9ho p\u016fvodu. M\u011bsto tov\u00e1ren, pokroku, ale i tich\u00fdch z\u00e1kout\u00ed \u00fazk\u00fdch uli\u010dek.\u00a0<\/p>\n\n\n\n<p class=\"is-style-text-perex text-perex\">Vlastn\u011b nev\u00edm, kolik z tohoto m\u011bsta p\u0159etrvalo do Va\u0161\u00ed doby. Ale n\u011bco snad p\u0159ece. A\u017e se dotknete st\u00ednu stalet\u00fdch budov, pamatujte, \u017ee po stejn\u00fdch m\u00edstech jsem kdysi chodil j\u00e1 a moji p\u0159\u00e1tel\u00e9. Potk\u00e1vali jsme se na roz\u00edch stejn\u00fdch ulic, pozorovali stejnou \u0159eku. Co na tom, \u017ee \u010das prom\u011bnil vzhled t\u011bch m\u00edst.\u00a0<\/p>\n\n\n<div class=\"col-12 col-lg-6 lazyblock-cryptomania-half-column-Zn9Nhz wp-block-lazyblock-cryptomania-half-column\">\n                <div class=\"lazyblock-inner-blocks\">\n\n<h2 class=\"wp-block-heading\">Jak hra funguje?<\/h2>\n\n\n\n<p class=\"\">V\u00a0na\u0161\u00ed h\u0159e se vyd\u00e1te spole\u010dn\u011b s Hermannem Kuffnerem \u017eidovskou B\u0159eclav\u00ed.\u00a0<strong>V t\u00fdmu o 2\u20135 hr\u00e1\u010d\u00edch\u00a0<\/strong>b\u011bhem n\u00ed projdete centrum m\u011bsta.\u00a0<strong>Na 5 stanovi\u0161t\u00edch hry<\/strong>\u00a0se dozv\u00edte n\u011bco m\u00e1lo z toho, \u010d\u00edm v\u0161\u00edm si B\u0159eclav v minulosti pro\u0161la. \u010cekaj\u00ed v\u00e1s\u00a0<strong>\u0161ifry, logick\u00e9 \u00falohy a\u00a0z\u00edsk\u00e1v\u00e1n\u00ed hesel<\/strong>.<\/p>\n\n\n\n<p class=\"\">V\u017edy po zad\u00e1n\u00ed spr\u00e1vn\u00e9ho hesla do online hern\u00edho syst\u00e9mu se dozv\u00edte polohu dal\u0161\u00edho stanovi\u0161t\u011b. Ke h\u0159e tedy pot\u0159ebujete alespo\u0148 jeden&nbsp;<strong>telefon s p\u0159ipojen\u00edm k internetu<\/strong>.<\/p>\n\n\n\n<h2 class=\"wp-block-heading\">Pro koho je hra ur\u010dena<\/h2>\n\n\n\n<p class=\"\"><strong>Hra je ur\u010dena pro 2\u20135\u010dlenn\u00e9 t\u00fdmy. Je vhodn\u00e1 jak pro t\u00fdmy hrav\u00fdch dosp\u011bl\u00fdch, tak pro rodiny s d\u011btmi.<\/strong>&nbsp;Naplno si ji u\u017eij\u00ed d\u011bti cca od 10 let, nicm\u00e9n\u011b \u0161ikovn\u00ed rodi\u010de, u\u010ditel\u00e9 \u010di odd\u00edlov\u00ed vedouc\u00ed zapoj\u00ed ur\u010dit\u011b i mlad\u0161\u00ed d\u011bti.<\/p>\n\n\n\n<p class=\"\">V&nbsp;p\u0159\u00edpad\u011b, \u017ee hru bude hr\u00e1t t\u00fdm d\u011bt\u00ed bez dosp\u011bl\u00fdch, doporu\u010dujeme ji d\u011btem cca od 14 let.&nbsp;<\/p>\n\n<\/div>\n    <\/div>\n\n<div class=\"col-12 col-lg-6 lazyblock-cryptomania-half-column-2qeVpc wp-block-lazyblock-cryptomania-half-column\">\n                <div class=\"lazyblock-inner-blocks\">\n<div class=\"bg-sidebox-light p-4 mb-3 rounded-4 lazyblock-cryptomania-gray-box-1p8eAP wp-block-lazyblock-cryptomania-gray-box\">\n                <div class=\"lazyblock-inner-blocks\"><\/div>\n    <\/div>\n<\/div>\n    <\/div>\n\n            <\/div>\n        <\/div>\n    <\/div>\n\n<div class=\"row justify-content-center lazyblock-cryptomania-text-column-Z1PYTn6 wp-block-lazyblock-cryptomania-text-column\">\n        <div class=\"col col-lg-10 col-xl-8 col-xxl-8\">\n            <div class=\"row\">\n                <div class=\"col-12 col-lg-8 text-bigger mb-3 mt-2\">\n                    \n\n<h2 class=\"wp-block-heading\"><strong>Kde hra za\u010d\u00edn\u00e1?<\/strong><\/h2>\n\n\n\n<p class=\"\">Hra za\u010d\u00edn\u00e1 v B\u0159eclavi, v budov\u011b TIC B\u0159eclav na ulici U Tr\u017ei\u0161t\u011b.<\/p>\n\n\n                <\/div>\n            <\/div>\n        <\/div>\n    <\/div>\n\n<div class=\"row justify-content-center lazyblock-cryptomania-basic-column-Z1u04Oa wp-block-lazyblock-cryptomania-basic-column\">\n        <div class=\"col col-lg-10 col-xl-8 col-xxl-8\">\n            <div class=\"row\">\n                \n\n<div style='position: relative;'><div title='48.7585433N, 16.8817908E' id='m51961' style='width: 100%; height: 400px;'><\/div><\/div><p class='text-end'><small><a href='https:\/\/mapy.cz\/turisticka?source=coor&id=16.8817908%2C48.7585433&ds=2&x=16.8817908&y=48.7585433&z=17' target='_blank'>Zobrazit na mapy.cz<\/a><\/small><\/p>\n\n\n            <\/div>\n        <\/div>\n    <\/div>\n\n<div class=\"row justify-content-center lazyblock-cryptomania-text-column-Z1EbDHk wp-block-lazyblock-cryptomania-text-column\">\n        <div class=\"col col-lg-10 col-xl-8 col-xxl-8\">\n            <div class=\"row\">\n                <div class=\"col-12 col-lg-8 text-bigger mb-3 mt-2\">\n                    \n\n<h2 class=\"wp-block-heading\">Jak dlouho hra trv\u00e1?<\/h2>\n\n\n\n<p class=\"\">Hra \u017didovsk\u00e1 B\u0159eclav obsahuje 5 stanovi\u0161\u0165 a m\u00e1 d\u00e9lku 2 km. Mysl\u00edme si, \u017ee hru je mo\u017en\u00e9 zvl\u00e1dnout cca za 70 minut. Pokud v\u00e1s zaj\u00edm\u00e1, jak hru zvl\u00e1dly ostatn\u00ed t\u00fdmy, pod\u00edvejte se na jejich\u00a0<a href=\"https:\/\/trails.cryptomania.cz\/zidovska-breclav\/vysledky-tymu\/\" data-type=\"page\" data-id=\"44\">v\u00fdsledky<\/a>.<\/p>\n\n\n                <\/div>\n            <\/div>\n        <\/div>\n    <\/div>\n\n<div class=\"row justify-content-center lazyblock-cryptomania-basic-column-36d8X wp-block-lazyblock-cryptomania-basic-column\">\n        <div class=\"col col-lg-10 col-xl-8 col-xxl-8\">\n            <div class=\"row\">\n                \n<div class=\"col-12 col-lg-6 lazyblock-cryptomania-half-column-Z2b9scm wp-block-lazyblock-cryptomania-half-column\">\n                <div class=\"lazyblock-inner-blocks\">\n\n<h2 class=\"wp-block-heading\" id=\"pt-4\">Co je ke h\u0159e pot\u0159eba?<\/h2>\n\n\n\n<ol class=\"wp-block-list\">\n<li>P\u0159e\u010d\u00edst si\u00a0<a href=\"https:\/\/trails.cryptomania.cz\/zidovska-breclav\/pravidla-hry\/\" data-type=\"page\" data-id=\"42\">pravidla hry,<\/a><\/li>\n\n\n\n<li>m\u00edt v t\u00fdmu alespo\u0148 1 chytr\u00fd telefon s p\u0159ipojen\u00edm na internet,<\/li>\n\n\n\n<li>vz\u00edt si s sebou psac\u00ed pot\u0159eby,<\/li>\n\n\n\n<li>vyzvednout si hern\u00ed bro\u017euru  (<em>p\u0159e\u010dt\u011bte si v r\u00e1me\u010dku&nbsp;kde<\/em>),<\/li>\n\n\n\n<li><a href=\"https:\/\/trails.cryptomania.cz\/zidovska-breclav\/register\/\" data-type=\"page\" data-id=\"11\">zaregistrovat t\u00fdm<\/a>\u00a0do hry.\u00a0<\/li>\n<\/ol>\n\n<\/div>\n    <\/div>\n\n<div class=\"col-12 col-lg-6 lazyblock-cryptomania-half-column-14g2L wp-block-lazyblock-cryptomania-half-column\">\n                <div class=\"lazyblock-inner-blocks\">\n<div class=\"bg-sidebox-light p-4 mb-3 rounded-4 lazyblock-cryptomania-gray-box-Z1vgFrl wp-block-lazyblock-cryptomania-gray-box\">\n                <div class=\"lazyblock-inner-blocks\">\n\n<h2 class=\"wp-block-heading\">Kde z\u00edsk\u00e1te hern\u00ed bro\u017euru?<\/h2>\n\n\n\n<ul class=\"wp-block-list\">\n<li>v Turistick\u00e9m informa\u010dn\u00edm centru v B\u0159eclavi<br>(U Tr\u017ei\u0161t\u011b 324\/8, B\u0159eclav &#8211; <a href=\"https:\/\/mapy.cz\/s\/ramukoboke\">mapa<\/a>)<\/li>\n\n\n\n<li>v pavilonu v parku<br>(ve st\u0159edu sad\u016f 28. \u0159\u00edjna v B\u0159eclavi &#8211; <a href=\"https:\/\/mapy.cz\/s\/bojebuvace\">mapa<\/a>)<\/li>\n\n\n\n<li>p\u0159i n\u00e1v\u0161t\u011bv\u011b objekt\u016f MMG B\u0159eclav (muzeum pod vod\u00e1rnou, synagoga a Pohansko)<\/li>\n<\/ul>\n\n\n\n<h2 class=\"wp-block-heading\">Chcete si bro\u017euru vytisknout?<\/h2>\n\n\n\n<p class=\"\">V takov\u00e9m p\u0159\u00edpad\u011b jsme ji pro v\u00e1s p\u0159ipravili v n\u00e1sleduj\u00edc\u00edch form\u00e1tech:<\/p>\n\n\n\n<ul class=\"wp-block-list\">\n<li><strong><a href=\"https:\/\/trails.cryptomania.cz\/zidovska-breclav\/wp-content\/uploads\/sites\/55\/2022\/05\/2019_09_23_-_herni_brozura_pro_zidovskou_breclav_-_web_brozura.pdf\" data-type=\"attachment\" data-id=\"132\">Jako bro\u017euru A5<\/a><\/strong><\/li>\n\n\n\n<li><strong><a href=\"https:\/\/trails.cryptomania.cz\/zidovska-breclav\/wp-content\/uploads\/sites\/55\/2022\/05\/2019_09_23_-_herni_brozura_pro_zidovskou_breclav_-_web_na_a4.pdf\" data-type=\"attachment\" data-id=\"131\">Jako pap\u00edry A4<\/a><\/strong><\/li>\n<\/ul>\n\n<\/div>\n    <\/div>\n<\/div>\n    <\/div>\n\n            <\/div>\n        <\/div>\n    <\/div>\n\n<div class=\"row justify-content-center lazyblock-cryptomania-text-column-Er3P4 wp-block-lazyblock-cryptomania-text-column\">\n        <div class=\"col col-lg-10 col-xl-8 col-xxl-8\">\n            <div class=\"row\">\n                <div class=\"col-12 col-lg-8 text-bigger mb-3 mt-2\">\n                    \n\n<h2 class=\"wp-block-heading\">Kdo hru vytvo\u0159il?<\/h2>\n\n\n\n<p class=\"\">Origin\u00e1ln\u00ed \u0161ifrovac\u00ed hru pro v\u00e1s p\u0159ipravilo <a href=\"https:\/\/www.muzeumbv.cz\/\">M\u011bstsk\u00e9 muzeum a galerie B\u0159eclav<\/a> ve spolupr\u00e1ci s&nbsp;<a href=\"https:\/\/www.cryptomania.cz\/\">Cryptomania s.r.o.<\/a><\/p>\n\n\n\n<p class=\"\">Pokud m\u00e1te ohledn\u011b hry n\u011bjak\u00e9 ot\u00e1zky, nev\u00e1hejte&nbsp;<a href=\"https:\/\/trails.cryptomania.cz\/ztracena-breclav\/contacts\/\" data-type=\"page\" data-id=\"7\">n\u00e1s kontaktovat<\/a>.<\/p>\n\n\n\n<p class=\"\">P\u0159ejeme p\u0159\u00edjemnou hru!<\/p>\n\n\n                <\/div>\n            <\/div>\n        <\/div>\n    <\/div>","protected":false},"excerpt":{"rendered":"","protected":false},"author":1,"featured_media":0,"parent":0,"menu_order":0,"comment_status":"closed","ping_status":"closed","template":"","meta":{"footnotes":""},"class_list":["post-40","page","type-page","status-publish","hentry"],"_links":{"self":[{"href":"https:\/\/trails.cryptomania.cz\/zidovska-breclav\/wp-json\/wp\/v2\/pages\/40","targetHints":{"allow":["GET"]}}],"collection":[{"href":"https:\/\/trails.cryptomania.cz\/zidovska-breclav\/wp-json\/wp\/v2\/pages"}],"about":[{"href":"https:\/\/trails.cryptomania.cz\/zidovska-breclav\/wp-json\/wp\/v2\/types\/page"}],"author":[{"embeddable":true,"href":"https:\/\/trails.cryptomania.cz\/zidovska-breclav\/wp-json\/wp\/v2\/users\/1"}],"replies":[{"embeddable":true,"href":"https:\/\/trails.cryptomania.cz\/zidovska-breclav\/wp-json\/wp\/v2\/comments?post=40"}],"version-history":[{"count":12,"href":"https:\/\/trails.cryptomania.cz\/zidovska-breclav\/wp-json\/wp\/v2\/pages\/40\/revisions"}],"predecessor-version":[{"id":154,"href":"https:\/\/trails.cryptomania.cz\/zidovska-breclav\/wp-json\/wp\/v2\/pages\/40\/revisions\/154"}],"wp:attachment":[{"href":"https:\/\/trails.cryptomania.cz\/zidovska-breclav\/wp-json\/wp\/v2\/media?parent=40"}],"curies":[{"name":"wp","href":"https:\/\/api.w.org\/{rel}","templated":true}]}}