{"id":91,"date":"2023-02-01T13:47:50","date_gmt":"2023-02-01T12:47:50","guid":{"rendered":"https:\/\/trails.cryptomania.cz\/vzor-zakazkovy\/?page_id=91"},"modified":"2023-02-01T13:47:51","modified_gmt":"2023-02-01T12:47:51","slug":"prihlaseni","status":"publish","type":"page","link":"https:\/\/trails.cryptomania.cz\/vzor-zakazkovy\/","title":{"rendered":"P\u0159ihl\u00e1\u0161en\u00ed"},"content":{"rendered":"","protected":false},"excerpt":{"rendered":"","protected":false},"author":1,"featured_media":0,"parent":0,"menu_order":0,"comment_status":"closed","ping_status":"closed","template":"template-parts\/page-login.php","meta":{"footnotes":""},"class_list":["post-91","page","type-page","status-publish","hentry"],"_links":{"self":[{"href":"https:\/\/trails.cryptomania.cz\/vzor-zakazkovy\/wp-json\/wp\/v2\/pages\/91","targetHints":{"allow":["GET"]}}],"collection":[{"href":"https:\/\/trails.cryptomania.cz\/vzor-zakazkovy\/wp-json\/wp\/v2\/pages"}],"about":[{"href":"https:\/\/trails.cryptomania.cz\/vzor-zakazkovy\/wp-json\/wp\/v2\/types\/page"}],"author":[{"embeddable":true,"href":"https:\/\/trails.cryptomania.cz\/vzor-zakazkovy\/wp-json\/wp\/v2\/users\/1"}],"replies":[{"embeddable":true,"href":"https:\/\/trails.cryptomania.cz\/vzor-zakazkovy\/wp-json\/wp\/v2\/comments?post=91"}],"version-history":[{"count":1,"href":"https:\/\/trails.cryptomania.cz\/vzor-zakazkovy\/wp-json\/wp\/v2\/pages\/91\/revisions"}],"predecessor-version":[{"id":92,"href":"https:\/\/trails.cryptomania.cz\/vzor-zakazkovy\/wp-json\/wp\/v2\/pages\/91\/revisions\/92"}],"wp:attachment":[{"href":"https:\/\/trails.cryptomania.cz\/vzor-zakazkovy\/wp-json\/wp\/v2\/media?parent=91"}],"curies":[{"name":"wp","href":"https:\/\/api.w.org\/{rel}","templated":true}]}}