{"id":10,"date":"2023-01-25T13:27:54","date_gmt":"2023-01-25T12:27:54","guid":{"rendered":"https:\/\/trails.cryptomania.cz\/vzor-zakazkovy\/?page_id=10"},"modified":"2025-01-22T10:48:34","modified_gmt":"2025-01-22T09:48:34","slug":"o-hre","status":"publish","type":"page","link":"https:\/\/trails.cryptomania.cz\/vzor-zakazkovy\/o-hre\/","title":{"rendered":"O h\u0159e"},"content":{"rendered":"<div class=\"row justify-content-center lazyblock-cryptomania-basic-column-pz7Ai wp-block-lazyblock-cryptomania-basic-column\">\n        <div class=\"col col-lg-10 col-xl-8 col-xxl-8\">\n            <div class=\"row\">\n                \n\n<p class=\"is-style-text-perex text-perex\">P\u0159\u00edb\u011bhov\u00fd \u00favod do hry kon\u010d\u00edc\u00ed n\u011bjak\u00fdm CTA. Nap\u0159: Byli jste n\u011bkdy v\u00a0Su\u0161ici? Pokud ne, tak ji doporu\u010dujeme nav\u0161t\u00edvit! M\u011bsto\u00a0Su\u0161ice\u00a0le\u017e\u00ed v\u00a0\u0161umavsk\u00e9m podh\u016f\u0159\u00ed na obou b\u0159ez\u00edch zlatonosn\u00e9 \u0159eky Otavy a\u00a0obklopuj\u00ed ho kopce Svatoborsk\u00e9 vrchoviny. M\u011bsto ukr\u00fdv\u00e1 nejednu zaj\u00edmavost!<\/p>\n\n\n            <\/div>\n        <\/div>\n    <\/div>\n\n<div class=\"row justify-content-center lazyblock-cryptomania-basic-column-271T6J wp-block-lazyblock-cryptomania-basic-column\">\n        <div class=\"col col-lg-10 col-xl-8 col-xxl-8\">\n            <div class=\"row\">\n                \n<div class=\"col-12 col-lg-6 lazyblock-cryptomania-half-column-1BRhFP wp-block-lazyblock-cryptomania-half-column\">\n                <div class=\"lazyblock-inner-blocks\">\n\n<h2 class=\"wp-block-heading\">Jak hra funguje?<\/h2>\n\n\n\n<p class=\"\">V na\u0161\u00ed h\u0159e se vyd\u00e1te prozkoumat <strong>t\u00e9ma hry<\/strong>.&nbsp;<strong>V t\u00fdmu o 2\u20135 hr\u00e1\u010d\u00edch&nbsp;<\/strong>b\u011bhem n\u00ed projdete lokalitu hry. <strong>Na 7 stanovi\u0161t\u00edch<\/strong> se dozv\u00edte n\u011bco m\u00e1lo z toho, co XYZ. \u010cekaj\u00ed v\u00e1s <strong>\u0161ifry, logick\u00e9 \u00falohy a&nbsp;z\u00edsk\u00e1v\u00e1n\u00ed hesel<\/strong>.<\/p>\n\n\n\n<p class=\"\">V\u017edy po zad\u00e1n\u00ed spr\u00e1vn\u00e9ho hesla do online hern\u00edho syst\u00e9mu se dozv\u00edte polohu dal\u0161\u00edho stanovi\u0161t\u011b. Ke h\u0159e tedy pot\u0159ebujete alespo\u0148 jeden <strong>telefon s p\u0159ipojen\u00edm k internetu<\/strong>.<\/p>\n\n\n\n<h2 class=\"wp-block-heading\">Pro koho je ur\u010dena?<\/h2>\n\n\n\n<p class=\"\"><strong>Hra je ur\u010dena pro 2\u20135\u010dlenn\u00e9 t\u00fdmy. Je vhodn\u00e1 jak pro t\u00fdmy hrav\u00fdch dosp\u011bl\u00fdch, tak pro rodiny s d\u011btmi.<\/strong>&nbsp;Naplno si ji u\u017eij\u00ed d\u011bti cca od 10 let, nicm\u00e9n\u011b \u0161ikovn\u00ed rodi\u010de, u\u010ditel\u00e9 \u010di odd\u00edlov\u00ed vedouc\u00ed zapoj\u00ed ur\u010dit\u011b i mlad\u0161\u00ed d\u011bti.<\/p>\n\n\n\n<p class=\"\">V p\u0159\u00edpad\u011b, \u017ee hru bude hr\u00e1t t\u00fdm d\u011bt\u00ed bez dosp\u011bl\u00fdch, doporu\u010dujeme ji d\u011btem asi od 14 let.&nbsp;<\/p>\n\n<\/div>\n    <\/div>\n\n<div class=\"col-12 col-lg-6 lazyblock-cryptomania-half-column-ZSB1QX wp-block-lazyblock-cryptomania-half-column\">\n                <div class=\"lazyblock-inner-blocks\">\n<div class=\"bg-sidebox-light p-4 mb-3 rounded-4 lazyblock-cryptomania-gray-box-Z1v0q51 wp-block-lazyblock-cryptomania-gray-box\">\n                <div class=\"lazyblock-inner-blocks\">\n\n<figure class=\"wp-block-image size-full\"><img loading=\"lazy\" decoding=\"async\" width=\"800\" height=\"680\" src=\"https:\/\/trails.cryptomania.cz\/vzor-zakazkovy\/wp-content\/uploads\/sites\/92\/2023\/01\/trail-kachna-front-1.png\" alt=\"\" class=\"wp-image-59\" srcset=\"https:\/\/trails.cryptomania.cz\/vzor-zakazkovy\/wp-content\/uploads\/sites\/92\/2023\/01\/trail-kachna-front-1.png 800w, https:\/\/trails.cryptomania.cz\/vzor-zakazkovy\/wp-content\/uploads\/sites\/92\/2023\/01\/trail-kachna-front-1-300x255.png 300w, https:\/\/trails.cryptomania.cz\/vzor-zakazkovy\/wp-content\/uploads\/sites\/92\/2023\/01\/trail-kachna-front-1-768x653.png 768w\" sizes=\"auto, (max-width: 800px) 100vw, 800px\" \/><\/figure>\n\n<\/div>\n    <\/div>\n<\/div>\n    <\/div>\n\n            <\/div>\n        <\/div>\n    <\/div>\n\n<div class=\"row justify-content-center lazyblock-cryptomania-text-column-ZJVt4N wp-block-lazyblock-cryptomania-text-column\">\n        <div class=\"col col-lg-10 col-xl-8 col-xxl-8\">\n            <div class=\"row\">\n                <div class=\"col-12 col-lg-8 text-bigger mb-3 mt-2\">\n                    \n\n<h2 class=\"wp-block-heading\">Kde hra za\u010d\u00edn\u00e1?<\/h2>\n\n\n\n<p class=\"\">Hra za\u010d\u00edn\u00e1 u Su\u0161ick\u00e9ho kulturn\u00edho centra Sirkus, adresa P\u0159\u00edkopy 178, Su\u0161ice.<\/p>\n\n\n                <\/div>\n            <\/div>\n        <\/div>\n    <\/div>\n\n<div class=\"row justify-content-center lazyblock-cryptomania-basic-column-ZGyesr wp-block-lazyblock-cryptomania-basic-column\">\n        <div class=\"col col-lg-10 col-xl-8 col-xxl-8\">\n            <div class=\"row\">\n                \n<div style='position: relative;'><div title='49.2310675\u00b0N, 13.5171494\u00b0E' id='m38044' style='width: 100%; height: 400px;'><\/div><\/div><p class='text-end'><small><a href='https:\/\/mapy.cz\/turisticka?source=coor&id=13.5171494%2C49.2310675&ds=2&x=13.5171494&y=49.2310675&z=17' target='_blank'>Zobrazit na mapy.cz<\/a><\/small><\/p>\n\n\n            <\/div>\n        <\/div>\n    <\/div>\n\n<div class=\"row justify-content-center lazyblock-cryptomania-text-column-XegoX wp-block-lazyblock-cryptomania-text-column\">\n        <div class=\"col col-lg-10 col-xl-8 col-xxl-8\">\n            <div class=\"row\">\n                <div class=\"col-12 col-lg-8 text-bigger mb-3 mt-2\">\n                    \n\n<h2 class=\"wp-block-heading\">Jak dlouho hra trv\u00e1?<\/h2>\n\n\n\n<p class=\"\">Hra Z\u00e1hada su\u0161ick\u00e9 \u00famluvy obsahuje 7 stanovi\u0161\u0165&nbsp; a m\u00e1 d\u00e9lku 2,5 km. Mysl\u00edme si, \u017ee hru je mo\u017en\u00e9 zvl\u00e1dnout za dv\u011b hodiny. Pokud v\u00e1s zaj\u00edm\u00e1, jak hru zvl\u00e1dly ostatn\u00ed t\u00fdmy, pod\u00edvejte se na jejich <a href=\"https:\/\/trails.cryptomania.cz\/susice\/vysledky-tymu\/\">v\u00fdsledky<\/a>.<\/p>\n\n\n                <\/div>\n            <\/div>\n        <\/div>\n    <\/div>\n\n<div class=\"row justify-content-center lazyblock-cryptomania-basic-column-Z1G9MSV wp-block-lazyblock-cryptomania-basic-column\">\n        <div class=\"col col-lg-10 col-xl-8 col-xxl-8\">\n            <div class=\"row\">\n                \n<div class=\"col-12 col-lg-6 lazyblock-cryptomania-half-column-1Qq5OK wp-block-lazyblock-cryptomania-half-column\">\n                <div class=\"lazyblock-inner-blocks\">\n\n<h2>Co je ke h\u0159e pot\u0159eba?<\/h2>\n<ol>\n<li>P\u0159e\u010d\u00edst si <a href=\"https:\/\/trails.cryptomania.cz\/susice\/pravidla\/\">pravidla hry,<\/a><\/li>\n<li>m\u00edt v t\u00fdmu alespo\u0148 1 chytr\u00fd telefon s p\u0159ipojen\u00edm na internet,<\/li>\n<li>vz\u00edt si s sebou psac\u00ed pot\u0159eby,<\/li>\n<li>vyzvednout si hern\u00ed materi\u00e1ly (<em>p\u0159e\u010dt\u011bte si v r\u00e1me\u010dku jak\u00e9 a&nbsp;kde<\/em>),<\/li>\n<li><a href=\"https:\/\/trails.cryptomania.cz\/susice\/registrace\/\">zaregistrovat t\u00fdm <\/a>do hry.<\/li>\n<\/ol>\n\n<\/div>\n    <\/div>\n\n<div class=\"col-12 col-lg-6 lazyblock-cryptomania-half-column-Z1wKx35 wp-block-lazyblock-cryptomania-half-column\">\n                <div class=\"lazyblock-inner-blocks\">\n<div class=\"bg-sidebox-light p-4 mb-3 rounded-4 lazyblock-cryptomania-gray-box-Z1NAhf4 wp-block-lazyblock-cryptomania-gray-box\">\n                <div class=\"lazyblock-inner-blocks\">\n\n<h2 class=\"wp-block-heading\">Kde z\u00edsk\u00e1te hern\u00ed materi\u00e1ly?<\/h2>\n\n\n\n<ul class=\"wp-block-list\">\n<li>V <a href=\"https:\/\/www.mestosusice.cz\/icsusice\/\" target=\"_blank\" rel=\"noreferrer noopener\">M\u011bstsk\u00e9m informa\u010dn\u00edm centru Su\u0161ice<\/a><br>(Po\u0161tovn\u00ed 10, Su\u0161ice \u2013 <a href=\"https:\/\/mapy.cz\/s\/dofovoraza\" target=\"_blank\" rel=\"noreferrer noopener\">mapa<\/a>)<\/li>\n\n\n\n<li>V kancel\u00e1\u0159i <a href=\"https:\/\/www.kulturasusice.cz\/kontakty\/\" target=\"_blank\" rel=\"noreferrer noopener\">Su\u0161ick\u00e9ho kulturn\u00edho centra Sirkus<\/a><br>(P\u0159\u00edkopy 178, Su\u0161ice \u2013 <a href=\"https:\/\/mapy.cz\/s\/cahucotefo\" target=\"_blank\" rel=\"noreferrer noopener\">mapa<\/a>)<\/li>\n<\/ul>\n\n\n\n<h2 class=\"wp-block-heading\">Co obsahuj\u00ed?<\/h2>\n\n\n\n<ul class=\"wp-block-list\">\n<li><strong>Hern\u00ed bro\u017euru<\/strong> s\u00a0pravidly a\u00a0podklady k jednotliv\u00fdm \u00fakol\u016fm,<\/li>\n\n\n\n<li><strong>1 krabi\u010dku sirek, <\/strong>bez kter\u00fdch se ve h\u0159e neobejdete.<\/li>\n<\/ul>\n\n<\/div>\n    <\/div>\n<\/div>\n    <\/div>\n\n            <\/div>\n        <\/div>\n    <\/div>\n\n<div class=\"row justify-content-center lazyblock-cryptomania-text-column-UpPfw wp-block-lazyblock-cryptomania-text-column\">\n        <div class=\"col col-lg-10 col-xl-8 col-xxl-8\">\n            <div class=\"row\">\n                <div class=\"col-12 col-lg-8 text-bigger mb-3 mt-2\">\n                    \n\n<h2 class=\"wp-block-heading\">Kdo hru vytvo\u0159il?<\/h2>\n\n\n\n<p class=\"\">Origin\u00e1ln\u00ed \u0161ifrovac\u00ed hru pro v\u00e1s p\u0159ipravilo <a href=\"https:\/\/www.kulturasusice.cz\/kontakty\/\" target=\"_blank\" rel=\"noreferrer noopener\">Su\u0161ick\u00e9 kulturn\u00ed centrum Sirkus<\/a> ve spolupr\u00e1ci s&nbsp;<a href=\"https:\/\/www.cryptomania.cz\/\">Cryptomania s.r.o.<\/a><\/p>\n\n\n\n<p class=\"\">Pokud m\u00e1te ohledn\u011b hry n\u011bjak\u00e9 ot\u00e1zky, nev\u00e1hejte <a href=\"https:\/\/trails.cryptomania.cz\/vzor-zakazkovy\/kontakt\/\">n\u00e1s kontaktovat<\/a>.<\/p>\n\n\n\n<p class=\"\">U\u017eijte si lu\u0161t\u011bn\u00ed!<\/p>\n\n\n                <\/div>\n            <\/div>\n        <\/div>\n    <\/div>","protected":false},"excerpt":{"rendered":"","protected":false},"author":1,"featured_media":0,"parent":0,"menu_order":0,"comment_status":"closed","ping_status":"closed","template":"","meta":{"footnotes":""},"class_list":["post-10","page","type-page","status-publish","hentry"],"_links":{"self":[{"href":"https:\/\/trails.cryptomania.cz\/vzor-zakazkovy\/wp-json\/wp\/v2\/pages\/10","targetHints":{"allow":["GET"]}}],"collection":[{"href":"https:\/\/trails.cryptomania.cz\/vzor-zakazkovy\/wp-json\/wp\/v2\/pages"}],"about":[{"href":"https:\/\/trails.cryptomania.cz\/vzor-zakazkovy\/wp-json\/wp\/v2\/types\/page"}],"author":[{"embeddable":true,"href":"https:\/\/trails.cryptomania.cz\/vzor-zakazkovy\/wp-json\/wp\/v2\/users\/1"}],"replies":[{"embeddable":true,"href":"https:\/\/trails.cryptomania.cz\/vzor-zakazkovy\/wp-json\/wp\/v2\/comments?post=10"}],"version-history":[{"count":38,"href":"https:\/\/trails.cryptomania.cz\/vzor-zakazkovy\/wp-json\/wp\/v2\/pages\/10\/revisions"}],"predecessor-version":[{"id":177,"href":"https:\/\/trails.cryptomania.cz\/vzor-zakazkovy\/wp-json\/wp\/v2\/pages\/10\/revisions\/177"}],"wp:attachment":[{"href":"https:\/\/trails.cryptomania.cz\/vzor-zakazkovy\/wp-json\/wp\/v2\/media?parent=10"}],"curies":[{"name":"wp","href":"https:\/\/api.w.org\/{rel}","templated":true}]}}