{"id":12,"date":"2023-01-25T13:28:02","date_gmt":"2023-01-25T12:28:02","guid":{"rendered":"https:\/\/trails.cryptomania.cz\/vrbno\/?page_id=12"},"modified":"2024-04-25T16:15:05","modified_gmt":"2024-04-25T14:15:05","slug":"pravidla","status":"publish","type":"page","link":"https:\/\/trails.cryptomania.cz\/vrbno\/pravidla\/","title":{"rendered":"Pravidla"},"content":{"rendered":"<div class=\"lazyblock-cryptorace-perex-1PS3Vb wp-block-lazyblock-cryptorace-perex\"><div class=\"row mb-4\">\n    <div class=\"col col-lg-10 col-xxl-8 offset-lg-1 offset-xxl-2 text-perex\">\n        <p>Abyste si \u0161ifrovac\u00ed hru <strong><strong>Vrbno s prad\u011bde\u010dkem<\/strong><\/strong> mohli u\u017e\u00edt, doporu\u010dujeme pe\u010dliv\u011b proj\u00edt n\u00e1sleduj\u00edc\u00ed pravidla. Nen\u00ed jich mnoho, ale jejich p\u0159e\u010dten\u00ed v\u00e1m pom\u016f\u017ee k lep\u0161\u00edmu hern\u00edmu z\u00e1\u017eitku.<\/p>    <\/div>\n<\/div>\n<\/div>\n\n<div class=\"lazyblock-cryptorace-text-Z28HR4q wp-block-lazyblock-cryptorace-text\"><div class=\"row\">\n    <div class=\"col col-md-7 col-lg-6 col-xxl-5 offset-lg-1 offset-xxl-2\">\n        <h2>Nejd\u016fle\u017eit\u011bj\u0161\u00ed pravidla<\/h2>\n<ol>\n<li class=\"p1\"><span class=\"s1\">Hra je \u0159\u00edzena pomoc\u00ed online hern\u00edho syst\u00e9mu na t\u011bchto str\u00e1nk\u00e1ch.<\/span><\/li>\n<li class=\"p1\">K p\u0159ihl\u00e1\u0161en\u00ed do hern\u00edho syst\u00e9mu je pot\u0159eba nejd\u0159\u00edve&nbsp;<a href=\"https:\/\/trails.cryptomania.cz\/vrbno\/registrace\">zaregistrovat sv\u016fj t\u00fdm<\/a>. Pot\u0159ebujeme zn\u00e1t jen e-mail, na kter\u00fd v\u00e1m p\u0159ijdou p\u0159ihla\u0161ovac\u00ed \u00fadaje, a n\u011bjak\u00fd \u00fadern\u00fd n\u00e1zev va\u0161eho t\u00fdmu.&nbsp;<\/li>\n<li class=\"p1\"><span class=\"s5\"><strong>V hern\u00edm syst\u00e9mu najdete v\u0161echny d\u016fle\u017eit\u00e9 pokyny<\/strong> a tak\u00e9 do n\u011bj budete zad\u00e1vat v\u0161echna hesla, kter\u00e1 b\u011bhem hry z\u00edsk\u00e1te.<\/span><\/li>\n<li>Ke h\u0159e pot\u0159ebujete krom\u011b hern\u00edho syst\u00e9mu tak\u00e9&nbsp;<strong>hern\u00ed bro\u017euru<\/strong>&nbsp;(v r\u00e1me\u010dku n\u00ed\u017ee zjist\u00edte, jak ji z\u00edskat),&nbsp;<strong>nabit\u00fd chytr\u00fd telefon s p\u0159ipojen\u00edm k internetu, tu\u017eku <\/strong>a mohou se hodit <strong>n\u016f\u017eky<\/strong> (ale zvl\u00e1dnete to i bez nich).<\/li>\n<li>Hra fyzicky za\u010d\u00edn\u00e1 u TIC Vrbno na ulici Jesenick\u00e1 252. Hra se spust\u00ed zad\u00e1n\u00edm <strong>p\u0159\u00edstupov\u00e9ho k\u00f3du&nbsp;z hern\u00ed bro\u017eury<\/strong>&nbsp;do prvn\u00edho stanovi\u0161t\u011b.<\/li>\n<\/ol>    <\/div>\n<\/div>\n<\/div>\n\n<div class=\"lazyblock-cryptorace-two-cols-box-XD5Me wp-block-lazyblock-cryptorace-two-cols-box\"><div class=\"row mb-3\">\n    <div class=\"col col-md-6 col-lg-5 col-xxl-4 offset-lg-1 offset-xxl-2\">\n        <h2 class=\"p2\"><span class=\"s6\"><b>Sch\u00e9ma hry<\/b><\/span><\/h2>\n<ul>\n<li>Na ka\u017ed\u00e9m stanovi\u0161ti <strong>na v\u00e1s \u010dek\u00e1 v\u017edy jeden \u00fakol<\/strong>.<\/li>\n<li><span class=\"s5\">Hra obsahuje <strong>7<\/strong><\/span><span class=\"s7\"><b>&nbsp;stanovi\u0161\u0165.<\/b><\/span><\/li>\n<li class=\"p3\"><span class=\"s5\">Stanovi\u0161t\u011b jsou o\u010d\u00edslov\u00e1na od 1 a je mo\u017en\u00e9 je nav\u0161t\u00edvit <\/span><span class=\"s7\"><b>pouze v dan\u00e9m po\u0159ad\u00ed.<\/b><\/span><\/li>\n<\/ul>    <\/div>\n    <div class=\"col-12 col-md-6 col-lg-5 col-xxl-4\">\n        <div class=\"bg-box1 p-4 mb-3\">\n            <h2>Hern\u00ed bro\u017eura&nbsp;<\/h2>\n<p><strong>Hern\u00ed bro\u017eura<\/strong> obsahuje podklady k jednotliv\u00fdm \u00fakol\u016fm. Hern\u00ed bro\u017euru mus\u00edte zakoupit v TIC Vrbno, cena pokr\u00fdv\u00e1 n\u00e1klady na tisk a na provoz hry.<\/p>\n<h3>Kde z\u00edsk\u00e1te hern\u00ed materi\u00e1ly<\/h3>\n<ul>\n<li>V&nbsp;<a href=\"https:\/\/www.tic-vrbno.cz\/\" target=\"_blank\" rel=\"noopener\">TIC Vrbno<\/a> <br \/>(Jesenick\u00e1 252, Vrbno pod Prad\u011bdem \u2013 <a href=\"https:\/\/mapy.cz\/s\/nozunusanu\" target=\"_blank\" rel=\"noopener\">mapa<\/a>)<\/li>\n<\/ul>        <\/div>\n    <\/div>\n<\/div>\n<\/div>\n\n<div class=\"lazyblock-cryptorace-text-ZReYsx wp-block-lazyblock-cryptorace-text\"><div class=\"row\">\n    <div class=\"col col-md-7 col-lg-6 col-xxl-5 offset-lg-1 offset-xxl-2\">\n        <h2 class=\"p2\"><span class=\"s6\"><b>Stanovi\u0161t\u011b<\/b><\/span><\/h2>\n<ul>\n<li class=\"p3\"><span class=\"s5\">Za vy\u0159e\u0161en\u00ed stanovi\u0161\u0165 z\u00edsk\u00e1v\u00e1te body. <\/span><\/li>\n<li><span class=\"s5\">Po\u010det z\u00edskan\u00fdch bod\u016f se li\u0161\u00ed podle toho, zda jste \u00fakol vy\u0159e\u0161ili bez pomoci, vzali si v hern\u00edm syst\u00e9mu n\u00e1pov\u011bdu \u010di \u0159e\u0161en\u00ed.<\/span>\n<ul>\n<li><span class=\"s5\">Vy\u0159e\u0161en\u00ed \u00fakolu: <\/span><span class=\"s7\"><b>zisk 10 bod\u016f.<\/b><\/span><\/li>\n<li><span class=\"s5\">N\u00e1pov\u011bda k p\u0159esunu: <\/span><span class=\"s7\"><b>-2 body<\/b><\/span><span class=\"s5\"> z 10.<\/span><\/li>\n<li><span class=\"s5\">N\u00e1pov\u011bda k \u00fakolu: <\/span><span class=\"s7\"><b>-5 bod\u016f<\/b><\/span><span class=\"s5\"> z 10.<\/span><\/li>\n<li><span class=\"s5\">P\u0159esko\u010den\u00ed \u00fakolu zobrazen\u00edm<\/span>&nbsp;<span class=\"s5\">spr\u00e1vn\u00e9ho \u0159e\u0161en\u00ed: <\/span><span class=\"s7\"><b>0 bod\u016f.<br \/><\/b><\/span><\/li>\n<\/ul>\n<\/li>\n<li class=\"p3\"><span class=\"s5\">\u00dakoly spolu navz\u00e1jem nesouvis\u00ed, ka\u017ed\u00fd je pot\u0159eba \u0159e\u0161it samostatn\u011b.<\/span><\/li>\n<li class=\"p3\"><b>\u0158e\u0161en\u00edm \u00fakolu je ve v\u017edy jedno smyslupln\u00e9 slovo <\/b>\u2013 v p\u0159\u00edpad\u011b, \u017ee v\u00e1m vyjde v\u011bta (nap\u0159. heslem je strom), zad\u00e1v\u00e1te jen slovo \u201estrom\u201c.<\/li>\n<li class=\"p3\">Hern\u00ed syst\u00e9m ignoruje jak velikost p\u00edsmen v heslech, tak i p\u0159\u00edpadnou diakritiku.<\/li>\n<li class=\"p3\">Pokud zad\u00e1te dv\u011b \u0161patn\u00e1 hesla po sob\u011b, dal\u0161\u00ed m\u016f\u017eete zadat a\u017e za 2 minuty.<\/li>\n<li class=\"p3\">Ve h\u0159e pou\u017e\u00edv\u00e1me anglickou abecedu<strong> o 26 znac\u00edch<\/strong> (CH jsou 2 r\u016fzn\u00e1 p\u00edsmena).<\/li>\n<li>Zad\u00e1n\u00ed z\u00edsk\u00e1te bu\u010f elektronicky v hern\u00edm syst\u00e9mu nebo bude pot\u0159eba, abyste pracovali s hern\u00ed bro\u017eurou. Na takovouto situaci v\u00e1s&nbsp; upozorn\u00edme. V\u0161e ostatn\u00ed, co pot\u0159ebujete k vy\u0159e\u0161en\u00ed \u00fakolu, najdete v bl\u00edzk\u00e9m okol\u00ed <strong>nebo si to nesete s sebou<\/strong>.<\/li>\n<\/ul>\n<h2 class=\"p2\"><span class=\"s6\"><b>P\u0159\u00edb\u011bh<\/b><\/span><\/h2>\n<p class=\"p4\"><span class=\"s5\">P\u0159i p\u0159esunech a tak\u00e9 na jednotliv\u00fdch stanovi\u0161t\u00edch v\u00e1m bude syst\u00e9m po \u010d\u00e1stech odhalovat p\u0159\u00edb\u011bh hry.&nbsp;<\/span><span class=\"s5\"><b>Text p\u0159\u00edb\u011bhu neobsahuje \u017e\u00e1dn\u00e9 \u0161ifry, ale informace z n\u011bj m\u016f\u017eete p\u0159i \u0159e\u0161en\u00ed jednotliv\u00fdch \u00fakol\u016f vyu\u017e\u00edt.<\/b><\/span><\/p>\n<h2 class=\"p2\"><span class=\"s6\"><b>Fair Play<\/b><\/span><\/h2>\n<p><span class=\"s5\">Neprozrazujte pros\u00edm \u0159e\u0161en\u00ed \u00fakol\u016f. Je t\u011b\u017ek\u00e9 m\u00edt radost z objevov\u00e1n\u00ed, kdy\u017e v\u00e1m n\u011bkdo \u0159ekne v\u00fdsledek. Z\u00e1rove\u0148 v\u00e1s pros\u00edme, abyste se ke v\u0161em hern\u00edm prvk\u016fm chovali ohledupln\u011b.<\/span><\/p>\n<p>P\u0159ejeme p\u0159\u00edjemnou hru!<\/p>\n<p style=\"text-align: right;\"><em>T\u00fdm Cryptomania a TIC Vrbno<\/em><\/p>    <\/div>\n<\/div>\n<\/div>","protected":false},"excerpt":{"rendered":"","protected":false},"author":1,"featured_media":0,"parent":0,"menu_order":0,"comment_status":"closed","ping_status":"closed","template":"","meta":{"footnotes":""},"class_list":["post-12","page","type-page","status-publish","hentry"],"_links":{"self":[{"href":"https:\/\/trails.cryptomania.cz\/vrbno\/wp-json\/wp\/v2\/pages\/12","targetHints":{"allow":["GET"]}}],"collection":[{"href":"https:\/\/trails.cryptomania.cz\/vrbno\/wp-json\/wp\/v2\/pages"}],"about":[{"href":"https:\/\/trails.cryptomania.cz\/vrbno\/wp-json\/wp\/v2\/types\/page"}],"author":[{"embeddable":true,"href":"https:\/\/trails.cryptomania.cz\/vrbno\/wp-json\/wp\/v2\/users\/1"}],"replies":[{"embeddable":true,"href":"https:\/\/trails.cryptomania.cz\/vrbno\/wp-json\/wp\/v2\/comments?post=12"}],"version-history":[{"count":14,"href":"https:\/\/trails.cryptomania.cz\/vrbno\/wp-json\/wp\/v2\/pages\/12\/revisions"}],"predecessor-version":[{"id":201,"href":"https:\/\/trails.cryptomania.cz\/vrbno\/wp-json\/wp\/v2\/pages\/12\/revisions\/201"}],"wp:attachment":[{"href":"https:\/\/trails.cryptomania.cz\/vrbno\/wp-json\/wp\/v2\/media?parent=12"}],"curies":[{"name":"wp","href":"https:\/\/api.w.org\/{rel}","templated":true}]}}