{"id":10,"date":"2023-01-25T13:27:54","date_gmt":"2023-01-25T12:27:54","guid":{"rendered":"https:\/\/trails.cryptomania.cz\/vrbno\/?page_id=10"},"modified":"2025-05-26T11:38:39","modified_gmt":"2025-05-26T09:38:39","slug":"o-hre","status":"publish","type":"page","link":"https:\/\/trails.cryptomania.cz\/vrbno\/o-hre\/","title":{"rendered":"O h\u0159e"},"content":{"rendered":"<div class=\"lazyblock-cryptorace-perex-6oSEp wp-block-lazyblock-cryptorace-perex\"><div class=\"row mb-4\">\n    <div class=\"col col-lg-10 col-xxl-8 offset-lg-1 offset-xxl-2 text-perex\">\n        <p>Zn\u00e1te Vrbno pod Prad\u011bdem? N\u00e1zev v\u00e1m asi trochu napov\u00ed, kde ho hledat. Ale co u\u017e mo\u017en\u00e1 dohromady ned\u00e1te je, jak\u00e1 tajemstv\u00ed skr\u00fdv\u00e1 toto mal\u00e9 m\u011bsto v\u00a0Jesen\u00edk\u00e1ch. Fascinuj\u00edc\u00ed pr\u016fmyslov\u00e1 minulost slezsk\u00e9ho horsk\u00e9ho m\u011bste\u010dka je t\u00e9matem venkovn\u00ed \u0161ifrovac\u00ed hry, kter\u00e1 vznikla ve spolupr\u00e1ci s\u00a0Turistick\u00fdm informa\u010dn\u00edm centrem Vrbno. <\/p><p>Pr\u016fvodcem v\u00e1m bude prad\u011bde\u010dek Johann, kter\u00fd ve Vrbn\u011b, toti\u017e tehdy je\u0161t\u011b ve W\u00fcrbenthalu, vyr\u016fstal. Johann po dlouh\u00fdch letech nav\u0161t\u011bvuje m\u011bsto sv\u00e9ho d\u011btstv\u00ed s pravnukem Hugem a\u00a0chce mu uk\u00e1zat zapomenut\u00e9 p\u0159\u00edb\u011bhy, skryt\u00e1 tajemstv\u00ed, vzpom\u00ednky na pr\u016fmyslov\u00e9 podniky a\u00a0honosn\u00e9 vily jejich zakladatel\u016f. Poznejte pozoruhodnou a pestrou historii m\u011bsta, kde podnikavost a inovace pro\u0161lapaly cestu k \u00fasp\u011bchu a\u00a0nab\u00eddly pr\u00e1ci lidem z \u0161irok\u00e9ho okol\u00ed. Vydejte se v jejich stop\u00e1ch!<\/p>    <\/div>\n<\/div>\n<\/div>\n\n<div class=\"lazyblock-cryptorace-two-cols-box-2susAX wp-block-lazyblock-cryptorace-two-cols-box\"><div class=\"row mb-3\">\n    <div class=\"col col-md-6 col-lg-5 col-xxl-4 offset-lg-1 offset-xxl-2\">\n        <h2>Jak hra funguje?<\/h2>\n<p>V na\u0161\u00ed h\u0159e se vyd\u00e1te na cestu v&nbsp;\u010dase a zjist\u00edte spoustu <strong>o&nbsp;pr\u016fmyslov\u00e9 historii tohoto m\u011bsta<\/strong>. <strong>V t\u00fdmu o 2\u20135 hr\u00e1\u010d\u00edch<\/strong> b\u011bhem n\u00ed projdete Vrbno pod Prad\u011bdem. <strong>Na 7 stanovi\u0161t\u00edch<\/strong> se dozv\u00edte, co v\u0161echno se ve Vrbn\u011b vyr\u00e1b\u011blo a v\u011b\u0159\u00edme, \u017ee v\u00e1s spousta toho p\u0159ekvap\u00ed, na tak mal\u00e9 m\u011bsto, je toho v\u00edce ne\u017e dost. \u010cekaj\u00ed v\u00e1s <strong>\u0161ifry, logick\u00e9 \u00falohy a&nbsp;z\u00edsk\u00e1v\u00e1n\u00ed hesel<\/strong>.<\/p>\n<p>V\u017edy po zad\u00e1n\u00ed spr\u00e1vn\u00e9ho hesla do online hern\u00edho syst\u00e9mu se dozv\u00edte polohu dal\u0161\u00edho stanovi\u0161t\u011b. Ke h\u0159e tedy pot\u0159ebujete alespo\u0148 jeden<strong> telefon s p\u0159ipojen\u00edm k&nbsp;internetu<\/strong>.<\/p>\n<h2>Pro koho je ur\u010dena?<\/h2>\n<p><strong>Hra je ur\u010dena pro 2\u20135\u010dlenn\u00e9 t\u00fdmy. Je vhodn\u00e1 jak pro t\u00fdmy hrav\u00fdch dosp\u011bl\u00fdch, tak pro rodiny s d\u011btmi. <\/strong>Naplno si ji u\u017eij\u00ed d\u011bti cca od 12 let, nicm\u00e9n\u011b \u0161ikovn\u00ed rodi\u010de, u\u010ditel\u00e9 \u010di odd\u00edlov\u00ed vedouc\u00ed zapoj\u00ed ur\u010dit\u011b i mlad\u0161\u00ed d\u011bti.<\/p>\n<p>V p\u0159\u00edpad\u011b, \u017ee hru bude hr\u00e1t t\u00fdm d\u011bt\u00ed bez dosp\u011bl\u00fdch, doporu\u010dujeme ji d\u011btem asi od 15 let.&nbsp;<\/p>    <\/div>\n    <div class=\"col-12 col-md-6 col-lg-5 col-xxl-4\">\n        <div class=\"bg-box1 p-4 mb-3\">\n            <p><img loading=\"lazy\" decoding=\"async\" width=\"800\" height=\"680\" class=\"alignnone size-full wp-image-227 img-fluid\" src=\"https:\/\/trails.cryptomania.cz\/vrbno\/wp-content\/uploads\/sites\/111\/2025\/05\/vrbno-brozura-do-prehleduher_1_.png\" alt=\"\" srcset=\"https:\/\/trails.cryptomania.cz\/vrbno\/wp-content\/uploads\/sites\/111\/2025\/05\/vrbno-brozura-do-prehleduher_1_.png 800w, https:\/\/trails.cryptomania.cz\/vrbno\/wp-content\/uploads\/sites\/111\/2025\/05\/vrbno-brozura-do-prehleduher_1_-300x255.png 300w, https:\/\/trails.cryptomania.cz\/vrbno\/wp-content\/uploads\/sites\/111\/2025\/05\/vrbno-brozura-do-prehleduher_1_-768x653.png 768w\" sizes=\"auto, (max-width: 800px) 100vw, 800px\" \/><\/p>        <\/div>\n    <\/div>\n<\/div>\n<\/div>\n\n<div class=\"lazyblock-cryptorace-text-Z4rguL wp-block-lazyblock-cryptorace-text\"><div class=\"row\">\n    <div class=\"col col-md-7 col-lg-6 col-xxl-5 offset-lg-1 offset-xxl-2\">\n        <h2>Kde hra za\u010d\u00edn\u00e1?<\/h2>\n<p><!-- \/wp:heading -->\n\n<!-- wp:paragraph --><\/p>\n<p>Hra za\u010d\u00edn\u00e1 v&nbsp;TIC Vrbno, adresa Jesenick\u00e1 252, Vrbno pod Prad\u011bdem.<\/p>    <\/div>\n<\/div>\n<\/div>\n\n<div class=\"lazyblock-cryptorace-perex-JgHF4 wp-block-lazyblock-cryptorace-perex\"><div class=\"row mb-4\">\n    <div class=\"col col-lg-10 col-xxl-8 offset-lg-1 offset-xxl-2 text-perex\">\n        <div style='position: relative;'><div title='50.1217881N, 17.3795014E' id='m94418' style='width: 100%; height: 400px;'><\/div><\/div><p class='text-end'><small><a href='https:\/\/mapy.cz\/turisticka?source=coor&id=17.3795014%2C50.1217881&ds=2&x=17.3795014&y=50.1217881&z=17' target='_blank'>Zobrazit na mapy.cz<\/a><\/small><\/p>    <\/div>\n<\/div>\n<\/div>\n\n<div class=\"lazyblock-cryptorace-text-173QkX wp-block-lazyblock-cryptorace-text\"><div class=\"row\">\n    <div class=\"col col-md-7 col-lg-6 col-xxl-5 offset-lg-1 offset-xxl-2\">\n        <h2>Jak dlouho hra trv\u00e1?<\/h2>\n<p><!-- \/wp:heading -->\n\n<!-- wp:paragraph --><\/p>\n<p>Hra <strong>Vrbno s&nbsp;prad\u011bde\u010dkem<\/strong> obsahuje 7 stanovi\u0161\u0165 a m\u00e1 d\u00e9lku 3,5 km. Mysl\u00edme si, \u017ee hru je mo\u017en\u00e9 zvl\u00e1dnout za 3 hodiny. Pokud v\u00e1s zaj\u00edm\u00e1, jak hru zvl\u00e1dly ostatn\u00ed t\u00fdmy, pod\u00edvejte se na jejich <a href=\"https:\/\/trails.cryptomania.cz\/vrbno\/vysledky\/\">v\u00fdsledky<\/a>.<\/p>    <\/div>\n<\/div>\n<\/div>\n\n<div class=\"lazyblock-cryptorace-two-cols-box-15jcDu wp-block-lazyblock-cryptorace-two-cols-box\"><div class=\"row mb-3\">\n    <div class=\"col col-md-6 col-lg-5 col-xxl-4 offset-lg-1 offset-xxl-2\">\n        <p><!-- wp:lazyblock\/cryptorace-two-cols-box {\"crypto-text-levy\":\"\\u003ch2\\u003eCo pot\u0159ebujete ke h\u0159e:\\u003c\/h2\\u003e\\n\\u003col\\u003e\\n\\u003cli\\u003eP\u0159e\u010d\u00edst si \\u003ca href=\\u0022https:\/\/trails.cryptomania.cz\/susice\/pravidla\/\\u0022\\u003epravidla hry,\\u003c\/a\\u003e\\u003c\/li\\u003e\\n\\u003cli\\u003e\\u003ca href=\\u0022https:\/\/trails.cryptomania.cz\/susice\/registrace\/\\u0022\\u003ezaregistrovat t\u00fdm \\u003c\/a\\u003edo hry,\\u003c\/li\\u003e\\n\\u003cli\\u003evyzvednout si hern\u00ed materi\u00e1ly (\\u003cem\\u003ep\u0159e\u010dt\u011bte si v r\u00e1me\u010dku jak\u00e9 a\u00a0kde\\u003c\/em\\u003e),\\u003c\/li\\u003e\\n\\u003cli\\u003epsac\u00ed pot\u0159eby,\\u003c\/li\\u003e\\n\\u003cli\\u003ealespo\u0148 1 chytr\u00fd telefon s\u00a0p\u0159ipojen\u00edm na internet,\\u003c\/li\\u003e\\n\\u003cli\\u003easi dv\u011b hodiny va\u0161eho \u010dasu.\u00a0\\u003c\/li\\u003e\\n\\u003c\/ol\\u003e\\n\\u003cp\\u003e\\u003c!\\u002d\\u002d \/wp:heading \\u002d\\u002d\\u003e \\u003c!\\u002d\\u002d wp:paragraph \\u002d\\u002d\\u003e\\u003c\/p\\u003e\\n\\u003ch2\\u003ePro koho je hra ur\u010dena\\u003c\/h2\\u003e\\n\\u003cp\\u003e\\u003c!\\u002d\\u002d \/wp:heading \\u002d\\u002d\\u003e \\u003c!\\u002d\\u002d wp:paragraph \\u002d\\u002d\\u003e\\u003c\/p\\u003e\\n\\u003cp\\u003e\\u003cstrong\\u003eHra je ur\u010dena pro 2\u20135\u010dlenn\u00e9 t\u00fdmy. Je vhodn\u00e1 jak pro t\u00fdmy hrav\u00fdch dosp\u011bl\u00fdch, tak pro rodiny s d\u011btmi.\\u003c\/strong\\u003e Naplno si ji u\u017eij\u00ed d\u011bti cca od 10 let, nicm\u00e9n\u011b \u0161ikovn\u00ed rodi\u010de, u\u010ditel\u00e9 \u010di odd\u00edlov\u00ed vedouc\u00ed zapoj\u00ed ur\u010dit\u011b i mlad\u0161\u00ed d\u011bti.\\u003c\/p\\u003e\\n\\u003cp\\u003e\\u003c!\\u002d\\u002d \/wp:paragraph \\u002d\\u002d\\u003e \\u003c!\\u002d\\u002d wp:paragraph \\u002d\\u002d\\u003e\\u003c\/p\\u003e\\n\\u003cp\\u003eV\u00a0p\u0159\u00edpad\u011b, \u017ee hru bude hr\u00e1t t\u00fdm d\u011bt\u00ed bez dosp\u011bl\u00fdch, doporu\u010dujeme ji d\u011btem cca od 14 let.\u00a0\\u003c\/p\\u003e\",\"crypto-sedy-pravy\":\"\\u003ch2\\u003eKde z\u00edsk\u00e1te hern\u00ed materi\u00e1ly\\u003c\/h2\\u003e\\n\\u003cul\\u003e\\n\\u003cli\\u003eV \\u003ca href=\\u0022https:\/\/www.mestosusice.cz\/icsusice\/\\u0022 target=\\u0022_blank\\u0022 rel=\\u0022noopener\\u0022\\u003eM\u011bstsk\u00e9m informa\u010dn\u00edm centru Su\u0161ice\\u003c\/a\\u003e\\u003cbr \/\\u003e(Po\u0161tovn\u00ed 10, Su\u0161ice \u2013 \\u003ca href=\\u0022https:\/\/mapy.cz\/s\/dofovoraza\\u0022 target=\\u0022_blank\\u0022 rel=\\u0022noopener\\u0022\\u003emapa\\u003c\/a\\u003e)\\u003c\/li\\u003e\\n\\u003cli\\u003eV kancel\u00e1\u0159i \\u003ca href=\\u0022https:\/\/www.kulturasusice.cz\/kontakty\/\\u0022 target=\\u0022_blank\\u0022 rel=\\u0022noopener\\u0022\\u003eSu\u0161ick\u00e9ho kulturn\u00edho centra Sirkus\\u003c\/a\\u003e\\u003cbr \/\\u003e(P\u0159\u00edkopy 178, Su\u0161ice \u2013 \\u003ca href=\\u0022https:\/\/mapy.cz\/s\/cahucotefo\\u0022 target=\\u0022_blank\\u0022 rel=\\u0022noopener\\u0022\\u003emapa\\u003c\/a\\u003e)\\u003c\/li\\u003e\\n\\u003c\/ul\\u003e\\n\\u003ch2\\u003eHern\u00ed materi\u00e1ly obsahuj\u00ed\\u003c\/h2\\u003e\\n\\u003cul\\u003e\\n\\u003cli\\u003e\\u003cstrong\\u003eHern\u00ed bro\u017euru\\u003c\/strong\\u003e s\u00a0pravidly a\u00a0podklady k jednotliv\u00fdm \u00fakol\u016fm,\\u003c\/li\\u003e\\n\\u003cli\\u003e\\u003cstrong\\u003e1 krabi\u010dku sirek, \\u003c\/strong\\u003ebez kter\u00fdch se ve h\u0159e neobejdete.\\u003c\/li\\u003e\\n\\u003c\/ul\\u003e\",\"blockId\":\"1K7hhD\",\"blockUniqueClass\":\"lazyblock-cryptorace-two-cols-box-1K7hhD\"} \/-->\n\n<!-- wp:lazyblock\/cryptorace-two-cols-box {\"crypto-text-levy\":\"\\u003ch2\\u003eCo pot\u0159ebujete ke h\u0159e:\\u003c\/h2\\u003e\\n\\u003col\\u003e\\n\\u003cli\\u003eP\u0159e\u010d\u00edst si \\u003ca href=\\u0022https:\/\/trails.cryptomania.cz\/susice\/pravidla\/\\u0022\\u003epravidla hry,\\u003c\/a\\u003e\\u003c\/li\\u003e\\n\\u003cli\\u003e\\u003ca href=\\u0022https:\/\/trails.cryptomania.cz\/susice\/registrace\/\\u0022\\u003ezaregistrovat t\u00fdm \\u003c\/a\\u003edo hry,\\u003c\/li\\u003e\\n\\u003cli\\u003evyzvednout si hern\u00ed materi\u00e1ly (\\u003cem\\u003ep\u0159e\u010dt\u011bte si v r\u00e1me\u010dku jak\u00e9 a\u00a0kde\\u003c\/em\\u003e),\\u003c\/li\\u003e\\n\\u003cli\\u003epsac\u00ed pot\u0159eby,\\u003c\/li\\u003e\\n\\u003cli\\u003ealespo\u0148 1 chytr\u00fd telefon s\u00a0p\u0159ipojen\u00edm na internet,\\u003c\/li\\u003e\\n\\u003cli\\u003easi dv\u011b hodiny va\u0161eho \u010dasu.\u00a0\\u003c\/li\\u003e\\n\\u003c\/ol\\u003e\\n\\u003cp\\u003e\\u003c!\\u002d\\u002d \/wp:heading \\u002d\\u002d\\u003e \\u003c!\\u002d\\u002d wp:paragraph \\u002d\\u002d\\u003e\\u003c\/p\\u003e\\n\\u003ch2\\u003ePro koho je hra ur\u010dena\\u003c\/h2\\u003e\\n\\u003cp\\u003e\\u003c!\\u002d\\u002d \/wp:heading \\u002d\\u002d\\u003e \\u003c!\\u002d\\u002d wp:paragraph \\u002d\\u002d\\u003e\\u003c\/p\\u003e\\n\\u003cp\\u003e\\u003cstrong\\u003eHra je ur\u010dena pro 2\u20135\u010dlenn\u00e9 t\u00fdmy. Je vhodn\u00e1 jak pro t\u00fdmy hrav\u00fdch dosp\u011bl\u00fdch, tak pro rodiny s d\u011btmi.\\u003c\/strong\\u003e Naplno si ji u\u017eij\u00ed d\u011bti cca od 10 let, nicm\u00e9n\u011b \u0161ikovn\u00ed rodi\u010de, u\u010ditel\u00e9 \u010di odd\u00edlov\u00ed vedouc\u00ed zapoj\u00ed ur\u010dit\u011b i mlad\u0161\u00ed d\u011bti.\\u003c\/p\\u003e\\n\\u003cp\\u003e\\u003c!\\u002d\\u002d \/wp:paragraph \\u002d\\u002d\\u003e \\u003c!\\u002d\\u002d wp:paragraph \\u002d\\u002d\\u003e\\u003c\/p\\u003e\\n\\u003cp\\u003eV\u00a0p\u0159\u00edpad\u011b, \u017ee hru bude hr\u00e1t t\u00fdm d\u011bt\u00ed bez dosp\u011bl\u00fdch, doporu\u010dujeme ji d\u011btem cca od 14 let.\u00a0\\u003c\/p\\u003e\",\"crypto-sedy-pravy\":\"\\u003ch2\\u003eKde z\u00edsk\u00e1te hern\u00ed materi\u00e1ly\\u003c\/h2\\u003e\\n\\u003cul\\u003e\\n\\u003cli\\u003eV \\u003ca href=\\u0022https:\/\/www.mestosusice.cz\/icsusice\/\\u0022 target=\\u0022_blank\\u0022 rel=\\u0022noopener\\u0022\\u003eM\u011bstsk\u00e9m informa\u010dn\u00edm centru Su\u0161ice\\u003c\/a\\u003e\\u003cbr \/\\u003e(Po\u0161tovn\u00ed 10, Su\u0161ice \u2013 \\u003ca href=\\u0022https:\/\/mapy.cz\/s\/dofovoraza\\u0022 target=\\u0022_blank\\u0022 rel=\\u0022noopener\\u0022\\u003emapa\\u003c\/a\\u003e)\\u003c\/li\\u003e\\n\\u003cli\\u003eV kancel\u00e1\u0159i \\u003ca href=\\u0022https:\/\/www.kulturasusice.cz\/kontakty\/\\u0022 target=\\u0022_blank\\u0022 rel=\\u0022noopener\\u0022\\u003eSu\u0161ick\u00e9ho kulturn\u00edho centra Sirkus\\u003c\/a\\u003e\\u003cbr \/\\u003e(P\u0159\u00edkopy 178, Su\u0161ice \u2013 \\u003ca href=\\u0022https:\/\/mapy.cz\/s\/cahucotefo\\u0022 target=\\u0022_blank\\u0022 rel=\\u0022noopener\\u0022\\u003emapa\\u003c\/a\\u003e)\\u003c\/li\\u003e\\n\\u003c\/ul\\u003e\\n\\u003ch2\\u003eHern\u00ed materi\u00e1ly obsahuj\u00ed\\u003c\/h2\\u003e\\n\\u003cul\\u003e\\n\\u003cli\\u003e\\u003cstrong\\u003eHern\u00ed bro\u017euru\\u003c\/strong\\u003e s\u00a0pravidly a\u00a0podklady k jednotliv\u00fdm \u00fakol\u016fm,\\u003c\/li\\u003e\\n\\u003cli\\u003e\\u003cstrong\\u003e1 krabi\u010dku sirek, \\u003c\/strong\\u003ebez kter\u00fdch se ve h\u0159e neobejdete.\\u003c\/li\\u003e\\n\\u003c\/ul\\u003e\",\"blockId\":\"1K7hhD\",\"blockUniqueClass\":\"lazyblock-cryptorace-two-cols-box-1K7hhD\"} \/-->\n\n<!-- wp:lazyblock\/cryptorace-two-cols-box {\"crypto-text-levy\":\"\\u003ch2\\u003eCo pot\u0159ebujete ke h\u0159e:\\u003c\/h2\\u003e\\n\\u003col\\u003e\\n\\u003cli\\u003eP\u0159e\u010d\u00edst si \\u003ca href=\\u0022https:\/\/trails.cryptomania.cz\/susice\/pravidla\/\\u0022\\u003epravidla hry,\\u003c\/a\\u003e\\u003c\/li\\u003e\\n\\u003cli\\u003e\\u003ca href=\\u0022https:\/\/trails.cryptomania.cz\/susice\/registrace\/\\u0022\\u003ezaregistrovat t\u00fdm \\u003c\/a\\u003edo hry,\\u003c\/li\\u003e\\n\\u003cli\\u003evyzvednout si hern\u00ed materi\u00e1ly (\\u003cem\\u003ep\u0159e\u010dt\u011bte si v r\u00e1me\u010dku jak\u00e9 a\u00a0kde\\u003c\/em\\u003e),\\u003c\/li\\u003e\\n\\u003cli\\u003epsac\u00ed pot\u0159eby,\\u003c\/li\\u003e\\n\\u003cli\\u003ealespo\u0148 1 chytr\u00fd telefon s\u00a0p\u0159ipojen\u00edm na internet,\\u003c\/li\\u003e\\n\\u003cli\\u003easi dv\u011b hodiny va\u0161eho \u010dasu.\u00a0\\u003c\/li\\u003e\\n\\u003c\/ol\\u003e\\n\\u003cp\\u003e\\u003c!\\u002d\\u002d \/wp:heading \\u002d\\u002d\\u003e \\u003c!\\u002d\\u002d wp:paragraph \\u002d\\u002d\\u003e\\u003c\/p\\u003e\\n\\u003ch2\\u003ePro koho je hra ur\u010dena\\u003c\/h2\\u003e\\n\\u003cp\\u003e\\u003c!\\u002d\\u002d \/wp:heading \\u002d\\u002d\\u003e \\u003c!\\u002d\\u002d wp:paragraph \\u002d\\u002d\\u003e\\u003c\/p\\u003e\\n\\u003cp\\u003e\\u003cstrong\\u003eHra je ur\u010dena pro 2\u20135\u010dlenn\u00e9 t\u00fdmy. Je vhodn\u00e1 jak pro t\u00fdmy hrav\u00fdch dosp\u011bl\u00fdch, tak pro rodiny s d\u011btmi.\\u003c\/strong\\u003e Naplno si ji u\u017eij\u00ed d\u011bti cca od 10 let, nicm\u00e9n\u011b \u0161ikovn\u00ed rodi\u010de, u\u010ditel\u00e9 \u010di odd\u00edlov\u00ed vedouc\u00ed zapoj\u00ed ur\u010dit\u011b i mlad\u0161\u00ed d\u011bti.\\u003c\/p\\u003e\\n\\u003cp\\u003e\\u003c!\\u002d\\u002d \/wp:paragraph \\u002d\\u002d\\u003e \\u003c!\\u002d\\u002d wp:paragraph \\u002d\\u002d\\u003e\\u003c\/p\\u003e\\n\\u003cp\\u003eV\u00a0p\u0159\u00edpad\u011b, \u017ee hru bude hr\u00e1t t\u00fdm d\u011bt\u00ed bez dosp\u011bl\u00fdch, doporu\u010dujeme ji d\u011btem cca od 14 let.\u00a0\\u003c\/p\\u003e\",\"crypto-sedy-pravy\":\"\\u003ch2\\u003eKde z\u00edsk\u00e1te hern\u00ed materi\u00e1ly\\u003c\/h2\\u003e\\n\\u003cul\\u003e\\n\\u003cli\\u003eV \\u003ca href=\\u0022https:\/\/www.mestosusice.cz\/icsusice\/\\u0022 target=\\u0022_blank\\u0022 rel=\\u0022noopener\\u0022\\u003eM\u011bstsk\u00e9m informa\u010dn\u00edm centru Su\u0161ice\\u003c\/a\\u003e\\u003cbr \/\\u003e(Po\u0161tovn\u00ed 10, Su\u0161ice \u2013 \\u003ca href=\\u0022https:\/\/mapy.cz\/s\/dofovoraza\\u0022 target=\\u0022_blank\\u0022 rel=\\u0022noopener\\u0022\\u003emapa\\u003c\/a\\u003e)\\u003c\/li\\u003e\\n\\u003cli\\u003eV kancel\u00e1\u0159i \\u003ca href=\\u0022https:\/\/www.kulturasusice.cz\/kontakty\/\\u0022 target=\\u0022_blank\\u0022 rel=\\u0022noopener\\u0022\\u003eSu\u0161ick\u00e9ho kulturn\u00edho centra Sirkus\\u003c\/a\\u003e\\u003cbr \/\\u003e(P\u0159\u00edkopy 178, Su\u0161ice \u2013 \\u003ca href=\\u0022https:\/\/mapy.cz\/s\/cahucotefo\\u0022 target=\\u0022_blank\\u0022 rel=\\u0022noopener\\u0022\\u003emapa\\u003c\/a\\u003e)\\u003c\/li\\u003e\\n\\u003c\/ul\\u003e\\n\\u003ch2\\u003eHern\u00ed materi\u00e1ly obsahuj\u00ed\\u003c\/h2\\u003e\\n\\u003cul\\u003e\\n\\u003cli\\u003e\\u003cstrong\\u003eHern\u00ed bro\u017euru\\u003c\/strong\\u003e s\u00a0pravidly a\u00a0podklady k jednotliv\u00fdm \u00fakol\u016fm,\\u003c\/li\\u003e\\n\\u003cli\\u003e\\u003cstrong\\u003e1 krabi\u010dku sirek, \\u003c\/strong\\u003ebez kter\u00fdch se ve h\u0159e neobejdete.\\u003c\/li\\u003e\\n\\u003c\/ul\\u003e\",\"blockId\":\"1K7hhD\",\"blockUniqueClass\":\"lazyblock-cryptorace-two-cols-box-1K7hhD\"} \/--><\/p>\n<h2>Co je ke h\u0159e pot\u0159eba?<\/h2>\n<ol>\n<li>P\u0159e\u010d\u00edst si <a href=\"https:\/\/trails.cryptomania.cz\/vrbno\/pravidla\/\">pravidla hry,<\/a><\/li>\n<li>m\u00edt v t\u00fdmu alespo\u0148 1 chytr\u00fd telefon s p\u0159ipojen\u00edm na internet,<\/li>\n<li>vz\u00edt si s sebou psac\u00ed pot\u0159eby a m\u016f\u017eou se v\u00e1m hodit n\u016f\u017eky,<\/li>\n<li>zakoupit si za symbolickou \u010d\u00e1stku hern\u00ed bro\u017euru (<em>p\u0159e\u010dt\u011bte si v r\u00e1me\u010dku kde<\/em>),<\/li>\n<li><a href=\"https:\/\/trails.cryptomania.cz\/vrbno\/registrace\/\">zaregistrovat t\u00fdm <\/a>do hry.<\/li>\n<\/ol>    <\/div>\n    <div class=\"col-12 col-md-6 col-lg-5 col-xxl-4\">\n        <div class=\"bg-box1 p-4 mb-3\">\n            <h2>Kde zakoup\u00edte hern\u00ed bro\u017euru?<\/h2>\n<ul>\n<li><strong>V&nbsp;TIC Vrbno <\/strong>(Jesenick\u00e1 252, Vrbno pod Prad\u011bdem \u2013 <a href=\"https:\/\/mapy.cz\/s\/nozunusanu\" target=\"_blank\" rel=\"noopener\">mapa<\/a>)<\/li>\n<\/ul>\n<p>Cena hern\u00ed bro\u017eury pokr\u00fdv\u00e1 n\u00e1klady na provoz hry.<\/p>        <\/div>\n    <\/div>\n<\/div>\n<\/div>\n\n<div class=\"lazyblock-cryptorace-text-ZjqCos wp-block-lazyblock-cryptorace-text\"><div class=\"row\">\n    <div class=\"col col-md-7 col-lg-6 col-xxl-5 offset-lg-1 offset-xxl-2\">\n        <h2>Kdo hru vytvo\u0159il?<\/h2>\n<p><!-- \/wp:heading -->\n\n<!-- wp:paragraph --><\/p>\n<p>Origin\u00e1ln\u00ed \u0161ifrovac\u00ed hru pro v\u00e1s p\u0159ipravilo <a href=\"https:\/\/www.kiv-vrbno.cz\/\" target=\"_blank\" rel=\"noopener\">Kulturn\u00ed, informa\u010dn\u00ed a vzd\u011bl\u00e1vac\u00ed centrum Vrbno<\/a>&nbsp;ve spolupr\u00e1ci s&nbsp;<a href=\"https:\/\/www.cryptomania.cz\/\">Cryptomania s.r.o.<\/a><\/p>\n<p><!-- \/wp:paragraph -->\n\n<!-- wp:paragraph --><\/p>\n<p>Pokud m\u00e1te ohledn\u011b hry n\u011bjak\u00e9 ot\u00e1zky, nev\u00e1hejte <a href=\"https:\/\/trails.cryptomania.cz\/vrbno\/kontakt\/\">n\u00e1s kontaktovat<\/a>.<\/p>\n<p><!-- \/wp:paragraph -->\n\n<!-- wp:paragraph --><\/p>\n<p style=\"text-align: left;\">U\u017eijte si lu\u0161t\u011bn\u00ed!<\/p>    <\/div>\n<\/div>\n<\/div>","protected":false},"excerpt":{"rendered":"","protected":false},"author":1,"featured_media":0,"parent":0,"menu_order":0,"comment_status":"closed","ping_status":"closed","template":"","meta":{"footnotes":""},"class_list":["post-10","page","type-page","status-publish","hentry"],"_links":{"self":[{"href":"https:\/\/trails.cryptomania.cz\/vrbno\/wp-json\/wp\/v2\/pages\/10","targetHints":{"allow":["GET"]}}],"collection":[{"href":"https:\/\/trails.cryptomania.cz\/vrbno\/wp-json\/wp\/v2\/pages"}],"about":[{"href":"https:\/\/trails.cryptomania.cz\/vrbno\/wp-json\/wp\/v2\/types\/page"}],"author":[{"embeddable":true,"href":"https:\/\/trails.cryptomania.cz\/vrbno\/wp-json\/wp\/v2\/users\/1"}],"replies":[{"embeddable":true,"href":"https:\/\/trails.cryptomania.cz\/vrbno\/wp-json\/wp\/v2\/comments?post=10"}],"version-history":[{"count":48,"href":"https:\/\/trails.cryptomania.cz\/vrbno\/wp-json\/wp\/v2\/pages\/10\/revisions"}],"predecessor-version":[{"id":228,"href":"https:\/\/trails.cryptomania.cz\/vrbno\/wp-json\/wp\/v2\/pages\/10\/revisions\/228"}],"wp:attachment":[{"href":"https:\/\/trails.cryptomania.cz\/vrbno\/wp-json\/wp\/v2\/media?parent=10"}],"curies":[{"name":"wp","href":"https:\/\/api.w.org\/{rel}","templated":true}]}}