{"id":112,"date":"2019-08-02T11:47:53","date_gmt":"2019-08-02T09:47:53","guid":{"rendered":"https:\/\/trails.cryptomania.cz\/vracimevodulesu\/?page_id=112"},"modified":"2025-10-24T17:53:04","modified_gmt":"2025-10-24T15:53:04","slug":"o-hre","status":"publish","type":"page","link":"https:\/\/trails.cryptomania.cz\/vracimevodulesu\/o-hre\/","title":{"rendered":"O h\u0159e"},"content":{"rendered":"<div class=\"row justify-content-center lazyblock-cryptomania-basic-column-Z2oph3K wp-block-lazyblock-cryptomania-basic-column\">\n        <div class=\"col col-lg-10 col-xl-8 col-xxl-8\">\n            <div class=\"row\">\n                \n\n<p class=\"is-style-text-perex text-perex\">Voda? Neum\u00edme bez n\u00ed \u017e\u00edt. Odt\u00e9k\u00e1 pry\u010d, miz\u00ed. Kdy\u017e spadne v podob\u011b de\u0161t\u011b na zem, ztrat\u00ed se rychle v paprsc\u00edch slunce. Poh\u00e1dka s\u016fl nad zlato nab\u00fdv\u00e1 podoby vody nad zlato v realit\u011b v\u0161edn\u00edch dn\u00ed. A co voda a les? Lesy \u010cR spustily vlastn\u00ed program, kter\u00fd m\u00e1 k zadr\u017een\u00ed vody v krajin\u011b p\u0159isp\u011bt. D\u00edky celost\u00e1tn\u00edmu projektu Vrac\u00edme vodu lesu vznikaj\u00ed stovky vodn\u00edch n\u00e1dr\u017e\u00ed, lesn\u00edch t\u016fn\u00ed, mok\u0159ad\u016f a rybn\u00ed\u010dk\u016f.<\/p>\n\n\n            <\/div>\n        <\/div>\n    <\/div>\n\n<div class=\"row justify-content-center lazyblock-cryptomania-basic-column-2pR3pA wp-block-lazyblock-cryptomania-basic-column\">\n        <div class=\"col col-lg-10 col-xl-8 col-xxl-8\">\n            <div class=\"row\">\n                \n<div class=\"col-12 col-lg-6 lazyblock-cryptomania-half-column-1AXhL3 wp-block-lazyblock-cryptomania-half-column\">\n                <div class=\"lazyblock-inner-blocks\">\n\n<h2 class=\"wp-block-heading\">Jak hra funguje?<\/h2>\n\n\n\n<p class=\"\">Hra Vrac\u00edme vodu lesu je o putov\u00e1n\u00ed oby\u010dejn\u00e9 kapky vody. Oby\u010dejn\u011b neoby\u010dejn\u00e9 a jedine\u010dn\u00e9 \u017eivotod\u00e1rn\u00e9 tekutiny. V&nbsp;t\u00fdmu o&nbsp;2\u20135 hr\u00e1\u010d\u00edch&nbsp;b\u011bhem n\u00ed projdete okol\u00ed hradu K\u0159ivokl\u00e1tu.&nbsp;Na 4 stanovi\u0161t\u00edch&nbsp;a 3 bonusov\u00fdch se dozv\u00edte n\u011bco o vod\u011b a jej\u00ed funkci v lese. \u010cekaj\u00ed v\u00e1s&nbsp;\u0161ifry, logick\u00e9 \u00falohy a&nbsp;z\u00edsk\u00e1v\u00e1n\u00ed hesel.<\/p>\n\n\n\n<p class=\"\">V\u017edy po&nbsp;zad\u00e1n\u00ed spr\u00e1vn\u00e9ho hesla do online hern\u00edho syst\u00e9mu se dozv\u00edte polohu dal\u0161\u00edho stanovi\u0161t\u011b. Ke h\u0159e tedy pot\u0159ebujete alespo\u0148 jeden&nbsp;telefon s&nbsp;p\u0159ipojen\u00edm k&nbsp;internetu.<\/p>\n\n\n\n<h2 class=\"wp-block-heading\">Pro koho je hra ur\u010dena<\/h2>\n\n\n\n<p class=\"\">Hra je ur\u010dena pro 2\u20135\u010dlenn\u00e9 t\u00fdmy. Vznikla prim\u00e1rn\u011b pro rodiny s d\u011btmi (6+). Hra se d\u00e1 s pomoc\u00ed spoluhr\u00e1\u010d\u016f absolvovat i s ko\u010d\u00e1rkem, ale vy\u017eaduje to trochu vynal\u00e9zavosti.<\/p>\n\n<\/div>\n    <\/div>\n\n<div class=\"col-12 col-lg-6 lazyblock-cryptomania-half-column-1uJ3Jj wp-block-lazyblock-cryptomania-half-column\">\n                <div class=\"lazyblock-inner-blocks\">\n<div class=\"bg-sidebox-light p-4 mb-3 rounded-4 lazyblock-cryptomania-gray-box-1je9Ew wp-block-lazyblock-cryptomania-gray-box\">\n                <div class=\"lazyblock-inner-blocks\">\n\n<figure class=\"wp-block-image size-full\"><a href=\"https:\/\/trails.cryptomania.cz\/vracimevodulesu\/wp-content\/uploads\/sites\/53\/2025\/10\/vracime-small.png\"><img loading=\"lazy\" decoding=\"async\" width=\"800\" height=\"680\" src=\"https:\/\/trails.cryptomania.cz\/vracimevodulesu\/wp-content\/uploads\/sites\/53\/2025\/10\/vracime-small.png\" alt=\"\" class=\"wp-image-188\" srcset=\"https:\/\/trails.cryptomania.cz\/vracimevodulesu\/wp-content\/uploads\/sites\/53\/2025\/10\/vracime-small.png 800w, https:\/\/trails.cryptomania.cz\/vracimevodulesu\/wp-content\/uploads\/sites\/53\/2025\/10\/vracime-small-300x255.png 300w, https:\/\/trails.cryptomania.cz\/vracimevodulesu\/wp-content\/uploads\/sites\/53\/2025\/10\/vracime-small-768x653.png 768w\" sizes=\"auto, (max-width: 800px) 100vw, 800px\" \/><\/a><\/figure>\n\n<\/div>\n    <\/div>\n<\/div>\n    <\/div>\n\n            <\/div>\n        <\/div>\n    <\/div>\n\n<div class=\"row justify-content-center lazyblock-cryptomania-text-column-ZV60xA wp-block-lazyblock-cryptomania-text-column\">\n        <div class=\"col col-lg-10 col-xl-8 col-xxl-8\">\n            <div class=\"row\">\n                <div class=\"col-12 col-lg-8 text-bigger mb-3 mt-2\">\n                    \n\n<h2 class=\"wp-block-heading\">Kde hra za\u010d\u00edn\u00e1?<\/h2>\n\n\n\n<p class=\"\">Hra za\u010d\u00edn\u00e1 u Informa\u010dn\u00edho a vzd\u011bl\u00e1vac\u00edho st\u0159ediska Les\u016f \u010cesk\u00e9 republiky, K\u0159ivokl\u00e1t 3.<\/p>\n\n\n                <\/div>\n            <\/div>\n        <\/div>\n    <\/div>\n\n<div class=\"row justify-content-center lazyblock-cryptomania-basic-column-Z2gBAut wp-block-lazyblock-cryptomania-basic-column\">\n        <div class=\"col col-lg-10 col-xl-8 col-xxl-8\">\n            <div class=\"row\">\n                \n\n<div style='position: relative;'><div title='50.0382500\u00b0N, 13.8790650\u00b0E' id='m19146' style='width: 100%; height: 400px;'><\/div><\/div><p class='text-end'><small><a href='https:\/\/mapy.cz\/turisticka?source=coor&id=13.879065%2C50.03825&ds=2&x=13.879065&y=50.03825&z=17' target='_blank'>Zobrazit na mapy.cz<\/a><\/small><\/p>\n\n\n            <\/div>\n        <\/div>\n    <\/div>\n\n<div class=\"row justify-content-center lazyblock-cryptomania-text-column-peU2o wp-block-lazyblock-cryptomania-text-column\">\n        <div class=\"col col-lg-10 col-xl-8 col-xxl-8\">\n            <div class=\"row\">\n                <div class=\"col-12 col-lg-8 text-bigger mb-3 mt-2\">\n                    \n\n<h2 class=\"wp-block-heading is-style-text-perex\">Jak dlouho hra trv\u00e1?<\/h2>\n\n\n\n<p class=\"\">Hra Vrac\u00edme vodu lesu obsahuje 4 stanovi\u0161t\u011b a 3 stanovi\u0161t\u011b bonusov\u00e1. Trasa hry m\u00e1 d\u00e9lku cca 1,5 kilometru a mysl\u00edme si, \u017ee vlastn\u00ed hru bez bonus\u016f je mo\u017en\u00e9 zvl\u00e1dnout za cca 1,5 hodiny. Pokud v\u00e1s zaj\u00edm\u00e1, jak hru zvl\u00e1dly ostatn\u00ed t\u00fdmy, pod\u00edvejte se na jejich&nbsp;<a href=\"https:\/\/trails.cryptomania.cz\/vracimevodulesu\/vysledky\">v\u00fdsledky<\/a>.<\/p>\n\n\n                <\/div>\n            <\/div>\n        <\/div>\n    <\/div>\n\n<div class=\"row justify-content-center lazyblock-cryptomania-basic-column-2vqAlN wp-block-lazyblock-cryptomania-basic-column\">\n        <div class=\"col col-lg-10 col-xl-8 col-xxl-8\">\n            <div class=\"row\">\n                \n<div class=\"col-12 col-lg-6 lazyblock-cryptomania-half-column-1obBhV wp-block-lazyblock-cryptomania-half-column\">\n                <div class=\"lazyblock-inner-blocks\">\n\n<h2 class=\"wp-block-heading\">Co je ke h\u0159e pot\u0159eba?<\/h2>\n\n\n\n<ol class=\"wp-block-list\">\n<li>P\u0159e\u010d\u00edst si\u00a0<a href=\"https:\/\/trails.cryptomania.cz\/vracimevodulesu\/pravidla\/\">pravidla hry,<\/a><\/li>\n\n\n\n<li>alespo\u0148 1 chytr\u00fd telefon s p\u0159ipojen\u00edm na internet,<\/li>\n\n\n\n<li>psac\u00ed pot\u0159eby,<\/li>\n\n\n\n<li>hern\u00ed materi\u00e1ly (<em>p\u0159e\u010dt\u011bte si v r\u00e1me\u010dku jak\u00e9 a&nbsp;kde<\/em> <em>je z\u00edsk\u00e1te<\/em>),<\/li>\n\n\n\n<li><a href=\"https:\/\/trails.cryptomania.cz\/vracimevodulesu\/registrace\/\">zaregistrovat t\u00fdm\u00a0<\/a>do hry.\u00a0<\/li>\n<\/ol>\n\n<\/div>\n    <\/div>\n\n<div class=\"col-12 col-lg-6 lazyblock-cryptomania-half-column-13oXxC wp-block-lazyblock-cryptomania-half-column\">\n                <div class=\"lazyblock-inner-blocks\">\n<div class=\"bg-sidebox-light p-4 mb-3 rounded-4 lazyblock-cryptomania-gray-box-Z16bvPX wp-block-lazyblock-cryptomania-gray-box\">\n                <div class=\"lazyblock-inner-blocks\">\n\n<h2 class=\"wp-block-heading\">Kde z\u00edsk\u00e1te hern\u00ed bro\u017euru?<\/h2>\n\n\n\n<ul class=\"wp-block-list\">\n<li>V\u00a0<a href=\"https:\/\/lskrivoklat.lesycr.cz\/informacni-a-vzdelavaci-stredisko\/\" target=\"_blank\" rel=\"noreferrer noopener\">Informa\u010dn\u00edm a vzd\u011bl\u00e1vac\u00edm st\u0159edisku Les\u016f \u010cesk\u00e9 republiky<\/a>,<br>(K\u0159ivokl\u00e1t 3, K\u0159ivokl\u00e1t)<\/li>\n<\/ul>\n\n\n\n<ul class=\"wp-block-list\">\n<li>Vytiskn\u011bte si ji doma bu\u010f jako <a href=\"https:\/\/trails.cryptomania.cz\/vracimevodulesu\/wp-content\/uploads\/sites\/53\/2021\/09\/HerniBrozuraA5.pdf\">bro\u017euru<\/a> nebo na <a href=\"https:\/\/trails.cryptomania.cz\/vracimevodulesu\/wp-content\/uploads\/sites\/53\/2021\/09\/HerniBrozuraA4.pdf\">jednotliv\u00e9 pap\u00edry A4<\/a>.<\/li>\n<\/ul>\n\n<\/div>\n    <\/div>\n<\/div>\n    <\/div>\n\n            <\/div>\n        <\/div>\n    <\/div>\n\n<div class=\"row justify-content-center lazyblock-cryptomania-text-column-Z11tbEf wp-block-lazyblock-cryptomania-text-column\">\n        <div class=\"col col-lg-10 col-xl-8 col-xxl-8\">\n            <div class=\"row\">\n                <div class=\"col-12 col-lg-8 text-bigger mb-3 mt-2\">\n                    \n\n<h2 class=\"wp-block-heading\">Kdo hru vytvo\u0159il?<\/h2>\n\n\n\n<p class=\"\">Origin\u00e1ln\u00ed \u0161ifrovac\u00ed hru pro v\u00e1s p\u0159ipravily <a href=\"https:\/\/lesycr.cz\/\" target=\"_blank\" rel=\"noreferrer noopener\">Lesy \u010cesk\u00e9 republiky, s. p.<\/a>\u00a0ve spolupr\u00e1ci s\u00a0<a href=\"https:\/\/www.cryptomania.cz\/\">Cryptomania s.r.o.<\/a><\/p>\n\n\n\n<p class=\"\">Pokud m\u00e1te ohledn\u011b hry n\u011bjak\u00e9 ot\u00e1zky, nev\u00e1hejte\u00a0<a href=\"https:\/\/trails.cryptomania.cz\/vracimevodulesu\/kontakt\/\">n\u00e1s kontaktovat<\/a>.<\/p>\n\n\n\n<p class=\"\">P\u0159ejeme p\u0159\u00edjemnou hru!<\/p>\n\n\n                <\/div>\n            <\/div>\n        <\/div>\n    <\/div>\n\n\n<h2 class=\"wp-block-heading\"><\/h2>\n","protected":false},"excerpt":{"rendered":"","protected":false},"author":1,"featured_media":0,"parent":0,"menu_order":0,"comment_status":"closed","ping_status":"closed","template":"","meta":{"footnotes":""},"class_list":["post-112","page","type-page","status-publish","hentry"],"_links":{"self":[{"href":"https:\/\/trails.cryptomania.cz\/vracimevodulesu\/wp-json\/wp\/v2\/pages\/112","targetHints":{"allow":["GET"]}}],"collection":[{"href":"https:\/\/trails.cryptomania.cz\/vracimevodulesu\/wp-json\/wp\/v2\/pages"}],"about":[{"href":"https:\/\/trails.cryptomania.cz\/vracimevodulesu\/wp-json\/wp\/v2\/types\/page"}],"author":[{"embeddable":true,"href":"https:\/\/trails.cryptomania.cz\/vracimevodulesu\/wp-json\/wp\/v2\/users\/1"}],"replies":[{"embeddable":true,"href":"https:\/\/trails.cryptomania.cz\/vracimevodulesu\/wp-json\/wp\/v2\/comments?post=112"}],"version-history":[{"count":24,"href":"https:\/\/trails.cryptomania.cz\/vracimevodulesu\/wp-json\/wp\/v2\/pages\/112\/revisions"}],"predecessor-version":[{"id":201,"href":"https:\/\/trails.cryptomania.cz\/vracimevodulesu\/wp-json\/wp\/v2\/pages\/112\/revisions\/201"}],"wp:attachment":[{"href":"https:\/\/trails.cryptomania.cz\/vracimevodulesu\/wp-json\/wp\/v2\/media?parent=112"}],"curies":[{"name":"wp","href":"https:\/\/api.w.org\/{rel}","templated":true}]}}