{"id":65,"date":"2018-07-04T10:18:29","date_gmt":"2018-07-04T08:18:29","guid":{"rendered":"https:\/\/trails.cryptomania.cz\/voda\/?page_id=65"},"modified":"2024-02-27T15:19:00","modified_gmt":"2024-02-27T14:19:00","slug":"o-hre","status":"publish","type":"page","link":"https:\/\/trails.cryptomania.cz\/voda\/o-hre\/","title":{"rendered":"O h\u0159e"},"content":{"rendered":"<div class=\"lazyblock-cryptorace-perex-Z1Hdd6J wp-block-lazyblock-cryptorace-perex\"><div class=\"row mb-4\">\n    <div class=\"col col-lg-10 col-xxl-8 offset-lg-1 offset-xxl-2 text-perex\">\n        <p>Hra Z\u00e1hada vlnolamu vznikla v roce 2018 v r\u00e1mci projektu \u201eBrno, co nen\u00ed\u201c, kter\u00fd m\u011bl p\u0159edstavit velk\u00e9 strategick\u00e9 projekty, kter\u00e9 v tu dobu Brno \u010dekalo. Velk\u00e1 \u010d\u00e1st t\u011bchto projekt\u016f pr\u00e1v\u011b prob\u00edh\u00e1 nebo byla u\u017e dokon\u010dena, n\u011bkter\u00e9 st\u00e1le \u010dekaj\u00ed na realizaci. Konkr\u00e9tn\u011b tato hra se v\u011bnuje \u00faprav\u011b n\u00e1b\u0159e\u017e\u00ed Svratky a stavb\u011b protipovod\u0148ov\u00fdch opat\u0159en\u00ed. Projekt je moment\u00e1ln\u011b v \u017eiv\u00e9m procesu stavby, co\u017e uvid\u00edte na vlastn\u00ed o\u010di, pokud se na hru vyd\u00e1te.<\/p>    <\/div>\n<\/div>\n<\/div>\n\n<div class=\"lazyblock-cryptorace-two-cols-box-Z1L8HT wp-block-lazyblock-cryptorace-two-cols-box\"><div class=\"row mb-3\">\n    <div class=\"col col-md-6 col-lg-5 col-xxl-4 offset-lg-1 offset-xxl-2\">\n        <h2>Jak hra funguje?<\/h2>\n<p>V na\u0161\u00ed h\u0159e se vyd\u00e1te zjistit, jak bude vypadat n\u00e1b\u0159e\u017e\u00ed Svratky, a\u017e zde skon\u010d\u00ed stavebn\u00ed pr\u00e1ce. <strong>V t\u00fdmu o 2\u20135 hr\u00e1\u010d\u00edch&nbsp;<\/strong>b\u011bhem n\u00ed projdete kousek Brna. <strong>Na 4 stanovi\u0161t\u00edch<\/strong> se dozv\u00edte n\u011bco m\u00e1lo z toho, co v\u0161echno tento projekt obn\u00e1\u0161\u00ed. \u010cekaj\u00ed v\u00e1s <strong>\u0161ifry, logick\u00e9 \u00falohy a&nbsp;z\u00edsk\u00e1v\u00e1n\u00ed hesel<\/strong>.<\/p>\n<p>V\u017edy po zad\u00e1n\u00ed spr\u00e1vn\u00e9ho hesla do online hern\u00edho syst\u00e9mu se dozv\u00edte polohu dal\u0161\u00edho stanovi\u0161t\u011b. Ke h\u0159e tedy pot\u0159ebujete alespo\u0148 jeden <strong>telefon s p\u0159ipojen\u00edm k internetu<\/strong>.<\/p>\n<h2>Pro koho je hra ur\u010dena<\/h2>\n<p><!-- \/wp:heading --> <!-- wp:paragraph --><\/p>\n<p><strong>Hra je ur\u010dena pro 2\u20135\u010dlenn\u00e9 t\u00fdmy. Je vhodn\u00e1 jak pro t\u00fdmy hrav\u00fdch dosp\u011bl\u00fdch, tak pro rodiny s d\u011btmi.<\/strong> Naplno si ji u\u017eij\u00ed d\u011bti cca od 10 let, nicm\u00e9n\u011b \u0161ikovn\u00ed rodi\u010de, u\u010ditel\u00e9 \u010di odd\u00edlov\u00ed vedouc\u00ed zapoj\u00ed ur\u010dit\u011b i mlad\u0161\u00ed d\u011bti.<\/p>    <\/div>\n    <div class=\"col-12 col-md-6 col-lg-5 col-xxl-4\">\n        <div class=\"bg-box1 p-4 mb-3\">\n            <p><img loading=\"lazy\" decoding=\"async\" width=\"800\" height=\"680\" class=\"alignnone size-full wp-image-163 img-fluid\" src=\"https:\/\/trails.cryptomania.cz\/voda\/wp-content\/uploads\/sites\/49\/2024\/02\/voda-small.png\" alt=\"\" srcset=\"https:\/\/trails.cryptomania.cz\/voda\/wp-content\/uploads\/sites\/49\/2024\/02\/voda-small.png 800w, https:\/\/trails.cryptomania.cz\/voda\/wp-content\/uploads\/sites\/49\/2024\/02\/voda-small-300x255.png 300w, https:\/\/trails.cryptomania.cz\/voda\/wp-content\/uploads\/sites\/49\/2024\/02\/voda-small-768x653.png 768w\" sizes=\"auto, (max-width: 800px) 100vw, 800px\" \/><\/p>        <\/div>\n    <\/div>\n<\/div>\n<\/div>\n\n<div class=\"lazyblock-cryptorace-text-1F8F9w wp-block-lazyblock-cryptorace-text\"><div class=\"row\">\n    <div class=\"col col-md-7 col-lg-6 col-xxl-5 offset-lg-1 offset-xxl-2\">\n        <h2>Kde hra za\u010d\u00edn\u00e1?<\/h2>\n<p>Hra za\u010d\u00edn\u00e1 v parku vedle budovy Brn\u011bnsk\u00fdch komunikac\u00ed, adresa Rennesk\u00e1 t\u0159\u00edda 1a, Brno.<\/p>    <\/div>\n<\/div>\n<\/div>\n\n<div class=\"lazyblock-cryptorace-perex-Z2stt9v wp-block-lazyblock-cryptorace-perex\"><div class=\"row mb-4\">\n    <div class=\"col col-lg-10 col-xxl-8 offset-lg-1 offset-xxl-2 text-perex\">\n        <div style='position: relative;'><div title='49.1838314\u00b0N, 16.6020581\u00b0E' id='m18998' style='width: 100%; height: 400px;'><\/div><\/div><p class='text-end'><small><a href='https:\/\/mapy.cz\/turisticka?source=coor&id=16.6020581%2C49.1838314&ds=2&x=16.6020581&y=49.1838314&z=17' target='_blank'>Zobrazit na mapy.cz<\/a><\/small><\/p>    <\/div>\n<\/div>\n<\/div>\n\n<div class=\"lazyblock-cryptorace-text-Z23dsDD wp-block-lazyblock-cryptorace-text\"><div class=\"row\">\n    <div class=\"col col-md-7 col-lg-6 col-xxl-5 offset-lg-1 offset-xxl-2\">\n        <h2>Jak dlouho hra trv\u00e1?<\/h2>\n<p>Hra Z\u00e1hada vlnolamu obsahuje 4 stanovi\u0161t\u011b a m\u00e1 d\u00e9lku cca 1,6 km. Mysl\u00edme si, \u017ee hru je mo\u017en\u00e9 zvl\u00e1dnout do hodiny. Pokud v\u00e1s zaj\u00edm\u00e1, jak hru zvl\u00e1dly ostatn\u00ed t\u00fdmy, pod\u00edvejte se na jejich <a href=\"https:\/\/trails.cryptomania.cz\/voda\/vysledky-tymu\/\">v\u00fdsledky<\/a>.<\/p>    <\/div>\n<\/div>\n<\/div>\n\n<div class=\"lazyblock-cryptorace-two-cols-box-YICnd wp-block-lazyblock-cryptorace-two-cols-box\"><div class=\"row mb-3\">\n    <div class=\"col col-md-6 col-lg-5 col-xxl-4 offset-lg-1 offset-xxl-2\">\n        <h2>Co je ke h\u0159e pot\u0159eba?<\/h2>\n<ol>\n<li>P\u0159e\u010d\u00edst si <a href=\"https:\/\/trails.cryptomania.cz\/voda\/pravidla\/\">pravidla hry,<\/a><\/li>\n<li>m\u00edt&nbsp; v t\u00fdmu alespo\u0148 1 chytr\u00fd telefon s p\u0159ipojen\u00edm na internet,<\/li>\n<li>vz\u00edt si s sebou psac\u00ed pot\u0159eby a n\u016f\u017eky,<\/li>\n<li>vytisknout si hern\u00ed materi\u00e1ly (<em>p\u0159e\u010dt\u011bte si v r\u00e1me\u010dku jak\u00e9 a&nbsp;kde<\/em>),<\/li>\n<li><a href=\"https:\/\/trails.cryptomania.cz\/voda\/register\/\">zaregistrovat t\u00fdm <\/a>do hry.&nbsp;<\/li>\n<\/ol>    <\/div>\n    <div class=\"col-12 col-md-6 col-lg-5 col-xxl-4\">\n        <div class=\"bg-box1 p-4 mb-3\">\n            <h2>Kde z\u00edsk\u00e1te hern\u00ed materi\u00e1ly?<\/h2>\n<ul>\n<li><a href=\"https:\/\/trails.cryptomania.cz\/voda\/wp-content\/uploads\/sites\/49\/2022\/01\/brozura_kolo_4.pdf\" target=\"_blank\" rel=\"noopener\">St\u00e1hn\u011bte si je z tohoto odkazu<\/a> a <strong>vytiskn\u011bte<\/strong> p\u0159ed hrou. Hru asi zvl\u00e1dnete i s materi\u00e1ly jen v telefonu, ale vyti\u0161t\u011bn\u00e9 budou ur\u010dit\u011b p\u0159\u00edjemn\u011bj\u0161\u00ed.<\/li>\n<\/ul>\n<h2>Co obsahuj\u00ed?<\/h2>\n<ul>\n<li><strong>Hern\u00ed bro\u017euru<\/strong> s pravidly a podklady k jednotliv\u00fdm \u00fakol\u016fm. Jedn\u00e1 se o 2 A4.<\/li>\n<\/ul>        <\/div>\n    <\/div>\n<\/div>\n<\/div>\n\n<div class=\"lazyblock-cryptorace-text-1n6KF9 wp-block-lazyblock-cryptorace-text\"><div class=\"row\">\n    <div class=\"col col-md-7 col-lg-6 col-xxl-5 offset-lg-1 offset-xxl-2\">\n        <h2>Kdo hru vytvo\u0159il?<\/h2>\n<p>Origin\u00e1ln\u00ed \u0161ifrovac\u00ed hru pro v\u00e1s p\u0159ipravil Magistr\u00e1t m\u011bsta Brna v roce 2018 ve spolupr\u00e1ci s <a href=\"http:\/\/www.cryptomania.cz\">Cryptomania s.r.o.<\/a> v r\u00e1mci projektu \u201eBrno, co nen\u00ed\u201c.<\/p>\n<p>Pokud m\u00e1te ohledn\u011b hry n\u011bjak\u00e9 ot\u00e1zky, nev\u00e1hejte&nbsp;<a href=\"https:\/\/trails.cryptomania.cz\/voda\/kontakt\/\">n\u00e1s kontaktovat<\/a>.<\/p>\n<p>P\u0159ejeme p\u0159\u00edjemnou hru!<\/p>    <\/div>\n<\/div>\n<\/div>","protected":false},"excerpt":{"rendered":"","protected":false},"author":3,"featured_media":0,"parent":0,"menu_order":0,"comment_status":"closed","ping_status":"closed","template":"","meta":{"footnotes":""},"class_list":["post-65","page","type-page","status-publish","hentry"],"_links":{"self":[{"href":"https:\/\/trails.cryptomania.cz\/voda\/wp-json\/wp\/v2\/pages\/65","targetHints":{"allow":["GET"]}}],"collection":[{"href":"https:\/\/trails.cryptomania.cz\/voda\/wp-json\/wp\/v2\/pages"}],"about":[{"href":"https:\/\/trails.cryptomania.cz\/voda\/wp-json\/wp\/v2\/types\/page"}],"author":[{"embeddable":true,"href":"https:\/\/trails.cryptomania.cz\/voda\/wp-json\/wp\/v2\/users\/3"}],"replies":[{"embeddable":true,"href":"https:\/\/trails.cryptomania.cz\/voda\/wp-json\/wp\/v2\/comments?post=65"}],"version-history":[{"count":9,"href":"https:\/\/trails.cryptomania.cz\/voda\/wp-json\/wp\/v2\/pages\/65\/revisions"}],"predecessor-version":[{"id":165,"href":"https:\/\/trails.cryptomania.cz\/voda\/wp-json\/wp\/v2\/pages\/65\/revisions\/165"}],"wp:attachment":[{"href":"https:\/\/trails.cryptomania.cz\/voda\/wp-json\/wp\/v2\/media?parent=65"}],"curies":[{"name":"wp","href":"https:\/\/api.w.org\/{rel}","templated":true}]}}