{"id":14,"date":"2023-01-25T13:28:14","date_gmt":"2023-01-25T12:28:14","guid":{"rendered":"https:\/\/trails.cryptomania.cz\/uvody\/?page_id=14"},"modified":"2024-09-02T21:07:48","modified_gmt":"2024-09-02T19:07:48","slug":"kontakt","status":"publish","type":"page","link":"https:\/\/trails.cryptomania.cz\/uvody\/kontakt\/","title":{"rendered":"Kontakt"},"content":{"rendered":"<div class=\"row justify-content-center lazyblock-cryptomania-basic-column-Z1K6I8X wp-block-lazyblock-cryptomania-basic-column\">\n        <div class=\"col col-lg-10 col-xl-8 col-xxl-8\">\n            <div class=\"row\">\n                \n\n<p class=\"is-style-text-perex text-perex\">Hru pro v\u00e1s s l\u00e1skou p\u0159ipravili lid\u00e9 z <a href=\"https:\/\/www.praha7.cz\/\" data-type=\"link\" data-id=\"https:\/\/www.praha7.cz\/\" target=\"_blank\" rel=\"noreferrer noopener\">M\u010c Praha 7<\/a>\u00a0a\u00a0<a href=\"https:\/\/www.cryptomania.cz\">Cryptomania<\/a>.<\/p>\n\n\n\n<p class=\"is-style-text-perex text-perex\"><strong>Provozovatel hry<\/strong> v\u00e1m pom\u016f\u017ee s ot\u00e1zkami na otev\u00edrac\u00ed dobu m\u00edst pro v\u00fddej hern\u00edch materi\u00e1l\u016f \u010di pokud naraz\u00edte na chyb\u011bj\u00edc\u00ed hern\u00ed prvek (odvezli kostel, chyb\u00ed cedulka apod.). <strong>Auto\u0159i hry<\/strong> ocen\u00ed p\u0159ipom\u00ednky k \u0161ifr\u00e1m nebo&nbsp;zp\u011btnou vazbu ke h\u0159e.<\/p>\n\n\n            <\/div>\n        <\/div>\n    <\/div>\n\n<div class=\"lazyblock-cryptorace-contact-12FyIV wp-block-lazyblock-cryptorace-contact\"><div class=\"row mt-3 row justify-content-center\">\n    <div class=\"col-12 col-md-4 col-lg-4 col-xxl-3\">\n        <h2 class=\"mb-3\">Provozovatel hry<\/h2>\n        <ul>\n            <li><strong>MgA. Tereza Nov\u00e1kov\u00e1<\/strong><\/li>\n            <li><i class=\"fa-solid fa-phone-volume\"><\/i> &nbsp; <a\n                        href=\"tel:+420 220 144 107\">+420 220 144 107<\/a>\n            <\/li>\n            <li><i class=\"fa-regular fa-envelope\"><\/i> &nbsp; <a\n                        href=\"mailto:novakovat@praha7.cz\">novakovat@praha7.cz<\/a>\n            <\/li>\n        <\/ul>\n    <\/div>\n    <div class=\"col col-md-8 col-lg-6 col-xxl-5 text-center border-bottom pt-5\">\n        <img decoding=\"async\" src=\"https:\/\/trails.cryptomania.cz\/uvody\/wp-content\/uploads\/sites\/113\/2024\/09\/Snimek-obrazovky-2024-09-02-v-21.07.23.png\"\n                 alt=\"MgA. Tereza Nov\u00e1kov\u00e1\" title=\"MgA. Tereza Nov\u00e1kov\u00e1\"\n                 class=\"img-fluid\" style=\"max-height: 400px;\">\n    <\/div>\n<\/div>\n<\/div>\n\n<div class=\"lazyblock-cryptorace-text-Z2vylBh wp-block-lazyblock-cryptorace-text\"><div class=\"row\">\n    <div class=\"col col-md-7 col-lg-6 col-xxl-5 offset-lg-1 offset-xxl-2\">\n        <p>\u00a0 \u00a0<\/p>    <\/div>\n<\/div>\n<\/div>\n\n<div class=\"lazyblock-cryptorace-contact-Z2dtUVJ wp-block-lazyblock-cryptorace-contact\"><div class=\"row mt-3 row justify-content-center\">\n    <div class=\"col-12 col-md-4 col-lg-4 col-xxl-3\">\n        <h2 class=\"mb-3\">Auto\u0159i hry<\/h2>\n        <ul>\n            <li><strong>t\u00fdm Cryptomania<\/strong><\/li>\n            <li><i class=\"fa-solid fa-phone-volume\"><\/i> &nbsp; <a\n                        href=\"tel:+420 773 723 443\">+420 773 723 443<\/a>\n            <\/li>\n            <li><i class=\"fa-regular fa-envelope\"><\/i> &nbsp; <a\n                        href=\"mailto:hry@cryptomania.cz\">hry@cryptomania.cz<\/a>\n            <\/li>\n        <\/ul>\n    <\/div>\n    <div class=\"col col-md-8 col-lg-6 col-xxl-5 text-center border-bottom pt-5\">\n        <img decoding=\"async\" src=\"https:\/\/trails.cryptomania.cz\/uvody\/wp-content\/uploads\/sites\/113\/2024\/08\/cryptoteam.png\"\n                 alt=\"t\u00fdm Cryptomania\" title=\"t\u00fdm Cryptomania\"\n                 class=\"img-fluid\" style=\"max-height: 400px;\">\n    <\/div>\n<\/div>\n<\/div>","protected":false},"excerpt":{"rendered":"","protected":false},"author":1,"featured_media":0,"parent":0,"menu_order":0,"comment_status":"closed","ping_status":"closed","template":"","meta":{"footnotes":""},"class_list":["post-14","page","type-page","status-publish","hentry"],"_links":{"self":[{"href":"https:\/\/trails.cryptomania.cz\/uvody\/wp-json\/wp\/v2\/pages\/14","targetHints":{"allow":["GET"]}}],"collection":[{"href":"https:\/\/trails.cryptomania.cz\/uvody\/wp-json\/wp\/v2\/pages"}],"about":[{"href":"https:\/\/trails.cryptomania.cz\/uvody\/wp-json\/wp\/v2\/types\/page"}],"author":[{"embeddable":true,"href":"https:\/\/trails.cryptomania.cz\/uvody\/wp-json\/wp\/v2\/users\/1"}],"replies":[{"embeddable":true,"href":"https:\/\/trails.cryptomania.cz\/uvody\/wp-json\/wp\/v2\/comments?post=14"}],"version-history":[{"count":20,"href":"https:\/\/trails.cryptomania.cz\/uvody\/wp-json\/wp\/v2\/pages\/14\/revisions"}],"predecessor-version":[{"id":242,"href":"https:\/\/trails.cryptomania.cz\/uvody\/wp-json\/wp\/v2\/pages\/14\/revisions\/242"}],"wp:attachment":[{"href":"https:\/\/trails.cryptomania.cz\/uvody\/wp-json\/wp\/v2\/media?parent=14"}],"curies":[{"name":"wp","href":"https:\/\/api.w.org\/{rel}","templated":true}]}}