{"id":12,"date":"2023-01-25T13:28:02","date_gmt":"2023-01-25T12:28:02","guid":{"rendered":"https:\/\/trails.cryptomania.cz\/uvody\/?page_id=12"},"modified":"2024-09-03T10:31:24","modified_gmt":"2024-09-03T08:31:24","slug":"pravidla","status":"publish","type":"page","link":"https:\/\/trails.cryptomania.cz\/uvody\/pravidla\/","title":{"rendered":"Pravidla"},"content":{"rendered":"<div class=\"row justify-content-center lazyblock-cryptomania-basic-column-2u1d0E wp-block-lazyblock-cryptomania-basic-column\">\n        <div class=\"col col-lg-10 col-xl-8 col-xxl-8\">\n            <div class=\"row\">\n                \n\n<p class=\"is-style-text-perex text-perex\">Abyste si \u0161ifrovac\u00ed hru Zapomenut\u00e9 p\u0159\u00edb\u011bhy mohli u\u017e\u00edt, doporu\u010dujeme pe\u010dliv\u011b proj\u00edt n\u00e1sleduj\u00edc\u00ed pravidla. Nen\u00ed jich mnoho, ale jejich p\u0159e\u010dten\u00ed v\u00e1m pom\u016f\u017ee k lep\u0161\u00edmu hern\u00edmu z\u00e1\u017eitku.<\/p>\n\n\n            <\/div>\n        <\/div>\n    <\/div>\n\n<div class=\"row justify-content-center lazyblock-cryptomania-text-column-d5Bmg wp-block-lazyblock-cryptomania-text-column\">\n        <div class=\"col col-lg-10 col-xl-8 col-xxl-8\">\n            <div class=\"row\">\n                <div class=\"col-12 col-lg-8 text-bigger mb-3 mt-2\">\n                    \n\n<h2 class=\"wp-block-heading\">Nejd\u016fle\u017eit\u011bj\u0161\u00ed pravidla<\/h2>\n\n\n\n<ol class=\"wp-block-list\">\n<li>Hra je \u0159\u00edzena pomoc\u00ed online hern\u00edho syst\u00e9mu na t\u011bchto str\u00e1nk\u00e1ch.<\/li>\n\n\n\n<li>K p\u0159ihl\u00e1\u0161en\u00ed do hern\u00edho syst\u00e9mu je pot\u0159eba nejd\u0159\u00edve&nbsp;<a href=\"https:\/\/trails.cryptomania.cz\/uvody\/registrace\">zaregistrovat sv\u016fj t\u00fdm<\/a>. Pot\u0159ebujeme zn\u00e1t jen e-mail, na kter\u00fd v\u00e1m p\u0159ijdou p\u0159ihla\u0161ovac\u00ed \u00fadaje, a n\u011bjak\u00fd \u00fadern\u00fd n\u00e1zev va\u0161eho t\u00fdmu.&nbsp;<\/li>\n\n\n\n<li><strong>V hern\u00edm syst\u00e9mu najdete v\u0161echny d\u016fle\u017eit\u00e9 pokyny<\/strong> a tak\u00e9 do n\u011bj budete zad\u00e1vat v\u0161echna hesla, kter\u00e1 b\u011bhem hry z\u00edsk\u00e1te.<\/li>\n\n\n\n<li>Ke h\u0159e pot\u0159ebujete krom\u011b hern\u00edho syst\u00e9mu tak\u00e9&nbsp;<strong>nabit\u00fd chytr\u00fd telefon s p\u0159ipojen\u00edm k internetu, pap\u00edr a tu\u017eku<\/strong>.<\/li>\n\n\n\n<li>Hru lze odehr\u00e1t bu\u010f s <strong><a href=\"https:\/\/trails.cryptomania.cz\/uvody\/wp-content\/uploads\/sites\/113\/2024\/09\/2024_08_29_-_praha_7_-_herni_karta_-_opravena.pdf\">p\u0159edem vyti\u0161t\u011bnou hrac\u00ed kartou<\/a> (doporu\u010dujeme)<\/strong> nebo pouze s online hern\u00edm syst\u00e9mem. Druhou variantu doporu\u010dujeme zvolit pouze v p\u0159\u00edpad\u011b, \u017ee jste hru n\u00e1hodou objevili v parku a chcete si pr\u00e1v\u011b te\u010f zahr\u00e1t.<\/li>\n\n\n\n<li>Hra fyzicky za\u010d\u00edn\u00e1 v parku U Vody v Hole\u0161ovic\u00edch (Praha 7). M\u016f\u017eete za\u010d\u00edt na libovoln\u00e9m m\u00edst\u011b parku.<\/li>\n<\/ol>\n\n\n                <\/div>\n            <\/div>\n        <\/div>\n    <\/div>\n\n<div class=\"row justify-content-center lazyblock-cryptomania-basic-column-ZIVvlx wp-block-lazyblock-cryptomania-basic-column\">\n        <div class=\"col col-lg-10 col-xl-8 col-xxl-8\">\n            <div class=\"row\">\n                \n<div class=\"col-12 col-lg-6 lazyblock-cryptomania-half-column-1DEov7 wp-block-lazyblock-cryptomania-half-column\">\n                <div class=\"lazyblock-inner-blocks\">\n\n<h2 class=\"wp-block-heading pt-4\"><strong>Sch\u00e9ma hry<\/strong><\/h2>\n\n\n\n<ul class=\"wp-block-list\">\n<li>Na ka\u017ed\u00e9m stanovi\u0161ti na v\u00e1s \u010dek\u00e1 <strong>v\u017edy jeden \u00fakol<\/strong>.<\/li>\n\n\n\n<li>Hra obsahuje <strong>6 stanovi\u0161\u0165.<\/strong><\/li>\n\n\n\n<li>Stanovi\u0161t\u011b je mo\u017en\u00e9 je <strong>plnit v libovoln\u00e9m po\u0159ad\u00ed.<\/strong><\/li>\n<\/ul>\n\n<\/div>\n    <\/div>\n\n<div class=\"col-12 col-lg-6 lazyblock-cryptomania-half-column-ZDWxGp wp-block-lazyblock-cryptomania-half-column\">\n                <div class=\"lazyblock-inner-blocks\">\n<div class=\"bg-sidebox-light p-4 mb-3 rounded-4 lazyblock-cryptomania-gray-box-1umLI wp-block-lazyblock-cryptomania-gray-box\">\n                <div class=\"lazyblock-inner-blocks\">\n\n<h2 class=\"wp-block-heading\">Hern\u00ed karta<\/h2>\n\n\n\n<p class=\"\">Hern\u00ed karta je p\u0159ipravena k vyti\u0161t\u011bn\u00ed jako soubor .pdf na dv\u011b A4 (nebo jednu oboustrannou).<\/p>\n\n\n\n<ul class=\"wp-block-list\">\n<li><a href=\"https:\/\/trails.cryptomania.cz\/uvody\/wp-content\/uploads\/sites\/113\/2024\/09\/2024_08_29_-_praha_7_-_herni_karta_-_opravena.pdf\">Hern\u00ed karta na 2x A4 (barevn\u011b)<\/a><\/li>\n<\/ul>\n\n<\/div>\n    <\/div>\n<\/div>\n    <\/div>\n\n            <\/div>\n        <\/div>\n    <\/div>\n\n<div class=\"row justify-content-center lazyblock-cryptomania-text-column-Z9frIG wp-block-lazyblock-cryptomania-text-column\">\n        <div class=\"col col-lg-10 col-xl-8 col-xxl-8\">\n            <div class=\"row\">\n                <div class=\"col-12 col-lg-8 text-bigger mb-3 mt-2\">\n                    \n\n<h2 class=\"wp-block-heading\"><strong>Stanovi\u0161t\u011b<\/strong><\/h2>\n\n\n\n<ul class=\"wp-block-list\">\n<li>Za vy\u0159e\u0161en\u00ed stanovi\u0161\u0165 z\u00edsk\u00e1v\u00e1te body.<\/li>\n\n\n\n<li>Po\u010det z\u00edskan\u00fdch bod\u016f se li\u0161\u00ed podle toho, zda jste \u00fakol vy\u0159e\u0161ili bez pomoci, vzali si v hern\u00edm syst\u00e9mu n\u00e1pov\u011bdu \u010di \u0159e\u0161en\u00ed.\n<ul class=\"wp-block-list\">\n<li>Vy\u0159e\u0161en\u00ed \u00fakolu: <strong>zisk 10 bod\u016f.<\/strong><\/li>\n\n\n\n<li>N\u00e1pov\u011bda k p\u0159esunu: <strong>-2 body<\/strong> z 10.<\/li>\n\n\n\n<li>N\u00e1pov\u011bda k \u00fakolu: <strong>-5 bod\u016f<\/strong> z 10.<\/li>\n\n\n\n<li>P\u0159esko\u010den\u00ed \u00fakolu zobrazen\u00edm&nbsp;spr\u00e1vn\u00e9ho \u0159e\u0161en\u00ed: <strong>0 bod\u016f.<\/strong><\/li>\n<\/ul>\n<\/li>\n\n\n\n<li>\u00dakoly spolu navz\u00e1jem nesouvis\u00ed, ka\u017ed\u00fd je pot\u0159eba \u0159e\u0161it samostatn\u011b.<\/li>\n\n\n\n<li><strong>\u0158e\u0161en\u00edm \u00fakolu je ve v\u017edy jedno smyslupln\u00e9 slovo<\/strong> \u2013 v p\u0159\u00edpad\u011b, \u017ee v\u00e1m vyjde v\u011bta (nap\u0159. heslem je strom), zad\u00e1v\u00e1te jen slovo \u201estrom\u201c.<\/li>\n\n\n\n<li>Hern\u00ed syst\u00e9m ignoruje jak velikost p\u00edsmen v heslech, tak i p\u0159\u00edpadnou diakritiku.<\/li>\n\n\n\n<li>Pokud zad\u00e1te dv\u011b \u0161patn\u00e1 hesla po sob\u011b, dal\u0161\u00ed m\u016f\u017eete zadat a\u017e za 2 minuty.<\/li>\n\n\n\n<li>Ve h\u0159e pou\u017e\u00edv\u00e1me anglickou abecedu o 26 znac\u00edch (CH jsou 2 r\u016fzn\u00e1 p\u00edsmena).<\/li>\n\n\n\n<li>V\u011bt\u0161inu zad\u00e1n\u00ed z\u00edsk\u00e1te elektronicky v hern\u00edm syst\u00e9mu. N\u011bkter\u00e9 \u00fakoly v\u0161ak mohou vy\u017eadovat i pr\u00e1ci s hern\u00ed kartou. V takov\u00e9m p\u0159\u00edpad\u011b v\u00e1s v\u0161ak syst\u00e9m upozorn\u00ed. V\u0161e ostatn\u00ed, co pot\u0159ebujete k vy\u0159e\u0161en\u00ed \u00fakolu, najdete v bl\u00edzk\u00e9m okol\u00ed.<\/li>\n<\/ul>\n\n\n\n<h2 class=\"wp-block-heading\"><strong>P\u0159\u00edb\u011bh<\/strong><\/h2>\n\n\n\n<p class=\"\">P\u0159i p\u0159esunech a tak\u00e9 na jednotliv\u00fdch stanovi\u0161t\u00edch v\u00e1m bude syst\u00e9m po \u010d\u00e1stech odhalovat p\u0159\u00edb\u011bh hry.&nbsp;<strong>Text p\u0159\u00edb\u011bhu neobsahuje \u017e\u00e1dn\u00e9 \u0161ifry, ale informace z n\u011bj m\u016f\u017eete p\u0159i \u0159e\u0161en\u00ed jednotliv\u00fdch \u00fakol\u016f vyu\u017e\u00edt.<\/strong><\/p>\n\n\n\n<h2 class=\"wp-block-heading\"><strong>Fair Play<\/strong><\/h2>\n\n\n\n<p class=\"\">Neprozrazujte pros\u00edm \u0159e\u0161en\u00ed \u00fakol\u016f. Je t\u011b\u017ek\u00e9 m\u00edt radost z objevov\u00e1n\u00ed, kdy\u017e v\u00e1m n\u011bkdo \u0159ekne v\u00fdsledek. Z\u00e1rove\u0148 v\u00e1s pros\u00edme, abyste se ke v\u0161em hern\u00edm prvk\u016fm chovali ohledupln\u011b.<\/p>\n\n\n\n<p class=\"\">P\u0159ejeme p\u0159\u00edjemnou hru!<\/p>\n\n\n\n<p class=\"has-text-align-right\"><em>T\u00fdm Cryptomania a M\u010c Praha 7<\/em><\/p>\n\n\n                <\/div>\n            <\/div>\n        <\/div>\n    <\/div>","protected":false},"excerpt":{"rendered":"","protected":false},"author":1,"featured_media":0,"parent":0,"menu_order":0,"comment_status":"closed","ping_status":"closed","template":"","meta":{"footnotes":""},"class_list":["post-12","page","type-page","status-publish","hentry"],"_links":{"self":[{"href":"https:\/\/trails.cryptomania.cz\/uvody\/wp-json\/wp\/v2\/pages\/12","targetHints":{"allow":["GET"]}}],"collection":[{"href":"https:\/\/trails.cryptomania.cz\/uvody\/wp-json\/wp\/v2\/pages"}],"about":[{"href":"https:\/\/trails.cryptomania.cz\/uvody\/wp-json\/wp\/v2\/types\/page"}],"author":[{"embeddable":true,"href":"https:\/\/trails.cryptomania.cz\/uvody\/wp-json\/wp\/v2\/users\/1"}],"replies":[{"embeddable":true,"href":"https:\/\/trails.cryptomania.cz\/uvody\/wp-json\/wp\/v2\/comments?post=12"}],"version-history":[{"count":19,"href":"https:\/\/trails.cryptomania.cz\/uvody\/wp-json\/wp\/v2\/pages\/12\/revisions"}],"predecessor-version":[{"id":256,"href":"https:\/\/trails.cryptomania.cz\/uvody\/wp-json\/wp\/v2\/pages\/12\/revisions\/256"}],"wp:attachment":[{"href":"https:\/\/trails.cryptomania.cz\/uvody\/wp-json\/wp\/v2\/media?parent=12"}],"curies":[{"name":"wp","href":"https:\/\/api.w.org\/{rel}","templated":true}]}}