{"id":10,"date":"2023-01-25T13:27:54","date_gmt":"2023-01-25T12:27:54","guid":{"rendered":"https:\/\/trails.cryptomania.cz\/uvody\/?page_id=10"},"modified":"2024-09-03T10:32:34","modified_gmt":"2024-09-03T08:32:34","slug":"o-hre","status":"publish","type":"page","link":"https:\/\/trails.cryptomania.cz\/uvody\/o-hre\/","title":{"rendered":"O h\u0159e"},"content":{"rendered":"<div class=\"row justify-content-center lazyblock-cryptomania-basic-column-1A8p5d wp-block-lazyblock-cryptomania-basic-column\">\n        <div class=\"col col-lg-10 col-xl-8 col-xxl-8\">\n            <div class=\"row\">\n                \n\n<p class=\"is-style-text-perex text-perex\"><br>Vous\u00e1\u010d za\u010dal sv\u00e9 vypr\u00e1v\u011bn\u00ed t\u00edm, \u017ee opakoval p\u0159\u00edb\u011bhy lid\u00ed, kte\u0159\u00ed o&nbsp;posledn\u00edm v\u00edkendu nav\u0161t\u00edvili nov\u00fd park U&nbsp;Vody. A&nbsp;pak v\u0161e jednodu\u0161e shrnul: \u201eP\u0159em\u00fd\u0161lel jsem o&nbsp;tom cel\u00e9 odpoledne, v&nbsp;tom parku prost\u011b o\u017e\u00edvaj\u00ed p\u0159\u00edb\u011bhy a&nbsp;pov\u011bsti z&nbsp;jeho historie. To se n\u011bkdy st\u00e1v\u00e1. Zvl\u00e1\u0161\u0165 na m\u00edstech, kde dlouho nic nebylo a&nbsp;kde je te\u010f kone\u010dn\u011b m\u00edsto pro lidi. Na ty p\u0159\u00edb\u011bhy si nikdo nevzpomn\u011bl cel\u00e1 desetilet\u00ed nebo t\u0159eba i&nbsp;stalet\u00ed. A&nbsp;p\u0159\u00edb\u011bhy jsou jako mal\u00e9 d\u011bti \u2013 kdy\u017e se jim nev\u011bnujete, za\u010dnou k\u0159i\u010det. A&nbsp;k\u0159i\u010d\u00ed tak dlouho, dokud si je n\u011bkdo neposlechne.\u201c Budete to pr\u00e1v\u011b vy, kdo si vyslechne zapomenut\u00e9 p\u0159\u00edb\u011bhy Hole\u0161ovic? <\/p>\n\n\n<div class=\"col-12 col-lg-6 lazyblock-cryptomania-half-column-ZGlUKE wp-block-lazyblock-cryptomania-half-column\">\n                <div class=\"lazyblock-inner-blocks\">\n\n<h2 class=\"wp-block-heading pt-4\">Jak hra funguje?<\/h2>\n\n\n\n<p class=\"\">V na\u0161\u00ed h\u0159e se <strong>dozv\u00edte n\u011bco v\u00edce o&nbsp;m\u00edst\u011b, kde se nyn\u00ed nach\u00e1z\u00ed nov\u00fd park U Vody<\/strong>.&nbsp;<strong>V&nbsp;t\u00fdmu o&nbsp;2\u20135 hr\u00e1\u010d\u00edch&nbsp;<\/strong>b\u011bhem n\u00ed projdete cel\u00fd park pod mostem Barik\u00e1dn\u00edk\u016f. <strong>Na 6&nbsp;stanovi\u0161t\u00edch<\/strong> se dozv\u00edte n\u011bco m\u00e1lo z&nbsp;historie Hole\u0161ovic a&nbsp;tak\u00e9 p\u00e1r zaj\u00edmavost\u00ed a&nbsp;zapomenut\u00fdch p\u0159\u00edb\u011bh\u016f, kter\u00e9 se mo\u017en\u00e1 staly a&nbsp;mo\u017en\u00e1 ne. Kdov\u00ed. \u010cekaj\u00ed v\u00e1s <strong>\u0161ifry, logick\u00e9 \u00falohy a&nbsp;z\u00edsk\u00e1v\u00e1n\u00ed hesel<\/strong>.<\/p>\n\n\n\n<p class=\"\">V\u017edy po zad\u00e1n\u00ed spr\u00e1vn\u00e9ho hesla do online hern\u00edho syst\u00e9mu se dozv\u00edte polohu dal\u0161\u00edho stanovi\u0161t\u011b. Ke h\u0159e tedy pot\u0159ebujete alespo\u0148 jeden <strong>telefon s&nbsp;p\u0159ipojen\u00edm k internetu<\/strong>.<\/p>\n\n\n\n<h2 class=\"wp-block-heading\">Pro koho je ur\u010dena?<\/h2>\n\n\n\n<p class=\"\"><strong>Hra je ur\u010dena pro 2\u20135\u010dlenn\u00e9 t\u00fdmy. Je vhodn\u00e1 jak pro t\u00fdmy hrav\u00fdch dosp\u011bl\u00fdch, tak pro rodiny s&nbsp;d\u011btmi.<\/strong>&nbsp;Naplno si ji u\u017eij\u00ed d\u011bti cca od 10 let, nicm\u00e9n\u011b \u0161ikovn\u00ed rodi\u010de, u\u010ditel\u00e9 \u010di odd\u00edlov\u00ed vedouc\u00ed zapoj\u00ed ur\u010dit\u011b i&nbsp;mlad\u0161\u00ed d\u011bti.<\/p>\n\n\n\n<p class=\"\">V p\u0159\u00edpad\u011b, \u017ee hru bude hr\u00e1t t\u00fdm d\u011bt\u00ed bez dosp\u011bl\u00fdch, doporu\u010dujeme ji d\u011btem asi od 14 let.&nbsp;<\/p>\n\n<\/div>\n    <\/div>\n\n<div class=\"col-12 col-lg-6 lazyblock-cryptomania-half-column-Z18wJgr wp-block-lazyblock-cryptomania-half-column\">\n                <div class=\"lazyblock-inner-blocks\">\n<div class=\"bg-sidebox-light p-4 mb-3 rounded-4 lazyblock-cryptomania-gray-box-Z2aaoNp wp-block-lazyblock-cryptomania-gray-box\">\n                <div class=\"lazyblock-inner-blocks\">\n\n<figure class=\"wp-block-image size-large\"><img loading=\"lazy\" decoding=\"async\" width=\"1024\" height=\"870\" src=\"https:\/\/trails.cryptomania.cz\/uvody\/wp-content\/uploads\/sites\/113\/2024\/09\/Herni-materialy-Park-u-Vody-1024x870.png\" alt=\"\" class=\"wp-image-252\" srcset=\"https:\/\/trails.cryptomania.cz\/uvody\/wp-content\/uploads\/sites\/113\/2024\/09\/Herni-materialy-Park-u-Vody-1024x870.png 1024w, https:\/\/trails.cryptomania.cz\/uvody\/wp-content\/uploads\/sites\/113\/2024\/09\/Herni-materialy-Park-u-Vody-300x255.png 300w, https:\/\/trails.cryptomania.cz\/uvody\/wp-content\/uploads\/sites\/113\/2024\/09\/Herni-materialy-Park-u-Vody-768x652.png 768w, https:\/\/trails.cryptomania.cz\/uvody\/wp-content\/uploads\/sites\/113\/2024\/09\/Herni-materialy-Park-u-Vody.png 1210w\" sizes=\"auto, (max-width: 1024px) 100vw, 1024px\" \/><\/figure>\n\n<\/div>\n    <\/div>\n<\/div>\n    <\/div>\n\n            <\/div>\n        <\/div>\n    <\/div>\n\n<div class=\"row justify-content-center lazyblock-cryptomania-text-column-ZJgdFF wp-block-lazyblock-cryptomania-text-column\">\n        <div class=\"col col-lg-10 col-xl-8 col-xxl-8\">\n            <div class=\"row\">\n                <div class=\"col-12 col-lg-8 text-bigger mb-3 mt-2\">\n                    \n\n<h2 class=\"wp-block-heading\">Kde hra za\u010d\u00edn\u00e1?<\/h2>\n\n\n\n<p class=\"\">Hra za\u010d\u00edn\u00e1 v&nbsp;parku U&nbsp;Vody v&nbsp;Hole\u0161ovic\u00edch (Praha 7).<\/p>\n\n\n                <\/div>\n            <\/div>\n        <\/div>\n    <\/div>\n\n<div class=\"row justify-content-center lazyblock-cryptomania-basic-column-2piFMf wp-block-lazyblock-cryptomania-basic-column\">\n        <div class=\"col col-lg-10 col-xl-8 col-xxl-8\">\n            <div class=\"row\">\n                \n<div style='position: relative;'><div title='50.1121531N, 14.4472442E' id='m11247' style='width: 100%; height: 400px;'><\/div><\/div><p class='text-end'><small><a href='https:\/\/mapy.cz\/turisticka?source=coor&id=14.4472442%2C50.1121531&ds=2&x=14.4472442&y=50.1121531&z=17' target='_blank'>Zobrazit na mapy.cz<\/a><\/small><\/p>\n\n\n            <\/div>\n        <\/div>\n    <\/div>\n\n<div class=\"row justify-content-center lazyblock-cryptomania-text-column-VJIIU wp-block-lazyblock-cryptomania-text-column\">\n        <div class=\"col col-lg-10 col-xl-8 col-xxl-8\">\n            <div class=\"row\">\n                <div class=\"col-12 col-lg-8 text-bigger mb-3 mt-2\">\n                    \n\n<h2 class=\"wp-block-heading\">Jak dlouho hra trv\u00e1?<\/h2>\n\n\n\n<p class=\"\">Hra Zapomenut\u00e9 p\u0159\u00edb\u011bhy obsahuje 7 stanovi\u0161\u0165&nbsp; a m\u00e1 d\u00e9lku cca 1 km. Mysl\u00edme si, \u017ee hru je mo\u017en\u00e9 zvl\u00e1dnout za dv\u011b hodiny. Pokud v\u00e1s zaj\u00edm\u00e1, jak hru zvl\u00e1dly ostatn\u00ed t\u00fdmy, pod\u00edvejte se na jejich <a href=\"https:\/\/trails.cryptomania.cz\/uvody\/vysledky-tymu\/\">v\u00fdsledky<\/a>.<\/p>\n\n\n                <\/div>\n            <\/div>\n        <\/div>\n    <\/div>\n\n<div class=\"row justify-content-center lazyblock-cryptomania-basic-column-Z299r4E wp-block-lazyblock-cryptomania-basic-column\">\n        <div class=\"col col-lg-10 col-xl-8 col-xxl-8\">\n            <div class=\"row\">\n                \n<div class=\"col-12 col-lg-6 lazyblock-cryptomania-half-column-Z1tvbJY wp-block-lazyblock-cryptomania-half-column\">\n                <div class=\"lazyblock-inner-blocks\">\n\n<h2 class=\"wp-block-heading pt-4\">Co je ke h\u0159e pot\u0159eba?<\/h2>\n\n\n\n<ol class=\"wp-block-list\">\n<li>P\u0159e\u010d\u00edst si <a href=\"https:\/\/trails.cryptomania.cz\/uvody\/pravidla\/\">pravidla hry,<\/a><\/li>\n\n\n\n<li>m\u00edt v t\u00fdmu alespo\u0148 1 chytr\u00fd telefon s p\u0159ipojen\u00edm na internet,<\/li>\n\n\n\n<li>vz\u00edt si s sebou psac\u00ed pot\u0159eby,<\/li>\n\n\n\n<li>vytisknout si hern\u00ed kartu (<em>p\u0159e\u010dt\u011bte si v r\u00e1me\u010dku jak<\/em>),<\/li>\n\n\n\n<li><a href=\"https:\/\/trails.cryptomania.cz\/uvody\/registrace\/\">zaregistrovat t\u00fdm <\/a>do hry.<\/li>\n<\/ol>\n\n<\/div>\n    <\/div>\n\n<div class=\"col-12 col-lg-6 lazyblock-cryptomania-half-column-Z1bJasx wp-block-lazyblock-cryptomania-half-column\">\n                <div class=\"lazyblock-inner-blocks\">\n<div class=\"bg-sidebox-light p-4 mb-3 rounded-4 lazyblock-cryptomania-gray-box-Z21ydN1 wp-block-lazyblock-cryptomania-gray-box\">\n                <div class=\"lazyblock-inner-blocks\">\n\n<h2 class=\"wp-block-heading\">Jak vytisknout hern\u00ed kartu?<\/h2>\n\n\n\n<ul class=\"wp-block-list\">\n<li><a href=\"https:\/\/trails.cryptomania.cz\/uvody\/wp-content\/uploads\/sites\/113\/2024\/09\/2024_08_29_-_praha_7_-_herni_karta_-_opravena.pdf\">Hern\u00ed karta na 2x A4 (barevn\u011b)<\/a><\/li>\n<\/ul>\n\n<\/div>\n    <\/div>\n<\/div>\n    <\/div>\n\n            <\/div>\n        <\/div>\n    <\/div>\n\n<div class=\"row justify-content-center lazyblock-cryptomania-text-column-Z2s7Trb wp-block-lazyblock-cryptomania-text-column\">\n        <div class=\"col col-lg-10 col-xl-8 col-xxl-8\">\n            <div class=\"row\">\n                <div class=\"col-12 col-lg-8 text-bigger mb-3 mt-2\">\n                    \n\n<h2 class=\"wp-block-heading\">Kdo hru vytvo\u0159il?<\/h2>\n\n\n\n<p class=\"\">Origin\u00e1ln\u00ed \u0161ifrovac\u00ed hru pro v\u00e1s p\u0159ipravila <a href=\"https:\/\/www.praha7.cz\/\" target=\"_blank\" rel=\"noreferrer noopener\">M\u010c Praha 7<\/a> ve spolupr\u00e1ci s <a href=\"https:\/\/www.cryptomania.cz\/\">Cryptomania s.r.o.<\/a><\/p>\n\n\n\n<p class=\"\">Pokud m\u00e1te ohledn\u011b hry n\u011bjak\u00e9 ot\u00e1zky, nev\u00e1hejte <a href=\"https:\/\/trails.cryptomania.cz\/uvody\/kontakt\/\">n\u00e1s kontaktovat<\/a>.<\/p>\n\n\n\n<p class=\"\">P\u0159ejeme p\u0159\u00edjemnou hru!<\/p>\n\n\n                <\/div>\n            <\/div>\n        <\/div>\n    <\/div>\n\n\n<h2 class=\"wp-block-heading\"><\/h2>\n","protected":false},"excerpt":{"rendered":"","protected":false},"author":1,"featured_media":0,"parent":0,"menu_order":0,"comment_status":"closed","ping_status":"closed","template":"","meta":{"footnotes":""},"class_list":["post-10","page","type-page","status-publish","hentry"],"_links":{"self":[{"href":"https:\/\/trails.cryptomania.cz\/uvody\/wp-json\/wp\/v2\/pages\/10","targetHints":{"allow":["GET"]}}],"collection":[{"href":"https:\/\/trails.cryptomania.cz\/uvody\/wp-json\/wp\/v2\/pages"}],"about":[{"href":"https:\/\/trails.cryptomania.cz\/uvody\/wp-json\/wp\/v2\/types\/page"}],"author":[{"embeddable":true,"href":"https:\/\/trails.cryptomania.cz\/uvody\/wp-json\/wp\/v2\/users\/1"}],"replies":[{"embeddable":true,"href":"https:\/\/trails.cryptomania.cz\/uvody\/wp-json\/wp\/v2\/comments?post=10"}],"version-history":[{"count":45,"href":"https:\/\/trails.cryptomania.cz\/uvody\/wp-json\/wp\/v2\/pages\/10\/revisions"}],"predecessor-version":[{"id":258,"href":"https:\/\/trails.cryptomania.cz\/uvody\/wp-json\/wp\/v2\/pages\/10\/revisions\/258"}],"wp:attachment":[{"href":"https:\/\/trails.cryptomania.cz\/uvody\/wp-json\/wp\/v2\/media?parent=10"}],"curies":[{"name":"wp","href":"https:\/\/api.w.org\/{rel}","templated":true}]}}