{"id":3,"date":"2016-04-18T12:46:24","date_gmt":"2016-04-18T11:46:24","guid":{"rendered":"http:\/\/trails.cryptomania.cz\/tmavomodry\/front\/"},"modified":"2020-09-16T13:37:22","modified_gmt":"2020-09-16T11:37:22","slug":"tmavomodre-dobrodruzstvi","status":"publish","type":"page","link":"https:\/\/trails.cryptomania.cz\/tmavomodry\/","title":{"rendered":"Tmavomodr\u00e9 dobrodru\u017estv\u00ed"},"content":{"rendered":"","protected":false},"excerpt":{"rendered":"","protected":false},"author":1,"featured_media":0,"parent":0,"menu_order":0,"comment_status":"closed","ping_status":"closed","template":"template-parts\/page-login.php","meta":{"footnotes":""},"class_list":["post-3","page","type-page","status-publish","hentry"],"_links":{"self":[{"href":"https:\/\/trails.cryptomania.cz\/tmavomodry\/wp-json\/wp\/v2\/pages\/3","targetHints":{"allow":["GET"]}}],"collection":[{"href":"https:\/\/trails.cryptomania.cz\/tmavomodry\/wp-json\/wp\/v2\/pages"}],"about":[{"href":"https:\/\/trails.cryptomania.cz\/tmavomodry\/wp-json\/wp\/v2\/types\/page"}],"author":[{"embeddable":true,"href":"https:\/\/trails.cryptomania.cz\/tmavomodry\/wp-json\/wp\/v2\/users\/1"}],"replies":[{"embeddable":true,"href":"https:\/\/trails.cryptomania.cz\/tmavomodry\/wp-json\/wp\/v2\/comments?post=3"}],"version-history":[{"count":1,"href":"https:\/\/trails.cryptomania.cz\/tmavomodry\/wp-json\/wp\/v2\/pages\/3\/revisions"}],"predecessor-version":[{"id":33,"href":"https:\/\/trails.cryptomania.cz\/tmavomodry\/wp-json\/wp\/v2\/pages\/3\/revisions\/33"}],"wp:attachment":[{"href":"https:\/\/trails.cryptomania.cz\/tmavomodry\/wp-json\/wp\/v2\/media?parent=3"}],"curies":[{"name":"wp","href":"https:\/\/api.w.org\/{rel}","templated":true}]}}