{"id":35,"date":"2022-04-22T15:44:02","date_gmt":"2022-04-22T13:44:02","guid":{"rendered":"https:\/\/trails.cryptomania.cz\/mendel\/?page_id=35"},"modified":"2022-06-27T16:51:12","modified_gmt":"2022-06-27T14:51:12","slug":"pravidla","status":"publish","type":"page","link":"https:\/\/trails.cryptomania.cz\/tajemny-denik\/pravidla\/","title":{"rendered":"Pravidla hry"},"content":{"rendered":"<div class=\"lazyblock-cryptorace-perex-ldVEe wp-block-lazyblock-cryptorace-perex\"><div class=\"row mb-4\">\n    <div class=\"col col-lg-10 col-xxl-8 offset-lg-1 offset-xxl-2 text-perex\">\n        <p>Abyste si \u0161ifrovac\u00ed hru Tajemn\u00fd den\u00edk mohli u\u017e\u00edt, doporu\u010dujeme pe\u010dliv\u011b proj\u00edt n\u00e1sleduj\u00edc\u00ed pravidla. Nen\u00ed jich mnoho, ale jejich dodr\u017een\u00edm si hru jist\u011b v\u00edce u\u017eijete.<\/p>    <\/div>\n<\/div>\n<\/div>\n\n<div class=\"lazyblock-cryptorace-text-Z6tgyr wp-block-lazyblock-cryptorace-text\"><div class=\"row\">\n    <div class=\"col col-md-7 col-lg-6 col-xxl-5 offset-lg-1 offset-xxl-2\">\n        <h2>Nejd\u016fle\u017eit\u011bj\u0161\u00ed pravidla<\/h2>\n<ol>\n<li>Hra je \u0159\u00edzena pomoc\u00ed hern\u00edho syst\u00e9mu na t\u011bchto str\u00e1nk\u00e1ch.<\/li>\n<li>K p\u0159ihl\u00e1\u0161en\u00ed do hern\u00edho syst\u00e9mu je pot\u0159eba nejd\u0159\u00edve zaregistrovat sv\u016fj t\u00fdm.<\/li>\n<li>V hern\u00edm syst\u00e9mu najdete podrobn\u00e9 pokyny ke h\u0159e, polohu jednotliv\u00fdch \u00fakol\u016f a dal\u0161\u00ed pot\u0159ebn\u00e9 informace. Tak\u00e9 do n\u011bj budete zad\u00e1vat v\u0161echna hesla, kter\u00e1 b\u011bhem hry z\u00edsk\u00e1te.<\/li>\n<li>Ke h\u0159e pot\u0159ebujete krom\u011b hern\u00edho syst\u00e9mu tak\u00e9 Detektivn\u00ed den\u00edk (kter\u00fd z\u00edsk\u00e1te v Z\u00e1\u017eitkov\u00e9m zoobuse), tu\u017eku a nabit\u00fd chytr\u00fd telefon s p\u0159ipojen\u00edm k internetu.<\/li>\n<li>Hra fyzicky prob\u00edh\u00e1 v are\u00e1lu brn\u011bnsk\u00e9 zoo.<\/li>\n<\/ol>\n<h2>Stanovi\u0161t\u011b<\/h2>\n<ul>\n<li>\u010cek\u00e1 na v\u00e1s 5 \u00fakol\u016f a 1 z\u00e1v\u011bre\u010dn\u00e9 stanovi\u0161t\u011b.<\/li>\n<li>\u00dakoly m\u016f\u017eete \u0159e\u0161it v libovoln\u00e9m po\u0159ad\u00ed.<\/li>\n<li>Z\u00e1v\u011bre\u010dn\u00e9 stanovi\u0161t\u011b se zobraz\u00ed po vy\u0159e\u0161en\u00ed v\u0161ech 5 \u00fakol\u016f.<\/li>\n<\/ul>\n<h2>\u0158e\u0161en\u00ed \u00fakol\u016f<\/h2>\n<ul>\n<li>\u0158e\u0161en\u00edm \u00fakol\u016f m\u016f\u017ee b\u00fdt slovo \u010di kr\u00e1tk\u00e1 v\u011bta. Pro \u00fasp\u011b\u0161n\u00e9 absolvov\u00e1n\u00ed stanovi\u0161t\u011b pot\u0159ebujete do hern\u00edho syst\u00e9mu zadat heslo (\u0159e\u0161en\u00ed \u010di jeho \u010d\u00e1st, pokyny v\u017edy najdete v syst\u00e9mu).<\/li>\n<li>Hern\u00ed syst\u00e9m ignoruje u hesel velikost p\u00edsmen i diakritiku.<\/li>\n<\/ul>\n<h2>P\u0159\u00edb\u011bh<\/h2>\n<p>U jednotliv\u00fdch \u00fakol\u016f v\u00e1m hern\u00ed syst\u00e9m bude odhalovat p\u0159\u00edb\u011bh. V textu nemus\u00edte hledat \u017e\u00e1dn\u00e9 \u00fakoly, ale informace z n\u011bj se mohou dost hodit.<\/p>\n<h2>Fair play<\/h2>\n<p>Dejte prostor pro \u0159e\u0161en\u00ed i sv\u00e9mu d\u00edt\u011bti, bu\u010fte trp\u011bliv\u00ed a zkuste ho nav\u00e1d\u011bt, a\u0165 \u0159e\u0161en\u00ed najde samo. U\u017eije si tak hru v\u00edce, ne\u017e kdy\u017e mu \u0159eknete hotov\u00fd v\u00fdsledek. Neprozrazujte pros\u00edm \u0159e\u0161en\u00ed \u00fakol\u016f, je t\u011b\u017ek\u00e9 si hru u\u017e\u00edt, pokud zn\u00e1te dop\u0159edu \u0159e\u0161en\u00ed.<\/p>    <\/div>\n<\/div>\n<\/div>","protected":false},"excerpt":{"rendered":"","protected":false},"author":1,"featured_media":0,"parent":0,"menu_order":0,"comment_status":"closed","ping_status":"closed","template":"","meta":{"footnotes":""},"class_list":["post-35","page","type-page","status-publish","hentry"],"_links":{"self":[{"href":"https:\/\/trails.cryptomania.cz\/tajemny-denik\/wp-json\/wp\/v2\/pages\/35","targetHints":{"allow":["GET"]}}],"collection":[{"href":"https:\/\/trails.cryptomania.cz\/tajemny-denik\/wp-json\/wp\/v2\/pages"}],"about":[{"href":"https:\/\/trails.cryptomania.cz\/tajemny-denik\/wp-json\/wp\/v2\/types\/page"}],"author":[{"embeddable":true,"href":"https:\/\/trails.cryptomania.cz\/tajemny-denik\/wp-json\/wp\/v2\/users\/1"}],"replies":[{"embeddable":true,"href":"https:\/\/trails.cryptomania.cz\/tajemny-denik\/wp-json\/wp\/v2\/comments?post=35"}],"version-history":[{"count":11,"href":"https:\/\/trails.cryptomania.cz\/tajemny-denik\/wp-json\/wp\/v2\/pages\/35\/revisions"}],"predecessor-version":[{"id":153,"href":"https:\/\/trails.cryptomania.cz\/tajemny-denik\/wp-json\/wp\/v2\/pages\/35\/revisions\/153"}],"wp:attachment":[{"href":"https:\/\/trails.cryptomania.cz\/tajemny-denik\/wp-json\/wp\/v2\/media?parent=35"}],"curies":[{"name":"wp","href":"https:\/\/api.w.org\/{rel}","templated":true}]}}