{"id":33,"date":"2022-04-22T15:43:55","date_gmt":"2022-04-22T13:43:55","guid":{"rendered":"https:\/\/trails.cryptomania.cz\/mendel\/?page_id=33"},"modified":"2022-06-27T16:51:38","modified_gmt":"2022-06-27T14:51:38","slug":"o-hre","status":"publish","type":"page","link":"https:\/\/trails.cryptomania.cz\/tajemny-denik\/o-hre\/","title":{"rendered":"O h\u0159e"},"content":{"rendered":"<div class=\"lazyblock-cryptorace-perex-ZvncgT wp-block-lazyblock-cryptorace-perex\"><div class=\"row mb-4\">\n    <div class=\"col col-lg-10 col-xxl-8 offset-lg-1 offset-xxl-2 text-perex\">\n        <p>Zabra\u0148 konci civilizace, nastup do z\u00e1\u017eitkov\u00e9ho zoo busu a zjisti, co m\u00e1 spole\u010dn\u00e9ho hr\u00e1\u0161ek, lachtan a cestov\u00e1n\u00ed \u010dasem. Brn\u011bnsk\u00e1 zoologick\u00e1 zahrada p\u0159ipravila na toto l\u00e9to novinku v podob\u011b z\u00e1bavn\u00e9 interaktivn\u00ed hry.<\/p>    <\/div>\n<\/div>\n<\/div>\n\n<div class=\"lazyblock-cryptorace-text-2mTmR1 wp-block-lazyblock-cryptorace-text\"><div class=\"row\">\n    <div class=\"col col-md-7 col-lg-6 col-xxl-5 offset-lg-1 offset-xxl-2\">\n        <p><strong>Tajemn\u00fd den\u00edk<\/strong> je t\u00fdmov\u00e1 \u0161ifrovac\u00ed hra v brn\u011bnsk\u00e9 zoo navazuj\u00edc\u00ed na <a href=\"https:\/\/www.zoobrno.cz\/pro-navstevniky\/zazitkovy-zoo-bus\">Z\u00e1\u017eitkov\u00fd bus<\/a>. J\u00edzda speci\u00e1ln\u00edm autobusem a n\u00e1v\u0161t\u011bva Zoo Brno se tak prom\u011bn\u00ed v nap\u00ednavou a vtipnou detektivku, p\u00e1traj\u00edc\u00ed po hlub\u0161\u00edch z\u00e1konech p\u0159\u00edrody. Inspirac\u00ed pro cel\u00fd z\u00e1\u017eitek je osobnost G. J. Mendela. Jeho zv\u00eddavost, schopnost pozorovat v\u011bci kolem sebe a d\u00e1vat je do souvislost\u00ed.<\/p>\n<h2>Co je to \u0161ifrovac\u00ed hra?<\/h2>\n<p>Hra, kdy proch\u00e1z\u00edte p\u0159edem p\u0159ipravenou trasou, na kter\u00e9 lu\u0161t\u00edte \u0161ifry, \u0159e\u0161\u00edte logick\u00e9 \u00fakoly a z\u00edsk\u00e1v\u00e1te hesla.<\/p>\n<h2>Pro koho je hra ur\u010dena<\/h2>\n<p><strong>Hra je ur\u010dena pro 2 \u010dlenn\u00e9 t\u00fdmy (<em>dosp\u011bl\u00fd a d\u00edt\u011b ve v\u011bku od 7 do 14 let<\/em>)<\/strong>. Hru si ale mohou u\u017eit i dvojice hrav\u00fdch dosp\u011bl\u00fdch.<\/p>\n<h2>Jak dlouho hra trv\u00e1?<\/h2>\n<ul>\n<li>\u010cek\u00e1 na v\u00e1s 5 \u00fakol\u016f a 1 z\u00e1v\u011bre\u010dn\u00e9 stanovi\u0161t\u011b.<\/li>\n<li>Mysl\u00edme si, \u017ee hru je mo\u017en\u00e9 pohodln\u011b zvl\u00e1dnout do dvou hodin.<\/li>\n<\/ul>\n<h2>Kde hra za\u010d\u00edn\u00e1?<\/h2>\n<ul>\n<li>Z\u00e1\u017eitkov\u00fd zoo bus vyj\u00ed\u017ed\u00ed z brn\u011bnsk\u00e9ho Svobo\u010f\u00e1ku ka\u017ed\u00fd pr\u00e1zdninov\u00fd den, <a href=\"https:\/\/zoobrno.reenio.cz\/cs\/#\/service\/zazitkovy-zoo-bus-22101\/2022-06-16;viewMode=day\" target=\"_blank\" rel=\"noopener\">j\u00edzdenku si ale kupte dop\u0159edu<\/a> a plat\u00ed \u2013 kdo d\u0159\u00edv p\u0159ijde, ten d\u0159\u00edv jede.<\/li>\n<li>\u0160ifrovac\u00ed \u010d\u00e1st z\u00e1\u017eitkov\u00e9 akce (a tedy hra samotn\u00e1) za\u010d\u00edn\u00e1 u spr\u00e1vn\u00ed budovy v Zoo Brno. <strong>Hra je ned\u011blitelnou sou\u010d\u00e1st\u00ed z\u00e1\u017eitkov\u00e9 akce.<\/strong><\/li>\n<\/ul>\n<h2>Co pot\u0159ebuji ke h\u0159e?<\/h2>\n<ol>\n<li>Detektivn\u00ed den\u00edk, kter\u00fd dostanete v Z\u00e1\u017eitkov\u00e9m autobuse,<\/li>\n<li><a href=\"https:\/\/trails.cryptomania.cz\/tajemny-denik\/registrace-tymu\/\">zaregistrovan\u00fd t\u00fdm,<\/a><\/li>\n<li>1 chytr\u00fd telefon (nabit\u00fd) s p\u0159ipojen\u00edm na internet,<\/li>\n<li>tu\u017eku,<\/li>\n<li>dv\u011b hodiny va\u0161eho \u010dasu. A to je v\u0161e!<\/li>\n<\/ol>\n<h2>Kdo za hrou stoj\u00ed?<\/h2>\n<p>Origin\u00e1ln\u00ed \u0161ifrovac\u00ed hru pro v\u00e1s p\u0159ipravila Zoo Brno a\u00a0stanice z\u00e1jmov\u00fdch \u010dinnost\u00ed, p\u0159\u00edsp\u011bvkov\u00e1 organizace a Cryptomania s.r.o. ve spolupr\u00e1ci s Adamem Vodi\u010dkou a jeho t\u00fdmem.<\/p>\n<p>Pokud se chcete na n\u011bco ohledn\u011b hry zeptat \u010di n\u00e1m n\u011bco napsat \u2013 nev\u00e1hejte. Koukn\u011bte na str\u00e1nku kontakt \u2013 najdete tam informaci o tom, kdo m\u00e1 tuto hru na starost.<\/p>\n<p style=\"text-align: right;\"><em>P\u0159ejeme p\u0159\u00edjemnou hru!<br \/><\/em><em>Auto\u0159i hry<\/em><\/p>    <\/div>\n<\/div>\n<\/div>","protected":false},"excerpt":{"rendered":"","protected":false},"author":1,"featured_media":0,"parent":0,"menu_order":0,"comment_status":"closed","ping_status":"closed","template":"","meta":{"footnotes":""},"class_list":["post-33","page","type-page","status-publish","hentry"],"_links":{"self":[{"href":"https:\/\/trails.cryptomania.cz\/tajemny-denik\/wp-json\/wp\/v2\/pages\/33","targetHints":{"allow":["GET"]}}],"collection":[{"href":"https:\/\/trails.cryptomania.cz\/tajemny-denik\/wp-json\/wp\/v2\/pages"}],"about":[{"href":"https:\/\/trails.cryptomania.cz\/tajemny-denik\/wp-json\/wp\/v2\/types\/page"}],"author":[{"embeddable":true,"href":"https:\/\/trails.cryptomania.cz\/tajemny-denik\/wp-json\/wp\/v2\/users\/1"}],"replies":[{"embeddable":true,"href":"https:\/\/trails.cryptomania.cz\/tajemny-denik\/wp-json\/wp\/v2\/comments?post=33"}],"version-history":[{"count":9,"href":"https:\/\/trails.cryptomania.cz\/tajemny-denik\/wp-json\/wp\/v2\/pages\/33\/revisions"}],"predecessor-version":[{"id":154,"href":"https:\/\/trails.cryptomania.cz\/tajemny-denik\/wp-json\/wp\/v2\/pages\/33\/revisions\/154"}],"wp:attachment":[{"href":"https:\/\/trails.cryptomania.cz\/tajemny-denik\/wp-json\/wp\/v2\/media?parent=33"}],"curies":[{"name":"wp","href":"https:\/\/api.w.org\/{rel}","templated":true}]}}