{"id":31,"date":"2022-04-22T15:43:45","date_gmt":"2022-04-22T13:43:45","guid":{"rendered":"https:\/\/trails.cryptomania.cz\/mendel\/?page_id=31"},"modified":"2022-06-27T16:49:21","modified_gmt":"2022-06-27T14:49:21","slug":"kontakt","status":"publish","type":"page","link":"https:\/\/trails.cryptomania.cz\/tajemny-denik\/kontakt\/","title":{"rendered":"Kontakt"},"content":{"rendered":"<div class=\"lazyblock-cryptorace-perex-s2VSe wp-block-lazyblock-cryptorace-perex\"><div class=\"row mb-4\">\n    <div class=\"col col-lg-10 col-xxl-8 offset-lg-1 offset-xxl-2 text-perex\">\n        <p>Pokud naraz\u00edte na probl\u00e9m, se kter\u00fdm si nem\u016f\u017eete poradit, nev\u00e1hejte n\u00e1s kontaktovat. R\u00e1di v\u00e1m pom\u016f\u017eeme (samoz\u0159ejm\u011b s v\u00fdjimkou \u0159e\u0161en\u00ed jednotliv\u00fdch \u00fakol\u016f).<\/p>    <\/div>\n<\/div>\n<\/div>\n\n<div class=\"lazyblock-cryptorace-text-208Ygo wp-block-lazyblock-cryptorace-text\"><div class=\"row\">\n    <div class=\"col col-md-7 col-lg-6 col-xxl-5 offset-lg-1 offset-xxl-2\">\n        <p>Hru pro v\u00e1s s l\u00e1skou p\u0159ipravili lid\u00e9 ze spole\u010dnost\u00ed <a href=\"https:\/\/www.zoobrno.cz\/\">Zoo Brno a\u00a0stanice z\u00e1jmov\u00fdch \u010dinnost\u00ed, p\u0159\u00edsp\u011bvkov\u00e1 organizace<\/a> a\u00a0 <a href=\"https:\/\/www.cryptomania.cz\/\">Cryptomania s.r.o.<\/a>, ve spolupr\u00e1ci s Adamem Vodi\u010dkou a jeho t\u00fdmem.<\/p>    <\/div>\n<\/div>\n<\/div>\n\n<div class=\"lazyblock-cryptorace-contact-Z2nOegw wp-block-lazyblock-cryptorace-contact\"><div class=\"row mt-3 row justify-content-center\">\n    <div class=\"col-12 col-md-4 col-lg-4 col-xxl-3\">\n        <h2 class=\"mb-3\">Spr\u00e1vce hry<\/h2>\n        <ul>\n            <li><strong>Zoo Brno<\/strong><\/li>\n            <li><i class=\"fa-solid fa-phone-volume\"><\/i> &nbsp; <a\n                        href=\"tel:+420 607 089 790\">+420 607 089 790<\/a>\n            <\/li>\n            <li><i class=\"fa-regular fa-envelope\"><\/i> &nbsp; <a\n                        href=\"mailto:brindzakova@zoobrno.cz\">brindzakova@zoobrno.cz<\/a>\n            <\/li>\n        <\/ul>\n    <\/div>\n    <div class=\"col col-md-8 col-lg-6 col-xxl-5 text-center border-bottom pt-5\">\n        <img decoding=\"async\" src=\"https:\/\/trails.cryptomania.cz\/tajemny-denik\/wp-content\/uploads\/sites\/84\/2022\/06\/zoo-kontakt.jpg\"\n                 alt=\"Zoo Brno\" title=\"Zoo Brno\"\n                 class=\"img-fluid\" style=\"max-height: 400px;\">\n    <\/div>\n<\/div>\n<\/div>\n\n<div class=\"lazyblock-cryptorace-text-ZW0Af3 wp-block-lazyblock-cryptorace-text\"><div class=\"row\">\n    <div class=\"col col-md-7 col-lg-6 col-xxl-5 offset-lg-1 offset-xxl-2\">\n        <p>\u00a0<\/p>\n<p>\u00a0<\/p>    <\/div>\n<\/div>\n<\/div>\n\n<div class=\"lazyblock-cryptorace-contact-Lgs4c wp-block-lazyblock-cryptorace-contact\"><div class=\"row mt-3 row justify-content-center\">\n    <div class=\"col-12 col-md-4 col-lg-4 col-xxl-3\">\n        <h2 class=\"mb-3\">Auto\u0159i hry<\/h2>\n        <ul>\n            <li><strong>T\u00fdm Cryptomania s.r.o.<\/strong><\/li>\n            <li><i class=\"fa-solid fa-phone-volume\"><\/i> &nbsp; <a\n                        href=\"tel:+420 773 723 443\">+420 773 723 443<\/a>\n            <\/li>\n            <li><i class=\"fa-regular fa-envelope\"><\/i> &nbsp; <a\n                        href=\"mailto:hry@cryptomania.cz\">hry@cryptomania.cz<\/a>\n            <\/li>\n        <\/ul>\n    <\/div>\n    <div class=\"col col-md-8 col-lg-6 col-xxl-5 text-center border-bottom pt-5\">\n        <img decoding=\"async\" src=\"https:\/\/trails.cryptomania.cz\/tajemny-denik\/wp-content\/uploads\/sites\/84\/2022\/06\/cryptoteam-1.png\"\n                 alt=\"T\u00fdm Cryptomania s.r.o.\" title=\"T\u00fdm Cryptomania s.r.o.\"\n                 class=\"img-fluid\" style=\"max-height: 400px;\">\n    <\/div>\n<\/div>\n<\/div>","protected":false},"excerpt":{"rendered":"","protected":false},"author":1,"featured_media":0,"parent":0,"menu_order":0,"comment_status":"closed","ping_status":"closed","template":"","meta":{"footnotes":""},"class_list":["post-31","page","type-page","status-publish","hentry"],"_links":{"self":[{"href":"https:\/\/trails.cryptomania.cz\/tajemny-denik\/wp-json\/wp\/v2\/pages\/31","targetHints":{"allow":["GET"]}}],"collection":[{"href":"https:\/\/trails.cryptomania.cz\/tajemny-denik\/wp-json\/wp\/v2\/pages"}],"about":[{"href":"https:\/\/trails.cryptomania.cz\/tajemny-denik\/wp-json\/wp\/v2\/types\/page"}],"author":[{"embeddable":true,"href":"https:\/\/trails.cryptomania.cz\/tajemny-denik\/wp-json\/wp\/v2\/users\/1"}],"replies":[{"embeddable":true,"href":"https:\/\/trails.cryptomania.cz\/tajemny-denik\/wp-json\/wp\/v2\/comments?post=31"}],"version-history":[{"count":7,"href":"https:\/\/trails.cryptomania.cz\/tajemny-denik\/wp-json\/wp\/v2\/pages\/31\/revisions"}],"predecessor-version":[{"id":150,"href":"https:\/\/trails.cryptomania.cz\/tajemny-denik\/wp-json\/wp\/v2\/pages\/31\/revisions\/150"}],"wp:attachment":[{"href":"https:\/\/trails.cryptomania.cz\/tajemny-denik\/wp-json\/wp\/v2\/media?parent=31"}],"curies":[{"name":"wp","href":"https:\/\/api.w.org\/{rel}","templated":true}]}}