{"id":25,"date":"2022-09-29T11:26:18","date_gmt":"2022-09-29T09:26:18","guid":{"rendered":"https:\/\/trails.cryptomania.cz\/susice\/?page_id=25"},"modified":"2022-09-29T11:26:19","modified_gmt":"2022-09-29T09:26:19","slug":"vysledky-tymu","status":"publish","type":"page","link":"https:\/\/trails.cryptomania.cz\/susice\/vysledky-tymu\/","title":{"rendered":"V\u00fdsledky t\u00fdm\u016f"},"content":{"rendered":"","protected":false},"excerpt":{"rendered":"","protected":false},"author":30809,"featured_media":0,"parent":0,"menu_order":0,"comment_status":"closed","ping_status":"closed","template":"template-parts\/page-results-light.php","meta":{"footnotes":""},"class_list":["post-25","page","type-page","status-publish","hentry"],"_links":{"self":[{"href":"https:\/\/trails.cryptomania.cz\/susice\/wp-json\/wp\/v2\/pages\/25","targetHints":{"allow":["GET"]}}],"collection":[{"href":"https:\/\/trails.cryptomania.cz\/susice\/wp-json\/wp\/v2\/pages"}],"about":[{"href":"https:\/\/trails.cryptomania.cz\/susice\/wp-json\/wp\/v2\/types\/page"}],"author":[{"embeddable":true,"href":"https:\/\/trails.cryptomania.cz\/susice\/wp-json\/wp\/v2\/users\/30809"}],"replies":[{"embeddable":true,"href":"https:\/\/trails.cryptomania.cz\/susice\/wp-json\/wp\/v2\/comments?post=25"}],"version-history":[{"count":1,"href":"https:\/\/trails.cryptomania.cz\/susice\/wp-json\/wp\/v2\/pages\/25\/revisions"}],"predecessor-version":[{"id":26,"href":"https:\/\/trails.cryptomania.cz\/susice\/wp-json\/wp\/v2\/pages\/25\/revisions\/26"}],"wp:attachment":[{"href":"https:\/\/trails.cryptomania.cz\/susice\/wp-json\/wp\/v2\/media?parent=25"}],"curies":[{"name":"wp","href":"https:\/\/api.w.org\/{rel}","templated":true}]}}