{"id":13,"date":"2022-09-29T11:24:05","date_gmt":"2022-09-29T09:24:05","guid":{"rendered":"https:\/\/trails.cryptomania.cz\/susice\/?page_id=13"},"modified":"2023-06-29T09:40:12","modified_gmt":"2023-06-29T07:40:12","slug":"uvodni-stranka","status":"publish","type":"page","link":"https:\/\/trails.cryptomania.cz\/susice\/","title":{"rendered":"P\u0159ihl\u00e1\u0161en\u00ed"},"content":{"rendered":"<div class=\"lazyblock-cryptorace-perex-Z2ivix4 wp-block-lazyblock-cryptorace-perex\"><div class=\"row mb-4\">\n    <div class=\"col col-lg-10 col-xxl-8 offset-lg-1 offset-xxl-2 text-perex\">\n        <p>Bydl\u00edm nedaleko Su\u0161ice a r\u00e1d jezd\u00edm do \u0161umavsk\u00fdch les\u016f na houby, na b\u011b\u017eky, ke stud\u00e1nk\u00e1m, na kolo, podle ro\u010dn\u00edho obdob\u00ed. Tak\u00e9 moc r\u00e1d hraji hry a lu\u0161t\u00edm \u0161ifry. Tuhle se mi ozval Mal\u00fd Medv\u011bd, kamar\u00e1d z odd\u00edlu, \u017ee zjistil, \u017ee se n\u011bkde v Su\u0161ici vyskytuje d\u00e1vn\u00e1 smlouva mezi duchem \u0160umavy a lidmi o tom, jak budou vyu\u017e\u00edvat dar\u016f okoln\u00edch les\u016f, \u0159ek a krajiny. Vzal jsem partu kamar\u00e1d\u016f a vyrazili jsme do Su\u0161ice, abychom zkusili naj\u00edt z\u00e1znam takov\u00e9 \u00famluvy.<\/p>    <\/div>\n<\/div>\n<\/div>","protected":false},"excerpt":{"rendered":"","protected":false},"author":30809,"featured_media":0,"parent":0,"menu_order":0,"comment_status":"closed","ping_status":"closed","template":"template-parts\/page-login.php","meta":{"footnotes":""},"class_list":["post-13","page","type-page","status-publish","hentry"],"_links":{"self":[{"href":"https:\/\/trails.cryptomania.cz\/susice\/wp-json\/wp\/v2\/pages\/13","targetHints":{"allow":["GET"]}}],"collection":[{"href":"https:\/\/trails.cryptomania.cz\/susice\/wp-json\/wp\/v2\/pages"}],"about":[{"href":"https:\/\/trails.cryptomania.cz\/susice\/wp-json\/wp\/v2\/types\/page"}],"author":[{"embeddable":true,"href":"https:\/\/trails.cryptomania.cz\/susice\/wp-json\/wp\/v2\/users\/30809"}],"replies":[{"embeddable":true,"href":"https:\/\/trails.cryptomania.cz\/susice\/wp-json\/wp\/v2\/comments?post=13"}],"version-history":[{"count":4,"href":"https:\/\/trails.cryptomania.cz\/susice\/wp-json\/wp\/v2\/pages\/13\/revisions"}],"predecessor-version":[{"id":282,"href":"https:\/\/trails.cryptomania.cz\/susice\/wp-json\/wp\/v2\/pages\/13\/revisions\/282"}],"wp:attachment":[{"href":"https:\/\/trails.cryptomania.cz\/susice\/wp-json\/wp\/v2\/media?parent=13"}],"curies":[{"name":"wp","href":"https:\/\/api.w.org\/{rel}","templated":true}]}}