{"id":20,"date":"2024-01-16T14:50:51","date_gmt":"2024-01-16T13:50:51","guid":{"rendered":"https:\/\/trails.cryptomania.cz\/sedmicka\/?page_id=20"},"modified":"2024-05-21T12:54:10","modified_gmt":"2024-05-21T10:54:10","slug":"pravidla","status":"publish","type":"page","link":"https:\/\/trails.cryptomania.cz\/sedmicka\/pravidla\/","title":{"rendered":"Pravidla"},"content":{"rendered":"<div class=\"lazyblock-cryptorace-perex-1neYa1 wp-block-lazyblock-cryptorace-perex\"><div class=\"row mb-4\">\n    <div class=\"col col-lg-10 col-xxl-8 offset-lg-1 offset-xxl-2 text-perex\">\n        <p>Abyste si \u0161ifrovac\u00ed hru <strong>Sedm ze Sedmi\u010dky<\/strong> mohli u\u017e\u00edt, doporu\u010dujeme pe\u010dliv\u011b proj\u00edt n\u00e1sleduj\u00edc\u00ed pravidla. Nen\u00ed jich mnoho, ale jejich p\u0159e\u010dten\u00ed v\u00e1m pom\u016f\u017ee k lep\u0161\u00edmu hern\u00edmu z\u00e1\u017eitku.<\/p>    <\/div>\n<\/div>\n<\/div>\n\n<div class=\"lazyblock-cryptorace-text-V26bq wp-block-lazyblock-cryptorace-text\"><div class=\"row\">\n    <div class=\"col col-md-7 col-lg-6 col-xxl-5 offset-lg-1 offset-xxl-2\">\n        <h2>Nejd\u016fle\u017eit\u011bj\u0161\u00ed pravidla<\/h2>\n<ol>\n<li><strong>Hra je \u0159\u00edzena pomoc\u00ed hern\u00edho syst\u00e9mu<\/strong>&nbsp;na t\u011bchto str\u00e1nk\u00e1ch.<\/li>\n<li>K p\u0159ihl\u00e1\u0161en\u00ed do hern\u00edho syst\u00e9mu je pot\u0159eba nejd\u0159\u00edve&nbsp;<a href=\"https:\/\/trails.cryptomania.cz\/sedmicka\/registrace\/\">zaregistrovat sv\u016fj t\u00fdm<\/a>. Pot\u0159ebujeme zn\u00e1t jen e-mail, na kter\u00fd v\u00e1m p\u0159ijdou p\u0159ihla\u0161ovac\u00ed \u00fadaje, a n\u011bjak\u00fd \u00fadern\u00fd n\u00e1zev va\u0161eho t\u00fdmu.&nbsp;<\/li>\n<li><strong>V hern\u00edm syst\u00e9mu najdete v\u0161echny d\u016fle\u017eit\u00e9 pokyny<\/strong>&nbsp;a tak\u00e9 do n\u011bj budete zad\u00e1vat v\u0161echna hesla, kter\u00e1 b\u011bhem hry z\u00edsk\u00e1te.<\/li>\n<li>Ke h\u0159e pot\u0159ebujete krom\u011b hern\u00edho syst\u00e9mu tak\u00e9&nbsp;<strong>hern\u00ed bro\u017euru<\/strong>&nbsp;(v r\u00e1me\u010dku n\u00ed\u017ee zjist\u00edte, jak ji z\u00edskat),&nbsp;<strong>nabit\u00fd chytr\u00fd telefon s p\u0159ipojen\u00edm k internetu, pap\u00edr a tu\u017eku<\/strong>.<\/li>\n<li>Hra fyzicky za\u010d\u00edn\u00e1 na n\u00e1b\u0159e\u017e\u00ed p\u0159ed kancel\u00e1\u0159sk\u00fdm komplexem Port7, bl\u00edzko ulice Partyz\u00e1nsk\u00e1, Praha 7. Hra se spust\u00ed zad\u00e1n\u00edm <strong>p\u0159\u00edstupov\u00e9ho k\u00f3du&nbsp;z hern\u00ed bro\u017eury<\/strong> do prvn\u00edho stanovi\u0161t\u011b.<\/li>\n<\/ol>    <\/div>\n<\/div>\n<\/div>\n\n<div class=\"lazyblock-cryptorace-two-cols-box-Z1N8XrO wp-block-lazyblock-cryptorace-two-cols-box\"><div class=\"row mb-3\">\n    <div class=\"col col-md-6 col-lg-5 col-xxl-4 offset-lg-1 offset-xxl-2\">\n        <h2>Sch\u00e9ma hry<\/h2>\n<ul>\n<li>Na ka\u017ed\u00e9m stanovi\u0161ti na v\u00e1s \u010dek\u00e1 <strong>v\u017edy jeden \u00fakol<\/strong>.<\/li>\n<li>Hra obsahuje <strong>8&nbsp;stanovi\u0161\u0165.<\/strong><\/li>\n<li>Stanovi\u0161t\u011b hry jsou o\u010d\u00edslov\u00e1na od 1 do 8 a je mo\u017en\u00e9 je nav\u0161t\u00edvit <strong>pouze v dan\u00e9m po\u0159ad\u00ed<\/strong>.<\/li>\n<\/ul>    <\/div>\n    <div class=\"col-12 col-md-6 col-lg-5 col-xxl-4\">\n        <div class=\"bg-box1 p-4 mb-3\">\n            <h2>Kde z\u00edsk\u00e1te hern\u00ed bro\u017euru?<\/h2>\n<ul>\n<li>Hern\u00ed bro\u017euru si m\u016f\u017eete <strong>vyzvednout<\/strong> ve st\u00e1nku s k\u00e1vou (Kafe st\u00e1nek, odkaz na m\u00edsto v map\u011b \u2013 <a href=\"https:\/\/mapy.cz\/s\/datemozeda\" target=\"_blank\" rel=\"noopener\">mapa<\/a>):\n<ul>\n<li>st\u00e1nek najdete v pr\u016fchodu mezi n\u00e1dra\u017e\u00edm Hole\u0161ovice a are\u00e1lem Port7 ,<\/li>\n<li>otev\u00edrac\u00ed doba st\u00e1nku je Po\u2013P\u00e1 6\u201318 hod., So\u2013Ne 8\u201319 hod.<\/li>\n<\/ul>\n<\/li>\n<li>Hern\u00ed bro\u017euru si m\u016f\u017eete i <strong>vytisknout<\/strong> sami doma, ve\u0161ker\u00e9 informace k tisku najdete na str\u00e1nce <a href=\"https:\/\/trails.cryptomania.cz\/sedmicka\/herni-brozura\/\">Hern\u00ed bro\u017eura<\/a>.<\/li>\n<\/ul>        <\/div>\n    <\/div>\n<\/div>\n<\/div>\n\n<div class=\"lazyblock-cryptorace-text-Z1PbEz0 wp-block-lazyblock-cryptorace-text\"><div class=\"row\">\n    <div class=\"col col-md-7 col-lg-6 col-xxl-5 offset-lg-1 offset-xxl-2\">\n        <h2>Stanovi\u0161t\u011b<\/h2>\n<ul>\n<li>Za vy\u0159e\u0161en\u00ed \u00fakol\u016f z\u00edsk\u00e1v\u00e1te body.<\/li>\n<li>Po\u010det z\u00edskan\u00fdch bod\u016f se li\u0161\u00ed podle toho, zda jste \u00fakol vy\u0159e\u0161ili bez pomoci, vzali si v on-line hern\u00edm syst\u00e9mu n\u00e1pov\u011bdu \u010di \u0159e\u0161en\u00ed.\n<ul>\n<li>Vy\u0159e\u0161en\u00ed \u00fakolu: <strong>zisk 10 bod\u016f<\/strong>;<\/li>\n<li>N\u00e1pov\u011bda k p\u0159esunu: <strong>-2 body<\/strong> z 10 mo\u017en\u00fdch;<\/li>\n<li>N\u00e1pov\u011bda k \u00fakolu: <strong>-5 bod\u016f<\/strong> z 10 mo\u017en\u00fdch;<\/li>\n<li>P\u0159esko\u010den\u00ed stanovi\u0161t\u011b zobrazen\u00edm&nbsp;spr\u00e1vn\u00e9ho \u0159e\u0161en\u00ed: <strong>0 bod\u016f<\/strong>.<\/li>\n<\/ul>\n<\/li>\n<\/ul>\n<ul>\n<li>\u00dakoly spolu vz\u00e1jemn\u011b nesouvis\u00ed. Ka\u017ed\u00fd je pot\u0159eba \u0159e\u0161it samostatn\u011b.<\/li>\n<li>\u0158e\u0161en\u00edm \u00fakolu je v\u017edy jedno smyslupln\u00e9 slovo \u2013 v p\u0159\u00edpad\u011b, \u017ee v\u00e1m vyjde v\u011bta (nap\u0159. heslem je strom), zad\u00e1v\u00e1te jen slovo \u201estrom\u201c.<\/li>\n<li>Hern\u00ed syst\u00e9m ignoruje jak velikost p\u00edsmen v heslech, tak i p\u0159\u00edpadnou diakritiku.<\/li>\n<li>Pokud do syst\u00e9mu zad\u00e1te dv\u011b \u0161patn\u00e1 hesla po sob\u011b, dal\u0161\u00ed m\u016f\u017eete zadat a\u017e za 2 minuty.<\/li>\n<li>Ve h\u0159e pou\u017e\u00edv\u00e1me anglickou abecedu o 26 znac\u00edch (CH jsou dv\u011b r\u016fzn\u00e1 p\u00edsmena).<\/li>\n<li>Zad\u00e1n\u00ed z\u00edsk\u00e1te bu\u010f elektronicky v hern\u00edm syst\u00e9mu nebo bude pot\u0159eba, abyste pracovali s hern\u00ed bro\u017eurou. Na takovouto situaci v\u00e1s&nbsp; upozorn\u00edme. V\u0161e ostatn\u00ed, co pot\u0159ebujete k vy\u0159e\u0161en\u00ed \u00fakolu, najdete v bl\u00edzk\u00e9m okol\u00ed nebo si to nesete s sebou.<\/li>\n<\/ul>\n<h2>P\u0159\u00edb\u011bh<\/h2>\n<p>P\u0159i p\u0159esunech a tak\u00e9 na jednotliv\u00fdch stanovi\u0161t\u00edch v\u00e1m bude syst\u00e9m po \u010d\u00e1stech odhalovat p\u0159\u00edb\u011bh. <strong>Text p\u0159\u00edb\u011bhu neobsahuje \u017e\u00e1dn\u00e9 \u0161ifry, ale informace z n\u011bj m\u016f\u017eete p\u0159i \u0159e\u0161en\u00ed jednotliv\u00fdch \u00fakol\u016f vyu\u017e\u00edt.<\/strong>&nbsp;<\/p>\n<h2>Fair Play<\/h2>\n<p class=\"p4\"><span class=\"s5\">Neprozrazujte pros\u00edm \u0159e\u0161en\u00ed \u00fakol\u016f. Je t\u011b\u017ek\u00e9 m\u00edt radost z objevov\u00e1n\u00ed, kdy\u017e v\u00e1m n\u011bkdo \u0159ekne v\u00fdsledek. Z\u00e1rove\u0148 v\u00e1s pros\u00edme, abyste se ke v\u0161em hern\u00edm prvk\u016fm chovali ohledupln\u011b.<\/span><\/p>\n<p>P\u0159ejeme p\u0159\u00edjemnou hru!<\/p>\n<p>&nbsp;<\/p>\n<p style=\"text-align: right;\"><em>T\u00fdm Cryptomania a M\u010c Praha 7<\/em><\/p>    <\/div>\n<\/div>\n<\/div>\n\n<div class=\"lazyblock-cryptorace-text-2irVm0 wp-block-lazyblock-cryptorace-text\"><div class=\"row\">\n    <div class=\"col col-md-7 col-lg-6 col-xxl-5 offset-lg-1 offset-xxl-2\">\n            <\/div>\n<\/div>\n<\/div>\n\n<div class=\"lazyblock-cryptorace-text-ZCjnNm wp-block-lazyblock-cryptorace-text\"><div class=\"row\">\n    <div class=\"col col-md-7 col-lg-6 col-xxl-5 offset-lg-1 offset-xxl-2\">\n        <h3>Hra vznikla za p\u0159isp\u011bn\u00ed:<\/h3>\n<p><img loading=\"lazy\" decoding=\"async\" width=\"1200\" height=\"258\" class=\"alignnone size-full wp-image-211 img-fluid\" src=\"https:\/\/trails.cryptomania.cz\/sedmicka\/wp-content\/uploads\/sites\/103\/2024\/04\/loga-na-web.jpg\" alt=\"\" srcset=\"https:\/\/trails.cryptomania.cz\/sedmicka\/wp-content\/uploads\/sites\/103\/2024\/04\/loga-na-web.jpg 1200w, https:\/\/trails.cryptomania.cz\/sedmicka\/wp-content\/uploads\/sites\/103\/2024\/04\/loga-na-web-300x65.jpg 300w, https:\/\/trails.cryptomania.cz\/sedmicka\/wp-content\/uploads\/sites\/103\/2024\/04\/loga-na-web-1024x220.jpg 1024w, https:\/\/trails.cryptomania.cz\/sedmicka\/wp-content\/uploads\/sites\/103\/2024\/04\/loga-na-web-768x165.jpg 768w\" sizes=\"auto, (max-width: 1200px) 100vw, 1200px\" \/><\/p>\n<p>D\u011bkujeme Kafe st\u00e1nku na n\u00e1dra\u017e\u00ed v Hole\u0161ovic\u00edch za spolupr\u00e1ci p\u0159i vyd\u00e1v\u00e1n\u00ed hern\u00edch bro\u017eur.<\/p>\n<p><img loading=\"lazy\" decoding=\"async\" width=\"99\" height=\"200\" class=\"alignnone size-full wp-image-248 img-fluid\" src=\"https:\/\/trails.cryptomania.cz\/sedmicka\/wp-content\/uploads\/sites\/103\/2024\/04\/logo-kafestanku-hrnek-vektor-e1712754627269.png\" alt=\"\" \/><\/p>    <\/div>\n<\/div>\n<\/div>","protected":false},"excerpt":{"rendered":"","protected":false},"author":1,"featured_media":0,"parent":0,"menu_order":0,"comment_status":"closed","ping_status":"closed","template":"","meta":{"footnotes":""},"class_list":["post-20","page","type-page","status-publish","hentry"],"_links":{"self":[{"href":"https:\/\/trails.cryptomania.cz\/sedmicka\/wp-json\/wp\/v2\/pages\/20","targetHints":{"allow":["GET"]}}],"collection":[{"href":"https:\/\/trails.cryptomania.cz\/sedmicka\/wp-json\/wp\/v2\/pages"}],"about":[{"href":"https:\/\/trails.cryptomania.cz\/sedmicka\/wp-json\/wp\/v2\/types\/page"}],"author":[{"embeddable":true,"href":"https:\/\/trails.cryptomania.cz\/sedmicka\/wp-json\/wp\/v2\/users\/1"}],"replies":[{"embeddable":true,"href":"https:\/\/trails.cryptomania.cz\/sedmicka\/wp-json\/wp\/v2\/comments?post=20"}],"version-history":[{"count":19,"href":"https:\/\/trails.cryptomania.cz\/sedmicka\/wp-json\/wp\/v2\/pages\/20\/revisions"}],"predecessor-version":[{"id":266,"href":"https:\/\/trails.cryptomania.cz\/sedmicka\/wp-json\/wp\/v2\/pages\/20\/revisions\/266"}],"wp:attachment":[{"href":"https:\/\/trails.cryptomania.cz\/sedmicka\/wp-json\/wp\/v2\/media?parent=20"}],"curies":[{"name":"wp","href":"https:\/\/api.w.org\/{rel}","templated":true}]}}