{"id":191,"date":"2024-04-08T16:49:24","date_gmt":"2024-04-08T14:49:24","guid":{"rendered":"https:\/\/trails.cryptomania.cz\/sedmicka\/?page_id=191"},"modified":"2024-04-22T11:01:07","modified_gmt":"2024-04-22T09:01:07","slug":"herni-brozura","status":"publish","type":"page","link":"https:\/\/trails.cryptomania.cz\/sedmicka\/herni-brozura\/","title":{"rendered":"Hern\u00ed bro\u017eura"},"content":{"rendered":"<div class=\"lazyblock-cryptorace-perex-ZVlTuV wp-block-lazyblock-cryptorace-perex\"><div class=\"row mb-4\">\n    <div class=\"col col-lg-10 col-xxl-8 offset-lg-1 offset-xxl-2 text-perex\">\n        <p>Mil\u00ed hr\u00e1\u010di. K tomu, abyste mohli hr\u00e1t hru Sedm ze Sedmi\u010dky, je zapot\u0159eb\u00ed m\u00edt k dispozici hern\u00ed bro\u017euru. Bu\u010f si ji vyzvedn\u011bte nedaleko m\u00edsta startu nebo si ji vytiskn\u011bte sami.<\/p>    <\/div>\n<\/div>\n<\/div>\n\n<div class=\"lazyblock-cryptorace-two-cols-box-1s2Cpu wp-block-lazyblock-cryptorace-two-cols-box\"><div class=\"row mb-3\">\n    <div class=\"col col-md-6 col-lg-5 col-xxl-4 offset-lg-1 offset-xxl-2\">\n        <h2>Tisknete si hern\u00ed bro\u017euru sami?<\/h2>\n<p><strong>Pokud si budete hern\u00ed bro\u017euru tisknout sami, p\u0159e\u010dtete si pros\u00edm pozorn\u011b n\u00e1sleduj\u00edc\u00ed n\u00e1vod.<\/strong><\/p>\n<p>Hern\u00ed bro\u017euru doporu\u010dujeme <strong>vytisknout barevn\u011b<\/strong>. Pokud to v\u0161ak nejde, nezoufejte. Hru Sedm ze Sedmi\u010dky&nbsp; jist\u011b zvl\u00e1dnete vy\u0159e\u0161it i tak, jen pro v\u00e1s bude \u0159e\u0161en\u00ed n\u011bkter\u00fdch \u00fakol\u016f obt\u00ed\u017en\u011bj\u0161\u00ed. Doporu\u010dujeme v\u017edy zkontrolovat barevnost jednotliv\u00fdch zad\u00e1n\u00ed \u00fakol\u016f v\u016f\u010di elektronick\u00e9 verzi hern\u00ed bro\u017eury.<\/p>    <\/div>\n    <div class=\"col-12 col-md-6 col-lg-5 col-xxl-4\">\n        <div class=\"bg-box1 p-4 mb-3\">\n            <p><img loading=\"lazy\" decoding=\"async\" width=\"1210\" height=\"1028\" class=\"alignnone size-full wp-image-239 img-fluid\" src=\"https:\/\/trails.cryptomania.cz\/sedmicka\/wp-content\/uploads\/sites\/103\/2024\/04\/sedm_ze_sedmicky_-_brozura_do_prehledu_her.png\" alt=\"\" srcset=\"https:\/\/trails.cryptomania.cz\/sedmicka\/wp-content\/uploads\/sites\/103\/2024\/04\/sedm_ze_sedmicky_-_brozura_do_prehledu_her.png 1210w, https:\/\/trails.cryptomania.cz\/sedmicka\/wp-content\/uploads\/sites\/103\/2024\/04\/sedm_ze_sedmicky_-_brozura_do_prehledu_her-300x255.png 300w, https:\/\/trails.cryptomania.cz\/sedmicka\/wp-content\/uploads\/sites\/103\/2024\/04\/sedm_ze_sedmicky_-_brozura_do_prehledu_her-1024x870.png 1024w, https:\/\/trails.cryptomania.cz\/sedmicka\/wp-content\/uploads\/sites\/103\/2024\/04\/sedm_ze_sedmicky_-_brozura_do_prehledu_her-768x652.png 768w\" sizes=\"auto, (max-width: 1210px) 100vw, 1210px\" \/><\/p>        <\/div>\n    <\/div>\n<\/div>\n<\/div>\n\n<div class=\"lazyblock-cryptorace-text-Z1Yy1lP wp-block-lazyblock-cryptorace-text\"><div class=\"row\">\n    <div class=\"col col-md-7 col-lg-6 col-xxl-5 offset-lg-1 offset-xxl-2\">\n        <p>Aby se v\u00e1m dob\u0159e tisklo, p\u0159ikl\u00e1d\u00e1me doporu\u010den\u00ed k tisku. Odpov\u00edd\u00e1 nab\u00eddce programu Adobe Acrobat Reader, kter\u00fd je bezplatn\u011b dostupn\u00fd <a href=\"https:\/\/get.adobe.com\/cz\/reader\/\" target=\"_blank\" rel=\"noopener\">na str\u00e1nk\u00e1ch spole\u010dnosti Adobe<\/a>.<\/p>    <\/div>\n<\/div>\n<\/div>\n\n<div class=\"lazyblock-cryptorace-two-cols-box-Z16bMt0 wp-block-lazyblock-cryptorace-two-cols-box\"><div class=\"row mb-3\">\n    <div class=\"col col-md-6 col-lg-5 col-xxl-4 offset-lg-1 offset-xxl-2\">\n        <h2>Dv\u011b verze hern\u00ed bro\u017eury k tisku<\/h2>\n<p>K tisku jsme pro v\u00e1s p\u0159ipravili<strong> dv\u011b varianty<\/strong> hern\u00ed bro\u017eury ve form\u00e1tu A5. M\u016f\u017eete si vybrat mezi plnobarevnou variantou nebo variantou \u0161etrnou k toneru va\u0161\u00ed tisk\u00e1rny. Ta druh\u00e1 nen\u00ed na pohled tak hezk\u00e1, ale obsahuje v\u0161e pot\u0159ebn\u00e9.<\/p>\n<p>Ob\u011b varianty jsou p\u0159ipraven\u00e9 pro oboustrann\u00fd tisk s nastaven\u00edm tisknout bro\u017euru. Ve v\u00fdsledku tak z\u00edsk\u00e1te v\u017edy dv\u011b A5 na jednom pap\u00edru A4 a budete si moci bro\u017euru sestavit tak, abyste j\u00ed mohli listovat, stejn\u011b jako kdybyste ji dostali od n\u00e1s.<\/p>    <\/div>\n    <div class=\"col-12 col-md-6 col-lg-5 col-xxl-4\">\n        <div class=\"bg-box1 p-4 mb-3\">\n            <h3>Pot\u0159ebn\u00e9 soubory k tisku<\/h3>\n<ul>\n<li><a href=\"https:\/\/trails.cryptomania.cz\/sedmicka\/wp-content\/uploads\/sites\/103\/2024\/04\/2024_04_22_-_sedm_ze_sedmicky_-_herni_brozura_-_web.pdf\" target=\"_blank\" rel=\"noopener\">Plnobarevn\u00e1 verze<\/a><\/li>\n<li><a href=\"https:\/\/trails.cryptomania.cz\/sedmicka\/wp-content\/uploads\/sites\/103\/2024\/04\/2024_04_22_-_sedm_ze_sedmicky_-_herni_brozura_-_usporna_-_web.pdf\" target=\"_blank\" rel=\"noopener\">K toneru \u0161etrn\u00e1 verze<\/a><\/li>\n<\/ul>        <\/div>\n    <\/div>\n<\/div>\n<\/div>","protected":false},"excerpt":{"rendered":"","protected":false},"author":82,"featured_media":0,"parent":0,"menu_order":0,"comment_status":"closed","ping_status":"closed","template":"","meta":{"footnotes":""},"class_list":["post-191","page","type-page","status-publish","hentry"],"_links":{"self":[{"href":"https:\/\/trails.cryptomania.cz\/sedmicka\/wp-json\/wp\/v2\/pages\/191","targetHints":{"allow":["GET"]}}],"collection":[{"href":"https:\/\/trails.cryptomania.cz\/sedmicka\/wp-json\/wp\/v2\/pages"}],"about":[{"href":"https:\/\/trails.cryptomania.cz\/sedmicka\/wp-json\/wp\/v2\/types\/page"}],"author":[{"embeddable":true,"href":"https:\/\/trails.cryptomania.cz\/sedmicka\/wp-json\/wp\/v2\/users\/82"}],"replies":[{"embeddable":true,"href":"https:\/\/trails.cryptomania.cz\/sedmicka\/wp-json\/wp\/v2\/comments?post=191"}],"version-history":[{"count":8,"href":"https:\/\/trails.cryptomania.cz\/sedmicka\/wp-json\/wp\/v2\/pages\/191\/revisions"}],"predecessor-version":[{"id":261,"href":"https:\/\/trails.cryptomania.cz\/sedmicka\/wp-json\/wp\/v2\/pages\/191\/revisions\/261"}],"wp:attachment":[{"href":"https:\/\/trails.cryptomania.cz\/sedmicka\/wp-json\/wp\/v2\/media?parent=191"}],"curies":[{"name":"wp","href":"https:\/\/api.w.org\/{rel}","templated":true}]}}