{"id":14,"date":"2024-01-16T14:50:23","date_gmt":"2024-01-16T13:50:23","guid":{"rendered":"https:\/\/trails.cryptomania.cz\/sedmicka\/?page_id=14"},"modified":"2024-05-21T12:53:06","modified_gmt":"2024-05-21T10:53:06","slug":"o-hre","status":"publish","type":"page","link":"https:\/\/trails.cryptomania.cz\/sedmicka\/o-hre\/","title":{"rendered":"O h\u0159e"},"content":{"rendered":"<div class=\"lazyblock-cryptorace-perex-10a7R4 wp-block-lazyblock-cryptorace-perex\"><div class=\"row mb-4\">\n    <div class=\"col col-lg-10 col-xxl-8 offset-lg-1 offset-xxl-2 text-perex\">\n        <p>Je jich sedm a a\u010d to zn\u00ed jako po\u010det trpasl\u00edk\u016f, tak na poh\u00e1dky u\u017e moc nejsou, nejmlad\u0161\u00ed Kl\u00e1\u0159e je 11 a nejstar\u0161\u00edmu Michalovi 14. Jsou vlastn\u011b u\u017e skoro dosp\u011bl\u00ed. Prost\u011b k\u00e1mo\u0161i, kte\u0159\u00ed bydl\u00ed v jednom bloku bar\u00e1k\u016f na Praze 7. Prozkoum\u00e1vaj\u00ed \u0161irok\u00e9 okol\u00ed a na\u0161t\u011bst\u00ed tady je v\u017edycky kam vyrazit. \u0158eka, Stromovka, \u0160tvanice nebo po\u0159\u00e1d se prom\u011b\u0148uj\u00edc\u00ed Hole\u0161ovick\u00e1 tr\u017enice. Na kole dojedou sami klidn\u011b na C\u00edsa\u0159sk\u00fd ostrov nebo vyr\u00e1\u017e\u00ed na skejtu a na brusl\u00edch na Letnou.\u00a0Poj\u010fte se s nimi projet \u010di proj\u00edt, objevit kus t\u00e9hle m\u011bstsk\u00e9 \u010d\u00e1sti a dok\u00e1zat, \u017ee dne\u0161n\u00ed ml\u00e1de\u017e nen\u00ed o nic hor\u0161\u00ed, ne\u017e tomu b\u00fdvalo p\u0159ed lety&#8230; <\/p>    <\/div>\n<\/div>\n<\/div>\n\n<div class=\"lazyblock-cryptorace-two-cols-box-Z1X1MSm wp-block-lazyblock-cryptorace-two-cols-box\"><div class=\"row mb-3\">\n    <div class=\"col col-md-6 col-lg-5 col-xxl-4 offset-lg-1 offset-xxl-2\">\n        <h2>Jak hra funguje?<\/h2>\n<p>V na\u0161\u00ed h\u0159e se vyd\u00e1te prozkoumat \u010d\u00e1st oblasti, kter\u00e1 se naz\u00fdv\u00e1 Trojsk\u00e1 kotlina. <strong>V t\u00fdmu o 2\u20135 hr\u00e1\u010d\u00edch&nbsp;<\/strong>b\u011bhem n\u00ed projdete \u010d\u00e1st m\u011bstsk\u00e9 \u010d\u00e1sti Praha 7 a n\u011bkolikr\u00e1t p\u0159ekro\u010d\u00edte Vltavu. <strong>Na 8 stanovi\u0161t\u00edch<\/strong> se dozv\u00edte zaj\u00edmavosti o \u0159ece i o \u017eivot\u011b okolo n\u00ed. \u010cekaj\u00ed v\u00e1s <strong>\u0161ifry, logick\u00e9 \u00falohy a&nbsp;z\u00edsk\u00e1v\u00e1n\u00ed hesel<\/strong>.<\/p>\n<p>V\u017edy po zad\u00e1n\u00ed spr\u00e1vn\u00e9ho hesla do online hern\u00edho syst\u00e9mu se dozv\u00edte polohu dal\u0161\u00edho stanovi\u0161t\u011b. Ke h\u0159e tedy pot\u0159ebujete alespo\u0148 jeden <strong>telefon s p\u0159ipojen\u00edm k internetu<\/strong>.<\/p>\n<h2>Pro koho je hra ur\u010dena<\/h2>\n<p><!-- \/wp:heading -->\n\n<!-- wp:paragraph --><\/p>\n<p><strong>Hra je ur\u010dena pro 2\u20135\u010dlenn\u00e9 t\u00fdmy. Je vhodn\u00e1 jak pro t\u00fdmy hrav\u00fdch dosp\u011bl\u00fdch, tak pro rodiny s d\u011btmi.<\/strong> Naplno si ji u\u017eij\u00ed d\u011bti cca od 10 let, nicm\u00e9n\u011b \u0161ikovn\u00ed rodi\u010de, u\u010ditel\u00e9 \u010di odd\u00edlov\u00ed vedouc\u00ed zapoj\u00ed ur\u010dit\u011b i mlad\u0161\u00ed d\u011bti. Pro men\u0161\u00ed d\u011bti je nav\u00edc u ka\u017ed\u00e9ho stanovi\u0161t\u011b speci\u00e1ln\u00ed \u00fakol.<\/p>\n<p><!-- \/wp:paragraph -->\n\n<!-- wp:paragraph --><\/p>\n<p>V&nbsp;p\u0159\u00edpad\u011b, \u017ee hru bude hr\u00e1t t\u00fdm d\u011bt\u00ed bez dosp\u011bl\u00fdch, doporu\u010dujeme ji d\u011btem cca od 14 let.<\/p>    <\/div>\n    <div class=\"col-12 col-md-6 col-lg-5 col-xxl-4\">\n        <div class=\"bg-box1 p-4 mb-3\">\n            <p><img loading=\"lazy\" decoding=\"async\" width=\"1210\" height=\"1028\" class=\"alignnone size-full wp-image-239 img-fluid\" src=\"https:\/\/trails.cryptomania.cz\/sedmicka\/wp-content\/uploads\/sites\/103\/2024\/04\/sedm_ze_sedmicky_-_brozura_do_prehledu_her.png\" alt=\"\" srcset=\"https:\/\/trails.cryptomania.cz\/sedmicka\/wp-content\/uploads\/sites\/103\/2024\/04\/sedm_ze_sedmicky_-_brozura_do_prehledu_her.png 1210w, https:\/\/trails.cryptomania.cz\/sedmicka\/wp-content\/uploads\/sites\/103\/2024\/04\/sedm_ze_sedmicky_-_brozura_do_prehledu_her-300x255.png 300w, https:\/\/trails.cryptomania.cz\/sedmicka\/wp-content\/uploads\/sites\/103\/2024\/04\/sedm_ze_sedmicky_-_brozura_do_prehledu_her-1024x870.png 1024w, https:\/\/trails.cryptomania.cz\/sedmicka\/wp-content\/uploads\/sites\/103\/2024\/04\/sedm_ze_sedmicky_-_brozura_do_prehledu_her-768x652.png 768w\" sizes=\"auto, (max-width: 1210px) 100vw, 1210px\" \/><\/p>        <\/div>\n    <\/div>\n<\/div>\n<\/div>\n\n<div class=\"lazyblock-cryptorace-text-ZfPykS wp-block-lazyblock-cryptorace-text\"><div class=\"row\">\n    <div class=\"col col-md-7 col-lg-6 col-xxl-5 offset-lg-1 offset-xxl-2\">\n        <h2>Kde hra za\u010d\u00edn\u00e1?<\/h2>\n<p>Hra za\u010d\u00edn\u00e1 u kancel\u00e1\u0159sk\u00e9ho komplexu Port7, ulice Partyz\u00e1nsk\u00e1, Praha 7.<\/p>    <\/div>\n<\/div>\n<\/div>\n\n<div class=\"lazyblock-cryptorace-perex-Z2edS3Y wp-block-lazyblock-cryptorace-perex\"><div class=\"row mb-4\">\n    <div class=\"col col-lg-10 col-xxl-8 offset-lg-1 offset-xxl-2 text-perex\">\n        <div style='position: relative;'><div title='50.1108111N, 14.4398453E' id='m83275' style='width: 100%; height: 400px;'><\/div><\/div><p class='text-end'><small><a href='https:\/\/mapy.cz\/turisticka?source=coor&id=14.4398453%2C50.1108111&ds=2&x=14.4398453&y=50.1108111&z=17' target='_blank'>Zobrazit na mapy.cz<\/a><\/small><\/p>    <\/div>\n<\/div>\n<\/div>\n\n<div class=\"lazyblock-cryptorace-text-nL34I wp-block-lazyblock-cryptorace-text\"><div class=\"row\">\n    <div class=\"col col-md-7 col-lg-6 col-xxl-5 offset-lg-1 offset-xxl-2\">\n        <h2>Jak dlouho hra trv\u00e1?<\/h2>\n<p>Hra Sedm ze Sedmi\u010dky obsahuje 8 stanovi\u0161\u0165 a m\u00e1 d\u00e9lku 5,5 km. Mysl\u00edme si, \u017ee hru je mo\u017en\u00e9 zvl\u00e1dnout za 2\u20133 hodiny. Z\u00e1le\u017e\u00ed, jak\u00fd zvol\u00edte dopravn\u00ed prost\u0159edek, my doporu\u010dujeme vyu\u017e\u00edt kolo. Pokud v\u00e1s zaj\u00edm\u00e1, jak hru zvl\u00e1dly ostatn\u00ed t\u00fdmy, pod\u00edvejte se na jejich <a href=\"http:\/\/trails.cryptomania.cz\/sedmicka\/vysledky\">v\u00fdsledky<\/a>.<\/p>    <\/div>\n<\/div>\n<\/div>\n\n<div class=\"lazyblock-cryptorace-two-cols-box-Z1Ipf4w wp-block-lazyblock-cryptorace-two-cols-box\"><div class=\"row mb-3\">\n    <div class=\"col col-md-6 col-lg-5 col-xxl-4 offset-lg-1 offset-xxl-2\">\n        <h2>Co je ke h\u0159e pot\u0159eba?<\/h2>\n<ol>\n<li>P\u0159e\u010d\u00edst si <a href=\"https:\/\/trails.cryptomania.cz\/sedmicka\/pravidla\/\">pravidla hry,<\/a><\/li>\n<li>m\u00edt v t\u00fdmu alespo\u0148 1 chytr\u00fd telefon s p\u0159ipojen\u00edm na internet,<\/li>\n<li>vz\u00edt si s sebou psac\u00ed pot\u0159eby,<\/li>\n<li>vyzvednout si hern\u00ed bro\u017euru (<em>p\u0159e\u010dt\u011bte si v r\u00e1me\u010dku kde<\/em>),<\/li>\n<li><a href=\"https:\/\/trails.cryptomania.cz\/sedmicka\/registrace\/\">zaregistrovat t\u00fdm <\/a>do hry.&nbsp;<\/li>\n<\/ol>    <\/div>\n    <div class=\"col-12 col-md-6 col-lg-5 col-xxl-4\">\n        <div class=\"bg-box1 p-4 mb-3\">\n            <h2>Kde z\u00edsk\u00e1te hern\u00ed bro\u017euru?<\/h2>\n<ul>\n<li>Hern\u00ed bro\u017euru si m\u016f\u017eete <strong>vyzvednout<\/strong> ve st\u00e1nku s k\u00e1vou (Kafe st\u00e1nek, odkaz na m\u00edsto v map\u011b \u2013 <a href=\"https:\/\/mapy.cz\/s\/datemozeda\" target=\"_blank\" rel=\"noopener\">mapa<\/a>):\n<ul>\n<li>st\u00e1nek najdete v pr\u016fchodu mezi n\u00e1dra\u017e\u00edm Hole\u0161ovice a are\u00e1lem Port7 ,<\/li>\n<li>otev\u00edrac\u00ed doba st\u00e1nku je Po\u2013P\u00e1 6\u201318 hod., So\u2013Ne 8\u201319 hod.<\/li>\n<\/ul>\n<\/li>\n<li>Hern\u00ed bro\u017euru si m\u016f\u017eete i <strong>vytisknout<\/strong> sami doma, ve\u0161ker\u00e9 informace k tisku najdete na str\u00e1nce <a href=\"https:\/\/trails.cryptomania.cz\/sedmicka\/herni-brozura\/\">Hern\u00ed bro\u017eura<\/a>.<\/li>\n<\/ul>        <\/div>\n    <\/div>\n<\/div>\n<\/div>\n\n<div class=\"lazyblock-cryptorace-text-Z1sWwtk wp-block-lazyblock-cryptorace-text\"><div class=\"row\">\n    <div class=\"col col-md-7 col-lg-6 col-xxl-5 offset-lg-1 offset-xxl-2\">\n        <h2>Kdo hru vytvo\u0159il?<\/h2>\n<p><!-- \/wp:heading -->\n\n<!-- wp:paragraph --><\/p>\n<p>Origin\u00e1ln\u00ed \u0161ifrovac\u00ed hru pro v\u00e1s p\u0159ipravila <a href=\"https:\/\/www.praha7.cz\/\" target=\"_blank\" rel=\"noopener\">M\u010c Praha 7<\/a> ve spolupr\u00e1ci s <a href=\"https:\/\/www.cryptomania.cz\/\">Cryptomania s.r.o.<\/a><\/p>\n<p><!-- \/wp:paragraph -->\n\n<!-- wp:paragraph --><\/p>\n<p>Pokud m\u00e1te ohledn\u011b hry n\u011bjak\u00e9 ot\u00e1zky, nev\u00e1hejte <a href=\"https:\/\/trails.cryptomania.cz\/sedmicka\/kontakt\/\">n\u00e1s kontaktovat<\/a>.<\/p>\n<p><!-- \/wp:paragraph -->\n\n<!-- wp:paragraph --><\/p>\n<p>P\u0159ejeme p\u0159\u00edjemnou hru!<\/p>    <\/div>\n<\/div>\n<\/div>\n\n<div class=\"lazyblock-cryptorace-text-Z18YD72 wp-block-lazyblock-cryptorace-text\"><div class=\"row\">\n    <div class=\"col col-md-7 col-lg-6 col-xxl-5 offset-lg-1 offset-xxl-2\">\n            <\/div>\n<\/div>\n<\/div>\n\n<div class=\"lazyblock-cryptorace-text-Z1Lw7z5 wp-block-lazyblock-cryptorace-text\"><div class=\"row\">\n    <div class=\"col col-md-7 col-lg-6 col-xxl-5 offset-lg-1 offset-xxl-2\">\n        <h3>Hra vznikla za p\u0159isp\u011bn\u00ed:<\/h3>\n<p><img loading=\"lazy\" decoding=\"async\" width=\"1200\" height=\"258\" class=\"alignnone size-full wp-image-211 img-fluid\" src=\"https:\/\/trails.cryptomania.cz\/sedmicka\/wp-content\/uploads\/sites\/103\/2024\/04\/loga-na-web.jpg\" alt=\"\" srcset=\"https:\/\/trails.cryptomania.cz\/sedmicka\/wp-content\/uploads\/sites\/103\/2024\/04\/loga-na-web.jpg 1200w, https:\/\/trails.cryptomania.cz\/sedmicka\/wp-content\/uploads\/sites\/103\/2024\/04\/loga-na-web-300x65.jpg 300w, https:\/\/trails.cryptomania.cz\/sedmicka\/wp-content\/uploads\/sites\/103\/2024\/04\/loga-na-web-1024x220.jpg 1024w, https:\/\/trails.cryptomania.cz\/sedmicka\/wp-content\/uploads\/sites\/103\/2024\/04\/loga-na-web-768x165.jpg 768w\" sizes=\"auto, (max-width: 1200px) 100vw, 1200px\" \/><\/p>    <\/div>\n<\/div>\n<\/div>","protected":false},"excerpt":{"rendered":"","protected":false},"author":1,"featured_media":0,"parent":0,"menu_order":0,"comment_status":"closed","ping_status":"closed","template":"","meta":{"footnotes":""},"class_list":["post-14","page","type-page","status-publish","hentry"],"_links":{"self":[{"href":"https:\/\/trails.cryptomania.cz\/sedmicka\/wp-json\/wp\/v2\/pages\/14","targetHints":{"allow":["GET"]}}],"collection":[{"href":"https:\/\/trails.cryptomania.cz\/sedmicka\/wp-json\/wp\/v2\/pages"}],"about":[{"href":"https:\/\/trails.cryptomania.cz\/sedmicka\/wp-json\/wp\/v2\/types\/page"}],"author":[{"embeddable":true,"href":"https:\/\/trails.cryptomania.cz\/sedmicka\/wp-json\/wp\/v2\/users\/1"}],"replies":[{"embeddable":true,"href":"https:\/\/trails.cryptomania.cz\/sedmicka\/wp-json\/wp\/v2\/comments?post=14"}],"version-history":[{"count":22,"href":"https:\/\/trails.cryptomania.cz\/sedmicka\/wp-json\/wp\/v2\/pages\/14\/revisions"}],"predecessor-version":[{"id":265,"href":"https:\/\/trails.cryptomania.cz\/sedmicka\/wp-json\/wp\/v2\/pages\/14\/revisions\/265"}],"wp:attachment":[{"href":"https:\/\/trails.cryptomania.cz\/sedmicka\/wp-json\/wp\/v2\/media?parent=14"}],"curies":[{"name":"wp","href":"https:\/\/api.w.org\/{rel}","templated":true}]}}