{"id":45,"date":"2015-09-05T11:25:44","date_gmt":"2015-09-05T09:25:44","guid":{"rendered":"http:\/\/trails.cryptomania.cz\/radnice\/?page_id=45"},"modified":"2025-01-21T15:28:05","modified_gmt":"2025-01-21T14:28:05","slug":"kontakt-na-spravce","status":"publish","type":"page","link":"https:\/\/trails.cryptomania.cz\/radnice\/kontakt-na-spravce\/","title":{"rendered":"Kontakt"},"content":{"rendered":"<div class=\"row justify-content-center lazyblock-cryptomania-basic-column-Z1gBkHe wp-block-lazyblock-cryptomania-basic-column\">\n        <div class=\"col col-lg-10 col-xl-8 col-xxl-8\">\n            <div class=\"row\">\n                \n\n<p class=\"is-style-text-perex text-perex\">Hru pro v\u00e1s s l\u00e1skou p\u0159ipravili lid\u00e9 z <a href=\"https:\/\/www.ticbrno.cz\/\" target=\"_blank\" rel=\"noreferrer noopener\">TIC Brno<\/a> a\u00a0<a href=\"https:\/\/www.cryptomania.cz\/\">Cryptomania<\/a>.<\/p>\n\n\n\n<p class=\"is-style-text-perex text-perex\"><strong>Provozovatel hry <\/strong>v\u00e1m pom\u016f\u017ee s ot\u00e1zkami na otev\u00edrac\u00ed dobu m\u00edst pro v\u00fddej hern\u00edch materi\u00e1l\u016f. <strong>Auto\u0159i hry<\/strong> ocen\u00ed p\u0159ipom\u00ednky k \u0161ifr\u00e1m, zp\u011btnou vazbu ke h\u0159e \u010di pokud naraz\u00edte na chyb\u011bj\u00edc\u00ed hern\u00ed prvek (odvezli kostel, chyb\u00ed cedulka apod.).<\/p>\n\n\n            <\/div>\n        <\/div>\n    <\/div>\n\n<div class=\"lazyblock-cryptorace-contact-ZAqhh4 wp-block-lazyblock-cryptorace-contact\"><div class=\"row mt-3 row justify-content-center\">\n    <div class=\"col-12 col-md-4 col-lg-4 col-xxl-3\">\n        <h2 class=\"mb-3\">Provozovatel hry<\/h2>\n        <ul>\n            <li><strong>TIC Brno<\/strong><\/li>\n            <li><i class=\"fa-solid fa-phone-volume\"><\/i> &nbsp; <a\n                        href=\"tel:+420 513 039 035\">+420 513 039 035<\/a>\n            <\/li>\n            <li><i class=\"fa-regular fa-envelope\"><\/i> &nbsp; <a\n                        href=\"mailto:info@ticbrno.cz\">info@ticbrno.cz<\/a>\n            <\/li>\n        <\/ul>\n    <\/div>\n    <div class=\"col col-md-8 col-lg-6 col-xxl-5 text-center border-bottom pt-5\">\n        <img decoding=\"async\" src=\"https:\/\/trails.cryptomania.cz\/radnice\/wp-content\/uploads\/sites\/11\/2025\/01\/TIC_BRNO-zkratka-white-red.png\"\n                 alt=\"TIC Brno\" title=\"TIC Brno\"\n                 class=\"img-fluid\" style=\"max-height: 400px;\">\n    <\/div>\n<\/div>\n<\/div>\n\n<div class=\"row justify-content-center lazyblock-cryptomania-basic-column-Z2704yp wp-block-lazyblock-cryptomania-basic-column\">\n        <div class=\"col col-lg-10 col-xl-8 col-xxl-8\">\n            <div class=\"row\">\n                \n            <\/div>\n        <\/div>\n    <\/div>\n\n<div class=\"lazyblock-cryptorace-contact-Ir1CK wp-block-lazyblock-cryptorace-contact\"><div class=\"row mt-3 row justify-content-center\">\n    <div class=\"col-12 col-md-4 col-lg-4 col-xxl-3\">\n        <h2 class=\"mb-3\">Auto\u0159i hry<\/h2>\n        <ul>\n            <li><strong>T\u00fdm Cryptomania<\/strong><\/li>\n            <li><i class=\"fa-solid fa-phone-volume\"><\/i> &nbsp; <a\n                        href=\"tel:+420 773 723 443\">+420 773 723 443<\/a>\n            <\/li>\n            <li><i class=\"fa-regular fa-envelope\"><\/i> &nbsp; <a\n                        href=\"mailto:hry@cryptomania.cz\">hry@cryptomania.cz<\/a>\n            <\/li>\n        <\/ul>\n    <\/div>\n    <div class=\"col col-md-8 col-lg-6 col-xxl-5 text-center border-bottom pt-5\">\n        <img decoding=\"async\" src=\"https:\/\/trails.cryptomania.cz\/radnice\/wp-content\/uploads\/sites\/11\/2025\/01\/cryptoteam-1.png\"\n                 alt=\"T\u00fdm Cryptomania\" title=\"T\u00fdm Cryptomania\"\n                 class=\"img-fluid\" style=\"max-height: 400px;\">\n    <\/div>\n<\/div>\n<\/div>","protected":false},"excerpt":{"rendered":"","protected":false},"author":1,"featured_media":0,"parent":0,"menu_order":0,"comment_status":"open","ping_status":"closed","template":"","meta":{"footnotes":""},"class_list":["post-45","page","type-page","status-publish","hentry"],"_links":{"self":[{"href":"https:\/\/trails.cryptomania.cz\/radnice\/wp-json\/wp\/v2\/pages\/45","targetHints":{"allow":["GET"]}}],"collection":[{"href":"https:\/\/trails.cryptomania.cz\/radnice\/wp-json\/wp\/v2\/pages"}],"about":[{"href":"https:\/\/trails.cryptomania.cz\/radnice\/wp-json\/wp\/v2\/types\/page"}],"author":[{"embeddable":true,"href":"https:\/\/trails.cryptomania.cz\/radnice\/wp-json\/wp\/v2\/users\/1"}],"replies":[{"embeddable":true,"href":"https:\/\/trails.cryptomania.cz\/radnice\/wp-json\/wp\/v2\/comments?post=45"}],"version-history":[{"count":6,"href":"https:\/\/trails.cryptomania.cz\/radnice\/wp-json\/wp\/v2\/pages\/45\/revisions"}],"predecessor-version":[{"id":226,"href":"https:\/\/trails.cryptomania.cz\/radnice\/wp-json\/wp\/v2\/pages\/45\/revisions\/226"}],"wp:attachment":[{"href":"https:\/\/trails.cryptomania.cz\/radnice\/wp-json\/wp\/v2\/media?parent=45"}],"curies":[{"name":"wp","href":"https:\/\/api.w.org\/{rel}","templated":true}]}}