{"id":123,"date":"2016-03-03T11:11:43","date_gmt":"2016-03-03T10:11:43","guid":{"rendered":"http:\/\/trails.cryptomania.cz\/radnice\/?page_id=123"},"modified":"2025-01-22T14:07:28","modified_gmt":"2025-01-22T13:07:28","slug":"o-hre","status":"publish","type":"page","link":"https:\/\/trails.cryptomania.cz\/radnice\/o-hre\/","title":{"rendered":"O h\u0159e"},"content":{"rendered":"<div class=\"row justify-content-center lazyblock-cryptomania-basic-column-Z2oph3K wp-block-lazyblock-cryptomania-basic-column\">\n        <div class=\"col col-lg-10 col-xl-8 col-xxl-8\">\n            <div class=\"row\">\n                \n\n<p class=\"is-style-text-perex text-perex\">K\u0159iv\u00e9 v\u011b\u017ei\u010dky, nepoctiv\u00ed radn\u00ed, brn\u011bnsk\u00fd drak\u2026 \u017de\u00a0to v\u0161echno zn\u00e1te? V\u00fdborn\u011b, proto\u017ee tyhle legendy\u00a0my vypr\u00e1v\u011bt nebudeme. Poj\u010fte se s\u00a0n\u00e1mi na Starou radnici pod\u00edvat z\u00a0t\u011bch m\u00e9n\u011b zn\u00e1m\u00fdch \u00fahl\u016f a\u00a0nakonec i\u00a0na cel\u00e9 Brno z\u00a0pta\u010d\u00edho pohledu! Provedeme v\u00e1s neokoukan\u00fdmi z\u00e1kout\u00edmi t\u00e9to budovy\u00a0a\u00a0budete m\u00edt mo\u017enost ji poznat opravdu neobvykle. Najdete t\u0159eba nejstar\u0161\u00ed obytnou m\u00edstnost v\u00a0are\u00e1lu radnice a\u00a0zjist\u00edte, kdo v\u00a0n\u00ed p\u016fsobil. Spo\u010d\u00edt\u00e1te kolik schod\u016f je t\u0159eba zdolat, aby se p\u0159ed v\u00e1mi objevil panoramatick\u00fd v\u00fdhled na cel\u00e9 Brno.<\/p>\n\n\n            <\/div>\n        <\/div>\n    <\/div>\n\n<div class=\"row justify-content-center lazyblock-cryptomania-basic-column-2pR3pA wp-block-lazyblock-cryptomania-basic-column\">\n        <div class=\"col col-lg-10 col-xl-8 col-xxl-8\">\n            <div class=\"row\">\n                \n<div class=\"col-12 col-lg-6 lazyblock-cryptomania-half-column-1AXhL3 wp-block-lazyblock-cryptomania-half-column\">\n                <div class=\"lazyblock-inner-blocks\">\n\n<h2 class=\"wp-block-heading\"><strong>Jak hra funguje?<\/strong><\/h2>\n\n\n\n<p class=\"\">V\u00a0na\u0161\u00ed h\u0159e se vyd\u00e1te prozkoumat r\u016fzn\u00e1 <strong>z\u00e1kout\u00ed brn\u011bnsk\u00e9 Star\u00e9 radnice<\/strong> a\u00a0objev\u00edte m\u00edsta, kde se tvo\u0159ila na\u0161e sou\u010dasnost.\u00a0V\u00a0<strong>t\u00fdmu o\u00a02\u20135 hr\u00e1\u010d\u00edch<\/strong>\u00a0b\u011bhem n\u00ed projdete nejen r\u016fzn\u00e9 m\u00edstnosti na radnici, ale dostanete se i\u00a0na jej\u00ed v\u011b\u017e.\u00a0Na <strong>7 stanovi\u0161t\u00edch<\/strong>\u00a0se dozv\u00edte n\u011bco m\u00e1lo z\u00a0toho, co v\u0161e se v\u00a0t\u00e9to budov\u011b odehr\u00e1valo. <strong>\u010cekaj\u00ed v\u00e1s\u00a0\u0161ifry, logick\u00e9 \u00falohy a\u00a0z\u00edsk\u00e1v\u00e1n\u00ed hesel.<\/strong><\/p>\n\n\n\n<p class=\"\">V\u017edy po\u00a0zad\u00e1n\u00ed spr\u00e1vn\u00e9ho hesla do online hern\u00edho syst\u00e9mu se dozv\u00edte polohu dal\u0161\u00edho stanovi\u0161t\u011b. Ke h\u0159e tedy pot\u0159ebujete alespo\u0148 jeden\u00a0<strong>telefon s\u00a0p\u0159ipojen\u00edm k\u00a0internetu<\/strong>.<\/p>\n\n\n\n<h2 class=\"wp-block-heading\"><strong>Pro koho je hra ur\u010dena<\/strong><\/h2>\n\n\n\n<p class=\"\">Hra je ur\u010dena pro 2\u20135\u010dlenn\u00e9 t\u00fdmy. Je vhodn\u00e1 pro t\u00fdmy hrav\u00fdch dosp\u011bl\u00fdch.<\/p>\n\n<\/div>\n    <\/div>\n\n<div class=\"col-12 col-lg-6 lazyblock-cryptomania-half-column-1uJ3Jj wp-block-lazyblock-cryptomania-half-column\">\n                <div class=\"lazyblock-inner-blocks\">\n<div class=\"bg-sidebox-light p-4 mb-3 rounded-4 lazyblock-cryptomania-gray-box-1je9Ew wp-block-lazyblock-cryptomania-gray-box\">\n                <div class=\"lazyblock-inner-blocks\">\n\n<figure class=\"wp-block-image size-full\"><a href=\"https:\/\/trails.cryptomania.cz\/radnice\/wp-content\/uploads\/sites\/11\/2025\/01\/tajemstvi-small.png\"><img loading=\"lazy\" decoding=\"async\" width=\"800\" height=\"680\" src=\"https:\/\/trails.cryptomania.cz\/radnice\/wp-content\/uploads\/sites\/11\/2025\/01\/tajemstvi-small.png\" alt=\"\" class=\"wp-image-238\" srcset=\"https:\/\/trails.cryptomania.cz\/radnice\/wp-content\/uploads\/sites\/11\/2025\/01\/tajemstvi-small.png 800w, https:\/\/trails.cryptomania.cz\/radnice\/wp-content\/uploads\/sites\/11\/2025\/01\/tajemstvi-small-300x255.png 300w, https:\/\/trails.cryptomania.cz\/radnice\/wp-content\/uploads\/sites\/11\/2025\/01\/tajemstvi-small-768x653.png 768w\" sizes=\"auto, (max-width: 800px) 100vw, 800px\" \/><\/a><\/figure>\n\n<\/div>\n    <\/div>\n<\/div>\n    <\/div>\n\n            <\/div>\n        <\/div>\n    <\/div>\n\n<div class=\"row justify-content-center lazyblock-cryptomania-text-column-ZV60xA wp-block-lazyblock-cryptomania-text-column\">\n        <div class=\"col col-lg-10 col-xl-8 col-xxl-8\">\n            <div class=\"row\">\n                <div class=\"col-12 col-lg-8 text-bigger mb-3 mt-2\">\n                    \n\n<h2 class=\"wp-block-heading\">Kde hra za\u010d\u00edn\u00e1?<\/h2>\n\n\n\n<p class=\"\">Hra za\u010d\u00edn\u00e1 v Informa\u010dn\u00edm centru pod krokod\u00fdlem, adresa Radnick\u00e1 8, Brno.<\/p>\n\n\n\n<p class=\"\"><\/p>\n\n\n                <\/div>\n            <\/div>\n        <\/div>\n    <\/div>\n\n<div class=\"row justify-content-center lazyblock-cryptomania-basic-column-Z2gBAut wp-block-lazyblock-cryptomania-basic-column\">\n        <div class=\"col col-lg-10 col-xl-8 col-xxl-8\">\n            <div class=\"row\">\n                \n\n<div style='position: relative;'><div title='49.1930422N, 16.6086522E' id='m77305' style='width: 100%; height: 400px;'><\/div><\/div><p class='text-end'><small><a href='https:\/\/mapy.cz\/turisticka?source=coor&id=16.6086522%2C49.1930422&ds=2&x=16.6086522&y=49.1930422&z=17' target='_blank'>Zobrazit na mapy.cz<\/a><\/small><\/p>\n\n\n            <\/div>\n        <\/div>\n    <\/div>\n\n<div class=\"row justify-content-center lazyblock-cryptomania-text-column-peU2o wp-block-lazyblock-cryptomania-text-column\">\n        <div class=\"col col-lg-10 col-xl-8 col-xxl-8\">\n            <div class=\"row\">\n                <div class=\"col-12 col-lg-8 text-bigger mb-3 mt-2\">\n                    \n\n<h2 class=\"wp-block-heading is-style-text-perex\"><strong>Jak dlouho hra trv\u00e1?<\/strong><\/h2>\n\n\n\n<p class=\"\">Hra Tajemstv\u00ed Star\u00e9 radnice obsahuje 7 stanovi\u0161\u0165 a\u00a0nach\u00e1z\u00ed se cel\u00e1 uvnit\u0159 budovy radnice. Mysl\u00edme si, \u017ee hru je mo\u017en\u00e9 zvl\u00e1dnout za cca 1,5 hodiny. Pokud v\u00e1s zaj\u00edm\u00e1, jak hru zvl\u00e1dly ostatn\u00ed t\u00fdmy, pod\u00edvejte se na jejich\u00a0<a href=\"https:\/\/trails.cryptomania.cz\/radnice\/vysledky\">v\u00fdsledky<\/a>.<\/p>\n\n\n                <\/div>\n            <\/div>\n        <\/div>\n    <\/div>\n\n<div class=\"row justify-content-center lazyblock-cryptomania-basic-column-2vqAlN wp-block-lazyblock-cryptomania-basic-column\">\n        <div class=\"col col-lg-10 col-xl-8 col-xxl-8\">\n            <div class=\"row\">\n                \n<div class=\"col-12 col-lg-6 lazyblock-cryptomania-half-column-1obBhV wp-block-lazyblock-cryptomania-half-column\">\n                <div class=\"lazyblock-inner-blocks\">\n\n<h2 class=\"wp-block-heading\">Co je ke h\u0159e pot\u0159eba?<\/h2>\n\n\n\n<ol class=\"wp-block-list\">\n<li>Zakoupit si vstupenku v Informa\u010dn\u00edm centru pod krokod\u00fdlem,<\/li>\n\n\n\n<li>p\u0159e\u010d\u00edst si&nbsp;<a href=\"https:\/\/trails.cryptomania.cz\/radnice\/pravidla-hry\/\">pravidla hry,<\/a><\/li>\n\n\n\n<li>alespo\u0148 1 chytr\u00fd telefon s p\u0159ipojen\u00edm na internet,<\/li>\n\n\n\n<li>psac\u00ed pot\u0159eby,<\/li>\n\n\n\n<li>hern\u00ed materi\u00e1ly (<em>p\u0159e\u010dt\u011bte si v r\u00e1me\u010dku jak\u00e9 a&nbsp;kde<\/em> <em>je z\u00edsk\u00e1te<\/em>),<\/li>\n\n\n\n<li><a href=\"https:\/\/trails.cryptomania.cz\/radnice\/registrace\/\">zaregistrovat t\u00fdm&nbsp;<\/a>do hry.&nbsp;<\/li>\n<\/ol>\n\n<\/div>\n    <\/div>\n\n<div class=\"col-12 col-lg-6 lazyblock-cryptomania-half-column-13oXxC wp-block-lazyblock-cryptomania-half-column\">\n                <div class=\"lazyblock-inner-blocks\">\n<div class=\"bg-sidebox-light p-4 mb-3 rounded-4 lazyblock-cryptomania-gray-box-Z16bvPX wp-block-lazyblock-cryptomania-gray-box\">\n                <div class=\"lazyblock-inner-blocks\">\n\n<h2 class=\"wp-block-heading\">Kde z\u00edsk\u00e1te hern\u00ed materi\u00e1ly?<\/h2>\n\n\n\n<ul class=\"wp-block-list\">\n<li>V&nbsp;<a href=\"https:\/\/www.gotobrno.cz\/informacni-centra\/informacni-centrum-pod-krokodylem\/\" target=\"_blank\" rel=\"noreferrer noopener\">Informa\u010dn\u00edm centru pod krokod\u00fdlem<\/a>,<br>(Radnick\u00e1 8, Brno)<\/li>\n<\/ul>\n\n\n\n<h2 class=\"wp-block-heading\">Co obsahuj\u00ed?<\/h2>\n\n\n\n<ul class=\"wp-block-list\">\n<li><strong>Hern\u00ed bro\u017euru<\/strong>&nbsp;s&nbsp;pravidly a&nbsp;podklady k jednotliv\u00fdm \u00fakol\u016fm.<\/li>\n<\/ul>\n\n<\/div>\n    <\/div>\n<\/div>\n    <\/div>\n\n            <\/div>\n        <\/div>\n    <\/div>\n\n<div class=\"row justify-content-center lazyblock-cryptomania-text-column-Z11tbEf wp-block-lazyblock-cryptomania-text-column\">\n        <div class=\"col col-lg-10 col-xl-8 col-xxl-8\">\n            <div class=\"row\">\n                <div class=\"col-12 col-lg-8 text-bigger mb-3 mt-2\">\n                    \n\n<h2 class=\"wp-block-heading\">Kdo hru vytvo\u0159il?<\/h2>\n\n\n\n<p class=\"\">Origin\u00e1ln\u00ed \u0161ifrovac\u00ed hru pro v\u00e1s p\u0159ipravilo <a href=\"https:\/\/www.ticbrno.cz\/\" target=\"_blank\" rel=\"noreferrer noopener\">TIC Brno<\/a>&nbsp;ve spolupr\u00e1ci s&nbsp;<a href=\"https:\/\/www.cryptomania.cz\/\">Cryptomania s.r.o.<\/a><\/p>\n\n\n\n<p class=\"\">Pokud m\u00e1te ohledn\u011b hry n\u011bjak\u00e9 ot\u00e1zky, nev\u00e1hejte&nbsp;<a href=\"https:\/\/trails.cryptomania.cz\/radnice\/kontakt\/\">n\u00e1s kontaktovat<\/a>.<\/p>\n\n\n\n<p class=\"\">P\u0159ejeme p\u0159\u00edjemnou hru!<\/p>\n\n\n                <\/div>\n            <\/div>\n        <\/div>\n    <\/div>\n\n\n<p class=\"\"><\/p>\n","protected":false},"excerpt":{"rendered":"","protected":false},"author":1,"featured_media":0,"parent":0,"menu_order":0,"comment_status":"closed","ping_status":"closed","template":"","meta":{"footnotes":""},"class_list":["post-123","page","type-page","status-publish","hentry"],"_links":{"self":[{"href":"https:\/\/trails.cryptomania.cz\/radnice\/wp-json\/wp\/v2\/pages\/123","targetHints":{"allow":["GET"]}}],"collection":[{"href":"https:\/\/trails.cryptomania.cz\/radnice\/wp-json\/wp\/v2\/pages"}],"about":[{"href":"https:\/\/trails.cryptomania.cz\/radnice\/wp-json\/wp\/v2\/types\/page"}],"author":[{"embeddable":true,"href":"https:\/\/trails.cryptomania.cz\/radnice\/wp-json\/wp\/v2\/users\/1"}],"replies":[{"embeddable":true,"href":"https:\/\/trails.cryptomania.cz\/radnice\/wp-json\/wp\/v2\/comments?post=123"}],"version-history":[{"count":35,"href":"https:\/\/trails.cryptomania.cz\/radnice\/wp-json\/wp\/v2\/pages\/123\/revisions"}],"predecessor-version":[{"id":284,"href":"https:\/\/trails.cryptomania.cz\/radnice\/wp-json\/wp\/v2\/pages\/123\/revisions\/284"}],"wp:attachment":[{"href":"https:\/\/trails.cryptomania.cz\/radnice\/wp-json\/wp\/v2\/media?parent=123"}],"curies":[{"name":"wp","href":"https:\/\/api.w.org\/{rel}","templated":true}]}}