{"id":9,"date":"2024-01-18T09:25:54","date_gmt":"2024-01-18T08:25:54","guid":{"rendered":"https:\/\/trails.cryptomania.cz\/pripravbrno\/?page_id=9"},"modified":"2024-03-28T12:34:23","modified_gmt":"2024-03-28T11:34:23","slug":"kontakt","status":"publish","type":"page","link":"https:\/\/trails.cryptomania.cz\/pripravbrno\/kontakt\/","title":{"rendered":"Kontakt"},"content":{"rendered":"<div class=\"lazyblock-cryptorace-perex-1b9Wq3 wp-block-lazyblock-cryptorace-perex\"><div class=\"row mb-4\">\n    <div class=\"col col-lg-10 col-xxl-8 offset-lg-1 offset-xxl-2 text-perex\">\n        <p>Hru pro v\u00e1s s l\u00e1skou p\u0159ipravili lid\u00e9 z <a href=\"http:\/\/priprav.brno.cz\" target=\"_blank\" rel=\"noreferrer noopener\">Odd\u011blen\u00ed motiva\u010dn\u00edch program\u016f Odboru \u017eivotn\u00edho prost\u0159ed\u00ed Magistr\u00e1tu<\/a><a href=\"http:\/\/priprav.brno.cz\"> m\u011bsta Brna<\/a> a\u00a0<a href=\"https:\/\/www.cryptomania.cz\/\">Cryptomania<\/a>.<\/p><p><strong>Provozovatel hry <\/strong>v\u00e1m pom\u016f\u017ee s ot\u00e1zkami na otev\u00edrac\u00ed dobu m\u00edst pro v\u00fddej hern\u00edch materi\u00e1l\u016f \u010di pokud naraz\u00edte na chyb\u011bj\u00edc\u00ed hern\u00ed prvek (odvezli kostel, chyb\u00ed cedulka apod.). <\/p><p><strong>Auto\u0159i hry<\/strong> ocen\u00ed p\u0159ipom\u00ednky k \u0161ifr\u00e1m nebo\u00a0zp\u011btnou vazbu ke h\u0159e.<\/p>    <\/div>\n<\/div>\n<\/div>\n\n<div class=\"lazyblock-cryptorace-contact-ZrNaNQ wp-block-lazyblock-cryptorace-contact\"><div class=\"row mt-3 row justify-content-center\">\n    <div class=\"col-12 col-md-4 col-lg-4 col-xxl-3\">\n        <h2 class=\"mb-3\">Provozovatel hry<\/h2>\n        <ul>\n            <li><strong>Odd\u011blen\u00ed motiva\u010dn\u00edch program\u016f <br\/>Odbor \u017eivotn\u00edho prost\u0159ed\u00ed <br\/>Magistr\u00e1t m\u011bsta Brna <\/strong><\/li>\n            <li><i class=\"fa-solid fa-phone-volume\"><\/i> &nbsp; <a\n                        href=\"tel:+420 542 174 341\">+420 542 174 341<\/a>\n            <\/li>\n            <li><i class=\"fa-regular fa-envelope\"><\/i> &nbsp; <a\n                        href=\"mailto:kostal.martin@brno.cz\">kostal.martin@brno.cz<\/a>\n            <\/li>\n        <\/ul>\n    <\/div>\n    <div class=\"col col-md-8 col-lg-6 col-xxl-5 text-center border-bottom pt-5\">\n        <img decoding=\"async\" src=\"https:\/\/trails.cryptomania.cz\/pripravbrno\/wp-content\/uploads\/sites\/104\/2024\/03\/logo-pripravbrno.png\"\n                 alt=\"Odd\u011blen\u00ed motiva\u010dn\u00edch program\u016f <br\/>Odbor \u017eivotn\u00edho prost\u0159ed\u00ed <br\/>Magistr\u00e1t m\u011bsta Brna &#8220; title=&#8220;Odd\u011blen\u00ed motiva\u010dn\u00edch program\u016f <br\/>Odbor \u017eivotn\u00edho prost\u0159ed\u00ed <br\/>Magistr\u00e1t m\u011bsta Brna &#8220;\n                 class=&#8220;img-fluid&#8220; style=&#8220;max-height: 400px;&#8220;>\n    <\/div>\n<\/div>\n<\/div>\n\n<div class=\"lazyblock-cryptorace-text-Z2bCANL wp-block-lazyblock-cryptorace-text\"><div class=\"row\">\n    <div class=\"col col-md-7 col-lg-6 col-xxl-5 offset-lg-1 offset-xxl-2\">\n            <\/div>\n<\/div>\n<\/div>\n\n<div class=\"lazyblock-cryptorace-contact-1U9YPW wp-block-lazyblock-cryptorace-contact\"><div class=\"row mt-3 row justify-content-center\">\n    <div class=\"col-12 col-md-4 col-lg-4 col-xxl-3\">\n        <h2 class=\"mb-3\">Auto\u0159i hry<\/h2>\n        <ul>\n            <li><strong>t\u00fdm Cryptomania<\/strong><\/li>\n            <li><i class=\"fa-solid fa-phone-volume\"><\/i> &nbsp; <a\n                        href=\"tel:+420 773 723 443\">+420 773 723 443<\/a>\n            <\/li>\n            <li><i class=\"fa-regular fa-envelope\"><\/i> &nbsp; <a\n                        href=\"mailto:hry@cryptomania.cz\">hry@cryptomania.cz<\/a>\n            <\/li>\n        <\/ul>\n    <\/div>\n    <div class=\"col col-md-8 col-lg-6 col-xxl-5 text-center border-bottom pt-5\">\n        <img decoding=\"async\" src=\"https:\/\/trails.cryptomania.cz\/pripravbrno\/wp-content\/uploads\/sites\/104\/2024\/03\/cryptoteam.png\"\n                 alt=\"t\u00fdm Cryptomania\" title=\"t\u00fdm Cryptomania\"\n                 class=\"img-fluid\" style=\"max-height: 400px;\">\n    <\/div>\n<\/div>\n<\/div>","protected":false},"excerpt":{"rendered":"","protected":false},"author":1,"featured_media":0,"parent":0,"menu_order":0,"comment_status":"closed","ping_status":"closed","template":"","meta":{"footnotes":""},"class_list":["post-9","page","type-page","status-publish","hentry"],"_links":{"self":[{"href":"https:\/\/trails.cryptomania.cz\/pripravbrno\/wp-json\/wp\/v2\/pages\/9","targetHints":{"allow":["GET"]}}],"collection":[{"href":"https:\/\/trails.cryptomania.cz\/pripravbrno\/wp-json\/wp\/v2\/pages"}],"about":[{"href":"https:\/\/trails.cryptomania.cz\/pripravbrno\/wp-json\/wp\/v2\/types\/page"}],"author":[{"embeddable":true,"href":"https:\/\/trails.cryptomania.cz\/pripravbrno\/wp-json\/wp\/v2\/users\/1"}],"replies":[{"embeddable":true,"href":"https:\/\/trails.cryptomania.cz\/pripravbrno\/wp-json\/wp\/v2\/comments?post=9"}],"version-history":[{"count":6,"href":"https:\/\/trails.cryptomania.cz\/pripravbrno\/wp-json\/wp\/v2\/pages\/9\/revisions"}],"predecessor-version":[{"id":179,"href":"https:\/\/trails.cryptomania.cz\/pripravbrno\/wp-json\/wp\/v2\/pages\/9\/revisions\/179"}],"wp:attachment":[{"href":"https:\/\/trails.cryptomania.cz\/pripravbrno\/wp-json\/wp\/v2\/media?parent=9"}],"curies":[{"name":"wp","href":"https:\/\/api.w.org\/{rel}","templated":true}]}}