{"id":25,"date":"2024-01-18T09:27:31","date_gmt":"2024-01-18T08:27:31","guid":{"rendered":"https:\/\/trails.cryptomania.cz\/pripravbrno\/?page_id=25"},"modified":"2024-03-13T14:38:48","modified_gmt":"2024-03-13T13:38:48","slug":"prihlaseni","status":"publish","type":"page","link":"https:\/\/trails.cryptomania.cz\/pripravbrno\/","title":{"rendered":"P\u0159ihl\u00e1\u0161en\u00ed"},"content":{"rendered":"","protected":false},"excerpt":{"rendered":"","protected":false},"author":1,"featured_media":0,"parent":0,"menu_order":0,"comment_status":"closed","ping_status":"closed","template":"template-parts\/page-login.php","meta":{"footnotes":""},"class_list":["post-25","page","type-page","status-publish","hentry"],"_links":{"self":[{"href":"https:\/\/trails.cryptomania.cz\/pripravbrno\/wp-json\/wp\/v2\/pages\/25","targetHints":{"allow":["GET"]}}],"collection":[{"href":"https:\/\/trails.cryptomania.cz\/pripravbrno\/wp-json\/wp\/v2\/pages"}],"about":[{"href":"https:\/\/trails.cryptomania.cz\/pripravbrno\/wp-json\/wp\/v2\/types\/page"}],"author":[{"embeddable":true,"href":"https:\/\/trails.cryptomania.cz\/pripravbrno\/wp-json\/wp\/v2\/users\/1"}],"replies":[{"embeddable":true,"href":"https:\/\/trails.cryptomania.cz\/pripravbrno\/wp-json\/wp\/v2\/comments?post=25"}],"version-history":[{"count":2,"href":"https:\/\/trails.cryptomania.cz\/pripravbrno\/wp-json\/wp\/v2\/pages\/25\/revisions"}],"predecessor-version":[{"id":72,"href":"https:\/\/trails.cryptomania.cz\/pripravbrno\/wp-json\/wp\/v2\/pages\/25\/revisions\/72"}],"wp:attachment":[{"href":"https:\/\/trails.cryptomania.cz\/pripravbrno\/wp-json\/wp\/v2\/media?parent=25"}],"curies":[{"name":"wp","href":"https:\/\/api.w.org\/{rel}","templated":true}]}}