{"id":13,"date":"2024-01-18T09:26:13","date_gmt":"2024-01-18T08:26:13","guid":{"rendered":"https:\/\/trails.cryptomania.cz\/pripravbrno\/?page_id=13"},"modified":"2024-04-04T14:53:00","modified_gmt":"2024-04-04T12:53:00","slug":"o-hre","status":"publish","type":"page","link":"https:\/\/trails.cryptomania.cz\/pripravbrno\/o-hre\/","title":{"rendered":"O h\u0159e"},"content":{"rendered":"<div class=\"lazyblock-cryptorace-perex-Z238L7w wp-block-lazyblock-cryptorace-perex\"><div class=\"row mb-4\">\n    <div class=\"col col-lg-10 col-xxl-8 offset-lg-1 offset-xxl-2 text-perex\">\n        <p>Veronika, B\u00e1ra a Martin jsou kamar\u00e1di a dneska odpoledne se vyd\u00e1vaj\u00ed na \u0161ifrovac\u00ed hru, kterou jim doporu\u010dila B\u00e1\u0159ina teta. Hra je pr\u00fd o tom, jak se Brno p\u0159izp\u016fsobuje klimatick\u00e9 zm\u011bn\u011b a tohle t\u00e9ma je v\u0161echny t\u0159i dost zaj\u00edm\u00e1. U\u017e jen proto, \u017ee v Brn\u011b \u017eij\u00ed. Poj\u010fte se i vy spolu s nimi proj\u00edt  od Technologick\u00e9ho parku do Medl\u00e1nek a p\u0159i tom se z\u00e1bavnou a hravou cestou dozv\u011bd\u011bt spoustu zaj\u00edmav\u00fdch v\u011bc\u00ed. V\u011bd\u011bli jste t\u0159eba, \u017ee si m\u016f\u017eete adoptovat strom? Nebo \u017ee existuje mapa tmy v Brn\u011b? M\u016f\u017eeme sl\u00edbit, \u017ee nuda to rozhodn\u011b nebude!<\/p>    <\/div>\n<\/div>\n<\/div>\n\n<div class=\"lazyblock-cryptorace-two-cols-box-2qe6LC wp-block-lazyblock-cryptorace-two-cols-box\"><div class=\"row mb-3\">\n    <div class=\"col col-md-6 col-lg-5 col-xxl-4 offset-lg-1 offset-xxl-2\">\n        <h2>Jak hra funguje?<\/h2>\n<p>V na\u0161\u00ed h\u0159e se vyd\u00e1te prozkoumat, <strong>jak je Brno p\u0159ipraveno na klimatick\u00e9 zm\u011bny<\/strong>.&nbsp;<strong>V t\u00fdmu o 2\u20135 hr\u00e1\u010d\u00edch&nbsp;<\/strong>b\u011bhem n\u00ed projdete okol\u00ed Medl\u00e1neck\u00e9ho kopce. <strong>Na 6 stanovi\u0161t\u00edch<\/strong> se dozv\u00edte, co v\u0161e d\u011bl\u00e1 m\u011bsto Brno pro to, aby se n\u00e1m zde \u017eilo dob\u0159e i v p\u0159\u00ed\u0161t\u00edch letech, a co m\u016f\u017eete d\u011blat vy. \u010cekaj\u00ed v\u00e1s <strong>\u0161ifry, logick\u00e9 \u00falohy a&nbsp;z\u00edsk\u00e1v\u00e1n\u00ed hesel<\/strong>.<\/p>\n<p>V\u017edy po zad\u00e1n\u00ed spr\u00e1vn\u00e9ho hesla do online hern\u00edho syst\u00e9mu se dozv\u00edte polohu dal\u0161\u00edho stanovi\u0161t\u011b. Ke h\u0159e tedy pot\u0159ebujete alespo\u0148 jeden <strong>telefon s p\u0159ipojen\u00edm k internetu<\/strong>.<\/p>\n<h2>Pro koho je ur\u010dena?<\/h2>\n<p><strong>Hra je ur\u010dena pro 2\u20135\u010dlenn\u00e9 t\u00fdmy. Je vhodn\u00e1 jak pro t\u00fdmy hrav\u00fdch dosp\u011bl\u00fdch, tak pro rodiny s d\u011btmi.<\/strong> Naplno si ji u\u017eij\u00ed d\u011bti cca od 10 let.<\/p>\n<p>V p\u0159\u00edpad\u011b, \u017ee hru bude hr\u00e1t t\u00fdm d\u011bt\u00ed bez dosp\u011bl\u00fdch, doporu\u010dujeme ji d\u011btem asi od 14 let.&nbsp;<\/p>    <\/div>\n    <div class=\"col-12 col-md-6 col-lg-5 col-xxl-4\">\n        <div class=\"bg-box1 p-4 mb-3\">\n            <p><img loading=\"lazy\" decoding=\"async\" width=\"1210\" height=\"1028\" class=\"alignnone size-full wp-image-171 img-fluid\" src=\"https:\/\/trails.cryptomania.cz\/pripravbrno\/wp-content\/uploads\/sites\/104\/2024\/03\/pripravbrno-obrazek-mobil-a-herni-brozura-do-systemu.png\" alt=\"\" srcset=\"https:\/\/trails.cryptomania.cz\/pripravbrno\/wp-content\/uploads\/sites\/104\/2024\/03\/pripravbrno-obrazek-mobil-a-herni-brozura-do-systemu.png 1210w, https:\/\/trails.cryptomania.cz\/pripravbrno\/wp-content\/uploads\/sites\/104\/2024\/03\/pripravbrno-obrazek-mobil-a-herni-brozura-do-systemu-300x255.png 300w, https:\/\/trails.cryptomania.cz\/pripravbrno\/wp-content\/uploads\/sites\/104\/2024\/03\/pripravbrno-obrazek-mobil-a-herni-brozura-do-systemu-1024x870.png 1024w, https:\/\/trails.cryptomania.cz\/pripravbrno\/wp-content\/uploads\/sites\/104\/2024\/03\/pripravbrno-obrazek-mobil-a-herni-brozura-do-systemu-768x652.png 768w\" sizes=\"auto, (max-width: 1210px) 100vw, 1210px\" \/><\/p>        <\/div>\n    <\/div>\n<\/div>\n<\/div>\n\n<div class=\"lazyblock-cryptorace-text-X3M4d wp-block-lazyblock-cryptorace-text\"><div class=\"row\">\n    <div class=\"col col-md-7 col-lg-6 col-xxl-5 offset-lg-1 offset-xxl-2\">\n        <h2>Kde hra za\u010d\u00edn\u00e1?<\/h2>\n<p><!-- \/wp:heading --> <!-- wp:paragraph --><\/p>\n<p>Hra za\u010d\u00edn\u00e1 v Technologick\u00e9m parku u jez\u00edrka, adresa Purky\u0148ova 646\/107, Brno.<\/p>    <\/div>\n<\/div>\n<\/div>\n\n<div class=\"lazyblock-cryptorace-perex-1i24mH wp-block-lazyblock-cryptorace-perex\"><div class=\"row mb-4\">\n    <div class=\"col col-lg-10 col-xxl-8 offset-lg-1 offset-xxl-2 text-perex\">\n        <div style='position: relative;'><div title='49.2303892\u00b0N, 16.5767903\u00b0E' id='m15122' style='width: 100%; height: 400px;'><\/div><\/div><p class='text-end'><small><a href='https:\/\/mapy.cz\/turisticka?source=coor&id=16.5767903%2C49.2303892&ds=2&x=16.5767903&y=49.2303892&z=17' target='_blank'>Zobrazit na mapy.cz<\/a><\/small><\/p>    <\/div>\n<\/div>\n<\/div>\n\n<div class=\"lazyblock-cryptorace-two-cols-box-2rQczA wp-block-lazyblock-cryptorace-two-cols-box\"><div class=\"row mb-3\">\n    <div class=\"col col-md-6 col-lg-5 col-xxl-4 offset-lg-1 offset-xxl-2\">\n        <h2>Jak dlouho hra trv\u00e1?<\/h2>\n<p><!-- \/wp:heading -->\n\n<!-- wp:paragraph --><\/p>\n<p>Hra P\u0159iprav Brno obsahuje 6 stanovi\u0161\u0165&nbsp; a m\u00e1 d\u00e9lku 2,5 km. Mysl\u00edme si, \u017ee hru je mo\u017en\u00e9 zvl\u00e1dnout za dv\u011b hodiny. Pokud v\u00e1s zaj\u00edm\u00e1, jak hru zvl\u00e1dly ostatn\u00ed t\u00fdmy, pod\u00edvejte se na jejich <a href=\"https:\/\/trails.cryptomania.cz\/pripravbrno\/vysledky-tymu\/\">v\u00fdsledky<\/a>.<\/p>\n<h2>Co je ke h\u0159e pot\u0159eba?<\/h2>\n<ol>\n<li>Zakoupit hru na <a href=\"https:\/\/www.brnoid.cz\/cs\/vzmb-sifrovaci-hra\" target=\"_blank\" rel=\"noopener\"><strong>webu BrnoID<\/strong><\/a> (<em>cel\u00fd v\u00fdt\u011b\u017eek z po\u0159\u00edzen\u00ed hry bude vyu\u017eit na speci\u00e1ln\u00ed \u00fadr\u017ebu strom\u016f prov\u00e1d\u011bnou Ve\u0159ejnou zelen\u00ed m\u011bsta Brna<\/em>),<\/li>\n<li>p\u0159e\u010d\u00edst si <a href=\"https:\/\/trails.cryptomania.cz\/pripravbrno\/pravidla\/\">pravidla hry,<\/a><\/li>\n<li>m\u00edt v t\u00fdmu alespo\u0148 1 chytr\u00fd telefon s p\u0159ipojen\u00edm na internet,<\/li>\n<li>vz\u00edt si s sebou psac\u00ed pot\u0159eby,<\/li>\n<li>vyzvednout si hern\u00ed bro\u017euru (<em>p\u0159e\u010dt\u011bte si v r\u00e1me\u010dku kde<\/em>).<\/li>\n<\/ol>    <\/div>\n    <div class=\"col-12 col-md-6 col-lg-5 col-xxl-4\">\n        <div class=\"bg-box1 p-4 mb-3\">\n            <h2>Kde hru zakoup\u00edte?<\/h2>\n<ul>\n<li>Hru mus\u00edte zakoupit na <a href=\"https:\/\/www.brnoid.cz\/cs\/vzmb-sifrovaci-hra\" target=\"_blank\" rel=\"noopener\">webu BrnoID<\/a>. Cel\u00fd v\u00fdt\u011b\u017eek z po\u0159\u00edzen\u00ed hry bude vyu\u017eit na speci\u00e1ln\u00ed \u00fadr\u017ebu strom\u016f prov\u00e1d\u011bnou Ve\u0159ejnou zelen\u00ed m\u011bsta Brna.<\/li>\n<\/ul>\n<h2>Kde vyzvednete hern\u00ed bro\u017euru?<\/h2>\n<ul>\n<li><strong>V pracovn\u00edch dnech mezi 7:00\u201319:00:<\/strong> na recepci Technologick\u00e9ho parku<br \/>(Purky\u0148ova 646\/107, Brno \u2013 <a href=\"https:\/\/mapy.cz\/s\/gumugemaza\" target=\"_blank\" rel=\"noopener\">mapa<\/a>).<\/li>\n<li><strong>O v\u00edkendu a sv\u00e1tc\u00edch:<\/strong> z ozna\u010den\u00e9 plechov\u00e9 bedny u jez\u00edrka vedle cedule t\u00fdkaj\u00edc\u00ed se krmen\u00ed kachen (jdete-li kolem jez\u00edrka sm\u011brem k IBM, tak na druh\u00e9 stran\u011b p\u0159\u00edtoku, vpravo).&nbsp;<\/li>\n<li>V TIC na ulici N\u00e1dra\u017en\u00ed, Radni\u010dn\u00ed \u010di Panensk\u00e9, v\u017edy v jejich otev\u00edrac\u00ed dob\u011b.<\/li>\n<\/ul>        <\/div>\n    <\/div>\n<\/div>\n<\/div>\n\n<div class=\"lazyblock-cryptorace-text-lzcro wp-block-lazyblock-cryptorace-text\"><div class=\"row\">\n    <div class=\"col col-md-7 col-lg-6 col-xxl-5 offset-lg-1 offset-xxl-2\">\n        <h2>Kdo hru vytvo\u0159il?<\/h2>\n<p><!-- \/wp:heading -->\n\n<!-- wp:paragraph --><\/p>\n<p>Origin\u00e1ln\u00ed \u0161ifrovac\u00ed hru pro v\u00e1s p\u0159ipravil <a href=\"https:\/\/priprav.brno.cz\/\" target=\"_blank\" rel=\"noopener\">Odbor motiva\u010dn\u00edch program\u016f Odd\u011blen\u00ed \u017eivotn\u00edho prost\u0159ed\u00ed Magistr\u00e1tu m\u011bsta Brna<\/a> ve spolupr\u00e1ci s <a href=\"https:\/\/www.cryptomania.cz\/\">Cryptomania s.r.o.<\/a><\/p>\n<p><!-- \/wp:paragraph -->\n\n<!-- wp:paragraph --><\/p>\n<p>Pokud m\u00e1te ohledn\u011b hry n\u011bjak\u00e9 ot\u00e1zky, nev\u00e1hejte <a href=\"https:\/\/trails.cryptomania.cz\/pripravbrno\/kontakt\/\">n\u00e1s kontaktovat<\/a>.<\/p>\n<p><!-- \/wp:paragraph -->\n\n<!-- wp:paragraph --><\/p>\n<p style=\"text-align: left;\">U\u017eijte si lu\u0161t\u011bn\u00ed!<\/p>    <\/div>\n<\/div>\n<\/div>","protected":false},"excerpt":{"rendered":"","protected":false},"author":1,"featured_media":0,"parent":0,"menu_order":0,"comment_status":"closed","ping_status":"closed","template":"","meta":{"footnotes":""},"class_list":["post-13","page","type-page","status-publish","hentry"],"_links":{"self":[{"href":"https:\/\/trails.cryptomania.cz\/pripravbrno\/wp-json\/wp\/v2\/pages\/13","targetHints":{"allow":["GET"]}}],"collection":[{"href":"https:\/\/trails.cryptomania.cz\/pripravbrno\/wp-json\/wp\/v2\/pages"}],"about":[{"href":"https:\/\/trails.cryptomania.cz\/pripravbrno\/wp-json\/wp\/v2\/types\/page"}],"author":[{"embeddable":true,"href":"https:\/\/trails.cryptomania.cz\/pripravbrno\/wp-json\/wp\/v2\/users\/1"}],"replies":[{"embeddable":true,"href":"https:\/\/trails.cryptomania.cz\/pripravbrno\/wp-json\/wp\/v2\/comments?post=13"}],"version-history":[{"count":15,"href":"https:\/\/trails.cryptomania.cz\/pripravbrno\/wp-json\/wp\/v2\/pages\/13\/revisions"}],"predecessor-version":[{"id":193,"href":"https:\/\/trails.cryptomania.cz\/pripravbrno\/wp-json\/wp\/v2\/pages\/13\/revisions\/193"}],"wp:attachment":[{"href":"https:\/\/trails.cryptomania.cz\/pripravbrno\/wp-json\/wp\/v2\/media?parent=13"}],"curies":[{"name":"wp","href":"https:\/\/api.w.org\/{rel}","templated":true}]}}