{"id":87,"date":"2018-06-27T14:24:11","date_gmt":"2018-06-27T12:24:11","guid":{"rendered":"https:\/\/trails.cryptomania.cz\/plotni\/?page_id=87"},"modified":"2020-10-05T13:37:05","modified_gmt":"2020-10-05T11:37:05","slug":"vysledky-tymu","status":"publish","type":"page","link":"https:\/\/trails.cryptomania.cz\/plotni\/vysledky-tymu\/","title":{"rendered":"V\u00fdsledky t\u00fdm\u016f"},"content":{"rendered":"","protected":false},"excerpt":{"rendered":"","protected":false},"author":1,"featured_media":0,"parent":0,"menu_order":0,"comment_status":"closed","ping_status":"closed","template":"template-parts\/page-results-light.php","meta":{"footnotes":""},"class_list":["post-87","page","type-page","status-publish","hentry"],"_links":{"self":[{"href":"https:\/\/trails.cryptomania.cz\/plotni\/wp-json\/wp\/v2\/pages\/87","targetHints":{"allow":["GET"]}}],"collection":[{"href":"https:\/\/trails.cryptomania.cz\/plotni\/wp-json\/wp\/v2\/pages"}],"about":[{"href":"https:\/\/trails.cryptomania.cz\/plotni\/wp-json\/wp\/v2\/types\/page"}],"author":[{"embeddable":true,"href":"https:\/\/trails.cryptomania.cz\/plotni\/wp-json\/wp\/v2\/users\/1"}],"replies":[{"embeddable":true,"href":"https:\/\/trails.cryptomania.cz\/plotni\/wp-json\/wp\/v2\/comments?post=87"}],"version-history":[{"count":5,"href":"https:\/\/trails.cryptomania.cz\/plotni\/wp-json\/wp\/v2\/pages\/87\/revisions"}],"predecessor-version":[{"id":172,"href":"https:\/\/trails.cryptomania.cz\/plotni\/wp-json\/wp\/v2\/pages\/87\/revisions\/172"}],"wp:attachment":[{"href":"https:\/\/trails.cryptomania.cz\/plotni\/wp-json\/wp\/v2\/media?parent=87"}],"curies":[{"name":"wp","href":"https:\/\/api.w.org\/{rel}","templated":true}]}}