{"id":35,"date":"2022-08-03T08:18:14","date_gmt":"2022-08-03T06:18:14","guid":{"rendered":"https:\/\/trails.cryptomania.cz\/neratov\/?page_id=35"},"modified":"2023-10-02T10:53:52","modified_gmt":"2023-10-02T08:53:52","slug":"kontakt","status":"publish","type":"page","link":"https:\/\/trails.cryptomania.cz\/neratov\/kontakt\/","title":{"rendered":"Kontakt"},"content":{"rendered":"<div class=\"lazyblock-cryptorace-perex-22OJR5 wp-block-lazyblock-cryptorace-perex\"><div class=\"row mb-4\">\n    <div class=\"col col-lg-10 col-xxl-8 offset-lg-1 offset-xxl-2 text-perex\">\n        <p>Hru pro v\u00e1s s l\u00e1skou p\u0159ipravili lid\u00e9 z <a href=\"https:\/\/www.neratov-novinsko.cz\/\" data-type=\"link\" data-id=\"https:\/\/www.neratov-novinsko.cz\/\" target=\"_blank\" rel=\"noreferrer noopener\">Neratova<\/a> a\u00a0<a href=\"https:\/\/www.cryptomania.cz\/\">Cryptomania<\/a>.<\/p><p><strong>Provozovatel hry <\/strong>v\u00e1m pom\u016f\u017ee s ot\u00e1zkami na otev\u00edrac\u00ed dobu m\u00edst pro v\u00fddej hern\u00edch materi\u00e1l\u016f \u010di pokud naraz\u00edte na chyb\u011bj\u00edc\u00ed hern\u00ed prvek (odvezli kostel, chyb\u00ed cedulka apod.). <strong>Auto\u0159i hry<\/strong> ocen\u00ed p\u0159ipom\u00ednky k \u0161ifr\u00e1m nebo\u00a0zp\u011btnou vazbu ke h\u0159e.<\/p>    <\/div>\n<\/div>\n<\/div>\n\n<div class=\"lazyblock-cryptorace-contact-Zl9xb0 wp-block-lazyblock-cryptorace-contact\"><div class=\"row mt-3 row justify-content-center\">\n    <div class=\"col-12 col-md-4 col-lg-4 col-xxl-3\">\n        <h2 class=\"mb-3\">Provozovatel hry<\/h2>\n        <ul>\n            <li><strong>obec Neratov<\/strong><\/li>\n            <li><i class=\"fa-solid fa-phone-volume\"><\/i> &nbsp; <a\n                        href=\"tel:+420 606 660 241\">+420 606 660 241<\/a>\n            <\/li>\n            <li><i class=\"fa-regular fa-envelope\"><\/i> &nbsp; <a\n                        href=\"mailto:obec@neratov-novinsko.cz\">obec@neratov-novinsko.cz<\/a>\n            <\/li>\n        <\/ul>\n    <\/div>\n    <div class=\"col col-md-8 col-lg-6 col-xxl-5 text-center border-bottom pt-5\">\n        <img decoding=\"async\" src=\"https:\/\/trails.cryptomania.cz\/neratov\/wp-content\/uploads\/sites\/87\/2023\/10\/Neratov-ZNAK1.png\"\n                 alt=\"obec Neratov\" title=\"obec Neratov\"\n                 class=\"img-fluid\" style=\"max-height: 400px;\">\n    <\/div>\n<\/div>\n<\/div>\n\n<div class=\"lazyblock-cryptorace-text-2mTTXt wp-block-lazyblock-cryptorace-text\"><div class=\"row\">\n    <div class=\"col col-md-7 col-lg-6 col-xxl-5 offset-lg-1 offset-xxl-2\">\n            <\/div>\n<\/div>\n<\/div>\n\n<div class=\"lazyblock-cryptorace-contact-Z2hnrLh wp-block-lazyblock-cryptorace-contact\"><div class=\"row mt-3 row justify-content-center\">\n    <div class=\"col-12 col-md-4 col-lg-4 col-xxl-3\">\n        <h2 class=\"mb-3\">Auto\u0159i hry<\/h2>\n        <ul>\n            <li><strong>T\u00fdm Cryptomania<\/strong><\/li>\n            <li><i class=\"fa-solid fa-phone-volume\"><\/i> &nbsp; <a\n                        href=\"tel:+420 773 723 443\">+420 773 723 443<\/a>\n            <\/li>\n            <li><i class=\"fa-regular fa-envelope\"><\/i> &nbsp; <a\n                        href=\"mailto:hry@cryptomania.cz\">hry@cryptomania.cz<\/a>\n            <\/li>\n        <\/ul>\n    <\/div>\n    <div class=\"col col-md-8 col-lg-6 col-xxl-5 text-center border-bottom pt-5\">\n        <img decoding=\"async\" src=\"https:\/\/trails.cryptomania.cz\/neratov\/wp-content\/uploads\/sites\/87\/2023\/10\/cryptoteam.png\"\n                 alt=\"T\u00fdm Cryptomania\" title=\"T\u00fdm Cryptomania\"\n                 class=\"img-fluid\" style=\"max-height: 400px;\">\n    <\/div>\n<\/div>\n<\/div>","protected":false},"excerpt":{"rendered":"","protected":false},"author":1,"featured_media":0,"parent":0,"menu_order":0,"comment_status":"closed","ping_status":"closed","template":"","meta":{"footnotes":""},"class_list":["post-35","page","type-page","status-publish","hentry"],"_links":{"self":[{"href":"https:\/\/trails.cryptomania.cz\/neratov\/wp-json\/wp\/v2\/pages\/35","targetHints":{"allow":["GET"]}}],"collection":[{"href":"https:\/\/trails.cryptomania.cz\/neratov\/wp-json\/wp\/v2\/pages"}],"about":[{"href":"https:\/\/trails.cryptomania.cz\/neratov\/wp-json\/wp\/v2\/types\/page"}],"author":[{"embeddable":true,"href":"https:\/\/trails.cryptomania.cz\/neratov\/wp-json\/wp\/v2\/users\/1"}],"replies":[{"embeddable":true,"href":"https:\/\/trails.cryptomania.cz\/neratov\/wp-json\/wp\/v2\/comments?post=35"}],"version-history":[{"count":5,"href":"https:\/\/trails.cryptomania.cz\/neratov\/wp-json\/wp\/v2\/pages\/35\/revisions"}],"predecessor-version":[{"id":155,"href":"https:\/\/trails.cryptomania.cz\/neratov\/wp-json\/wp\/v2\/pages\/35\/revisions\/155"}],"wp:attachment":[{"href":"https:\/\/trails.cryptomania.cz\/neratov\/wp-json\/wp\/v2\/media?parent=35"}],"curies":[{"name":"wp","href":"https:\/\/api.w.org\/{rel}","templated":true}]}}