{"id":30,"date":"2023-06-27T14:08:33","date_gmt":"2023-06-27T12:08:33","guid":{"rendered":"https:\/\/trails.cryptomania.cz\/nebud-lama\/?page_id=30"},"modified":"2025-05-21T10:39:43","modified_gmt":"2025-05-21T08:39:43","slug":"pravidla","status":"publish","type":"page","link":"https:\/\/trails.cryptomania.cz\/nebud-lama\/pravidla\/","title":{"rendered":"Pravidla"},"content":{"rendered":"<div class=\"lazyblock-cryptorace-perex-Zfadpf wp-block-lazyblock-cryptorace-perex\"><div class=\"row mb-4\">\n    <div class=\"col col-lg-10 col-xxl-8 offset-lg-1 offset-xxl-2 text-perex\">\n        <p>Abyste si \u0161ifrovac\u00ed hru <strong>Nebu\u010f lama<\/strong> mohli u\u017e\u00edt, doporu\u010dujeme pe\u010dliv\u011b proj\u00edt n\u00e1sleduj\u00edc\u00ed pravidla. Nen\u00ed jich mnoho, ale jejich p\u0159e\u010dten\u00ed v\u00e1m pom\u016f\u017ee k lep\u0161\u00edmu hern\u00edmu z\u00e1\u017eitku.<\/p>    <\/div>\n<\/div>\n<\/div>\n\n<div class=\"lazyblock-cryptorace-text-Z1QNk4d wp-block-lazyblock-cryptorace-text\"><div class=\"row\">\n    <div class=\"col col-md-7 col-lg-6 col-xxl-5 offset-lg-1 offset-xxl-2\">\n        <h2>Nejd\u016fle\u017eit\u011bj\u0161\u00ed pravidla<\/h2>\n<ol>\n<li class=\"p1\"><span class=\"s1\">Hra je \u0159\u00edzena pomoc\u00ed online hern\u00edho syst\u00e9mu na t\u011bchto str\u00e1nk\u00e1ch.<\/span><\/li>\n<li class=\"p1\">K p\u0159ihl\u00e1\u0161en\u00ed do hern\u00edho syst\u00e9mu je pot\u0159eba nejd\u0159\u00edve\u00a0<a href=\"https:\/\/trails.cryptomania.cz\/nebud-lama\/registrace\">zaregistrovat sv\u016fj t\u00fdm<\/a>. Pot\u0159ebujeme zn\u00e1t jen e-mail, na kter\u00fd v\u00e1m p\u0159ijdou p\u0159ihla\u0161ovac\u00ed \u00fadaje, a n\u011bjak\u00fd \u00fadern\u00fd n\u00e1zev va\u0161eho t\u00fdmu.\u00a0<\/li>\n<li class=\"p1\"><span class=\"s5\"><strong>V hern\u00edm syst\u00e9mu najdete v\u0161echny d\u016fle\u017eit\u00e9 pokyny<\/strong> a tak\u00e9 do n\u011bj budete zad\u00e1vat v\u0161echna hesla, kter\u00e1 b\u011bhem hry z\u00edsk\u00e1te.<\/span><\/li>\n<li>Ke h\u0159e pot\u0159ebujete krom\u011b hern\u00edho syst\u00e9mu tak\u00e9\u00a0<strong>hern\u00ed bro\u017euru<\/strong>\u00a0(v r\u00e1me\u010dku n\u00ed\u017ee zjist\u00edte, jak ji z\u00edskat),\u00a0<strong>nabit\u00fd chytr\u00fd telefon s p\u0159ipojen\u00edm k internetu, pap\u00edr a tu\u017eku<\/strong>.<\/li>\n<li>Hra fyzicky za\u010d\u00edn\u00e1 u v\u00fdb\u011bhu mar stepn\u00edch v Zoo Brno. Hra se spust\u00ed zad\u00e1n\u00edm <strong>p\u0159\u00edstupov\u00e9ho k\u00f3du\u00a0z hern\u00ed bro\u017eury<\/strong>\u00a0do prvn\u00edho stanovi\u0161t\u011b.<\/li>\n<\/ol>    <\/div>\n<\/div>\n<\/div>\n\n<div class=\"lazyblock-cryptorace-two-cols-box-ZGdLMq wp-block-lazyblock-cryptorace-two-cols-box\"><div class=\"row mb-3\">\n    <div class=\"col col-md-6 col-lg-5 col-xxl-4 offset-lg-1 offset-xxl-2\">\n        <h2 class=\"p2\"><span class=\"s6\"><b>Sch\u00e9ma hry<\/b><\/span><\/h2>\n<ul>\n<li>Na ka\u017ed\u00e9m stanovi\u0161ti <strong>na v\u00e1s \u010dek\u00e1 v\u017edy jeden \u00fakol<\/strong>.<\/li>\n<li><span class=\"s5\">Hra obsahuje <\/span><span class=\"s7\"><b>7 stanovi\u0161\u0165.<\/b><\/span><\/li>\n<li class=\"p3\"><span class=\"s5\">Stanovi\u0161t\u011b jsou o\u010d\u00edslov\u00e1na od 1 a je mo\u017en\u00e9 je nav\u0161t\u00edvit <\/span><span class=\"s7\"><b>pouze v dan\u00e9m po\u0159ad\u00ed.<\/b><\/span><\/li>\n<\/ul>    <\/div>\n    <div class=\"col-12 col-md-6 col-lg-5 col-xxl-4\">\n        <div class=\"bg-box1 p-4 mb-3\">\n            <h2>Hern\u00ed bro\u017eura&nbsp;<\/h2>\n<p>Ke h\u0159e pot\u0159ebujete fyzickou hern\u00ed bro\u017euru, kter\u00e1 obsahuje \u010d\u00e1sti zad\u00e1n\u00ed hern\u00edch \u00fakol\u016f. Hern\u00ed bro\u017euru m\u016f\u017eete z\u00edskat v brn\u011bnsk\u00e9 zoo, konkr\u00e9tn\u011b <strong>v obchod\u011b se suven\u00fdry U Tygra <\/strong>(<a href=\"https:\/\/mapy.cz\/s\/jahehobuhu\" target=\"_blank\" rel=\"noopener\">mapa<\/a>).<\/p>        <\/div>\n    <\/div>\n<\/div>\n<\/div>\n\n<div class=\"lazyblock-cryptorace-text-1NRKoY wp-block-lazyblock-cryptorace-text\"><div class=\"row\">\n    <div class=\"col col-md-7 col-lg-6 col-xxl-5 offset-lg-1 offset-xxl-2\">\n        <h2 class=\"p2\"><span class=\"s6\"><b>Stanovi\u0161t\u011b<\/b><\/span><\/h2>\n<ul>\n<li class=\"p3\"><span class=\"s5\">Za vy\u0159e\u0161en\u00ed stanovi\u0161\u0165 z\u00edsk\u00e1v\u00e1te body. <\/span><\/li>\n<li><span class=\"s5\">Po\u010det z\u00edskan\u00fdch bod\u016f se li\u0161\u00ed podle toho, zda jste \u00fakol vy\u0159e\u0161ili bez pomoci, vzali si v hern\u00edm syst\u00e9mu n\u00e1pov\u011bdu \u010di \u0159e\u0161en\u00ed.<\/span>\n<ul>\n<li><span class=\"s5\">Vy\u0159e\u0161en\u00ed \u00fakolu: <\/span><span class=\"s7\"><b>zisk 10 bod\u016f.<\/b><\/span><\/li>\n<li><span class=\"s5\">N\u00e1pov\u011bda k p\u0159esunu: <\/span><span class=\"s7\"><b>-2 body<\/b><\/span><span class=\"s5\"> z 10.<\/span><\/li>\n<li><span class=\"s5\">N\u00e1pov\u011bda k \u00fakolu: <\/span><span class=\"s7\"><b>-5 bod\u016f<\/b><\/span><span class=\"s5\"> z 10.<\/span><\/li>\n<li><span class=\"s5\">P\u0159esko\u010den\u00ed \u00fakolu zobrazen\u00edm<\/span>\u00a0<span class=\"s5\">spr\u00e1vn\u00e9ho \u0159e\u0161en\u00ed: <\/span><span class=\"s7\"><b>0 bod\u016f.<br \/><\/b><\/span><\/li>\n<\/ul>\n<\/li>\n<li class=\"p3\"><span class=\"s5\">\u00dakoly spolu navz\u00e1jem nesouvis\u00ed, ka\u017ed\u00fd je pot\u0159eba \u0159e\u0161it samostatn\u011b.<\/span><\/li>\n<li class=\"p3\"><b>\u0158e\u0161en\u00edm \u00fakolu je ve v\u017edy jedno smyslupln\u00e9 slovo<\/b><span class=\"s5\" style=\"font-size: revert; font-family: -apple-system, BlinkMacSystemFont, 'Segoe UI', Roboto, Oxygen-Sans, Ubuntu, Cantarell, 'Helvetica Neue', sans-serif; color: initial;\"> &#8211;\u00a0<!-- wp:lazyblock\/cryptorace-text {\"cryptomania_text\":\"\\u003ch2 class=\\u0022p2\\u0022\\u003e\\u003cspan class=\\u0022s6\\u0022\\u003e\\u003cb\\u003eStanovi\u0161t\u011b\\u003c\/b\\u003e\\u003c\/span\\u003e\\u003c\/h2\\u003e\\n\\u003cul\\u003e\\n\\u003cli class=\\u0022p3\\u0022\\u003e\\u003cspan class=\\u0022s5\\u0022\\u003eZa vy\u0159e\u0161en\u00ed stanovi\u0161\u0165 z\u00edsk\u00e1v\u00e1te body. \\u003c\/span\\u003e\\u003c\/li\\u003e\\n\\u003cli\\u003e\\u003cspan class=\\u0022s5\\u0022\\u003ePo\u010det z\u00edskan\u00fdch bod\u016f se li\u0161\u00ed podle toho, zda jste \u00fakol vy\u0159e\u0161ili bez pomoci, vzali si v hern\u00edm syst\u00e9mu n\u00e1pov\u011bdu \u010di \u0159e\u0161en\u00ed.\\u003c\/span\\u003e\\n\\u003cul\\u003e\\n\\u003cli\\u003e\\u003cspan class=\\u0022s5\\u0022\\u003eVy\u0159e\u0161en\u00ed \u00fakolu: \\u003c\/span\\u003e\\u003cspan class=\\u0022s7\\u0022\\u003e\\u003cb\\u003ezisk 10 bod\u016f.\\u003c\/b\\u003e\\u003c\/span\\u003e\\u003c\/li\\u003e\\n\\u003cli\\u003e\\u003cspan class=\\u0022s5\\u0022\\u003eN\u00e1pov\u011bda k p\u0159esunu: \\u003c\/span\\u003e\\u003cspan class=\\u0022s7\\u0022\\u003e\\u003cb\\u003e-2 body\\u003c\/b\\u003e\\u003c\/span\\u003e\\u003cspan class=\\u0022s5\\u0022\\u003e z 10.\\u003c\/span\\u003e\\u003c\/li\\u003e\\n\\u003cli\\u003e\\u003cspan class=\\u0022s5\\u0022\\u003eN\u00e1pov\u011bda k \u00fakolu: \\u003c\/span\\u003e\\u003cspan class=\\u0022s7\\u0022\\u003e\\u003cb\\u003e-5 bod\u016f\\u003c\/b\\u003e\\u003c\/span\\u003e\\u003cspan class=\\u0022s5\\u0022\\u003e z 10.\\u003c\/span\\u003e\\u003c\/li\\u003e\\n\\u003cli\\u003e\\u003cspan class=\\u0022s5\\u0022\\u003eP\u0159esko\u010den\u00ed \u00fakolu zobrazen\u00edm\\u003c\/span\\u003e\u00a0\\u003cspan class=\\u0022s5\\u0022\\u003espr\u00e1vn\u00e9ho \u0159e\u0161en\u00ed: \\u003c\/span\\u003e\\u003cspan class=\\u0022s7\\u0022\\u003e\\u003cb\\u003e0 bod\u016f.\\u003cbr \/\\u003e\\u003c\/b\\u003e\\u003c\/span\\u003e\\u003c\/li\\u003e\\n\\u003c\/ul\\u003e\\n\\u003c\/li\\u003e\\n\\u003cli class=\\u0022p3\\u0022\\u003e\\u003cspan class=\\u0022s5\\u0022\\u003e\u00dakoly spolu navz\u00e1jem nesouvis\u00ed, ka\u017ed\u00fd je pot\u0159eba \u0159e\u0161it samostatn\u011b.\\u003c\/span\\u003e\\u003c\/li\\u003e\\n\\u003cli class=\\u0022p3\\u0022\\u003e\\u003cb\\u003e\u0158e\u0161en\u00edm \u00fakolu je ve v\u017edy jedno smyslupln\u00e9 slovo\\u003c\/b\\u003e\\u003cspan class=\\u0022s5\\u0022 style=\\u0022font-size: revert; font-family: -apple-system, BlinkMacSystemFont, 'Segoe UI', Roboto, Oxygen-Sans, Ubuntu, Cantarell, 'Helvetica Neue', sans-serif; color: initial;\\u0022\\u003e - v p\u0159\u00edpad\\u003c\/span\\u003e\u011b, \u017ee v\u00e1m vyjde v\u011bta (nap\u0159. heslem je strom), zad\u00e1v\u00e1te jen slovo \u201estrom\u201c.\\u003c\/li\\u003e\\n\\u003cli class=\\u0022p3\\u0022\\u003eHern\u00ed syst\u00e9m ignoruje jak velikost p\u00edsmen v heslech, tak i p\u0159\u00edpadnou diakritiku.\\u003c\/li\\u003e\\n\\u003cli class=\\u0022p3\\u0022\\u003ePokud zad\u00e1te dv\u011b \u0161patn\u00e1 hesla po sob\u011b, dal\u0161\u00ed m\u016f\u017eete zadat a\u017e za 2 minuty.\\u003c\/li\\u003e\\n\\u003cli class=\\u0022p3\\u0022\\u003eVe h\u0159e pou\u017e\u00edv\u00e1me anglickou abecedu o 26 znac\u00edch (CH jsou 2 r\u016fzn\u00e1 p\u00edsmena).\\u003c\/li\\u003e\\n\\u003cli class=\\u0022p3\\u0022\\u003eV\u011bt\u0161inu zad\u00e1n\u00ed z\u00edsk\u00e1te elektronicky v hern\u00edm syst\u00e9mu. N\u011bkter\u00e9 \u00fakoly v\u0161ak mohou vy\u017eadovat i pr\u00e1ci s touto hern\u00ed bro\u017eurou \u010di dal\u0161\u00edmi hern\u00edmi materi\u00e1ly. V takov\u00e9m p\u0159\u00edpad\u011b v\u00e1s v\u0161ak syst\u00e9m upozorn\u00ed. V\u0161e ostatn\u00ed, co pot\u0159ebujete k vy\u0159e\u0161en\u00ed \u00fakolu, najdete v bl\u00edzk\u00e9m okol\u00ed \\u003cstrong\\u003enebo si to nesete s sebou.\\u003c\/strong\\u003e\\u003c\/li\\u003e\\n\\u003c\/ul\\u003e\\n\\u003ch2 class=\\u0022p2\\u0022\\u003e\\u003cspan class=\\u0022s6\\u0022\\u003e\\u003cb\\u003eP\u0159\u00edb\u011bh\\u003c\/b\\u003e\\u003c\/span\\u003e\\u003c\/h2\\u003e\\n\\u003cp class=\\u0022p4\\u0022\\u003e\\u003cspan class=\\u0022s5\\u0022\\u003eP\u0159i p\u0159esunech a tak\u00e9 na jednotliv\u00fdch stanovi\u0161t\u00edch v\u00e1m bude syst\u00e9m po \u010d\u00e1stech odhalovat p\u0159\u00edb\u011bh hry.\u00a0\\u003c\/span\\u003e\\u003cspan class=\\u0022s5\\u0022\\u003e\\u003cb\\u003eText p\u0159\u00edb\u011bhu neobsahuje \u017e\u00e1dn\u00e9 \u0161ifry, ale informace z n\u011bj m\u016f\u017eete p\u0159i \u0159e\u0161en\u00ed jednotliv\u00fdch \u00fakol\u016f vyu\u017e\u00edt.\\u003c\/b\\u003e\\u003c\/span\\u003e\\u003c\/p\\u003e\\n\\u003ch2 class=\\u0022p2\\u0022\\u003e\\u003cspan class=\\u0022s6\\u0022\\u003e\\u003cb\\u003eFair Play\\u003c\/b\\u003e\\u003c\/span\\u003e\\u003c\/h2\\u003e\\n\\u003cp class=\\u0022p4\\u0022\\u003e\\u003cspan class=\\u0022s5\\u0022\\u003eNeprozrazujte pros\u00edm \u0159e\u0161en\u00ed \u00fakol\u016f. Je t\u011b\u017ek\u00e9 m\u00edt radost z objevov\u00e1n\u00ed, kdy\u017e v\u00e1m n\u011bkdo \u0159ekne v\u00fdsledek.\\u003c\/span\\u003e\\u003c\/p\\u003e\\n\\u003cp class=\\u0022p4\\u0022\\u003e\\u003cspan class=\\u0022s5\\u0022\\u003e Z\u00e1rove\u0148 v\u00e1s pros\u00edme, abyste se ke v\u0161em hern\u00edm prvk\u016fm chovali ohledupln\u011b.\\u003c\/span\\u003e\\u003c\/p\\u003e\\n\\u003cp\\u003eP\u0159ejeme p\u0159\u00edjemnou hru!\\u003c\/p\\u003e\\n\\u003cp style=\\u0022text-align: right;\\u0022\\u003e\\u003cem\\u003eT\u00fdm Cryptomania a m\u011bsto Hodon\u00edn\\u003c\/em\\u003e\\u003c\/p\\u003e\",\"blockId\":\"Z1zOCGB\",\"blockUniqueClass\":\"lazyblock-cryptorace-text-Z1zOCGB\"} \/--><\/span><span class=\"s5\" style=\"font-size: revert; font-family: -apple-system, BlinkMacSystemFont, 'Segoe UI', Roboto, Oxygen-Sans, Ubuntu, Cantarell, 'Helvetica Neue', sans-serif; color: initial;\">v p\u0159\u00edpad<\/span>\u011b, \u017ee v\u00e1m vyjde v\u011bta (nap\u0159. heslem je lama), zad\u00e1v\u00e1te jen slovo \u201elama\u201c.<\/li>\n<li class=\"p3\">Hern\u00ed syst\u00e9m ignoruje jak velikost p\u00edsmen v heslech, tak i p\u0159\u00edpadnou diakritiku.<\/li>\n<li class=\"p3\">Pokud zad\u00e1te dv\u011b \u0161patn\u00e1 hesla po sob\u011b, dal\u0161\u00ed m\u016f\u017eete zadat a\u017e za 2 minuty.<\/li>\n<li class=\"p3\">Ve h\u0159e pou\u017e\u00edv\u00e1me anglickou abecedu<strong> o 26 znac\u00edch<\/strong> (CH jsou 2 r\u016fzn\u00e1 p\u00edsmena).<\/li>\n<li>Zad\u00e1n\u00ed z\u00edsk\u00e1te bu\u010f elektronicky v hern\u00edm syst\u00e9mu nebo bude pot\u0159eba, abyste pracovali s hern\u00ed bro\u017eurou. Na takovouto situaci v\u00e1s\u00a0 upozorn\u00edme. V\u0161e ostatn\u00ed, co pot\u0159ebujete k vy\u0159e\u0161en\u00ed \u00fakolu, najdete v bl\u00edzk\u00e9m okol\u00ed.<\/li>\n<\/ul>\n<h2 class=\"p2\"><span class=\"s6\"><b>P\u0159\u00edb\u011bh<\/b><\/span><\/h2>\n<p class=\"p4\"><span class=\"s5\">P\u0159i p\u0159esunech a tak\u00e9 na jednotliv\u00fdch stanovi\u0161t\u00edch v\u00e1m bude syst\u00e9m po \u010d\u00e1stech odhalovat p\u0159\u00edb\u011bh hry.\u00a0<\/span><span class=\"s5\"><b>Text p\u0159\u00edb\u011bhu neobsahuje \u017e\u00e1dn\u00e9 \u0161ifry, ale informace z n\u011bj m\u016f\u017eete p\u0159i \u0159e\u0161en\u00ed jednotliv\u00fdch \u00fakol\u016f vyu\u017e\u00edt.<\/b><\/span><\/p>\n<h2 class=\"p2\"><span class=\"s6\"><b>Fair Play<\/b><\/span><\/h2>\n<p><span class=\"s5\">Neprozrazujte pros\u00edm \u0159e\u0161en\u00ed \u00fakol\u016f. Je t\u011b\u017ek\u00e9 m\u00edt radost z objevov\u00e1n\u00ed, kdy\u017e v\u00e1m n\u011bkdo \u0159ekne v\u00fdsledek. Z\u00e1rove\u0148 v\u00e1s pros\u00edme, abyste se ke v\u0161em hern\u00edm prvk\u016fm i zv\u00ed\u0159at\u016fm a vybaven\u00ed zoo chovali ohledupln\u011b.<\/span><\/p>\n<p>P\u0159ejeme p\u0159\u00edjemnou hru!<\/p>\n<p style=\"text-align: right;\"><em>T\u00fdm Cryptomania a Zoo Brno<\/em><\/p>    <\/div>\n<\/div>\n<\/div>","protected":false},"excerpt":{"rendered":"","protected":false},"author":82,"featured_media":0,"parent":0,"menu_order":0,"comment_status":"closed","ping_status":"closed","template":"","meta":{"footnotes":""},"class_list":["post-30","page","type-page","status-publish","hentry"],"_links":{"self":[{"href":"https:\/\/trails.cryptomania.cz\/nebud-lama\/wp-json\/wp\/v2\/pages\/30","targetHints":{"allow":["GET"]}}],"collection":[{"href":"https:\/\/trails.cryptomania.cz\/nebud-lama\/wp-json\/wp\/v2\/pages"}],"about":[{"href":"https:\/\/trails.cryptomania.cz\/nebud-lama\/wp-json\/wp\/v2\/types\/page"}],"author":[{"embeddable":true,"href":"https:\/\/trails.cryptomania.cz\/nebud-lama\/wp-json\/wp\/v2\/users\/82"}],"replies":[{"embeddable":true,"href":"https:\/\/trails.cryptomania.cz\/nebud-lama\/wp-json\/wp\/v2\/comments?post=30"}],"version-history":[{"count":10,"href":"https:\/\/trails.cryptomania.cz\/nebud-lama\/wp-json\/wp\/v2\/pages\/30\/revisions"}],"predecessor-version":[{"id":196,"href":"https:\/\/trails.cryptomania.cz\/nebud-lama\/wp-json\/wp\/v2\/pages\/30\/revisions\/196"}],"wp:attachment":[{"href":"https:\/\/trails.cryptomania.cz\/nebud-lama\/wp-json\/wp\/v2\/media?parent=30"}],"curies":[{"name":"wp","href":"https:\/\/api.w.org\/{rel}","templated":true}]}}