{"id":18,"date":"2023-06-27T13:59:09","date_gmt":"2023-06-27T11:59:09","guid":{"rendered":"https:\/\/trails.cryptomania.cz\/nebud-lama\/?page_id=18"},"modified":"2024-08-28T16:00:50","modified_gmt":"2024-08-28T14:00:50","slug":"o-hre","status":"publish","type":"page","link":"https:\/\/trails.cryptomania.cz\/nebud-lama\/o-hre\/","title":{"rendered":"O h\u0159e"},"content":{"rendered":"<div class=\"lazyblock-cryptorace-perex-ZSrjPE wp-block-lazyblock-cryptorace-perex\"><div class=\"row mb-4\">\n    <div class=\"col col-lg-10 col-xxl-8 offset-lg-1 offset-xxl-2 text-perex\">\n        <p>P\u0159eji v\u00e1m p\u011bkn\u00fd den, moje jm\u00e9no je Eli\u0161ka a vezmu v\u00e1s na netradi\u010dn\u00ed proch\u00e1zku po <strong>brn\u011bnsk\u00e9 zoo<\/strong>. Vsad\u00edm se s v\u00e1mi, \u017ee na konci budete v\u011bd\u011bt n\u011bco, co jste dodnes nev\u011bd\u011bli, a na n\u011bkter\u00e1 zv\u00ed\u0159ata budete p\u0159\u00ed\u0161t\u011b koukat zase trochu jinak. Tak poj\u010fte, poj\u010fte, m\u00e1m toho tolik, co v\u00e1m chci uk\u00e1zat!<\/p>    <\/div>\n<\/div>\n<\/div>\n\n<div class=\"lazyblock-cryptorace-two-cols-box-Z2mwyju wp-block-lazyblock-cryptorace-two-cols-box\"><div class=\"row mb-3\">\n    <div class=\"col col-md-6 col-lg-5 col-xxl-4 offset-lg-1 offset-xxl-2\">\n        <h2>Jak hra funguje?<\/h2>\n<p>V na\u0161\u00ed h\u0159e se vyd\u00e1te prozkoumat <strong>sedm r\u016fzn\u00fdch zv\u00ed\u0159at na \u010dty\u0159ech kontinentech<\/strong>.\u00a0<strong>V t\u00fdmu o 2\u20135 hr\u00e1\u010d\u00edch\u00a0<\/strong>b\u011bhem n\u00ed projdete \u010d\u00e1st <strong>Zoo Brno<\/strong>. <strong>Na 7 stanovi\u0161t\u00edch<\/strong> se dozv\u00edte o p\u0159\u00edrod\u011b trochu v\u00edc. \u010cekaj\u00ed v\u00e1s <strong>\u0161ifry, logick\u00e9 \u00falohy a\u00a0z\u00edsk\u00e1v\u00e1n\u00ed hesel<\/strong>.<\/p>\n<p>V\u017edy po zad\u00e1n\u00ed spr\u00e1vn\u00e9ho hesla do online hern\u00edho syst\u00e9mu se dozv\u00edte polohu dal\u0161\u00edho stanovi\u0161t\u011b. Ke h\u0159e tedy pot\u0159ebujete alespo\u0148 jeden <strong>telefon s p\u0159ipojen\u00edm k internetu<\/strong>.<\/p>\n<h2>Pro koho je ur\u010dena?<\/h2>\n<p><strong>Hra je ur\u010dena pro 2\u20135\u010dlenn\u00e9 t\u00fdmy. Je vhodn\u00e1 jak pro t\u00fdmy hrav\u00fdch dosp\u011bl\u00fdch, tak pro rodiny s d\u011btmi.<\/strong>\u00a0Naplno si ji u\u017eij\u00ed d\u011bti cca od 10 let, nicm\u00e9n\u011b \u0161ikovn\u00ed rodi\u010de, u\u010ditel\u00e9 \u010di odd\u00edlov\u00ed vedouc\u00ed zapoj\u00ed ur\u010dit\u011b i mlad\u0161\u00ed d\u011bti.<\/p>\n<p>V p\u0159\u00edpad\u011b, \u017ee hru bude hr\u00e1t t\u00fdm d\u011bt\u00ed bez dosp\u011bl\u00fdch, doporu\u010dujeme ji d\u011btem asi od 12 let.\u00a0<\/p>    <\/div>\n    <div class=\"col-12 col-md-6 col-lg-5 col-xxl-4\">\n        <div class=\"bg-box1 p-4 mb-3\">\n            <p><a href=\"https:\/\/trails.cryptomania.cz\/nebud-lama\/wp-content\/uploads\/sites\/99\/2024\/08\/nebud_lama_-_nahledovy_obrazek_na_web_-_mobil_a_brozura.png\"><img loading=\"lazy\" decoding=\"async\" width=\"1200\" height=\"1020\" class=\"alignright size-full wp-image-193 img-fluid\" src=\"https:\/\/trails.cryptomania.cz\/nebud-lama\/wp-content\/uploads\/sites\/99\/2024\/08\/nebud_lama_-_nahledovy_obrazek_na_web_-_mobil_a_brozura.png\" alt=\"\" srcset=\"https:\/\/trails.cryptomania.cz\/nebud-lama\/wp-content\/uploads\/sites\/99\/2024\/08\/nebud_lama_-_nahledovy_obrazek_na_web_-_mobil_a_brozura.png 1200w, https:\/\/trails.cryptomania.cz\/nebud-lama\/wp-content\/uploads\/sites\/99\/2024\/08\/nebud_lama_-_nahledovy_obrazek_na_web_-_mobil_a_brozura-300x255.png 300w, https:\/\/trails.cryptomania.cz\/nebud-lama\/wp-content\/uploads\/sites\/99\/2024\/08\/nebud_lama_-_nahledovy_obrazek_na_web_-_mobil_a_brozura-1024x870.png 1024w, https:\/\/trails.cryptomania.cz\/nebud-lama\/wp-content\/uploads\/sites\/99\/2024\/08\/nebud_lama_-_nahledovy_obrazek_na_web_-_mobil_a_brozura-768x653.png 768w\" sizes=\"auto, (max-width: 1200px) 100vw, 1200px\" \/><\/a><\/p>        <\/div>\n    <\/div>\n<\/div>\n<\/div>\n\n<div class=\"lazyblock-cryptorace-text-1AOmVu wp-block-lazyblock-cryptorace-text\"><div class=\"row\">\n    <div class=\"col col-md-7 col-lg-6 col-xxl-5 offset-lg-1 offset-xxl-2\">\n        <h2>Kde hra za\u010d\u00edn\u00e1?<\/h2>\n<p><!-- \/wp:heading --> <!-- wp:paragraph --><\/p>\n<p>Hra za\u010d\u00edn\u00e1 u v\u00fdb\u011bhu mar stepn\u00edch.<\/p>    <\/div>\n<\/div>\n<\/div>\n\n<div class=\"lazyblock-cryptorace-perex-1Qw0Cb wp-block-lazyblock-cryptorace-perex\"><div class=\"row mb-4\">\n    <div class=\"col col-lg-10 col-xxl-8 offset-lg-1 offset-xxl-2 text-perex\">\n        <div style='position: relative;'><div title='49.2311339\u00b0N, 16.5327289\u00b0E' id='m88908' style='width: 100%; height: 400px;'><\/div><\/div><p class='text-end'><small><a href='https:\/\/mapy.cz\/turisticka?source=coor&id=16.5327289%2C49.2311339&ds=2&x=16.5327289&y=49.2311339&z=17' target='_blank'>Zobrazit na mapy.cz<\/a><\/small><\/p>    <\/div>\n<\/div>\n<\/div>\n\n<div class=\"lazyblock-cryptorace-text-Z2neWfs wp-block-lazyblock-cryptorace-text\"><div class=\"row\">\n    <div class=\"col col-md-7 col-lg-6 col-xxl-5 offset-lg-1 offset-xxl-2\">\n        <h2>Jak dlouho hra trv\u00e1?<\/h2>\n<p><!-- \/wp:heading --> <!-- wp:paragraph --><\/p>\n<p>Hra Nebu\u010f lama obsahuje 7 stanovi\u0161\u0165\u00a0 a m\u00e1 necel\u00fd kilometr. Mysl\u00edme si, \u017ee hru je mo\u017en\u00e9 zvl\u00e1dnout do dvou hodin. Pokud v\u00e1s zaj\u00edm\u00e1, jak hru zvl\u00e1dly ostatn\u00ed t\u00fdmy, pod\u00edvejte se na jejich <a href=\"https:\/\/trails.cryptomania.cz\/nebud-lama\/vysledky\">v\u00fdsledky<\/a>.<\/p>    <\/div>\n<\/div>\n<\/div>\n\n<div class=\"lazyblock-cryptorace-two-cols-box-1CQM63 wp-block-lazyblock-cryptorace-two-cols-box\"><div class=\"row mb-3\">\n    <div class=\"col col-md-6 col-lg-5 col-xxl-4 offset-lg-1 offset-xxl-2\">\n        <h2>Co je ke h\u0159e pot\u0159eba?<\/h2>\n<ol>\n<li>P\u0159e\u010d\u00edst si <a href=\"https:\/\/trails.cryptomania.cz\/nebud-lama\/pravidla\/\">pravidla hry,<\/a><\/li>\n<li>m\u00edt v t\u00fdmu alespo\u0148 1 chytr\u00fd telefon s p\u0159ipojen\u00edm na internet,<\/li>\n<li>vz\u00edt si s sebou psac\u00ed pot\u0159eby,<\/li>\n<li>vyzvednout si hern\u00ed bro\u017euru (<em>p\u0159e\u010dt\u011bte si v r\u00e1me\u010dku jak a kde<\/em>),<\/li>\n<li><a href=\"https:\/\/trails.cryptomania.cz\/nebud-lama\/registrace\/\">zaregistrovat t\u00fdm <\/a>do hry.<\/li>\n<\/ol>    <\/div>\n    <div class=\"col-12 col-md-6 col-lg-5 col-xxl-4\">\n        <div class=\"bg-box1 p-4 mb-3\">\n            <h2>Kde z\u00edsk\u00e1te hern\u00ed bro\u017euru?<\/h2>\n<ul>\n<li>V obchod\u011b se suven\u00fdry U Tygra<br \/>(<a href=\"https:\/\/mapy.cz\/s\/jahehobuhu\" target=\"_blank\" rel=\"noopener\">mapa<\/a>)<\/li>\n<\/ul>\n<h2>Co obsahuje?<\/h2>\n<ul>\n<li><strong>V hern\u00ed bro\u017eu\u0159e<\/strong>\u00a0najdete shrnut\u00ed pravidel a zejm\u00e9na pak podklady k jednotliv\u00fdm \u00fakol\u016fm. Bez fyzick\u00e9 hern\u00ed bro\u017eury nelze n\u011bkter\u00e9 z \u00fakol\u016f vy\u0159e\u0161it.<\/li>\n<\/ul>        <\/div>\n    <\/div>\n<\/div>\n<\/div>\n\n<div class=\"lazyblock-cryptorace-text-1A22aI wp-block-lazyblock-cryptorace-text\"><div class=\"row\">\n    <div class=\"col col-md-7 col-lg-6 col-xxl-5 offset-lg-1 offset-xxl-2\">\n        <h2>Kdo hru vytvo\u0159il?<\/h2>\n<p><!-- \/wp:heading --> <!-- wp:paragraph --><\/p>\n<p>Origin\u00e1ln\u00ed \u0161ifrovac\u00ed hru pro v\u00e1s p\u0159ipravila <a href=\"https:\/\/www.zoobrno.cz\/\" target=\"_blank\" rel=\"noopener\">Zoo Brno<\/a> ve spolupr\u00e1ci s <a href=\"https:\/\/www.cryptomania.cz\/\">Cryptomania s.r.o.<\/a><\/p>\n<p><!-- \/wp:paragraph --> <!-- wp:paragraph --><\/p>\n<p>Pokud m\u00e1te ohledn\u011b hry n\u011bjak\u00e9 ot\u00e1zky, nev\u00e1hejte <a href=\"https:\/\/trails.cryptomania.cz\/nebud-lama\/kontakt\/\">n\u00e1s kontaktovat<\/a>.<\/p>\n<p><!-- \/wp:paragraph --> <!-- wp:paragraph --><\/p>\n<p style=\"text-align: left;\">U\u017eijte si lu\u0161t\u011bn\u00ed!<\/p>    <\/div>\n<\/div>\n<\/div>","protected":false},"excerpt":{"rendered":"","protected":false},"author":82,"featured_media":0,"parent":0,"menu_order":0,"comment_status":"closed","ping_status":"closed","template":"","meta":{"footnotes":""},"class_list":["post-18","page","type-page","status-publish","hentry"],"_links":{"self":[{"href":"https:\/\/trails.cryptomania.cz\/nebud-lama\/wp-json\/wp\/v2\/pages\/18","targetHints":{"allow":["GET"]}}],"collection":[{"href":"https:\/\/trails.cryptomania.cz\/nebud-lama\/wp-json\/wp\/v2\/pages"}],"about":[{"href":"https:\/\/trails.cryptomania.cz\/nebud-lama\/wp-json\/wp\/v2\/types\/page"}],"author":[{"embeddable":true,"href":"https:\/\/trails.cryptomania.cz\/nebud-lama\/wp-json\/wp\/v2\/users\/82"}],"replies":[{"embeddable":true,"href":"https:\/\/trails.cryptomania.cz\/nebud-lama\/wp-json\/wp\/v2\/comments?post=18"}],"version-history":[{"count":7,"href":"https:\/\/trails.cryptomania.cz\/nebud-lama\/wp-json\/wp\/v2\/pages\/18\/revisions"}],"predecessor-version":[{"id":194,"href":"https:\/\/trails.cryptomania.cz\/nebud-lama\/wp-json\/wp\/v2\/pages\/18\/revisions\/194"}],"wp:attachment":[{"href":"https:\/\/trails.cryptomania.cz\/nebud-lama\/wp-json\/wp\/v2\/media?parent=18"}],"curies":[{"name":"wp","href":"https:\/\/api.w.org\/{rel}","templated":true}]}}