{"id":5,"date":"2018-03-27T12:06:12","date_gmt":"2018-03-27T10:06:12","guid":{"rendered":"https:\/\/trails.cryptomania.cz\/morava\/front\/"},"modified":"2021-04-09T13:09:24","modified_gmt":"2021-04-09T11:09:24","slug":"front","status":"publish","type":"page","link":"https:\/\/trails.cryptomania.cz\/morava\/","title":{"rendered":"St\u0159edoevropsk\u00e1 k\u0159i\u017eovatka: Morava ve 20. stolet\u00ed"},"content":{"rendered":"","protected":false},"excerpt":{"rendered":"","protected":false},"author":1,"featured_media":0,"parent":0,"menu_order":0,"comment_status":"closed","ping_status":"closed","template":"template-parts\/page-login.php","meta":{"footnotes":""},"class_list":["post-5","page","type-page","status-publish","hentry"],"_links":{"self":[{"href":"https:\/\/trails.cryptomania.cz\/morava\/wp-json\/wp\/v2\/pages\/5","targetHints":{"allow":["GET"]}}],"collection":[{"href":"https:\/\/trails.cryptomania.cz\/morava\/wp-json\/wp\/v2\/pages"}],"about":[{"href":"https:\/\/trails.cryptomania.cz\/morava\/wp-json\/wp\/v2\/types\/page"}],"author":[{"embeddable":true,"href":"https:\/\/trails.cryptomania.cz\/morava\/wp-json\/wp\/v2\/users\/1"}],"replies":[{"embeddable":true,"href":"https:\/\/trails.cryptomania.cz\/morava\/wp-json\/wp\/v2\/comments?post=5"}],"version-history":[{"count":1,"href":"https:\/\/trails.cryptomania.cz\/morava\/wp-json\/wp\/v2\/pages\/5\/revisions"}],"predecessor-version":[{"id":104,"href":"https:\/\/trails.cryptomania.cz\/morava\/wp-json\/wp\/v2\/pages\/5\/revisions\/104"}],"wp:attachment":[{"href":"https:\/\/trails.cryptomania.cz\/morava\/wp-json\/wp\/v2\/media?parent=5"}],"curies":[{"name":"wp","href":"https:\/\/api.w.org\/{rel}","templated":true}]}}