{"id":41,"date":"2018-03-27T12:15:39","date_gmt":"2018-03-27T10:15:39","guid":{"rendered":"https:\/\/trails.cryptomania.cz\/morava\/?page_id=41"},"modified":"2021-04-09T13:16:33","modified_gmt":"2021-04-09T11:16:33","slug":"o-hre","status":"publish","type":"page","link":"https:\/\/trails.cryptomania.cz\/morava\/o-hre\/","title":{"rendered":"O h\u0159e"},"content":{"rendered":"<p class=\"text-perex\">V\u00edtejte na str\u00e1nk\u00e1ch \u0161ifrovac\u00ed hry \u201eMorava ve 20. stolet\u00ed.\u201c! Hra doprov\u00e1z\u00ed v\u00fdstavu St\u0159edoevropsk\u00e1 k\u0159i\u017eovatka &#8211; Morava ve 20. stolet\u00ed, kterou najdete v Moravsk\u00e9m Zemsk\u00e9m Muzeu v Brn\u011b.<\/p>\n<p class=\"text-perex\">Ke h\u0159e pot\u0159ebujete (krom\u011b t\u011bchto str\u00e1nek) tak\u00e9 hern\u00ed bro\u017euru, kterou m\u016f\u017eete z\u00edskat na pokladn\u011b v\u00fd\u0161e zm\u00edn\u011bn\u00e9 instituce.<\/p>\n<h2>Jak hr\u00e1t?<\/h2>\n<ul>\n<li>Hra je \u0159\u00edzena pomoc\u00ed tohoto hern\u00edho syst\u00e9mu.<\/li>\n<li>K p\u0159ihl\u00e1\u0161en\u00ed do hern\u00edho syst\u00e9mu se nejd\u0159\u00edve mus\u00edte <a href=\"https:\/\/trails.cryptomania.cz\/morava\/registrace\/\">zaregistrovat<\/a>.<\/li>\n<li>Po p\u0159ihl\u00e1\u0161en\u00ed najdete v hern\u00edm syst\u00e9mu v\u0161echny d\u016fle\u017eit\u00e9 pokyny a tak\u00e9 do n\u011bj budete zad\u00e1vat v\u0161echna hesla, kter\u00e1 b\u011bhem hry z\u00edsk\u00e1te.<\/li>\n<\/ul>\n<h2>Stanovi\u0161t\u011b<\/h2>\n<ul>\n<li>Hra obsahuje 7 stanovi\u0161\u0165 a 1 bonus.<\/li>\n<li>Stanovi\u0161t\u011b jsou o\u010d\u00edslov\u00e1na od 1 a je mo\u017en\u00e9 je nav\u0161t\u00edvit pouze v tomto po\u0159ad\u00ed.<\/li>\n<li>Bonus se zobraz\u00ed po ukon\u010den\u00ed hry.<\/li>\n<\/ul>\n<h2>\u00dakoly<\/h2>\n<ul>\n<li>Za vy\u0159e\u0161en\u00ed \u00fakol\u016f z\u00edsk\u00e1v\u00e1te body.<\/li>\n<li>Po\u010det z\u00edskan\u00fdch bod\u016f se li\u0161\u00ed podle toho, zda jste \u00fakol vy\u0159e\u0161ili bez pomoci, vzali si v hern\u00edm syst\u00e9mu n\u00e1pov\u011bdu \u010di \u0159e\u0161en\u00ed.\n<ul>\n<li>Vy\u0159e\u0161en\u00ed \u00fakolu: <strong>zisk 10 bod\u016f<\/strong><\/li>\n<li>N\u00e1pov\u011bda k p\u0159esunu: <strong>-2 body<\/strong><\/li>\n<li>N\u00e1pov\u011bda k \u00fakolu: <strong>-5 bod\u016f<\/strong><\/li>\n<li>P\u0159esko\u010den\u00ed stanovi\u0161t\u011b zobrazen\u00edm spr\u00e1vn\u00e9ho \u0159e\u0161en\u00ed: <strong>0 bod\u016f<\/strong><\/li>\n<\/ul>\n<\/li>\n<li>\u0158e\u0161en\u00edm \u00fakolu je v\u017edy jednoslovn\u00e9 smyslupln\u00e9 heslo &#8211; v p\u0159\u00edpad\u011b, \u017ee v\u00e1m vyjde v\u011bta (nap\u0159. heslem je letadlo), zad\u00e1v\u00e1te jen slovo \u201eletadlo\u201c.<\/li>\n<li>Pokud zad\u00e1te dv\u011b \u0161patn\u00e1 hesla po sob\u011b, dal\u0161\u00ed m\u016f\u017eete zadat a\u017e za 2 minuty.<\/li>\n<li>\u00dakoly spolu vz\u00e1jemn\u011b nesouvis\u00ed, ka\u017ed\u00fd je pot\u0159eba \u0159e\u0161it samostatn\u011b.<\/li>\n<li>Ve h\u0159e pou\u017e\u00edv\u00e1me anglickou abecedu o 26 znac\u00edch (CH jsou 2 r\u016fzn\u00e1 p\u00edsmena).<\/li>\n<li>V\u011bt\u0161inu zad\u00e1n\u00ed z\u00edsk\u00e1te elektronicky v hern\u00edm syst\u00e9mu, n\u011bkter\u00e9 \u00fakoly v\u0161ak mohou vy\u017eadovat i pr\u00e1ci s touto bro\u017eurkou \u010di dal\u0161\u00edmi hern\u00edmi materi\u00e1ly. V takov\u00e9m p\u0159\u00edpad\u011b v\u00e1s v\u0161ak syst\u00e9m upozorn\u00ed. V\u0161e ostatn\u00ed, co pot\u0159ebujete k vy\u0159e\u0161en\u00ed \u00fakolu, najdete v bl\u00edzk\u00e9m okol\u00ed nebo si to nesete s sebou.<\/li>\n<\/ul>\n<h2>P\u0159\u00edb\u011bh<\/h2>\n<p>Na jednotliv\u00fdch stanovi\u0161t\u00edch v\u00e1m bude syst\u00e9m po \u010d\u00e1stech odhalovat p\u0159\u00edb\u011bh hry. Text p\u0159\u00edb\u011bhu neobsahuje \u017e\u00e1dn\u00e9 \u0161ifry, ale informace z n\u011bj m\u016f\u017eete p\u0159i \u0159e\u0161en\u00ed jednotliv\u00fdch \u00fakol\u016f vyu\u017e\u00edt. Doporu\u010dujeme jej \u010d\u00edst velmi pozorn\u011b!<\/p>\n<h2>Fair Play<\/h2>\n<p>Neprozrazujte pros\u00edm \u0159e\u0161en\u00ed \u00fakol\u016f. Je t\u011b\u017ek\u00e9 si hru u\u017e\u00edt, pokud zn\u00e1te dop\u0159edu \u0159e\u0161en\u00ed \u0161ifer. Z\u00e1rove\u0148 v\u00e1s pros\u00edme, abyste se ke v\u0161em hern\u00edm prvk\u016fm chovali ohledupln\u011b.<\/p>\n","protected":false},"excerpt":{"rendered":"<p>V\u00edtejte na str\u00e1nk\u00e1ch \u0161ifrovac\u00ed hry \u201eMorava ve 20. stolet\u00ed.\u201c! Hra doprov\u00e1z\u00ed v\u00fdstavu St\u0159edoevropsk\u00e1 k\u0159i\u017eovatka &#8211; Morava ve 20. stolet\u00ed, kterou najdete v Moravsk\u00e9m Zemsk\u00e9m Muzeu v Brn\u011b. Ke h\u0159e pot\u0159ebujete (krom\u011b t\u011bchto str\u00e1nek) tak\u00e9 hern\u00ed bro\u017euru, kterou m\u016f\u017eete z\u00edskat na pokladn\u011b v\u00fd\u0161e zm\u00edn\u011bn\u00e9 instituce. Jak hr\u00e1t? Hra je \u0159\u00edzena pomoc\u00ed tohoto hern\u00edho syst\u00e9mu. K p\u0159ihl\u00e1\u0161en\u00ed [&hellip;]<\/p>\n","protected":false},"author":1,"featured_media":0,"parent":0,"menu_order":0,"comment_status":"closed","ping_status":"closed","template":"","meta":{"footnotes":""},"class_list":["post-41","page","type-page","status-publish","hentry"],"_links":{"self":[{"href":"https:\/\/trails.cryptomania.cz\/morava\/wp-json\/wp\/v2\/pages\/41","targetHints":{"allow":["GET"]}}],"collection":[{"href":"https:\/\/trails.cryptomania.cz\/morava\/wp-json\/wp\/v2\/pages"}],"about":[{"href":"https:\/\/trails.cryptomania.cz\/morava\/wp-json\/wp\/v2\/types\/page"}],"author":[{"embeddable":true,"href":"https:\/\/trails.cryptomania.cz\/morava\/wp-json\/wp\/v2\/users\/1"}],"replies":[{"embeddable":true,"href":"https:\/\/trails.cryptomania.cz\/morava\/wp-json\/wp\/v2\/comments?post=41"}],"version-history":[{"count":10,"href":"https:\/\/trails.cryptomania.cz\/morava\/wp-json\/wp\/v2\/pages\/41\/revisions"}],"predecessor-version":[{"id":206,"href":"https:\/\/trails.cryptomania.cz\/morava\/wp-json\/wp\/v2\/pages\/41\/revisions\/206"}],"wp:attachment":[{"href":"https:\/\/trails.cryptomania.cz\/morava\/wp-json\/wp\/v2\/media?parent=41"}],"curies":[{"name":"wp","href":"https:\/\/api.w.org\/{rel}","templated":true}]}}