{"id":7,"date":"2023-01-25T13:27:54","date_gmt":"2023-01-25T12:27:54","guid":{"rendered":"https:\/\/trails.cryptomania.cz\/neviditelne-mesto\/o-hre\/"},"modified":"2026-01-20T15:58:47","modified_gmt":"2026-01-20T14:58:47","slug":"o-hre","status":"publish","type":"page","link":"https:\/\/trails.cryptomania.cz\/mesto\/o-hre\/","title":{"rendered":"O h\u0159e"},"content":{"rendered":"<div class=\"row justify-content-center lazyblock-cryptomania-basic-column-pz7Ai wp-block-lazyblock-cryptomania-basic-column\">\n        <div class=\"col col-lg-10 col-xl-8 col-xxl-8\">\n            <div class=\"row\">\n                \n\n<p class=\"is-style-text-perex text-perex\">Poj\u010fte se nechat vt\u00e1hnout zapomenutou zahradou schovanou mezi domy. Za z\u00e1dy nech\u00e1te hluk ulice i&nbsp;ve\u0161ker\u00e9 strasti b\u011b\u017en\u00e9ho \u017eivota a&nbsp;na chv\u00edli se m\u016f\u017eete pono\u0159it do sv\u011bta, kter\u00fd ve m\u011bstech \u010dasto p\u0159ehl\u00ed\u017e\u00edme \u2013 do m\u011bstsk\u00e9 divo\u010diny. Kl\u00e1ra spolu se sv\u00fdmi kamar\u00e1dy v\u00e1m p\u0159ibl\u00ed\u017e\u00ed nejedno tajemstv\u00ed podobn\u00fdch m\u00edst.<br>&nbsp;<\/p>\n\n\n            <\/div>\n        <\/div>\n    <\/div>\n\n<div class=\"row justify-content-center lazyblock-cryptomania-basic-column-271T6J wp-block-lazyblock-cryptomania-basic-column\">\n        <div class=\"col col-lg-10 col-xl-8 col-xxl-8\">\n            <div class=\"row\">\n                \n<div class=\"col-12 col-lg-6 lazyblock-cryptomania-half-column-1BRhFP wp-block-lazyblock-cryptomania-half-column\">\n                <div class=\"lazyblock-inner-blocks\">\n\n<h2 class=\"wp-block-heading\">Jak hra funguje?<\/h2>\n\n\n\n<p class=\"\">V na\u0161\u00ed h\u0159e se vyd\u00e1te prozkoumat <strong>m\u011bstskou divo\u010dinu pod \u0160pilberkem<\/strong> a pro\u010d jsou m\u00edsta jako toto ve m\u011bstech d\u016fle\u017eit\u00e1.&nbsp;<strong>V t\u00fdmu o 2\u20135 hr\u00e1\u010d\u00edch&nbsp;<\/strong>b\u011bhem n\u00ed projdete Otev\u0159en\u00fd les \u2013 upravenou a revitalizovanou \u010d\u00e1st zarostl\u00e9ho a zpustl\u00e9ho lesoparku. <strong>Na 6 stanovi\u0161t\u00edch<\/strong> se&nbsp;dozv\u00edte, co v\u0161e na takov\u00e9m kousku zelen\u011b ve m\u011bst\u011b m\u016f\u017eete potkat a co tu \u017eije a roste. \u010cekaj\u00ed v\u00e1s <strong>\u0161ifry, logick\u00e9 \u00falohy a&nbsp;z\u00edsk\u00e1v\u00e1n\u00ed hesel<\/strong>.<\/p>\n\n\n\n<p class=\"\">V\u017edy po zad\u00e1n\u00ed spr\u00e1vn\u00e9ho hesla do online hern\u00edho syst\u00e9mu se dozv\u00edte polohu dal\u0161\u00edho stanovi\u0161t\u011b. Ke h\u0159e tedy pot\u0159ebujete alespo\u0148 jeden <strong>telefon s p\u0159ipojen\u00edm k&nbsp;internetu<\/strong>.<br>&nbsp;<\/p>\n\n\n\n<h2 class=\"wp-block-heading\">Pro koho je ur\u010dena?<\/h2>\n\n\n\n<p class=\"\"><strong>Hra je ur\u010dena pro 2\u20135\u010dlenn\u00e9 t\u00fdmy. Je vhodn\u00e1 jak pro t\u00fdmy hrav\u00fdch dosp\u011bl\u00fdch, tak pro rodiny s d\u011btmi.<\/strong>&nbsp;Naplno si ji u\u017eij\u00ed d\u011bti cca od 10 let, nicm\u00e9n\u011b \u0161ikovn\u00ed rodi\u010de, u\u010ditel\u00e9 \u010di odd\u00edlov\u00ed vedouc\u00ed zapoj\u00ed ur\u010dit\u011b i&nbsp;mlad\u0161\u00ed d\u011bti.<\/p>\n\n\n\n<p class=\"\">V p\u0159\u00edpad\u011b, \u017ee hru bude hr\u00e1t t\u00fdm d\u011bt\u00ed bez dosp\u011bl\u00fdch, doporu\u010dujeme ji d\u011btem asi od 14 let.&nbsp;<br>&nbsp;<\/p>\n\n<\/div>\n    <\/div>\n\n<div class=\"col-12 col-lg-6 lazyblock-cryptomania-half-column-ZSB1QX wp-block-lazyblock-cryptomania-half-column\">\n                <div class=\"lazyblock-inner-blocks\">\n<div class=\"bg-sidebox-light p-4 mb-3 rounded-4 lazyblock-cryptomania-gray-box-Z1v0q51 wp-block-lazyblock-cryptomania-gray-box\">\n                <div class=\"lazyblock-inner-blocks\">\n\n<figure class=\"wp-block-image size-large\"><img loading=\"lazy\" decoding=\"async\" width=\"1024\" height=\"870\" src=\"https:\/\/trails.cryptomania.cz\/mesto\/wp-content\/uploads\/sites\/117\/2026\/01\/Nahled-mesto-velke-1024x870.png\" alt=\"\" class=\"wp-image-98\" srcset=\"https:\/\/trails.cryptomania.cz\/mesto\/wp-content\/uploads\/sites\/117\/2026\/01\/Nahled-mesto-velke-1024x870.png 1024w, https:\/\/trails.cryptomania.cz\/mesto\/wp-content\/uploads\/sites\/117\/2026\/01\/Nahled-mesto-velke-300x255.png 300w, https:\/\/trails.cryptomania.cz\/mesto\/wp-content\/uploads\/sites\/117\/2026\/01\/Nahled-mesto-velke-768x652.png 768w, https:\/\/trails.cryptomania.cz\/mesto\/wp-content\/uploads\/sites\/117\/2026\/01\/Nahled-mesto-velke.png 1210w\" sizes=\"auto, (max-width: 1024px) 100vw, 1024px\" \/><\/figure>\n\n<\/div>\n    <\/div>\n<\/div>\n    <\/div>\n\n            <\/div>\n        <\/div>\n    <\/div>\n\n<div class=\"row justify-content-center lazyblock-cryptomania-text-column-ZJVt4N wp-block-lazyblock-cryptomania-text-column\">\n        <div class=\"col col-lg-10 col-xl-8 col-xxl-8\">\n            <div class=\"row\">\n                <div class=\"col-12 col-lg-8 text-bigger mb-3 mt-2\">\n                    \n\n<h2 class=\"wp-block-heading\">Kde hra za\u010d\u00edn\u00e1?<\/h2>\n\n\n\n<p class=\"\">Hra za\u010d\u00edn\u00e1 u torza o\u0159e\u0161\u00e1ku v Otev\u0159en\u00e9m lese. Vstup p\u0159es Otev\u0159enou zahradu na adrese \u00dadoln\u00ed 567\/33, Brno.<\/p>\n\n\n                <\/div>\n            <\/div>\n        <\/div>\n    <\/div>\n\n<div class=\"row justify-content-center lazyblock-cryptomania-basic-column-ZGyesr wp-block-lazyblock-cryptomania-basic-column\">\n        <div class=\"col col-lg-10 col-xl-8 col-xxl-8\">\n            <div class=\"row\">\n                \n<div style='position: relative;'><div title='49.1964528N, 16.5972003E' id='m36044' style='width: 100%; height: 400px;'><\/div><\/div><p class='text-end'><small><a href='https:\/\/mapy.cz\/turisticka?source=coor&id=16.5972003%2C49.1964528&ds=2&x=16.5972003&y=49.1964528&z=17' target='_blank'>Zobrazit na mapy.cz<\/a><\/small><\/p>\n\n\n            <\/div>\n        <\/div>\n    <\/div>\n\n<div class=\"row justify-content-center lazyblock-cryptomania-text-column-XegoX wp-block-lazyblock-cryptomania-text-column\">\n        <div class=\"col col-lg-10 col-xl-8 col-xxl-8\">\n            <div class=\"row\">\n                <div class=\"col-12 col-lg-8 text-bigger mb-3 mt-2\">\n                    \n\n<h2 class=\"wp-block-heading\">Jak dlouho hra trv\u00e1?<\/h2>\n\n\n\n<p class=\"\">Hra Neviditeln\u00e9 m\u011bsto obsahuje 6 stanovi\u0161\u0165 a m\u00e1 d\u00e9lku necel\u00e9ho kilometru. Mysl\u00edme si, \u017ee hru je mo\u017en\u00e9 zvl\u00e1dnout do hodiny. Pokud v\u00e1s zaj\u00edm\u00e1, jak hru zvl\u00e1dly ostatn\u00ed t\u00fdmy, pod\u00edvejte se na jejich <a href=\"https:\/\/trails.cryptomania.cz\/mesto\/vysledky\/\">v\u00fdsledky<\/a>.<br>&nbsp;<\/p>\n\n\n                <\/div>\n            <\/div>\n        <\/div>\n    <\/div>\n\n<div class=\"row justify-content-center lazyblock-cryptomania-basic-column-Z1G9MSV wp-block-lazyblock-cryptomania-basic-column\">\n        <div class=\"col col-lg-10 col-xl-8 col-xxl-8\">\n            <div class=\"row\">\n                \n<div class=\"col-12 col-lg-6 lazyblock-cryptomania-half-column-1Qq5OK wp-block-lazyblock-cryptomania-half-column\">\n                <div class=\"lazyblock-inner-blocks\">\n\n<h2 class=\"wp-block-heading\">Co je ke h\u0159e pot\u0159eba?<\/h2>\n\n\n\n<ol class=\"wp-block-list\">\n<li>P\u0159e\u010d\u00edst si <a href=\"https:\/\/trails.cryptomania.cz\/mesto\/pravidla\/\">pravidla hry,<\/a><\/li>\n\n\n\n<li>m\u00edt v t\u00fdmu alespo\u0148 1 chytr\u00fd telefon s p\u0159ipojen\u00edm na&nbsp;internet,<\/li>\n\n\n\n<li>vz\u00edt si s sebou psac\u00ed pot\u0159eby,<\/li>\n\n\n\n<li>vyzvednout si hern\u00ed materi\u00e1ly (<em>p\u0159e\u010dt\u011bte si v r\u00e1me\u010dku jak\u00e9 a&nbsp;kde<\/em>),<\/li>\n\n\n\n<li><a href=\"https:\/\/trails.cryptomania.cz\/mesto\/registrace\/\">zaregistrovat t\u00fdm <\/a>do hry.<br>&nbsp;<\/li>\n<\/ol>\n\n<\/div>\n    <\/div>\n\n<div class=\"col-12 col-lg-6 lazyblock-cryptomania-half-column-Z1wKx35 wp-block-lazyblock-cryptomania-half-column\">\n                <div class=\"lazyblock-inner-blocks\">\n<div class=\"bg-sidebox-light p-4 mb-3 rounded-4 lazyblock-cryptomania-gray-box-Z1NAhf4 wp-block-lazyblock-cryptomania-gray-box\">\n                <div class=\"lazyblock-inner-blocks\">\n\n<h2 class=\"wp-block-heading\">Kde z\u00edsk\u00e1te hern\u00ed materi\u00e1ly?<\/h2>\n\n\n\n<ul class=\"wp-block-list\">\n<li>Na recepci Otev\u0159en\u00e9 zahrady<br>(\u00dadoln\u00ed 567\/33, Brno \u2013 <a href=\"https:\/\/mapy.com\/s\/gevoreluhu\" target=\"_blank\" rel=\"noreferrer noopener\">mapa<\/a>)<\/li>\n<\/ul>\n\n\n\n<h2 class=\"wp-block-heading\">Co obsahuj\u00ed?<\/h2>\n\n\n\n<ul class=\"wp-block-list\">\n<li><strong>Hern\u00ed bro\u017euru<\/strong> s&nbsp;pravidly a&nbsp;podklady k&nbsp;jednotliv\u00fdm \u00fakol\u016fm.<\/li>\n<\/ul>\n\n<\/div>\n    <\/div>\n<\/div>\n    <\/div>\n\n            <\/div>\n        <\/div>\n    <\/div>\n\n<div class=\"row justify-content-center lazyblock-cryptomania-text-column-UpPfw wp-block-lazyblock-cryptomania-text-column\">\n        <div class=\"col col-lg-10 col-xl-8 col-xxl-8\">\n            <div class=\"row\">\n                <div class=\"col-12 col-lg-8 text-bigger mb-3 mt-2\">\n                    \n\n<h2 class=\"wp-block-heading\">Kdo hru vytvo\u0159il?<\/h2>\n\n\n\n<p class=\"\">Origin\u00e1ln\u00ed \u0161ifrovac\u00ed hru pro v\u00e1s p\u0159ipravila <a href=\"https:\/\/www.nadacepartnerstvi.cz\/\">Nadace Partnerstv\u00ed<\/a> ve spolupr\u00e1ci s&nbsp;<a href=\"https:\/\/www.cryptomania.cz\/\">Cryptomania s.r.o.<\/a><\/p>\n\n\n\n<p class=\"\">Pokud m\u00e1te ohledn\u011b hry n\u011bjak\u00e9 ot\u00e1zky, nev\u00e1hejte <a href=\"https:\/\/trails.cryptomania.cz\/mesto\/kontakt\/\">n\u00e1s kontaktovat<\/a>.<\/p>\n\n\n\n<p class=\"\">U\u017eijte si lu\u0161t\u011bn\u00ed!<br>&nbsp;<br>&nbsp;<\/p>\n\n\n                <\/div>\n            <\/div>\n        <\/div>\n    <\/div>\n\n<div class=\"row justify-content-center lazyblock-cryptomania-basic-column-19zReF wp-block-lazyblock-cryptomania-basic-column\">\n        <div class=\"col col-lg-10 col-xl-8 col-xxl-8\">\n            <div class=\"row\">\n                \n\n<figure class=\"wp-block-image size-full\"><img loading=\"lazy\" decoding=\"async\" width=\"1200\" height=\"103\" src=\"https:\/\/trails.cryptomania.cz\/mesto\/wp-content\/uploads\/sites\/117\/2026\/01\/logo-MZP-a-EU-na-web.png\" alt=\"\" class=\"wp-image-123\" style=\"object-fit:cover\" srcset=\"https:\/\/trails.cryptomania.cz\/mesto\/wp-content\/uploads\/sites\/117\/2026\/01\/logo-MZP-a-EU-na-web.png 1200w, https:\/\/trails.cryptomania.cz\/mesto\/wp-content\/uploads\/sites\/117\/2026\/01\/logo-MZP-a-EU-na-web-300x26.png 300w, https:\/\/trails.cryptomania.cz\/mesto\/wp-content\/uploads\/sites\/117\/2026\/01\/logo-MZP-a-EU-na-web-1024x88.png 1024w, https:\/\/trails.cryptomania.cz\/mesto\/wp-content\/uploads\/sites\/117\/2026\/01\/logo-MZP-a-EU-na-web-768x66.png 768w\" sizes=\"auto, (max-width: 1200px) 100vw, 1200px\" \/><\/figure>\n\n\n            <\/div>\n        <\/div>\n    <\/div>","protected":false},"excerpt":{"rendered":"","protected":false},"author":1,"featured_media":0,"parent":0,"menu_order":0,"comment_status":"closed","ping_status":"closed","template":"","meta":{"footnotes":""},"class_list":["post-7","page","type-page","status-publish","hentry"],"_links":{"self":[{"href":"https:\/\/trails.cryptomania.cz\/mesto\/wp-json\/wp\/v2\/pages\/7","targetHints":{"allow":["GET"]}}],"collection":[{"href":"https:\/\/trails.cryptomania.cz\/mesto\/wp-json\/wp\/v2\/pages"}],"about":[{"href":"https:\/\/trails.cryptomania.cz\/mesto\/wp-json\/wp\/v2\/types\/page"}],"author":[{"embeddable":true,"href":"https:\/\/trails.cryptomania.cz\/mesto\/wp-json\/wp\/v2\/users\/1"}],"replies":[{"embeddable":true,"href":"https:\/\/trails.cryptomania.cz\/mesto\/wp-json\/wp\/v2\/comments?post=7"}],"version-history":[{"count":18,"href":"https:\/\/trails.cryptomania.cz\/mesto\/wp-json\/wp\/v2\/pages\/7\/revisions"}],"predecessor-version":[{"id":139,"href":"https:\/\/trails.cryptomania.cz\/mesto\/wp-json\/wp\/v2\/pages\/7\/revisions\/139"}],"wp:attachment":[{"href":"https:\/\/trails.cryptomania.cz\/mesto\/wp-json\/wp\/v2\/media?parent=7"}],"curies":[{"name":"wp","href":"https:\/\/api.w.org\/{rel}","templated":true}]}}