{"id":22,"date":"2023-01-25T13:28:45","date_gmt":"2023-01-25T12:28:45","guid":{"rendered":"https:\/\/trails.cryptomania.cz\/kapka\/vysledky\/"},"modified":"2025-01-16T09:23:39","modified_gmt":"2025-01-16T08:23:39","slug":"vysledky","status":"publish","type":"page","link":"https:\/\/trails.cryptomania.cz\/kapka\/vysledky\/","title":{"rendered":"V\u00fdsledky t\u00fdm\u016f"},"content":{"rendered":"","protected":false},"excerpt":{"rendered":"","protected":false},"author":1,"featured_media":0,"parent":0,"menu_order":0,"comment_status":"closed","ping_status":"closed","template":"template-parts\/page-results-light.php","meta":{"inline_featured_image":false,"footnotes":""},"class_list":["post-22","page","type-page","status-publish","hentry"],"_links":{"self":[{"href":"https:\/\/trails.cryptomania.cz\/kapka\/wp-json\/wp\/v2\/pages\/22","targetHints":{"allow":["GET"]}}],"collection":[{"href":"https:\/\/trails.cryptomania.cz\/kapka\/wp-json\/wp\/v2\/pages"}],"about":[{"href":"https:\/\/trails.cryptomania.cz\/kapka\/wp-json\/wp\/v2\/types\/page"}],"author":[{"embeddable":true,"href":"https:\/\/trails.cryptomania.cz\/kapka\/wp-json\/wp\/v2\/users\/1"}],"replies":[{"embeddable":true,"href":"https:\/\/trails.cryptomania.cz\/kapka\/wp-json\/wp\/v2\/comments?post=22"}],"version-history":[{"count":0,"href":"https:\/\/trails.cryptomania.cz\/kapka\/wp-json\/wp\/v2\/pages\/22\/revisions"}],"wp:attachment":[{"href":"https:\/\/trails.cryptomania.cz\/kapka\/wp-json\/wp\/v2\/media?parent=22"}],"curies":[{"name":"wp","href":"https:\/\/api.w.org\/{rel}","templated":true}]}}