{"id":17,"date":"2018-04-05T12:44:28","date_gmt":"2018-04-05T10:44:28","guid":{"rendered":"https:\/\/trails.cryptomania.cz\/jkc\/?page_id=17"},"modified":"2024-02-22T13:55:53","modified_gmt":"2024-02-22T12:55:53","slug":"leosuv-houslovy-klic","status":"publish","type":"page","link":"https:\/\/trails.cryptomania.cz\/jkc\/","title":{"rendered":"P\u0159ihl\u00e1\u0161en\u00ed"},"content":{"rendered":"","protected":false},"excerpt":{"rendered":"","protected":false},"author":1,"featured_media":0,"parent":0,"menu_order":0,"comment_status":"closed","ping_status":"closed","template":"template-parts\/page-login.php","meta":{"footnotes":""},"class_list":["post-17","page","type-page","status-publish","hentry"],"_links":{"self":[{"href":"https:\/\/trails.cryptomania.cz\/jkc\/wp-json\/wp\/v2\/pages\/17","targetHints":{"allow":["GET"]}}],"collection":[{"href":"https:\/\/trails.cryptomania.cz\/jkc\/wp-json\/wp\/v2\/pages"}],"about":[{"href":"https:\/\/trails.cryptomania.cz\/jkc\/wp-json\/wp\/v2\/types\/page"}],"author":[{"embeddable":true,"href":"https:\/\/trails.cryptomania.cz\/jkc\/wp-json\/wp\/v2\/users\/1"}],"replies":[{"embeddable":true,"href":"https:\/\/trails.cryptomania.cz\/jkc\/wp-json\/wp\/v2\/comments?post=17"}],"version-history":[{"count":2,"href":"https:\/\/trails.cryptomania.cz\/jkc\/wp-json\/wp\/v2\/pages\/17\/revisions"}],"predecessor-version":[{"id":155,"href":"https:\/\/trails.cryptomania.cz\/jkc\/wp-json\/wp\/v2\/pages\/17\/revisions\/155"}],"wp:attachment":[{"href":"https:\/\/trails.cryptomania.cz\/jkc\/wp-json\/wp\/v2\/media?parent=17"}],"curies":[{"name":"wp","href":"https:\/\/api.w.org\/{rel}","templated":true}]}}