{"id":38,"date":"2022-10-12T15:52:58","date_gmt":"2022-10-12T13:52:58","guid":{"rendered":"https:\/\/trails.cryptomania.cz\/klimastezka\/?page_id=38"},"modified":"2023-04-21T14:49:25","modified_gmt":"2023-04-21T12:49:25","slug":"o-hre","status":"publish","type":"page","link":"https:\/\/trails.cryptomania.cz\/hraoklima\/o-hre\/","title":{"rendered":"O h\u0159e"},"content":{"rendered":"<div class=\"lazyblock-cryptorace-perex-Z2otW2B wp-block-lazyblock-cryptorace-perex\"><div class=\"row mb-4\">\n    <div class=\"col col-lg-10 col-xxl-8 offset-lg-1 offset-xxl-2 text-perex\">\n        <p>Ve H\u0159e o klima se vyd\u00e1te s\u00a0mal\u00fdm Jardou a jeho str\u00fdcem, p\u0159\u00edrodov\u011bdcem Rudou na p\u011bt r\u016fzn\u00fdch m\u00edst v\u00a0Otev\u0159en\u00e9 zahrad\u011b. Dozv\u00edte se, co je to klimatick\u00e1 zm\u011bna a jak se mohou lid\u00e9 p\u0159izp\u016fsobit jej\u00edm dopad\u016fm. <\/p><p>B\u011bhem hry projdete <strong>v\u00a0t\u00fdmu o 2\u20135 hr\u00e1\u010d\u00edch<\/strong> v Otev\u0159en\u00e9 zahrad\u011b <strong> 5 stanovi\u0161\u0165<\/strong>, objev\u00edte d\u016fle\u017eit\u00e9 vlastnosti p\u0159\u00edrodn\u00edch \u010dinitel\u016f,  vyzkou\u0161\u00edte si interaktivn\u00ed prvky v Otev\u0159en\u00e9 zahrad\u011b a s vyu\u017eit\u00edm nov\u00fdch znalost\u00ed vylu\u0161t\u00edte <strong>5 origin\u00e1ln\u00edch \u0161ifer<\/strong>. <\/p>    <\/div>\n<\/div>\n<\/div>\n\n<div class=\"lazyblock-cryptorace-two-cols-box-Z2bDCPz wp-block-lazyblock-cryptorace-two-cols-box\"><div class=\"row mb-3\">\n    <div class=\"col col-md-6 col-lg-5 col-xxl-4 offset-lg-1 offset-xxl-2\">\n        <h2>Jak hra funguje?<\/h2>\n<p>V na\u0161\u00ed h\u0159e se vyd\u00e1te prozkoumat <strong>klimatickou zm\u011bnu<\/strong>.\u00a0<strong>V t\u00fdmu o 2\u20135 hr\u00e1\u010d\u00edch\u00a0<\/strong>b\u011bhem hry objev\u00edte 5 interaktivn\u00edch stanovi\u0161\u0165 <strong>Otev\u0159en\u00e9 zahrady<\/strong> v Brn\u011b. \u010cekaj\u00ed v\u00e1s <strong>\u0161ifry, logick\u00e9 \u00falohy a\u00a0z\u00edsk\u00e1v\u00e1n\u00ed hesel<\/strong>.<\/p>\n<p>Hru je mo\u017en\u00e9 \u0159e\u0161it s na\u0161\u00edm webov\u00fdm hern\u00edm syst\u00e9mem nebo bez n\u011bj (vhodn\u00e9 pro \u0161koln\u00ed skupiny). Ke h\u0159e tedy obvykle pot\u0159ebujete alespo\u0148 jeden <strong>telefon s p\u0159ipojen\u00edm k internetu<\/strong>.<\/p>\n<h2>Pro koho je hra ur\u010dena<\/h2>\n<p><!-- \/wp:heading --> <!-- wp:paragraph --><\/p>\n<p><strong>Hra je ur\u010dena pro 2\u20135 \u010dlenn\u00e9 t\u00fdmy. Hra je vhodn\u00e1 jak pro t\u00fdmy hrav\u00fdch dosp\u011bl\u00fdch, tak rodiny s d\u011btmi.<\/strong> Hru si u\u017eij\u00ed naplno d\u011bti cca od 12 let, nicm\u00e9n\u011b \u0161ikovn\u00ed rodi\u010de, u\u010ditel\u00e9 \u010di odd\u00edlov\u00ed vedouc\u00ed zapoj\u00ed ur\u010dit\u011b i mlad\u0161\u00ed d\u011bti.<\/p>\n<p><!-- \/wp:paragraph --> <!-- wp:paragraph --><\/p>\n<p>V p\u0159\u00edpad\u011b, \u017ee hru bude hr\u00e1t t\u00fdm d\u011bt\u00ed bez dosp\u011bl\u00fdch, doporu\u010dujeme ji d\u011btem cca od 14 let.\u00a0<\/p>    <\/div>\n    <div class=\"col-12 col-md-6 col-lg-5 col-xxl-4\">\n        <div class=\"bg-box1 p-4 mb-3\">\n            <p><img loading=\"lazy\" decoding=\"async\" width=\"300\" height=\"255\" class=\"alignnone size-medium wp-image-203 img-fluid\" src=\"https:\/\/trails.cryptomania.cz\/hraoklima\/wp-content\/uploads\/sites\/90\/2023\/02\/hra_o_klima_-_fotografie_do_prehledu_her-300x255.png\" alt=\"\" srcset=\"https:\/\/trails.cryptomania.cz\/hraoklima\/wp-content\/uploads\/sites\/90\/2023\/02\/hra_o_klima_-_fotografie_do_prehledu_her-300x255.png 300w, https:\/\/trails.cryptomania.cz\/hraoklima\/wp-content\/uploads\/sites\/90\/2023\/02\/hra_o_klima_-_fotografie_do_prehledu_her-768x653.png 768w, https:\/\/trails.cryptomania.cz\/hraoklima\/wp-content\/uploads\/sites\/90\/2023\/02\/hra_o_klima_-_fotografie_do_prehledu_her.png 880w\" sizes=\"auto, (max-width: 300px) 100vw, 300px\" \/><\/p>        <\/div>\n    <\/div>\n<\/div>\n<\/div>\n\n<div class=\"lazyblock-cryptorace-text-Z1fcvTP wp-block-lazyblock-cryptorace-text\"><div class=\"row\">\n    <div class=\"col col-md-7 col-lg-6 col-xxl-5 offset-lg-1 offset-xxl-2\">\n        <h2>Kde hra za\u010d\u00edn\u00e1?<\/h2>\n<p><!-- \/wp:heading --> <!-- wp:paragraph --><\/p>\n<p>Hru si zahrajete v Otev\u0159en\u00e9 zahrad\u011b. Hern\u00ed materi\u00e1ly &#8211; bro\u017euru a hern\u00ed karty z\u00edsk\u00e1te na recepci Otev\u0159en\u00e9 zahrady.<\/p>\n<p><!-- \/wp:shortcode --> <!-- wp:heading --><\/p>\n<h2>\u00a0<\/h2>    <\/div>\n<\/div>\n<\/div>\n\n<div class=\"lazyblock-cryptorace-perex-1uUxp9 wp-block-lazyblock-cryptorace-perex\"><div class=\"row mb-4\">\n    <div class=\"col col-lg-10 col-xxl-8 offset-lg-1 offset-xxl-2 text-perex\">\n        <div style='position: relative;'><div title='49.1970678\u00b0N, 16.5984803\u00b0E' id='m30524' style='width: 100%; height: 400px;'><\/div><\/div><p class='text-end'><small><a href='https:\/\/mapy.cz\/turisticka?source=coor&id=16.5984803%2C49.1970678&ds=2&x=16.5984803&y=49.1970678&z=17' target='_blank'>Zobrazit na mapy.cz<\/a><\/small><\/p>    <\/div>\n<\/div>\n<\/div>\n\n<div class=\"lazyblock-cryptorace-text-1Xpj9r wp-block-lazyblock-cryptorace-text\"><div class=\"row\">\n    <div class=\"col col-md-7 col-lg-6 col-xxl-5 offset-lg-1 offset-xxl-2\">\n        <h2>Jak dlouho hra trv\u00e1?<\/h2>\n<p><!-- \/wp:heading --> <!-- wp:paragraph --><\/p>\n<p>Hra o klima obsahuje 5 interaktivn\u00edch stanovi\u0161\u0165. Mysl\u00edme si, \u017ee hru je mo\u017en\u00e9 zvl\u00e1dnout do dvou hodin.<\/p>    <\/div>\n<\/div>\n<\/div>\n\n<div class=\"lazyblock-cryptorace-two-cols-box-CihVA wp-block-lazyblock-cryptorace-two-cols-box\"><div class=\"row mb-3\">\n    <div class=\"col col-md-6 col-lg-5 col-xxl-4 offset-lg-1 offset-xxl-2\">\n        <h2>Co je ke h\u0159e pot\u0159eba?<\/h2>\n<ol>\n<li>P\u0159e\u010d\u00edst si <a href=\"https:\/\/trails.cryptomania.cz\/hraoklima\/pravidla-hry\/\">pravidla hry<\/a>,<\/li>\n<li>m\u00edt v t\u00fdmu alespo\u0148 1 chytr\u00fd telefon s p\u0159ipojen\u00edm na internet,<\/li>\n<li>vz\u00edt si s sebou psac\u00ed pot\u0159eby,<\/li>\n<li>vyzvednout si hern\u00ed materi\u00e1ly (<em>p\u0159e\u010dt\u011bte si v r\u00e1me\u010dku, jak\u00e9 a kde je z\u00edskat<\/em>)<\/li>\n<li><a href=\"https:\/\/trails.cryptomania.cz\/hraoklima\/registrace\/\">zaregistrovat t\u00fdm<\/a> do hry.<\/li>\n<\/ol>\n<p><!-- \/wp:heading --> <!-- wp:paragraph --><\/p>\n<h2>\u00a0<\/h2>    <\/div>\n    <div class=\"col-12 col-md-6 col-lg-5 col-xxl-4\">\n        <div class=\"bg-box1 p-4 mb-3\">\n            <h2>Kde z\u00edsk\u00e1te hern\u00ed materi\u00e1ly?<\/h2>\n<ul>\n<li>Na recepci Otev\u0159en\u00e9 zahrady, \u00dadoln\u00ed 33, Brno \u00a0<\/li>\n<li>Ov\u011b\u0159te si otev\u00edrac\u00ed dobu <a href=\"https:\/\/www.otevrenazahrada.cz\/\">Otev\u0159en\u00e9 zahrady<\/a><\/li>\n<\/ul>\n<h2>Co obsahuj\u00ed?<\/h2>\n<ul>\n<li><strong>Hern\u00ed bro\u017euru<\/strong> (obsahuje pravidla, zad\u00e1n\u00ed jednotliv\u00fdch \u00fakol\u016f a zaj\u00edmav\u00e9 informace k t\u00e9mat\u016fm hry). Hern\u00ed bro\u017eura v\u00e1m z\u016fstane.<\/li>\n<li><strong>Hern\u00ed karty <\/strong>(vyu\u017eijete je na jednotliv\u00fdch hern\u00edch stanovi\u0161t\u00edch). Po h\u0159e je zapot\u0159eb\u00ed hern\u00ed karty vr\u00e1tit.<\/li>\n<\/ul>        <\/div>\n    <\/div>\n<\/div>\n<\/div>\n\n<div class=\"lazyblock-cryptorace-text-2pwzL0 wp-block-lazyblock-cryptorace-text\"><div class=\"row\">\n    <div class=\"col col-md-7 col-lg-6 col-xxl-5 offset-lg-1 offset-xxl-2\">\n        <h2>Lze hr\u00e1t i bez p\u0159ipojen\u00ed k internetu?<\/h2>\n<p>Ano, lze to. P\u0159e\u010dt\u011bte si <a href=\"https:\/\/trails.cryptomania.cz\/hraoklima\/pravidla-hry\/\">na str\u00e1nce pravidel<\/a>, jak\u00e9 omezen\u00ed to pro v\u00e1s ale bude m\u00edt.<\/p>\n<p>\u00a0<\/p>\n<h2>Kdo hru vytvo\u0159il?<\/h2>\n<p><!-- \/wp:heading --> <!-- wp:paragraph --><\/p>\n<p>Origin\u00e1ln\u00ed \u0161ifrovac\u00ed hru pro v\u00e1s p\u0159ipravili lid\u00e9 z <a href=\"https:\/\/www.nadacepartnerstvi.cz\">Nadace Partnerstv\u00ed<\/a> ve spolupr\u00e1ci s <a href=\"https:\/\/www.cryptomania.cz\/\">Cryptomania s.r.o.<\/a><\/p>\n<p>Pokud m\u00e1te ohledn\u011b hry n\u011bjak\u00e9 ot\u00e1zky, nev\u00e1hejte <a href=\"https:\/\/trails.cryptomania.cz\/hraoklima\/kontakt\/\">n\u00e1s kontaktovat<\/a>.<\/p>\n<p>P\u0159ejeme p\u0159\u00edjemnou hru!<\/p>\n<p>\u00a0<\/p>\n<p>Vznik hry finan\u010dn\u011b podpo\u0159il <a href=\"https:\/\/www.jmk.cz\/\">Jihomoravsk\u00fd kraj<\/a>. D\u011bkujeme.<br \/><a href=\"http:\/\/jmk.cz\"><img loading=\"lazy\" decoding=\"async\" class=\"img-fluid alignnone wp-image-140 size-medium\" src=\"https:\/\/trails.cryptomania.cz\/hraoklima\/wp-content\/uploads\/sites\/90\/2023\/01\/Logotyp_jihomoravsky_kraj_RGB-scaled-e1673945901311-300x82.jpg\" alt=\"Logo Jihomoravsk\u00e9ho kraje\" width=\"300\" height=\"82\" srcset=\"https:\/\/trails.cryptomania.cz\/hraoklima\/wp-content\/uploads\/sites\/90\/2023\/01\/Logotyp_jihomoravsky_kraj_RGB-scaled-e1673945901311-300x82.jpg 300w, https:\/\/trails.cryptomania.cz\/hraoklima\/wp-content\/uploads\/sites\/90\/2023\/01\/Logotyp_jihomoravsky_kraj_RGB-scaled-e1673945901311-1024x279.jpg 1024w, https:\/\/trails.cryptomania.cz\/hraoklima\/wp-content\/uploads\/sites\/90\/2023\/01\/Logotyp_jihomoravsky_kraj_RGB-scaled-e1673945901311-768x210.jpg 768w, https:\/\/trails.cryptomania.cz\/hraoklima\/wp-content\/uploads\/sites\/90\/2023\/01\/Logotyp_jihomoravsky_kraj_RGB-scaled-e1673945901311-1536x419.jpg 1536w, https:\/\/trails.cryptomania.cz\/hraoklima\/wp-content\/uploads\/sites\/90\/2023\/01\/Logotyp_jihomoravsky_kraj_RGB-scaled-e1673945901311-2048x559.jpg 2048w\" sizes=\"auto, (max-width: 300px) 100vw, 300px\" \/><\/a><\/p>\n<p>\u00a0<\/p>    <\/div>\n<\/div>\n<\/div>","protected":false},"excerpt":{"rendered":"","protected":false},"author":1,"featured_media":0,"parent":0,"menu_order":0,"comment_status":"closed","ping_status":"closed","template":"","meta":{"footnotes":""},"class_list":["post-38","page","type-page","status-publish","hentry"],"_links":{"self":[{"href":"https:\/\/trails.cryptomania.cz\/hraoklima\/wp-json\/wp\/v2\/pages\/38","targetHints":{"allow":["GET"]}}],"collection":[{"href":"https:\/\/trails.cryptomania.cz\/hraoklima\/wp-json\/wp\/v2\/pages"}],"about":[{"href":"https:\/\/trails.cryptomania.cz\/hraoklima\/wp-json\/wp\/v2\/types\/page"}],"author":[{"embeddable":true,"href":"https:\/\/trails.cryptomania.cz\/hraoklima\/wp-json\/wp\/v2\/users\/1"}],"replies":[{"embeddable":true,"href":"https:\/\/trails.cryptomania.cz\/hraoklima\/wp-json\/wp\/v2\/comments?post=38"}],"version-history":[{"count":21,"href":"https:\/\/trails.cryptomania.cz\/hraoklima\/wp-json\/wp\/v2\/pages\/38\/revisions"}],"predecessor-version":[{"id":208,"href":"https:\/\/trails.cryptomania.cz\/hraoklima\/wp-json\/wp\/v2\/pages\/38\/revisions\/208"}],"wp:attachment":[{"href":"https:\/\/trails.cryptomania.cz\/hraoklima\/wp-json\/wp\/v2\/media?parent=38"}],"curies":[{"name":"wp","href":"https:\/\/api.w.org\/{rel}","templated":true}]}}