{"id":36,"date":"2022-10-12T15:52:44","date_gmt":"2022-10-12T13:52:44","guid":{"rendered":"https:\/\/trails.cryptomania.cz\/klimastezka\/?page_id=36"},"modified":"2023-01-19T10:44:09","modified_gmt":"2023-01-19T09:44:09","slug":"pravidla-hry","status":"publish","type":"page","link":"https:\/\/trails.cryptomania.cz\/hraoklima\/pravidla-hry\/","title":{"rendered":"Pravidla hry"},"content":{"rendered":"<div class=\"lazyblock-cryptorace-perex-Z1fb5io wp-block-lazyblock-cryptorace-perex\"><div class=\"row mb-4\">\n    <div class=\"col col-lg-10 col-xxl-8 offset-lg-1 offset-xxl-2 text-perex\">\n        <p>V\u011bdec Rudolf nachystal pro bystr\u00e9ho teenagera Jardu Mal\u00e9ho \u0161ifrovac\u00ed hru v Otev\u0159en\u00e9 zahrad\u011b, kde se Jarda dozv\u00ed, co je to klimatick\u00e1 zm\u011bna a co mohou dosp\u011bl\u00ed a d\u011bti d\u011blat, aby zm\u00edrnili jej\u00ed dopad.<\/p><p>Abyste si <strong>Hru o klima v Otev\u0159en\u00e9 zahrad\u011b<\/strong> mohli pat\u0159i\u010dn\u011b u\u017e\u00edt, pe\u010dliv\u011b si pro\u010dt\u011bte pravidla.<\/p>    <\/div>\n<\/div>\n<\/div>\n\n<div class=\"lazyblock-cryptorace-text-ZUqaiA wp-block-lazyblock-cryptorace-text\"><div class=\"row\">\n    <div class=\"col col-md-7 col-lg-6 col-xxl-5 offset-lg-1 offset-xxl-2\">\n        <h2>D\u016fle\u017eit\u00e1 pravidla<\/h2>\n<ul>\n<li><strong>Hra obsahuje 5 \u00fakol\u016f.<\/strong>\u00a0C\u00edlem je z\u00edskat co nejv\u011bt\u0161\u00ed po\u010det bod\u016f za jejich spln\u011bn\u00ed.<\/li>\n<li><strong>Hra nen\u00ed \u010dasov\u011b omezena.<\/strong> M\u016f\u017eete hr\u00e1t, jak dlouho budete cht\u00edt.<\/li>\n<li><strong>\u00dakoly m\u016f\u017eete \u0159e\u0161it v libovoln\u00e9m po\u0159ad\u00ed.\u00a0<\/strong><\/li>\n<li>Zad\u00e1n\u00ed \u00fakolu z\u00edsk\u00e1te v\u017edy v hern\u00edm syst\u00e9mu, n\u011bkter\u00e9 \u00fakoly vy\u017eaduj\u00ed i pr\u00e1ci s dal\u0161\u00edmi hern\u00edmi materi\u00e1ly (bro\u017eurou, kartami \u010di dal\u0161\u00edmi prvky na m\u00edst\u011b).<\/li>\n<li><strong>\u0158e\u0161en\u00edm ka\u017ed\u00e9ho \u00fakolu je jedno smyslupln\u00e9 \u010desk\u00e9<\/strong>\u00a0<strong>slovo \u2013<\/strong>\u00a0<strong>heslo<\/strong>, kter\u00e9 je zapot\u0159eb\u00ed vlo\u017eit do hern\u00edho syst\u00e9mu. To ov\u0161em neznamen\u00e1, \u017ee v\u00e1m nem\u016f\u017ee vyj\u00edt nap\u0159\u00edklad v\u011bta HESLO JE L\u00cdPA nebo HESLEM JE \u010cESK\u00dd N\u00c1RODN\u00cd STROM. V obou p\u0159\u00edpadech byste v\u0161ak m\u011bli zadat do hern\u00edho syst\u00e9mu pouze slovo L\u00cdPA.<\/li>\n<li>Pokud do syst\u00e9mu zad\u00e1te dv\u011b \u0161patn\u00e1 hesla po sob\u011b, dal\u0161\u00ed budete moci zadat a\u017e po uplynut\u00ed 2 minut.<\/li>\n<li>\u00dakoly spolu souvis\u00ed pouze p\u0159\u00edb\u011bhem, ka\u017ed\u00fd je pot\u0159eba \u0159e\u0161it samostatn\u011b.<\/li>\n<li>Ve h\u0159e pou\u017e\u00edv\u00e1me anglickou abecedu o 26 znac\u00edch (CH jsou 2 r\u016fzn\u00e1 p\u00edsmena).<\/li>\n<\/ul>\n<h2>Hra bez hern\u00edho syst\u00e9mu<\/h2>\n<ul>\n<li>Hru je mo\u017en\u00e9 celou absolvovat bez p\u0159ipojen\u00ed k internetu (a tedy i bez hern\u00edho syst\u00e9mu) s n\u00e1sleduj\u00edc\u00edmi omezen\u00edmi:\n<ul>\n<li>hesla si zapisujete do hern\u00ed bro\u017eury,<\/li>\n<li>p\u0159ijdete o kontrolu spr\u00e1vnosti hesel,<\/li>\n<li>nebudete m\u00edt mo\u017enost si vz\u00edt n\u00e1pov\u011bdu, p\u0159\u00edpadn\u011b p\u0159esko\u010dit stanovi\u0161t\u011b,<\/li>\n<li>neum\u00edst\u00edte se ve v\u00fdsledkov\u00e9 listin\u011b.<\/li>\n<\/ul>\n<\/li>\n<\/ul>    <\/div>\n<\/div>\n<\/div>","protected":false},"excerpt":{"rendered":"","protected":false},"author":1,"featured_media":0,"parent":0,"menu_order":0,"comment_status":"closed","ping_status":"closed","template":"","meta":{"footnotes":""},"class_list":["post-36","page","type-page","status-publish","hentry"],"_links":{"self":[{"href":"https:\/\/trails.cryptomania.cz\/hraoklima\/wp-json\/wp\/v2\/pages\/36","targetHints":{"allow":["GET"]}}],"collection":[{"href":"https:\/\/trails.cryptomania.cz\/hraoklima\/wp-json\/wp\/v2\/pages"}],"about":[{"href":"https:\/\/trails.cryptomania.cz\/hraoklima\/wp-json\/wp\/v2\/types\/page"}],"author":[{"embeddable":true,"href":"https:\/\/trails.cryptomania.cz\/hraoklima\/wp-json\/wp\/v2\/users\/1"}],"replies":[{"embeddable":true,"href":"https:\/\/trails.cryptomania.cz\/hraoklima\/wp-json\/wp\/v2\/comments?post=36"}],"version-history":[{"count":9,"href":"https:\/\/trails.cryptomania.cz\/hraoklima\/wp-json\/wp\/v2\/pages\/36\/revisions"}],"predecessor-version":[{"id":184,"href":"https:\/\/trails.cryptomania.cz\/hraoklima\/wp-json\/wp\/v2\/pages\/36\/revisions\/184"}],"wp:attachment":[{"href":"https:\/\/trails.cryptomania.cz\/hraoklima\/wp-json\/wp\/v2\/media?parent=36"}],"curies":[{"name":"wp","href":"https:\/\/api.w.org\/{rel}","templated":true}]}}