{"id":37,"date":"2023-02-16T09:49:05","date_gmt":"2023-02-16T08:49:05","guid":{"rendered":"https:\/\/trails.cryptomania.cz\/hodonin\/o-hre\/"},"modified":"2023-06-09T12:30:08","modified_gmt":"2023-06-09T10:30:08","slug":"o-hre","status":"publish","type":"page","link":"https:\/\/trails.cryptomania.cz\/hodonin\/o-hre\/","title":{"rendered":"O h\u0159e"},"content":{"rendered":"<div class=\"lazyblock-cryptorace-perex-6oSEp wp-block-lazyblock-cryptorace-perex\"><div class=\"row mb-4\">\n    <div class=\"col col-lg-10 col-xxl-8 offset-lg-1 offset-xxl-2 text-perex\">\n        <p>Byli jste n\u011bkdy v\u00a0Hodon\u00edn\u011b? Pokud ne, tak ho doporu\u010dujeme nav\u0161t\u00edvit! M\u011bsto <strong>Hodon\u00edn<\/strong> le\u017e\u00ed na slunn\u00e9m jihu u \u0159eky Moravy. M\u011bsto, kde se narodil prvn\u00ed \u010deskoslovensk\u00fd prezident Tom\u00e1\u0161 Garrigue Masaryk. V\u00a0na\u0161\u00ed h\u0159e se s\u00a0mlad\u00fdm pr\u016fvodcem vyd\u00e1te po zaj\u00edmav\u00fdch m\u00edstech m\u011bsta Hodon\u00edna, kter\u00e1 Tom\u00e1\u0161 Garrigue Masaryk nav\u0161t\u00edvil nebo s\u00a0jeho \u017eivotem a odkazem n\u011bjak souvis\u00ed. <\/p><p>Objevte s n\u00e1mi <strong>Tajemstv\u00ed Geni\u00e1ln\u00edho Myslitele<\/strong>, poznejte m\u011bsto, stavby i osobnosti, kter\u00e9 m\u011bly na filosofa, sociologa a politika Tom\u00e1\u0161e Garrigua Masaryka ur\u010duj\u00edc\u00ed vliv. <\/p>    <\/div>\n<\/div>\n<\/div>\n\n<div class=\"lazyblock-cryptorace-two-cols-box-2susAX wp-block-lazyblock-cryptorace-two-cols-box\"><div class=\"row mb-3\">\n    <div class=\"col col-md-6 col-lg-5 col-xxl-4 offset-lg-1 offset-xxl-2\">\n        <h2>Jak hra funguje?<\/h2>\n<p>V na\u0161\u00ed h\u0159e se vyd\u00e1te prozkoumat osobnost<strong> Tom\u00e1\u0161e Garrigua Masaryka<\/strong>.\u00a0<strong>V t\u00fdmu o 2\u20135 hr\u00e1\u010d\u00edch\u00a0<\/strong>b\u011bhem n\u00ed projdete <strong>Hodon\u00edn<\/strong>. <strong>Na 7 stanovi\u0161t\u00edch a 1 bonusov\u00e9m<\/strong> v\u00e1s \u010dekaj\u00ed <strong>\u0161ifry, logick\u00e9 \u00falohy a\u00a0z\u00edsk\u00e1v\u00e1n\u00ed hesel<\/strong>.<\/p>\n<p>V\u017edy po zad\u00e1n\u00ed spr\u00e1vn\u00e9ho hesla do online hern\u00edho syst\u00e9mu se dozv\u00edte polohu dal\u0161\u00edho stanovi\u0161t\u011b. Ke h\u0159e tedy pot\u0159ebujete alespo\u0148 jeden <strong>telefon s p\u0159ipojen\u00edm k internetu<\/strong>.<\/p>\n<h2>Pro koho je ur\u010dena?<\/h2>\n<p><strong>Hra je ur\u010dena pro 2\u20135\u010dlenn\u00e9 t\u00fdmy. Je vhodn\u00e1 jak pro t\u00fdmy hrav\u00fdch dosp\u011bl\u00fdch, tak pro rodiny s d\u011btmi.<\/strong> Naplno si ji u\u017eij\u00ed d\u011bti cca od 12 let, nicm\u00e9n\u011b \u0161ikovn\u00ed rodi\u010de, u\u010ditel\u00e9 \u010di odd\u00edlov\u00ed vedouc\u00ed zapoj\u00ed ur\u010dit\u011b i mlad\u0161\u00ed d\u011bti.<\/p>\n<p>V p\u0159\u00edpad\u011b, \u017ee hru bude hr\u00e1t t\u00fdm d\u011bt\u00ed bez dosp\u011bl\u00fdch, doporu\u010dujeme ji d\u011btem asi od 15 let.\u00a0<\/p>    <\/div>\n    <div class=\"col-12 col-md-6 col-lg-5 col-xxl-4\">\n        <div class=\"bg-box1 p-4 mb-3\">\n            <p><img loading=\"lazy\" decoding=\"async\" width=\"800\" height=\"680\" class=\"alignnone size-full wp-image-194 img-fluid\" src=\"https:\/\/trails.cryptomania.cz\/hodonin\/wp-content\/uploads\/sites\/94\/2023\/05\/brozura-hodonin-1.png\" alt=\"\" srcset=\"https:\/\/trails.cryptomania.cz\/hodonin\/wp-content\/uploads\/sites\/94\/2023\/05\/brozura-hodonin-1.png 800w, https:\/\/trails.cryptomania.cz\/hodonin\/wp-content\/uploads\/sites\/94\/2023\/05\/brozura-hodonin-1-300x255.png 300w, https:\/\/trails.cryptomania.cz\/hodonin\/wp-content\/uploads\/sites\/94\/2023\/05\/brozura-hodonin-1-768x653.png 768w\" sizes=\"auto, (max-width: 800px) 100vw, 800px\" \/><\/p>        <\/div>\n    <\/div>\n<\/div>\n<\/div>\n\n<div class=\"lazyblock-cryptorace-text-Z4rguL wp-block-lazyblock-cryptorace-text\"><div class=\"row\">\n    <div class=\"col col-md-7 col-lg-6 col-xxl-5 offset-lg-1 offset-xxl-2\">\n        <h2>Kde hra za\u010d\u00edn\u00e1?<\/h2>\n<p><!-- \/wp:heading --> <!-- wp:paragraph --><\/p>\n<p>Hra za\u010d\u00edn\u00e1 v <a href=\"https:\/\/www.hodonin.eu\/sluzby-informacniho-centra\/ds-48092\/p1=84089\" target=\"_blank\" rel=\"noopener\">TIC m\u011bsta Hodon\u00edna<\/a> na adrese N\u00e1rodn\u00ed t\u0159\u00edda 3957\/36 (<a href=\"https:\/\/mapy.cz\/s\/kabohumolu\" target=\"_blank\" rel=\"noopener\">odkaz na mapu<\/a>).<\/p>    <\/div>\n<\/div>\n<\/div>\n\n<div class=\"lazyblock-cryptorace-perex-JgHF4 wp-block-lazyblock-cryptorace-perex\"><div class=\"row mb-4\">\n    <div class=\"col col-lg-10 col-xxl-8 offset-lg-1 offset-xxl-2 text-perex\">\n        <div style='position: relative;'><div title='48.8531058\u00b0N, 17.1262639\u00b0E' id='m28538' style='width: 100%; height: 400px;'><\/div><\/div><p class='text-end'><small><a href='https:\/\/mapy.cz\/turisticka?source=coor&id=17.1262639%2C48.8531058&ds=2&x=17.1262639&y=48.8531058&z=17' target='_blank'>Zobrazit na mapy.cz<\/a><\/small><\/p>    <\/div>\n<\/div>\n<\/div>\n\n<div class=\"lazyblock-cryptorace-text-173QkX wp-block-lazyblock-cryptorace-text\"><div class=\"row\">\n    <div class=\"col col-md-7 col-lg-6 col-xxl-5 offset-lg-1 offset-xxl-2\">\n        <h2>Jak dlouho hra trv\u00e1?<\/h2>\n<p><!-- \/wp:heading --> <!-- wp:paragraph --><\/p>\n<p>Hra Tajemstv\u00ed Geni\u00e1ln\u00edho Myslitele obsahuje 7 stanovi\u0161\u0165 a 1 bonusov\u00e9. Mysl\u00edme si, \u017ee hru je mo\u017en\u00e9 zvl\u00e1dnout za dv\u011b hodiny. Pokud v\u00e1s zaj\u00edm\u00e1, jak hru zvl\u00e1dly ostatn\u00ed t\u00fdmy, pod\u00edvejte se na jejich <a href=\"https:\/\/trails.cryptomania.cz\/hodonin\/vysledky\/\">v\u00fdsledky<\/a>.<\/p>    <\/div>\n<\/div>\n<\/div>\n\n<div class=\"lazyblock-cryptorace-two-cols-box-ZUbWJd wp-block-lazyblock-cryptorace-two-cols-box\"><div class=\"row mb-3\">\n    <div class=\"col col-md-6 col-lg-5 col-xxl-4 offset-lg-1 offset-xxl-2\">\n        <h2>Co je ke h\u0159e pot\u0159eba?<\/h2>\n<ol>\n<li>P\u0159e\u010d\u00edst si <a href=\"https:\/\/trails.cryptomania.cz\/hodonin\/pravidla\/\">pravidla hry,<\/a><\/li>\n<li>m\u00edt v t\u00fdmu alespo\u0148 1 chytr\u00fd telefon s p\u0159ipojen\u00edm na internet,<\/li>\n<li>vz\u00edt si s sebou psac\u00ed pot\u0159eby,<\/li>\n<li>vyzvednout si hern\u00ed bro\u017euru (<em>p\u0159e\u010dt\u011bte si v r\u00e1me\u010dku jak a kde<\/em>), \u010di si <a href=\"https:\/\/trails.cryptomania.cz\/hodonin\/wp-content\/uploads\/sites\/94\/2023\/06\/tajemstvi_genialniho_myslitele_-_herni_brozura_ke_stazeni.pdf\">ji vytisknout<\/a>.<\/li>\n<li><a href=\"https:\/\/trails.cryptomania.cz\/hodonin\/registrace\/\">zaregistrovat t\u00fdm <\/a>do hry.<\/li>\n<\/ol>    <\/div>\n    <div class=\"col-12 col-md-6 col-lg-5 col-xxl-4\">\n        <div class=\"bg-box1 p-4 mb-3\">\n            <h2>Kde z\u00edsk\u00e1te hern\u00ed bro\u017euru?<\/h2>\n<ul>\n<li>V <a href=\"https:\/\/www.hodonin.eu\/sluzby-informacniho-centra\/ds-48092\/p1=84089\" target=\"_blank\" rel=\"noopener\">Turistick\u00e9m informa\u010dn\u00edm centru m\u011bsta Hodon\u00edna<\/a>\u00a0<br \/>(N\u00e1rodn\u00ed t\u0159\u00edda 3957\/36, Hodon\u00edn \u2013 <a href=\"https:\/\/mapy.cz\/s\/kabohumolu\" target=\"_blank\" rel=\"noopener\">mapa<\/a>)<\/li>\n<li>P\u0159\u00edpadn\u011b si ji <a href=\"https:\/\/trails.cryptomania.cz\/hodonin\/wp-content\/uploads\/sites\/94\/2023\/06\/tajemstvi_genialniho_myslitele_-_herni_brozura_ke_stazeni.pdf\">m\u016f\u017eete vytisknou p\u0159ed hrou<\/a> sami.<\/li>\n<\/ul>\n<h2>Co obsahuje?<\/h2>\n<ul>\n<li><strong>V hern\u00ed bro\u017eu\u0159e<\/strong> najdete shrnut\u00ed pravidel a zejm\u00e9na pak podklady k jednotliv\u00fdm \u00fakol\u016fm. Bez fyzick\u00e9 hern\u00ed bro\u017eury nelze n\u011bkter\u00e9 z \u00fakol\u016f vy\u0159e\u0161it.<\/li>\n<\/ul>        <\/div>\n    <\/div>\n<\/div>\n<\/div>\n\n<div class=\"lazyblock-cryptorace-text-ZjqCos wp-block-lazyblock-cryptorace-text\"><div class=\"row\">\n    <div class=\"col col-md-7 col-lg-6 col-xxl-5 offset-lg-1 offset-xxl-2\">\n        <h2>Kdo hru vytvo\u0159il?<\/h2>\n<p><!-- \/wp:heading --> <!-- wp:paragraph --><\/p>\n<p>Origin\u00e1ln\u00ed \u0161ifrovac\u00ed hru pro v\u00e1s p\u0159ipravilo <a href=\"https:\/\/www.hodonin.eu\/\" target=\"_blank\" rel=\"noopener\">m\u011bsto Hodon\u00edn <\/a>a spole\u010dnost\u00a0<a href=\"https:\/\/www.cryptomania.cz\/\">Cryptomania<\/a>.<\/p>\n<p><!-- \/wp:paragraph --> <!-- wp:paragraph --><\/p>\n<p>Pokud m\u00e1te ohledn\u011b hry n\u011bjak\u00e9 ot\u00e1zky, nev\u00e1hejte <a href=\"https:\/\/trails.cryptomania.cz\/hodonin\/kontakt\/\">n\u00e1s kontaktovat<\/a>.<\/p>\n<p><!-- \/wp:paragraph --> <!-- wp:paragraph --><\/p>\n<p style=\"text-align: left;\">U\u017eijte si lu\u0161t\u011bn\u00ed!<\/p>    <\/div>\n<\/div>\n<\/div>","protected":false},"excerpt":{"rendered":"","protected":false},"author":1,"featured_media":0,"parent":0,"menu_order":0,"comment_status":"closed","ping_status":"closed","template":"","meta":{"footnotes":""},"class_list":["post-37","page","type-page","status-publish","hentry"],"_links":{"self":[{"href":"https:\/\/trails.cryptomania.cz\/hodonin\/wp-json\/wp\/v2\/pages\/37","targetHints":{"allow":["GET"]}}],"collection":[{"href":"https:\/\/trails.cryptomania.cz\/hodonin\/wp-json\/wp\/v2\/pages"}],"about":[{"href":"https:\/\/trails.cryptomania.cz\/hodonin\/wp-json\/wp\/v2\/types\/page"}],"author":[{"embeddable":true,"href":"https:\/\/trails.cryptomania.cz\/hodonin\/wp-json\/wp\/v2\/users\/1"}],"replies":[{"embeddable":true,"href":"https:\/\/trails.cryptomania.cz\/hodonin\/wp-json\/wp\/v2\/comments?post=37"}],"version-history":[{"count":23,"href":"https:\/\/trails.cryptomania.cz\/hodonin\/wp-json\/wp\/v2\/pages\/37\/revisions"}],"predecessor-version":[{"id":321,"href":"https:\/\/trails.cryptomania.cz\/hodonin\/wp-json\/wp\/v2\/pages\/37\/revisions\/321"}],"wp:attachment":[{"href":"https:\/\/trails.cryptomania.cz\/hodonin\/wp-json\/wp\/v2\/media?parent=37"}],"curies":[{"name":"wp","href":"https:\/\/api.w.org\/{rel}","templated":true}]}}