{"id":27,"date":"2022-03-16T10:38:10","date_gmt":"2022-03-16T09:38:10","guid":{"rendered":"https:\/\/trails.cryptomania.cz\/filmtrix\/?page_id=27"},"modified":"2022-04-05T16:38:39","modified_gmt":"2022-04-05T14:38:39","slug":"registrovat-tym","status":"publish","type":"page","link":"https:\/\/trails.cryptomania.cz\/filmtrix\/registrovat-tym\/","title":{"rendered":"Registrovat t\u00fdm"},"content":{"rendered":"<div class=\"text-perex\">Registrace do hry je zdarma. Po registraci t\u00fdmu do hry z\u00edsk\u00e1te p\u0159ihla\u0161ovac\u00ed \u00fadaje, nicm\u00e9n\u011b p\u0159ed vlastn\u00edm startem bude nutn\u00e9 do syst\u00e9mu doplnit tak\u00e9 jm\u00e9na jednotliv\u00fdch hr\u00e1\u010d\u016f.<\/div>\n","protected":false},"excerpt":{"rendered":"<p>Registrace do hry je zdarma. Po registraci t\u00fdmu do hry z\u00edsk\u00e1te p\u0159ihla\u0161ovac\u00ed \u00fadaje, nicm\u00e9n\u011b p\u0159ed vlastn\u00edm startem bude nutn\u00e9 do syst\u00e9mu doplnit tak\u00e9 jm\u00e9na jednotliv\u00fdch hr\u00e1\u010d\u016f.<\/p>\n","protected":false},"author":82,"featured_media":0,"parent":0,"menu_order":0,"comment_status":"closed","ping_status":"closed","template":"template-parts\/page-register.php","meta":{"footnotes":""},"class_list":["post-27","page","type-page","status-publish","hentry"],"_links":{"self":[{"href":"https:\/\/trails.cryptomania.cz\/filmtrix\/wp-json\/wp\/v2\/pages\/27","targetHints":{"allow":["GET"]}}],"collection":[{"href":"https:\/\/trails.cryptomania.cz\/filmtrix\/wp-json\/wp\/v2\/pages"}],"about":[{"href":"https:\/\/trails.cryptomania.cz\/filmtrix\/wp-json\/wp\/v2\/types\/page"}],"author":[{"embeddable":true,"href":"https:\/\/trails.cryptomania.cz\/filmtrix\/wp-json\/wp\/v2\/users\/82"}],"replies":[{"embeddable":true,"href":"https:\/\/trails.cryptomania.cz\/filmtrix\/wp-json\/wp\/v2\/comments?post=27"}],"version-history":[{"count":4,"href":"https:\/\/trails.cryptomania.cz\/filmtrix\/wp-json\/wp\/v2\/pages\/27\/revisions"}],"predecessor-version":[{"id":110,"href":"https:\/\/trails.cryptomania.cz\/filmtrix\/wp-json\/wp\/v2\/pages\/27\/revisions\/110"}],"wp:attachment":[{"href":"https:\/\/trails.cryptomania.cz\/filmtrix\/wp-json\/wp\/v2\/media?parent=27"}],"curies":[{"name":"wp","href":"https:\/\/api.w.org\/{rel}","templated":true}]}}