{"id":25,"date":"2022-03-16T10:37:56","date_gmt":"2022-03-16T09:37:56","guid":{"rendered":"https:\/\/trails.cryptomania.cz\/filmtrix\/?page_id=25"},"modified":"2022-06-30T10:10:41","modified_gmt":"2022-06-30T08:10:41","slug":"pravidla-hry","status":"publish","type":"page","link":"https:\/\/trails.cryptomania.cz\/filmtrix\/pravidla-hry\/","title":{"rendered":"Pravidla hry"},"content":{"rendered":"<h2>Pr\u00e1vn\u00ed \u00faprava hry<\/h2>\n<p>Pokud v\u00e1s zaj\u00edmaj\u00ed &#8222;hern\u00ed pravidla&#8220;, m\u016f\u017eete tento odstavec p\u0159esko\u010dit a \u010d\u00edst d\u00e1le. Pokud si ale chcete p\u0159e\u010d\u00edst komplexn\u00ed pravidla hry v pr\u00e1vnick\u00e9m jazyce, kter\u00e1 jsou pro jej\u00ed kon\u00e1n\u00ed ur\u010duj\u00edc\u00ed, v\u011bnujte pozornost <a href=\"https:\/\/trails.cryptomania.cz\/filmtrix\/wp-content\/uploads\/sites\/83\/2022\/04\/pravidla_souteze.pdf\">komplexn\u00edm pravidl\u016fm hry<\/a> v odk\u00e1zan\u00e9m .pdf souboru.<\/p>\n<h2>Kdy hra prob\u00edh\u00e1?<\/h2>\n<p>Hru je mo\u017en\u00e9 odehr\u00e1t kdykoliv do konce z\u00e1\u0159\u00ed 2022.<\/p>\n<h2>Hern\u00ed syst\u00e9m<\/h2>\n<p>Celou hrou v\u00e1s bude prov\u00e1zet hern\u00ed syst\u00e9m. Jednodu\u0161e <a href=\"https:\/\/trails.cryptomania.cz\/filmtrix\/registrovat-tym\/\">zaregistrujte sv\u016fj t\u00fdm<\/a> a ve h\u0159e n\u00e1sledn\u011b vypl\u0148te po\u017eadovan\u00e9 \u00fadaje o jeho jednotliv\u00fdch \u010dlenech. <\/p>\n<p>Na z\u00e1klad\u011b vypln\u011bn\u00fdch kontaktn\u00edch \u00fadaj\u016f a odpov\u011bdi na c\u00edlovou tipovac\u00ed ot\u00e1zku m\u016f\u017eete vyhr\u00e1t zaj\u00edmav\u00e9 ceny.<\/p>\n<h2>Stanovi\u0161t\u011b<\/h2>\n<ul>\n<li>Hra Filmtrix obsahuje 6 stanovi\u0161\u0165. <\/li>\n<li>Stanovi\u0161t\u011b jsou o\u010d\u00edslov\u00e1na od 1. do 6. a je mo\u017en\u00e9 je nav\u0161t\u00edvit pouze v tomto po\u0159ad\u00ed. <\/li>\n<li>Hern\u00ed syst\u00e9m v\u00e1m v\u017edy uk\u00e1\u017ee na map\u011b polohu aktu\u00e1ln\u00edho stanovi\u0161t\u011b. <\/li>\n<li>A\u017e budete na spr\u00e1vn\u00e9m m\u00edst\u011b, mus\u00edte si stanovi\u0161t\u011b odemknout\u00a0<strong>jednoslovn\u00fdm p\u0159\u00edstupov\u00fdm k\u00f3dem.\u00a0<\/strong><\/li>\n<\/ul>\n<h2>\u00dakoly<\/h2>\n<ul>\n<li>Zad\u00e1n\u00ed v\u0161ech \u00fakol\u016f naleznete elektronicky v hern\u00edm syst\u00e9mu. <\/li>\n<li>V n\u011bkter\u00fdch p\u0159\u00edpadech budete pot\u0159ebovat vyu\u017e\u00edt tak\u00e9 v\u011bci, kter\u00e9 budou ve va\u0161\u00ed bl\u00edzkosti (sochy, dve\u0159e apod.). <\/li>\n<li><strong>Ve h\u0159e pou\u017e\u00edv\u00e1me anglickou abecedu o 26 znac\u00edch (CH jsou tedy dv\u011b p\u00edsmena).<\/strong><\/li>\n<li><strong>\u0158e\u0161en\u00edm \u00fakolu je v\u017edy jednoslovn\u00e9 smyslupln\u00e9 heslo.<\/strong> Do syst\u00e9mu jej zad\u00e1vejte bez diakritiky!<\/li>\n<li>\u00dakoly spolu vz\u00e1jemn\u011b nesouvis\u00ed. Ka\u017ed\u00fd je pot\u0159eba \u0159e\u0161it samostatn\u011b.<\/li>\n<\/ul>\n<h2>P\u0159\u00edb\u011bh<\/h2>\n<p>Celou hrou v\u00e1s bude prov\u00e1zet Comic-Con Girl a Prageek, kte\u0159\u00ed za\u017e\u00edvaj\u00ed sv\u00e1 mal\u00e1 dobrodru\u017estv\u00ed p\u0159\u00edmo uprost\u0159ed jednotliv\u00fdch film\u016f. Z\u00e1rove\u0148 se na ka\u017ed\u00e9m m\u00edst\u011b m\u016f\u017eete pod\u00edvat na kr\u00e1tk\u00e9 video, kter\u00e9 v\u00e1m uk\u00e1\u017ee, jak filma\u0159i pra\u017eskou lokalitu vyu\u017eili.<\/p>\n<p>K vy\u0159e\u0161en\u00ed \u00fakolu nepot\u0159ebujete hern\u00ed p\u0159\u00edb\u011bh ani konkr\u00e9tn\u00ed film.<\/p>\n<h2>Bodov\u00e1n\u00ed t\u00fdm\u016f<\/h2>\n<p><strong>Za vy\u0159e\u0161en\u00ed \u00fakol\u016f z\u00edsk\u00e1v\u00e1 v\u00e1\u0161 t\u00fdm body.<\/strong> Ty se v\u0161ak li\u0161\u00ed podle toho, zda jste jej vy\u0159e\u0161ili bez pomoci, \u010di jste si v internetov\u00e9m hern\u00edm syst\u00e9mu vzali n\u00e1pov\u011bdu nebo dokonce \u0159e\u0161en\u00ed.<\/p>\n<ul>\n<li>Vy\u0159e\u0161en\u00ed \u00fakolu bez n\u00e1pov\u011bdy: 10 bod\u016f<\/li>\n<li>Vy\u0159e\u0161en\u00ed \u00fakolu s n\u00e1pov\u011bdou: 5 bod\u016f<\/li>\n<li>Vy\u0159e\u0161en\u00ed \u00fakolu p\u0159i zobrazen\u00ed \u0159e\u0161en\u00ed: 0 bod\u016f<\/li>\n<\/ul>\n<p>V p\u0159\u00edpad\u011b, \u017ee dva t\u00fdmy dos\u00e1hnou stejn\u00e9ho bodov\u00e9ho zisku, rozhoduje \u010das trv\u00e1n\u00ed hry. <strong>\u010cas a body jsou pouze ot\u00e1zkou presti\u017ee va\u0161eho t\u00fdmu.<\/strong><\/p>\n","protected":false},"excerpt":{"rendered":"<p>Pr\u00e1vn\u00ed \u00faprava hry Pokud v\u00e1s zaj\u00edmaj\u00ed &#8222;hern\u00ed pravidla&#8220;, m\u016f\u017eete tento odstavec p\u0159esko\u010dit a \u010d\u00edst d\u00e1le. Pokud si ale chcete p\u0159e\u010d\u00edst komplexn\u00ed pravidla hry v pr\u00e1vnick\u00e9m jazyce, kter\u00e1 jsou pro jej\u00ed kon\u00e1n\u00ed ur\u010duj\u00edc\u00ed, v\u011bnujte pozornost komplexn\u00edm pravidl\u016fm hry v odk\u00e1zan\u00e9m .pdf souboru. Kdy hra prob\u00edh\u00e1? Hru je mo\u017en\u00e9 odehr\u00e1t kdykoliv do konce z\u00e1\u0159\u00ed 2022. Hern\u00ed syst\u00e9m [&hellip;]<\/p>\n","protected":false},"author":82,"featured_media":0,"parent":0,"menu_order":0,"comment_status":"closed","ping_status":"closed","template":"","meta":{"footnotes":""},"class_list":["post-25","page","type-page","status-publish","hentry"],"_links":{"self":[{"href":"https:\/\/trails.cryptomania.cz\/filmtrix\/wp-json\/wp\/v2\/pages\/25","targetHints":{"allow":["GET"]}}],"collection":[{"href":"https:\/\/trails.cryptomania.cz\/filmtrix\/wp-json\/wp\/v2\/pages"}],"about":[{"href":"https:\/\/trails.cryptomania.cz\/filmtrix\/wp-json\/wp\/v2\/types\/page"}],"author":[{"embeddable":true,"href":"https:\/\/trails.cryptomania.cz\/filmtrix\/wp-json\/wp\/v2\/users\/82"}],"replies":[{"embeddable":true,"href":"https:\/\/trails.cryptomania.cz\/filmtrix\/wp-json\/wp\/v2\/comments?post=25"}],"version-history":[{"count":15,"href":"https:\/\/trails.cryptomania.cz\/filmtrix\/wp-json\/wp\/v2\/pages\/25\/revisions"}],"predecessor-version":[{"id":256,"href":"https:\/\/trails.cryptomania.cz\/filmtrix\/wp-json\/wp\/v2\/pages\/25\/revisions\/256"}],"wp:attachment":[{"href":"https:\/\/trails.cryptomania.cz\/filmtrix\/wp-json\/wp\/v2\/media?parent=25"}],"curies":[{"name":"wp","href":"https:\/\/api.w.org\/{rel}","templated":true}]}}