{"id":19,"date":"2022-03-16T10:35:53","date_gmt":"2022-03-16T09:35:53","guid":{"rendered":"https:\/\/trails.cryptomania.cz\/filmtrix\/?page_id=19"},"modified":"2022-06-30T10:08:42","modified_gmt":"2022-06-30T08:08:42","slug":"o-hre","status":"publish","type":"page","link":"https:\/\/trails.cryptomania.cz\/filmtrix\/o-hre\/","title":{"rendered":"O h\u0159e"},"content":{"rendered":"<h2>Co je to \u0161ifrovac\u00ed hra?<\/h2>\n<p>Hra, kdy v\u00e1\u0161 t\u00fdm a\u017e o 4 hr\u00e1\u010d\u00edch proch\u00e1z\u00ed p\u0159edem p\u0159ipravenou trasou, na kter\u00e9 lu\u0161t\u00ed \u0161ifry, \u0159e\u0161\u00ed logick\u00e9 \u00fakoly a z\u00edsk\u00e1v\u00e1 hesla. V\u017edy po zad\u00e1n\u00ed spr\u00e1vn\u00e9ho hesla do online hern\u00edho syst\u00e9mu se dozv\u00edte polohu dal\u0161\u00edho stanovi\u0161t\u011b.<\/p>\n<h2>Kdy hra prob\u00edh\u00e1?<\/h2>\n<p>Hru je mo\u017en\u00e9 odehr\u00e1t kdykoliv, pob\u011b\u017e\u00ed do konce z\u00e1\u0159\u00ed 2022.<\/p>\n<h2>Jak dlouho trv\u00e1 absolvovat hru?<\/h2>\n<p>Hra Filmtrix obsahuje 6 \u0161ifrovac\u00edch stanovi\u0161\u0165. Mysl\u00edme si, \u017ee hru je mo\u017en\u00e9 zvl\u00e1dnout cca za dv\u011b hodiny.<\/p>\n<h2>Kde hra za\u010d\u00edn\u00e1?<\/h2>\n<p>Hra za\u010d\u00edn\u00e1 u kostela sv. Mikul\u00e1\u0161e na Malostransk\u00e9m n\u00e1m\u011bst\u00ed.<br \/>\n<div style='position: relative;'><div title='50.0879083\u00b0N, 14.4027022\u00b0E' id='m64332' style='width: 100%; height: 400px;'><\/div><\/div><p class='text-end'><small><a href='https:\/\/mapy.cz\/turisticka?source=coor&id=14.4027022%2C50.0879083&ds=2&x=14.4027022&y=50.0879083&z=17' target='_blank'>Zobrazit na mapy.cz<\/a><\/small><\/p><\/p>\n<h2>Co pot\u0159ebuji ke h\u0159e?<\/h2>\n<p>T\u00fdm, alespo\u0148 1 chytr\u00fd telefon s p\u0159ipojen\u00edm na internet, tu\u017eku, pap\u00edr a hodinu va\u0161eho \u010dasu. To je v\u0161e!<\/p>\n<h2>M\u016f\u017eu n\u011bco vyhr\u00e1t?<\/h2>\n<p>Prvn\u00ed dva m\u011bs\u00edce hry prob\u00edhala sout\u011b\u017e o \u0159adu hodnotn\u00fdch cen. Nyn\u00ed u\u017e se hraje pouze o \u010dest a sl\u00e1vu. B\u011bhem l\u00e9ta m\u016f\u017eete nicm\u00e9n\u011b o\u010dek\u00e1vat nov\u00e1 p\u0159ekvapen\u00ed a nov\u00e9 ceny.<\/p>\n<h2>Pro koho je hra ur\u010dena<\/h2>\n<p>Hra je ur\u010dena pro 2\u20134 \u010dlenn\u00e9 t\u00fdmy. Vznikla prim\u00e1rn\u011b pro dosp\u011bl\u00e9 hr\u00e1\u010de.<\/p>\n<h2>Kdo za hrou stoj\u00ed?<\/h2>\n<p>Origin\u00e1ln\u00ed \u0161ifrovac\u00ed hru pro v\u00e1s p\u0159ipravili Oper\u00e1tor ICT, a.s., Comic Con Prague a spole\u010dnost Cryptomania s.r.o.<\/p>\n<p>P\u0159ejeme p\u0159\u00edjemnou hru!<\/p>\n","protected":false},"excerpt":{"rendered":"<p>Co je to \u0161ifrovac\u00ed hra? Hra, kdy v\u00e1\u0161 t\u00fdm a\u017e o 4 hr\u00e1\u010d\u00edch proch\u00e1z\u00ed p\u0159edem p\u0159ipravenou trasou, na kter\u00e9 lu\u0161t\u00ed \u0161ifry, \u0159e\u0161\u00ed logick\u00e9 \u00fakoly a z\u00edsk\u00e1v\u00e1 hesla. V\u017edy po zad\u00e1n\u00ed spr\u00e1vn\u00e9ho hesla do online hern\u00edho syst\u00e9mu se dozv\u00edte polohu dal\u0161\u00edho stanovi\u0161t\u011b. Kdy hra prob\u00edh\u00e1? Hru je mo\u017en\u00e9 odehr\u00e1t kdykoliv, pob\u011b\u017e\u00ed do konce z\u00e1\u0159\u00ed 2022. Jak [&hellip;]<\/p>\n","protected":false},"author":82,"featured_media":0,"parent":0,"menu_order":0,"comment_status":"closed","ping_status":"closed","template":"","meta":{"footnotes":""},"class_list":["post-19","page","type-page","status-publish","hentry"],"_links":{"self":[{"href":"https:\/\/trails.cryptomania.cz\/filmtrix\/wp-json\/wp\/v2\/pages\/19","targetHints":{"allow":["GET"]}}],"collection":[{"href":"https:\/\/trails.cryptomania.cz\/filmtrix\/wp-json\/wp\/v2\/pages"}],"about":[{"href":"https:\/\/trails.cryptomania.cz\/filmtrix\/wp-json\/wp\/v2\/types\/page"}],"author":[{"embeddable":true,"href":"https:\/\/trails.cryptomania.cz\/filmtrix\/wp-json\/wp\/v2\/users\/82"}],"replies":[{"embeddable":true,"href":"https:\/\/trails.cryptomania.cz\/filmtrix\/wp-json\/wp\/v2\/comments?post=19"}],"version-history":[{"count":8,"href":"https:\/\/trails.cryptomania.cz\/filmtrix\/wp-json\/wp\/v2\/pages\/19\/revisions"}],"predecessor-version":[{"id":254,"href":"https:\/\/trails.cryptomania.cz\/filmtrix\/wp-json\/wp\/v2\/pages\/19\/revisions\/254"}],"wp:attachment":[{"href":"https:\/\/trails.cryptomania.cz\/filmtrix\/wp-json\/wp\/v2\/media?parent=19"}],"curies":[{"name":"wp","href":"https:\/\/api.w.org\/{rel}","templated":true}]}}