{"id":13,"date":"2022-03-16T10:31:35","date_gmt":"2022-03-16T09:31:35","guid":{"rendered":"https:\/\/trails.cryptomania.cz\/filmtrix\/?page_id=13"},"modified":"2022-03-16T11:32:59","modified_gmt":"2022-03-16T10:32:59","slug":"kontakty","status":"publish","type":"page","link":"https:\/\/trails.cryptomania.cz\/filmtrix\/kontakty\/","title":{"rendered":"Kontakt"},"content":{"rendered":"<p class=\"text-perex\">Pokud naraz\u00edte na n\u011bjak\u00fd probl\u00e9m, se kter\u00fdm si nem\u016f\u017eete pomoci sami, kontaktujte spr\u00e1vce hry. Spr\u00e1vce hry v\u00e1m nepom\u016f\u017ee s \u0159e\u0161en\u00edm jednotliv\u00fdch \u00fakol\u016f.<\/p>\n<p>Spr\u00e1vce hry je <strong>Anna Mackov\u00e1<\/strong><br \/>\nTelefon: <strong><a href=\"tel:+420739088445\">+420 739 088 445<\/a><\/strong><br \/>\nE-mail: <strong><a href=\"mailto:mackova@cryptomania.cz\">mackova@cryptomania.cz<\/a><\/strong><\/p>\n<p>\u0160ifrovac\u00ed hru pro v\u00e1s p\u0159ipravili lid\u00e9 ze spole\u010dnosti Cryptomania \u2013 <a href=\"https:\/\/www.cryptomania.cz\">www.cryptomania.cz<\/a><\/p>\n<div class=\"order-1 flex-grow-1 mx-auto mx-lg-0\"><img decoding=\"async\" class=\"img-fluid\" style=\"max-height: 450px; margin-bottom: -4rem;\" src=\"https:\/\/www.cryptomania.cz\/databanka\/wp-content\/uploads\/sites\/49\/2020\/12\/anni.png\" alt=\"Anna Mackov\u00e1\" \/><\/div>\n","protected":false},"excerpt":{"rendered":"<p>Pokud naraz\u00edte na n\u011bjak\u00fd probl\u00e9m, se kter\u00fdm si nem\u016f\u017eete pomoci sami, kontaktujte spr\u00e1vce hry. Spr\u00e1vce hry v\u00e1m nepom\u016f\u017ee s \u0159e\u0161en\u00edm jednotliv\u00fdch \u00fakol\u016f. Spr\u00e1vce hry je Anna Mackov\u00e1 Telefon: +420 739 088 445 E-mail: mackova@cryptomania.cz \u0160ifrovac\u00ed hru pro v\u00e1s p\u0159ipravili lid\u00e9 ze spole\u010dnosti Cryptomania \u2013 www.cryptomania.cz<\/p>\n","protected":false},"author":82,"featured_media":0,"parent":0,"menu_order":0,"comment_status":"closed","ping_status":"closed","template":"","meta":{"footnotes":""},"class_list":["post-13","page","type-page","status-publish","hentry"],"_links":{"self":[{"href":"https:\/\/trails.cryptomania.cz\/filmtrix\/wp-json\/wp\/v2\/pages\/13","targetHints":{"allow":["GET"]}}],"collection":[{"href":"https:\/\/trails.cryptomania.cz\/filmtrix\/wp-json\/wp\/v2\/pages"}],"about":[{"href":"https:\/\/trails.cryptomania.cz\/filmtrix\/wp-json\/wp\/v2\/types\/page"}],"author":[{"embeddable":true,"href":"https:\/\/trails.cryptomania.cz\/filmtrix\/wp-json\/wp\/v2\/users\/82"}],"replies":[{"embeddable":true,"href":"https:\/\/trails.cryptomania.cz\/filmtrix\/wp-json\/wp\/v2\/comments?post=13"}],"version-history":[{"count":3,"href":"https:\/\/trails.cryptomania.cz\/filmtrix\/wp-json\/wp\/v2\/pages\/13\/revisions"}],"predecessor-version":[{"id":67,"href":"https:\/\/trails.cryptomania.cz\/filmtrix\/wp-json\/wp\/v2\/pages\/13\/revisions\/67"}],"wp:attachment":[{"href":"https:\/\/trails.cryptomania.cz\/filmtrix\/wp-json\/wp\/v2\/media?parent=13"}],"curies":[{"name":"wp","href":"https:\/\/api.w.org\/{rel}","templated":true}]}}