{"id":7,"date":"2023-01-25T13:27:54","date_gmt":"2023-01-25T12:27:54","guid":{"rendered":"https:\/\/trails.cryptomania.cz\/elixir\/o-hre\/"},"modified":"2026-02-11T10:44:54","modified_gmt":"2026-02-11T09:44:54","slug":"o-hre","status":"publish","type":"page","link":"https:\/\/trails.cryptomania.cz\/elixir\/o-hre\/","title":{"rendered":"O h\u0159e"},"content":{"rendered":"<div class=\"row justify-content-center lazyblock-cryptomania-basic-column-pz7Ai wp-block-lazyblock-cryptomania-basic-column\">\n        <div class=\"col col-lg-10 col-xl-8 col-xxl-8\">\n            <div class=\"row\">\n                \n\n<p class=\"is-style-text-perex text-perex\">Karlovy Vary se \u0159ad\u00ed mezi Slavn\u00e1 l\u00e1ze\u0148sk\u00e1 m\u011bsta Evropy \u2013 Great Spa Towns of Europe. Celkem 11 v\u00fdjime\u010dn\u00fdch evropsk\u00fdch l\u00e1ze\u0148sk\u00fdch m\u00edst bylo zaps\u00e1no v roce 2021 na Seznam sv\u011btov\u00e9ho d\u011bdictv\u00ed UNESCO.<\/p>\n\n\n\n<p class=\"is-style-text-perex text-perex\">L\u00e1ze\u0148sk\u00e9 m\u011bsto je propojen\u00fd komplex pramen\u016f, park\u016f, kolon\u00e1d, infrastruktury, v\u011bdeck\u00fdch objev\u016f i kulturn\u00edch tradic. Sv\u011btov\u00fd z\u00e1pis UNESCO p\u0159ipom\u00edn\u00e1, \u017ee zdej\u0161\u00ed l\u00e1ze\u0148stv\u00ed nen\u00ed n\u00e1hodn\u00e1 souhra okolnost\u00ed, ale promy\u0161len\u00fd syst\u00e9m postaven\u00fd pro zdrav\u00ed t\u011bla i du\u0161e.<\/p>\n\n\n\n<p class=\"is-style-text-perex text-perex\">Va\u0161\u00edm pr\u016fvodcem bude doktor David Becher, jedna z nejv\u011bt\u0161\u00edch osobnost\u00ed, kter\u00e1 kdy po karlovarsk\u00fdch ulic\u00edch kr\u00e1\u010dela \u2013 a pr\u00e1v\u011b on v\u00e1m p\u0159ed\u00e1 stopy vedouc\u00ed k legend\u00e1rn\u00edmu elix\u00edru \u017eivota. Abyste jej na\u0161li, mus\u00edte pochopit m\u011bsto stejn\u011b jako on. Mus\u00edte proj\u00edt v\u0161emi atributy, z nich\u017e Karlovy Vary vyrostly, proto\u017ee ka\u017ed\u00fd z nich p\u0159edstavuje jeden stavebn\u00ed k\u00e1men l\u00e1ze\u0148stv\u00ed.<\/p>\n\n\n\n<p class=\"is-style-text-perex text-perex\">Vydejte se s n\u00edm do ulic a mo\u017en\u00e1 na konci cesty z\u00edsk\u00e1te elix\u00edr, kter\u00fd nep\u0159in\u00e1\u0161\u00ed nesmrtelnost, ale n\u011bco mnohem cenn\u011bj\u0161\u00edho.<\/p>\n\n\n            <\/div>\n        <\/div>\n    <\/div>\n\n<div class=\"row justify-content-center lazyblock-cryptomania-basic-column-271T6J wp-block-lazyblock-cryptomania-basic-column\">\n        <div class=\"col col-lg-10 col-xl-8 col-xxl-8\">\n            <div class=\"row\">\n                \n<div class=\"col-12 col-lg-6 lazyblock-cryptomania-half-column-1BRhFP wp-block-lazyblock-cryptomania-half-column\">\n                <div class=\"lazyblock-inner-blocks\">\n\n<h2 class=\"wp-block-heading\">Jak hra funguje?<\/h2>\n\n\n\n<p class=\"\">V na\u0161\u00ed h\u0159e se vyd\u00e1te prozkoumat <strong>z\u00e1kout\u00ed l\u00e1ze\u0148stv\u00ed<\/strong>.&nbsp;<strong>V t\u00fdmu o 2\u20135 hr\u00e1\u010d\u00edch&nbsp;<\/strong>b\u011bhem n\u00ed projdete \u010d\u00e1st historick\u00e9ho centra Karlov\u00fdch Var\u016f. <strong>Na 8 stanovi\u0161t\u00edch<\/strong> se dozv\u00edte o \u017eivot\u011b Davida Bechera a jeho p\u0159\u00ednosu pro \u010desk\u00e9 l\u00e1ze\u0148stv\u00ed. \u010cekaj\u00ed v\u00e1s <strong>\u0161ifry, logick\u00e9 \u00falohy a&nbsp;z\u00edsk\u00e1v\u00e1n\u00ed hesel<\/strong>.<\/p>\n\n\n\n<p class=\"\">V\u017edy po zad\u00e1n\u00ed spr\u00e1vn\u00e9ho hesla do online hern\u00edho syst\u00e9mu se dozv\u00edte polohu dal\u0161\u00edho stanovi\u0161t\u011b. Ke h\u0159e tedy pot\u0159ebujete alespo\u0148 jeden <strong>telefon s p\u0159ipojen\u00edm k internetu<\/strong>.<\/p>\n\n\n\n<h2 class=\"wp-block-heading\">Pro koho je ur\u010dena?<\/h2>\n\n\n\n<p class=\"\"><strong>Hra je ur\u010dena pro 2\u20135\u010dlenn\u00e9 t\u00fdmy. Je vhodn\u00e1 jak pro t\u00fdmy hrav\u00fdch dosp\u011bl\u00fdch, tak pro rodiny s d\u011btmi.<\/strong>&nbsp;Naplno si ji u\u017eij\u00ed d\u011bti cca od 10 let, nicm\u00e9n\u011b \u0161ikovn\u00ed rodi\u010de, u\u010ditel\u00e9 \u010di odd\u00edlov\u00ed vedouc\u00ed zapoj\u00ed ur\u010dit\u011b i mlad\u0161\u00ed d\u011bti.<\/p>\n\n\n\n<p class=\"\">V p\u0159\u00edpad\u011b, \u017ee hru bude hr\u00e1t t\u00fdm d\u011bt\u00ed bez dosp\u011bl\u00fdch, doporu\u010dujeme ji d\u011btem asi od 14 let.&nbsp;<\/p>\n\n<\/div>\n    <\/div>\n\n<div class=\"col-12 col-lg-6 lazyblock-cryptomania-half-column-UCSqt wp-block-lazyblock-cryptomania-half-column\">\n                <div class=\"lazyblock-inner-blocks\">\n<div class=\"bg-sidebox-light p-4 mb-3 rounded-4 lazyblock-cryptomania-gray-box-Z1p52RJ wp-block-lazyblock-cryptomania-gray-box\">\n                <div class=\"lazyblock-inner-blocks\">\n\n<figure class=\"wp-block-image size-large\"><img loading=\"lazy\" decoding=\"async\" width=\"1024\" height=\"870\" src=\"https:\/\/trails.cryptomania.cz\/elixir\/wp-content\/uploads\/sites\/121\/2026\/02\/elixir-brozura-1024x870.png\" alt=\"\" class=\"wp-image-201\" srcset=\"https:\/\/trails.cryptomania.cz\/elixir\/wp-content\/uploads\/sites\/121\/2026\/02\/elixir-brozura-1024x870.png 1024w, https:\/\/trails.cryptomania.cz\/elixir\/wp-content\/uploads\/sites\/121\/2026\/02\/elixir-brozura-300x255.png 300w, https:\/\/trails.cryptomania.cz\/elixir\/wp-content\/uploads\/sites\/121\/2026\/02\/elixir-brozura-768x652.png 768w, https:\/\/trails.cryptomania.cz\/elixir\/wp-content\/uploads\/sites\/121\/2026\/02\/elixir-brozura.png 1210w\" sizes=\"auto, (max-width: 1024px) 100vw, 1024px\" \/><\/figure>\n\n<\/div>\n    <\/div>\n<\/div>\n    <\/div>\n\n            <\/div>\n        <\/div>\n    <\/div>\n\n<div class=\"row justify-content-center lazyblock-cryptomania-text-column-ZJVt4N wp-block-lazyblock-cryptomania-text-column\">\n        <div class=\"col col-lg-10 col-xl-8 col-xxl-8\">\n            <div class=\"row\">\n                <div class=\"col-12 col-lg-8 text-bigger mb-3 mt-2\">\n                    \n\n<h2 class=\"wp-block-heading\">Kde hra za\u010d\u00edn\u00e1?<\/h2>\n\n\n\n<p class=\"\">Hra za\u010d\u00edn\u00e1 u Infocentra C\u00edsa\u0159sk\u00e9 l\u00e1zn\u011b, adresa Mari\u00e1nskol\u00e1ze\u0148sk\u00e1 2, Karlovy Vary.<\/p>\n\n\n                <\/div>\n            <\/div>\n        <\/div>\n    <\/div>\n\n<div class=\"row justify-content-center lazyblock-cryptomania-basic-column-ZGyesr wp-block-lazyblock-cryptomania-basic-column\">\n        <div class=\"col col-lg-10 col-xl-8 col-xxl-8\">\n            <div class=\"row\">\n                \n<div style='position: relative;'><div title='50.2189142\u00b0N, 12.8815683\u00b0E' id='m79751' style='width: 100%; height: 400px;'><\/div><\/div><p class='text-end'><small><a href='https:\/\/mapy.cz\/turisticka?source=coor&id=12.8815683%2C50.2189142&ds=2&x=12.8815683&y=50.2189142&z=17' target='_blank'>Zobrazit na mapy.cz<\/a><\/small><\/p>\n\n\n            <\/div>\n        <\/div>\n    <\/div>\n\n<div class=\"row justify-content-center lazyblock-cryptomania-text-column-XegoX wp-block-lazyblock-cryptomania-text-column\">\n        <div class=\"col col-lg-10 col-xl-8 col-xxl-8\">\n            <div class=\"row\">\n                <div class=\"col-12 col-lg-8 text-bigger mb-3 mt-2\">\n                    \n\n<h2 class=\"wp-block-heading\">Jak dlouho hra trv\u00e1?<\/h2>\n\n\n\n<p class=\"\">Hra <strong>Elix\u00edr \u017eivota<\/strong> obsahuje 8 stanovi\u0161\u0165&nbsp;a m\u00e1 d\u00e9lku 2 km. Mysl\u00edme si, \u017ee hru je mo\u017en\u00e9 zvl\u00e1dnout za dv\u011b hodiny. Pokud v\u00e1s zaj\u00edm\u00e1, jak hru zvl\u00e1dly ostatn\u00ed t\u00fdmy, pod\u00edvejte se na jejich <a href=\"https:\/\/trails.cryptomania.cz\/elixir\/vysledky\/\">v\u00fdsledky<\/a>.<\/p>\n\n\n                <\/div>\n            <\/div>\n        <\/div>\n    <\/div>\n\n<div class=\"row justify-content-center lazyblock-cryptomania-basic-column-Z1G9MSV wp-block-lazyblock-cryptomania-basic-column\">\n        <div class=\"col col-lg-10 col-xl-8 col-xxl-8\">\n            <div class=\"row\">\n                \n<div class=\"col-12 col-lg-6 lazyblock-cryptomania-half-column-1Qq5OK wp-block-lazyblock-cryptomania-half-column\">\n                <div class=\"lazyblock-inner-blocks\">\n\n<h2 class=\"wp-block-heading\">Co je ke h\u0159e pot\u0159eba?<\/h2>\n\n\n\n<ol class=\"wp-block-list\">\n<li>P\u0159e\u010d\u00edst si <a href=\"https:\/\/trails.cryptomania.cz\/elixir\/pravidla\/\">pravidla hry,<\/a><\/li>\n\n\n\n<li>m\u00edt v t\u00fdmu alespo\u0148 1 chytr\u00fd telefon s p\u0159ipojen\u00edm na internet,<\/li>\n\n\n\n<li>vz\u00edt si s sebou psac\u00ed pot\u0159eby,<\/li>\n\n\n\n<li>vyzvednout si hern\u00ed bro\u017euru (<em>p\u0159e\u010dt\u011bte si v r\u00e1me\u010dku&nbsp;kde<\/em>),<\/li>\n\n\n\n<li><a href=\"https:\/\/trails.cryptomania.cz\/elixir\/registrace\/\">zaregistrovat t\u00fdm <\/a>do hry.<\/li>\n<\/ol>\n\n<\/div>\n    <\/div>\n\n<div class=\"col-12 col-lg-6 lazyblock-cryptomania-half-column-Z1wKx35 wp-block-lazyblock-cryptomania-half-column\">\n                <div class=\"lazyblock-inner-blocks\">\n<div class=\"bg-sidebox-light p-4 mb-3 rounded-4 lazyblock-cryptomania-gray-box-Z1NAhf4 wp-block-lazyblock-cryptomania-gray-box\">\n                <div class=\"lazyblock-inner-blocks\">\n\n<h2 class=\"wp-block-heading\">Kde z\u00edsk\u00e1te hern\u00ed bro\u017euru?<\/h2>\n\n\n\n<ul class=\"wp-block-list\">\n<li>V <a href=\"https:\/\/www.karlovyvary.cz\/cs\/kontakty\" target=\"_blank\" rel=\"noreferrer noopener\">Infocentru C\u00edsa\u0159sk\u00e9 l\u00e1zn\u011b<\/a><br>(Mari\u00e1nskol\u00e1ze\u0148sk\u00e1 2, Karlovy Vary \u2013 <a href=\"https:\/\/mapy.com\/s\/bujagulafo\" target=\"_blank\" rel=\"noreferrer noopener\">mapa<\/a>)<\/li>\n<\/ul>\n\n<\/div>\n    <\/div>\n<\/div>\n    <\/div>\n\n            <\/div>\n        <\/div>\n    <\/div>\n\n<div class=\"row justify-content-center lazyblock-cryptomania-text-column-UpPfw wp-block-lazyblock-cryptomania-text-column\">\n        <div class=\"col col-lg-10 col-xl-8 col-xxl-8\">\n            <div class=\"row\">\n                <div class=\"col-12 col-lg-8 text-bigger mb-3 mt-2\">\n                    \n\n<h2 class=\"wp-block-heading\">Kdo hru vytvo\u0159il?<\/h2>\n\n\n\n<p class=\"\">Origin\u00e1ln\u00ed \u0161ifrovac\u00ed hru pro v\u00e1s p\u0159ipravil <a href=\"https:\/\/www.kr-karlovarsky.cz\/\" target=\"_blank\" rel=\"noreferrer noopener\">Karlovarsk\u00fd kraj<\/a> ve spolupr\u00e1ci s&nbsp;<a href=\"https:\/\/www.cryptomania.cz\/\">Cryptomania s.r.o.<\/a><\/p>\n\n\n\n<p class=\"\">Pokud m\u00e1te ohledn\u011b hry n\u011bjak\u00e9 ot\u00e1zky, nev\u00e1hejte <a href=\"https:\/\/trails.cryptomania.cz\/elixir\/kontakt\/\">n\u00e1s kontaktovat<\/a>.<\/p>\n\n\n\n<p class=\"\">U\u017eijte si lu\u0161t\u011bn\u00ed!<\/p>\n\n\n                <\/div>\n            <\/div>\n        <\/div>\n    <\/div>","protected":false},"excerpt":{"rendered":"","protected":false},"author":1,"featured_media":0,"parent":0,"menu_order":0,"comment_status":"closed","ping_status":"closed","template":"","meta":{"footnotes":""},"class_list":["post-7","page","type-page","status-publish","hentry"],"_links":{"self":[{"href":"https:\/\/trails.cryptomania.cz\/elixir\/wp-json\/wp\/v2\/pages\/7","targetHints":{"allow":["GET"]}}],"collection":[{"href":"https:\/\/trails.cryptomania.cz\/elixir\/wp-json\/wp\/v2\/pages"}],"about":[{"href":"https:\/\/trails.cryptomania.cz\/elixir\/wp-json\/wp\/v2\/types\/page"}],"author":[{"embeddable":true,"href":"https:\/\/trails.cryptomania.cz\/elixir\/wp-json\/wp\/v2\/users\/1"}],"replies":[{"embeddable":true,"href":"https:\/\/trails.cryptomania.cz\/elixir\/wp-json\/wp\/v2\/comments?post=7"}],"version-history":[{"count":32,"href":"https:\/\/trails.cryptomania.cz\/elixir\/wp-json\/wp\/v2\/pages\/7\/revisions"}],"predecessor-version":[{"id":207,"href":"https:\/\/trails.cryptomania.cz\/elixir\/wp-json\/wp\/v2\/pages\/7\/revisions\/207"}],"wp:attachment":[{"href":"https:\/\/trails.cryptomania.cz\/elixir\/wp-json\/wp\/v2\/media?parent=7"}],"curies":[{"name":"wp","href":"https:\/\/api.w.org\/{rel}","templated":true}]}}