{"id":7,"date":"2020-01-30T11:38:09","date_gmt":"2020-01-30T10:38:09","guid":{"rendered":"https:\/\/trails.cryptomania.cz\/tutorial\/contacts\/"},"modified":"2023-04-11T11:40:33","modified_gmt":"2023-04-11T09:40:33","slug":"kontakt","status":"publish","type":"page","link":"https:\/\/trails.cryptomania.cz\/dopis\/kontakt\/","title":{"rendered":"Kontakt"},"content":{"rendered":"<div class=\"lazyblock-cryptorace-perex-28wuYS wp-block-lazyblock-cryptorace-perex\"><div class=\"row mb-4\">\n    <div class=\"col col-lg-10 col-xxl-8 offset-lg-1 offset-xxl-2 text-perex\">\n        <p>Pokud naraz\u00edte na probl\u00e9m, se kter\u00fdm si nem\u016f\u017eete poradit, nev\u00e1hejte n\u00e1s kontaktovat. R\u00e1di v\u00e1m pom\u016f\u017eeme (samoz\u0159ejm\u011b s\u00a0v\u00fdjimkou \u0159e\u0161en\u00ed jednotliv\u00fdch \u00fakol\u016f).<\/p>    <\/div>\n<\/div>\n<\/div>\n\n<div class=\"lazyblock-cryptorace-text-1bXNCG wp-block-lazyblock-cryptorace-text\"><div class=\"row\">\n    <div class=\"col col-md-7 col-lg-6 col-xxl-5 offset-lg-1 offset-xxl-2\">\n        <p>Hru pro v\u00e1s s l\u00e1skou p\u0159ipravili lid\u00e9 ze spole\u010dnosti <a href=\"https:\/\/www.cryptomania.cz\/\">Cryptomania<\/a>.<\/p>    <\/div>\n<\/div>\n<\/div>\n\n<div class=\"lazyblock-cryptorace-contact-ZdjR96 wp-block-lazyblock-cryptorace-contact\"><div class=\"row mt-3 row justify-content-center\">\n    <div class=\"col-12 col-md-4 col-lg-4 col-xxl-3\">\n        <h2 class=\"mb-3\">Auto\u0159i hry<\/h2>\n        <ul>\n            <li><strong>t\u00fdm Cryptomania<\/strong><\/li>\n            <li><i class=\"fa-solid fa-phone-volume\"><\/i> &nbsp; <a\n                        href=\"tel:+420 773 723 443\">+420 773 723 443<\/a>\n            <\/li>\n            <li><i class=\"fa-regular fa-envelope\"><\/i> &nbsp; <a\n                        href=\"mailto:hry@cryptomania.cz\">hry@cryptomania.cz<\/a>\n            <\/li>\n        <\/ul>\n    <\/div>\n    <div class=\"col col-md-8 col-lg-6 col-xxl-5 text-center border-bottom pt-5\">\n        <img decoding=\"async\" src=\"https:\/\/trails.cryptomania.cz\/dopis\/wp-content\/uploads\/sites\/58\/2023\/03\/cryptoteam.png\"\n                 alt=\"t\u00fdm Cryptomania\" title=\"t\u00fdm Cryptomania\"\n                 class=\"img-fluid\" style=\"max-height: 400px;\">\n    <\/div>\n<\/div>\n<\/div>","protected":false},"excerpt":{"rendered":"","protected":false},"author":1,"featured_media":0,"parent":0,"menu_order":0,"comment_status":"closed","ping_status":"closed","template":"","meta":{"footnotes":""},"class_list":["post-7","page","type-page","status-publish","hentry"],"_links":{"self":[{"href":"https:\/\/trails.cryptomania.cz\/dopis\/wp-json\/wp\/v2\/pages\/7","targetHints":{"allow":["GET"]}}],"collection":[{"href":"https:\/\/trails.cryptomania.cz\/dopis\/wp-json\/wp\/v2\/pages"}],"about":[{"href":"https:\/\/trails.cryptomania.cz\/dopis\/wp-json\/wp\/v2\/types\/page"}],"author":[{"embeddable":true,"href":"https:\/\/trails.cryptomania.cz\/dopis\/wp-json\/wp\/v2\/users\/1"}],"replies":[{"embeddable":true,"href":"https:\/\/trails.cryptomania.cz\/dopis\/wp-json\/wp\/v2\/comments?post=7"}],"version-history":[{"count":4,"href":"https:\/\/trails.cryptomania.cz\/dopis\/wp-json\/wp\/v2\/pages\/7\/revisions"}],"predecessor-version":[{"id":182,"href":"https:\/\/trails.cryptomania.cz\/dopis\/wp-json\/wp\/v2\/pages\/7\/revisions\/182"}],"wp:attachment":[{"href":"https:\/\/trails.cryptomania.cz\/dopis\/wp-json\/wp\/v2\/media?parent=7"}],"curies":[{"name":"wp","href":"https:\/\/api.w.org\/{rel}","templated":true}]}}