{"id":30,"date":"2017-06-23T17:16:02","date_gmt":"2017-06-23T15:16:02","guid":{"rendered":"http:\/\/trails.cryptomania.cz\/chorvate\/?page_id=30"},"modified":"2024-05-22T15:29:03","modified_gmt":"2024-05-22T13:29:03","slug":"o-hre","status":"publish","type":"page","link":"https:\/\/trails.cryptomania.cz\/chorvati\/o-hre\/","title":{"rendered":"O h\u0159e"},"content":{"rendered":"<div class=\"lazyblock-cryptorace-perex-ZLzUr2 wp-block-lazyblock-cryptorace-perex\"><div class=\"row mb-4\">\n    <div class=\"col col-lg-10 col-xxl-8 offset-lg-1 offset-xxl-2 text-perex\">\n        <p>Kdysi d\u00e1vno, p\u0159ed dlouh\u00fdmi p\u011bti sty lety, dorazilo na ji\u017en\u00ed Moravu n\u011bkolik des\u00edtek chorvatsk\u00fdch rodin. Usadily se zde a za\u010daly hospoda\u0159it. \u010clov\u011bk by \u010dekal, \u017ee takov\u00e1 hrstka lid\u00ed rychle splyne s okoln\u00edm obyvatelstvem. Jen\u017ee Chorvati ne. M\u011bli svou hrdost, byli tvrdohlav\u00ed. R\u00e1di si zakl\u00e1dali na tom, \u017ee jak podle od\u011bvu tak podle jazyka ka\u017ed\u00fd hned poznal, \u017ee to jsou oni, morav\u0161t\u00ed Chorvati.<\/p><p>Po cel\u00e1 stalet\u00ed \u017eili ve t\u0159ech vesnic\u00edch nedaleko Mikulova: ve Fr\u00e9lichov\u011b (dne\u0161n\u00ed Jevi\u0161ovce), v Nov\u00e9m P\u0159erov\u011b a v Dobr\u00e9m Poli a vtiskli jim nezam\u011bniteln\u00fd r\u00e1z. Jejich stalet\u00fd pobyt na ji\u017en\u00ed Morav\u011b ukon\u010dil a\u017e rok 1948, kdy museli sv\u00e9 domovy nedobrovoln\u011b opustit. Co po p\u016fvodn\u00edch chorvatsk\u00fdch obyvatel\u00edch dodnes na ji\u017en\u00ed Morav\u011b z\u016fstalo? Poj\u010fte se s n\u00e1mi vydat na proch\u00e1zku Jevi\u0161ovkou, je\u0161t\u011b ned\u00e1vno hlavn\u00ed vesnic\u00ed Chorvat\u016f na Morav\u011b, a hledat jejich stopy. Povede v\u00e1s na\u0161e \u0161ifrovac\u00ed hra. P\u0159ipravena je ve dvou variant\u00e1ch: pro d\u011bti i pro dosp\u011bl\u00e9.<\/p><p><\/p><p><\/p>    <\/div>\n<\/div>\n<\/div>\n\n<div class=\"lazyblock-cryptorace-two-cols-box-Z2kbORp wp-block-lazyblock-cryptorace-two-cols-box\"><div class=\"row mb-3\">\n    <div class=\"col col-md-6 col-lg-5 col-xxl-4 offset-lg-1 offset-xxl-2\">\n        <h2>Jak hra funguje?<\/h2>\n<p>V na\u0161\u00ed h\u0159e se vyd\u00e1te na cestu histori\u00ed do doby, kdy v Jevi\u0161ovce \u017eila po\u010detn\u00e1 komunita moravsk\u00fdch Chorvat\u016f. <strong>V t\u00fdmu o 2\u20135 hr\u00e1\u010d\u00edch&nbsp;<\/strong>b\u011bhem n\u00ed projdete velkou \u010d\u00e1st t\u00e9to obce a dozv\u00edte se, jak se sem Chorvati vlastn\u011b dostali a pro\u010d u\u017e zde skoro \u017e\u00e1dn\u00ed ne\u017eij\u00ed. <strong>6 stanovi\u0161\u0165 <\/strong>je p\u0159\u00edmo v Jevi\u0161ovce, <strong>2 bonusov\u00e9<\/strong> pak najdete v dal\u0161\u00edch dvou obc\u00edch, kde tato komunita \u017eila. \u010cekaj\u00ed v\u00e1s <strong>\u0161ifry, logick\u00e9 \u00falohy a&nbsp;z\u00edsk\u00e1v\u00e1n\u00ed hesel<\/strong>.<\/p>\n<p>V\u017edy po zad\u00e1n\u00ed spr\u00e1vn\u00e9ho hesla do online hern\u00edho syst\u00e9mu se dozv\u00edte polohu dal\u0161\u00edho stanovi\u0161t\u011b. Ke h\u0159e tedy pot\u0159ebujete alespo\u0148 jeden <strong>telefon s p\u0159ipojen\u00edm k internetu<\/strong>.<\/p>\n<h2>Pro koho je hra ur\u010dena<\/h2>\n<p><!-- \/wp:heading -->\n\n<!-- wp:paragraph --><\/p>\n<p><strong>Hra je ur\u010dena pro 2\u20135\u010dlenn\u00e9 t\u00fdmy. Je vhodn\u00e1 jak pro t\u00fdmy hrav\u00fdch dosp\u011bl\u00fdch, tak pro rodiny s d\u011btmi. <\/strong>Hru si naplno u\u017eij\u00ed d\u011bti cca od 12 let.<\/p>\n<h3>D\u011btsk\u00e1 verze hry<\/h3>\n<p>Pro mlad\u0161\u00ed d\u011bti je p\u0159ipraven\u00e1 <strong>jednodu\u0161\u0161\u00ed d\u011btsk\u00e1 verze hry<\/strong>, ke kter\u00e9 nen\u00ed pot\u0159eba online hern\u00ed syst\u00e9m. Pot\u0159ebujete v\u0161ak vytisknout hern\u00ed bro\u017euru k d\u011btsk\u00e9 verzi hry, najdete ji na str\u00e1nce <a href=\"https:\/\/trails.cryptomania.cz\/chorvati\/herni-brozura\/\">Hern\u00ed bro\u017eura<\/a>.<\/p>    <\/div>\n    <div class=\"col-12 col-md-6 col-lg-5 col-xxl-4\">\n        <div class=\"bg-box1 p-4 mb-3\">\n            <p><img loading=\"lazy\" decoding=\"async\" width=\"800\" height=\"680\" class=\"alignnone size-full wp-image-405 img-fluid\" src=\"https:\/\/trails.cryptomania.cz\/chorvati\/wp-content\/uploads\/sites\/36\/2024\/05\/chorvati-small.png\" alt=\"\" srcset=\"https:\/\/trails.cryptomania.cz\/chorvati\/wp-content\/uploads\/sites\/36\/2024\/05\/chorvati-small.png 800w, https:\/\/trails.cryptomania.cz\/chorvati\/wp-content\/uploads\/sites\/36\/2024\/05\/chorvati-small-300x255.png 300w, https:\/\/trails.cryptomania.cz\/chorvati\/wp-content\/uploads\/sites\/36\/2024\/05\/chorvati-small-768x653.png 768w\" sizes=\"auto, (max-width: 800px) 100vw, 800px\" \/><\/p>        <\/div>\n    <\/div>\n<\/div>\n<\/div>\n\n<div class=\"lazyblock-cryptorace-text-ZTumv5 wp-block-lazyblock-cryptorace-text\"><div class=\"row\">\n    <div class=\"col col-md-7 col-lg-6 col-xxl-5 offset-lg-1 offset-xxl-2\">\n        <h2>Kde hra za\u010d\u00edn\u00e1?<\/h2>\n<p>Hra za\u010d\u00edn\u00e1 u Chorvatsk\u00e9ho domu, adresa Jevi\u0161ovka 1, Jevi\u0161ovka.<\/p>    <\/div>\n<\/div>\n<\/div>\n\n<div class=\"lazyblock-cryptorace-perex-Z2bcDKu wp-block-lazyblock-cryptorace-perex\"><div class=\"row mb-4\">\n    <div class=\"col col-lg-10 col-xxl-8 offset-lg-1 offset-xxl-2 text-perex\">\n        <div style='position: relative;'><div title='48.8284625N, 16.4677894E' id='m56831' style='width: 100%; height: 400px;'><\/div><\/div><p class='text-end'><small><a href='https:\/\/mapy.cz\/turisticka?source=coor&id=16.4677894%2C48.8284625&ds=2&x=16.4677894&y=48.8284625&z=17' target='_blank'>Zobrazit na mapy.cz<\/a><\/small><\/p>    <\/div>\n<\/div>\n<\/div>\n\n<div class=\"lazyblock-cryptorace-text-1Ec2Oi wp-block-lazyblock-cryptorace-text\"><div class=\"row\">\n    <div class=\"col col-md-7 col-lg-6 col-xxl-5 offset-lg-1 offset-xxl-2\">\n        <h2>Jak dlouho hra trv\u00e1?<\/h2>\n<p>Hra Po stop\u00e1ch moravsk\u00fdch Chorvat\u016f obsahuje 6 stanovi\u0161\u0165 a \u010d\u00e1st v Jevi\u0161ovce m\u00e1 d\u00e9lku 2,5 km. Jedno bonusov\u00e9 stanovi\u0161t\u011b je z Jevi\u0161ovky ve vzd\u00e1lenosti 4 km (Nov\u00fd P\u0159erov) a druh\u00e9 9 km (Dobr\u00e9 pole). Mysl\u00edme si, \u017ee hru je mo\u017en\u00e9 zvl\u00e1dnout za 2\u20133 hodiny. Z\u00e1le\u017e\u00ed, jak\u00fd zvol\u00edte dopravn\u00ed prost\u0159edek, my velmi v\u0159ele doporu\u010dujeme vyu\u017e\u00edt kolo. Pokud v\u00e1s zaj\u00edm\u00e1, jak hru zvl\u00e1dly ostatn\u00ed t\u00fdmy, pod\u00edvejte se na jejich <a href=\"http:\/\/trails.cryptomania.cz\/chorvati\/vysledky\">v\u00fdsledky<\/a>.<\/p>    <\/div>\n<\/div>\n<\/div>\n\n<div class=\"lazyblock-cryptorace-two-cols-box-Z5eC1V wp-block-lazyblock-cryptorace-two-cols-box\"><div class=\"row mb-3\">\n    <div class=\"col col-md-6 col-lg-5 col-xxl-4 offset-lg-1 offset-xxl-2\">\n        <h2>Co je ke h\u0159e pot\u0159eba?<\/h2>\n<ol>\n<li>P\u0159e\u010d\u00edst si <a href=\"https:\/\/trails.cryptomania.cz\/chorvati\/pravidla\/\">pravidla hry,<\/a><\/li>\n<li>m\u00edt v t\u00fdmu alespo\u0148 1 chytr\u00fd telefon s p\u0159ipojen\u00edm na internet,<\/li>\n<li>vz\u00edt si s sebou psac\u00ed pot\u0159eby,<\/li>\n<li>vytisknout si hern\u00ed bro\u017euru (<em>p\u0159e\u010dt\u011bte si v r\u00e1me\u010dku kde<\/em>),<\/li>\n<li><a href=\"https:\/\/trails.cryptomania.cz\/chorvati\/registrace\/\">zaregistrovat t\u00fdm <\/a>do hry.&nbsp;<\/li>\n<\/ol>    <\/div>\n    <div class=\"col-12 col-md-6 col-lg-5 col-xxl-4\">\n        <div class=\"bg-box1 p-4 mb-3\">\n            <h2>Kde z\u00edsk\u00e1te hern\u00ed bro\u017euru?<\/h2>\n<ul>\n<li>Hern\u00ed bro\u017euru si <strong>vytiskn\u011bte<\/strong> sami doma, ve\u0161ker\u00e9 informace k tisku najdete na str\u00e1nce <a href=\"https:\/\/trails.cryptomania.cz\/chorvati\/herni-brozura\/\">Hern\u00ed bro\u017eura<\/a>.<\/li>\n<\/ul>\n<p>&nbsp;<\/p>\n<ul>\n<li>V n\u011bkter\u00fdch p\u0159\u00edpadech, kdy\u017e se po\u0159\u00e1d\u00e1 n\u011bjak\u00e1 akce, si hern\u00ed bro\u017euru m\u016f\u017eete <strong>vyzvednout<\/strong> v Chorvatsk\u00e9m dom\u011b v Jevi\u0161ovce (odkaz na m\u00edsto v map\u011b \u2013 <a href=\"https:\/\/mapy.cz\/s\/fasadacesu\" target=\"_blank\" rel=\"noopener\">mapa<\/a>).<\/li>\n<\/ul>        <\/div>\n    <\/div>\n<\/div>\n<\/div>\n\n<div class=\"lazyblock-cryptorace-text-6NHJ0 wp-block-lazyblock-cryptorace-text\"><div class=\"row\">\n    <div class=\"col col-md-7 col-lg-6 col-xxl-5 offset-lg-1 offset-xxl-2\">\n        <h2>Kdo hru vytvo\u0159il?<\/h2>\n<p>Origin\u00e1ln\u00ed \u0161ifrovac\u00ed hru pro v\u00e1s p\u0159ipravilo <a href=\"http:\/\/www.moravstichorvati.cz\" target=\"_blank\" rel=\"noopener\">Sdru\u017een\u00ed ob\u010dan\u016f chorvatsk\u00e9 n\u00e1rodnosti v \u010cR, z.s.<\/a> ve spolupr\u00e1ci s <a href=\"https:\/\/www.cryptomania.cz\/\">Cryptomania s.r.o.<\/a><\/p>\n<p>Pokud m\u00e1te ohledn\u011b hry n\u011bjak\u00e9 ot\u00e1zky, nev\u00e1hejte <a href=\"https:\/\/trails.cryptomania.cz\/chorvati\/kontakt\/\">n\u00e1s kontaktovat<\/a>.<\/p>\n<p><!-- \/wp:paragraph -->\n\n<!-- wp:paragraph --><\/p>\n<p>P\u0159ejeme p\u0159\u00edjemnou hru!<\/p>    <\/div>\n<\/div>\n<\/div>\n\n<div class=\"lazyblock-cryptorace-text-Z23bgYt wp-block-lazyblock-cryptorace-text\"><div class=\"row\">\n    <div class=\"col col-md-7 col-lg-6 col-xxl-5 offset-lg-1 offset-xxl-2\">\n            <\/div>\n<\/div>\n<\/div>\n\n<div class=\"lazyblock-cryptorace-text-ZAswj7 wp-block-lazyblock-cryptorace-text\"><div class=\"row\">\n    <div class=\"col col-md-7 col-lg-6 col-xxl-5 offset-lg-1 offset-xxl-2\">\n        <h3>D\u011bkujeme za podporu:<\/h3>\n<p><img loading=\"lazy\" decoding=\"async\" width=\"330\" height=\"88\" class=\"alignnone size-full wp-image-178 img-fluid\" src=\"https:\/\/trails.cryptomania.cz\/chorvati\/wp-content\/uploads\/sites\/36\/2017\/06\/vlada.jpg\" alt=\"\" srcset=\"https:\/\/trails.cryptomania.cz\/chorvati\/wp-content\/uploads\/sites\/36\/2017\/06\/vlada.jpg 330w, https:\/\/trails.cryptomania.cz\/chorvati\/wp-content\/uploads\/sites\/36\/2017\/06\/vlada-300x80.jpg 300w\" sizes=\"auto, (max-width: 330px) 100vw, 330px\" \/> <img loading=\"lazy\" decoding=\"async\" width=\"190\" height=\"90\" class=\"alignnone size-full wp-image-171 img-fluid\" src=\"https:\/\/trails.cryptomania.cz\/chorvati\/wp-content\/uploads\/sites\/36\/2017\/06\/msmt.jpg\" alt=\"\" \/> <img loading=\"lazy\" decoding=\"async\" width=\"330\" height=\"90\" class=\"alignnone size-full wp-image-170 img-fluid\" src=\"https:\/\/trails.cryptomania.cz\/chorvati\/wp-content\/uploads\/sites\/36\/2017\/06\/jmk.jpg\" alt=\"\" srcset=\"https:\/\/trails.cryptomania.cz\/chorvati\/wp-content\/uploads\/sites\/36\/2017\/06\/jmk.jpg 330w, https:\/\/trails.cryptomania.cz\/chorvati\/wp-content\/uploads\/sites\/36\/2017\/06\/jmk-300x82.jpg 300w\" sizes=\"auto, (max-width: 330px) 100vw, 330px\" \/> <img loading=\"lazy\" decoding=\"async\" width=\"190\" height=\"160\" class=\"alignnone size-full wp-image-169 img-fluid\" src=\"https:\/\/trails.cryptomania.cz\/chorvati\/wp-content\/uploads\/sites\/36\/2017\/06\/drzevni_urad.jpg\" alt=\"\" \/><\/p>    <\/div>\n<\/div>\n<\/div>","protected":false},"excerpt":{"rendered":"","protected":false},"author":1,"featured_media":0,"parent":0,"menu_order":0,"comment_status":"closed","ping_status":"closed","template":"","meta":{"footnotes":""},"class_list":["post-30","page","type-page","status-publish","hentry"],"_links":{"self":[{"href":"https:\/\/trails.cryptomania.cz\/chorvati\/wp-json\/wp\/v2\/pages\/30","targetHints":{"allow":["GET"]}}],"collection":[{"href":"https:\/\/trails.cryptomania.cz\/chorvati\/wp-json\/wp\/v2\/pages"}],"about":[{"href":"https:\/\/trails.cryptomania.cz\/chorvati\/wp-json\/wp\/v2\/types\/page"}],"author":[{"embeddable":true,"href":"https:\/\/trails.cryptomania.cz\/chorvati\/wp-json\/wp\/v2\/users\/1"}],"replies":[{"embeddable":true,"href":"https:\/\/trails.cryptomania.cz\/chorvati\/wp-json\/wp\/v2\/comments?post=30"}],"version-history":[{"count":35,"href":"https:\/\/trails.cryptomania.cz\/chorvati\/wp-json\/wp\/v2\/pages\/30\/revisions"}],"predecessor-version":[{"id":410,"href":"https:\/\/trails.cryptomania.cz\/chorvati\/wp-json\/wp\/v2\/pages\/30\/revisions\/410"}],"wp:attachment":[{"href":"https:\/\/trails.cryptomania.cz\/chorvati\/wp-json\/wp\/v2\/media?parent=30"}],"curies":[{"name":"wp","href":"https:\/\/api.w.org\/{rel}","templated":true}]}}