{"id":296,"date":"2021-05-04T15:50:19","date_gmt":"2021-05-04T13:50:19","guid":{"rendered":"https:\/\/trails.cryptomania.cz\/chorvati\/?page_id=296"},"modified":"2021-05-04T15:50:19","modified_gmt":"2021-05-04T13:50:19","slug":"vysledky-tymu","status":"publish","type":"page","link":"https:\/\/trails.cryptomania.cz\/chorvati\/vysledky-tymu\/","title":{"rendered":"V\u00fdsledky t\u00fdm\u016f"},"content":{"rendered":"","protected":false},"excerpt":{"rendered":"","protected":false},"author":1,"featured_media":0,"parent":0,"menu_order":0,"comment_status":"closed","ping_status":"closed","template":"template-parts\/page-results-light.php","meta":{"footnotes":""},"class_list":["post-296","page","type-page","status-publish","hentry"],"_links":{"self":[{"href":"https:\/\/trails.cryptomania.cz\/chorvati\/wp-json\/wp\/v2\/pages\/296","targetHints":{"allow":["GET"]}}],"collection":[{"href":"https:\/\/trails.cryptomania.cz\/chorvati\/wp-json\/wp\/v2\/pages"}],"about":[{"href":"https:\/\/trails.cryptomania.cz\/chorvati\/wp-json\/wp\/v2\/types\/page"}],"author":[{"embeddable":true,"href":"https:\/\/trails.cryptomania.cz\/chorvati\/wp-json\/wp\/v2\/users\/1"}],"replies":[{"embeddable":true,"href":"https:\/\/trails.cryptomania.cz\/chorvati\/wp-json\/wp\/v2\/comments?post=296"}],"version-history":[{"count":1,"href":"https:\/\/trails.cryptomania.cz\/chorvati\/wp-json\/wp\/v2\/pages\/296\/revisions"}],"predecessor-version":[{"id":297,"href":"https:\/\/trails.cryptomania.cz\/chorvati\/wp-json\/wp\/v2\/pages\/296\/revisions\/297"}],"wp:attachment":[{"href":"https:\/\/trails.cryptomania.cz\/chorvati\/wp-json\/wp\/v2\/media?parent=296"}],"curies":[{"name":"wp","href":"https:\/\/api.w.org\/{rel}","templated":true}]}}