{"id":14,"date":"2023-01-25T14:28:02","date_gmt":"2023-01-25T12:28:02","guid":{"rendered":"https:\/\/trails.cryptomania.cz\/chopin\/pravidla\/"},"modified":"2026-03-04T09:28:23","modified_gmt":"2026-03-04T08:28:23","slug":"pravidla","status":"publish","type":"page","link":"https:\/\/trails.cryptomania.cz\/chopin\/pravidla\/","title":{"rendered":"Pravidla"},"content":{"rendered":"<div class=\"row justify-content-center lazyblock-cryptomania-basic-column-r9u9Y wp-block-lazyblock-cryptomania-basic-column\">\n        <div class=\"col col-lg-10 col-xl-8 col-xxl-8\">\n            <div class=\"row\">\n                \n\n<p class=\"is-style-text-perex text-perex\">Abyste si \u0161ifrovac\u00ed hru Nedohran\u00e9 nokturno mohli u\u017e\u00edt, doporu\u010dujeme pe\u010dliv\u011b proj\u00edt n\u00e1sleduj\u00edc\u00ed pravidla. Nen\u00ed jich mnoho, ale jejich p\u0159e\u010dten\u00ed v\u00e1m pom\u016f\u017ee k lep\u0161\u00edmu hern\u00edmu z\u00e1\u017eitku.<\/p>\n\n\n            <\/div>\n        <\/div>\n    <\/div>\n\n<div class=\"row justify-content-center lazyblock-cryptomania-text-column-Z1qqwY4 wp-block-lazyblock-cryptomania-text-column\">\n        <div class=\"col col-lg-10 col-xl-8 col-xxl-8\">\n            <div class=\"row\">\n                <div class=\"col-12 col-lg-8 text-bigger mb-3 mt-2\">\n                    \n\n<h2 class=\"wp-block-heading\">Nejd\u016fle\u017eit\u011bj\u0161\u00ed pravidla<\/h2>\n\n\n\n<ol class=\"wp-block-list\">\n<li>Hra je \u0159\u00edzena pomoc\u00ed online hern\u00edho syst\u00e9mu na t\u011bchto str\u00e1nk\u00e1ch.<\/li>\n\n\n\n<li>K p\u0159ihl\u00e1\u0161en\u00ed do hern\u00edho syst\u00e9mu je pot\u0159eba nejd\u0159\u00edve&nbsp;<a href=\"https:\/\/trails.cryptomania.cz\/chopin\/registrace\">zaregistrovat sv\u016fj t\u00fdm<\/a>. Pot\u0159ebujeme zn\u00e1t jen e-mail, na kter\u00fd v\u00e1m p\u0159ijdou p\u0159ihla\u0161ovac\u00ed \u00fadaje, a n\u011bjak\u00fd \u00fadern\u00fd n\u00e1zev va\u0161eho t\u00fdmu.&nbsp;<\/li>\n\n\n\n<li><strong>V hern\u00edm syst\u00e9mu najdete v\u0161echny d\u016fle\u017eit\u00e9 pokyny<\/strong> a tak\u00e9 do n\u011bj budete zad\u00e1vat v\u0161echna hesla, kter\u00e1 b\u011bhem hry z\u00edsk\u00e1te.<\/li>\n\n\n\n<li>Ke h\u0159e pot\u0159ebujete krom\u011b hern\u00edho syst\u00e9mu tak\u00e9&nbsp;<strong>hern\u00ed bro\u017euru<\/strong>&nbsp;(v r\u00e1me\u010dku n\u00ed\u017ee zjist\u00edte, jak ji z\u00edskat),&nbsp;<strong>nabit\u00fd chytr\u00fd telefon s p\u0159ipojen\u00edm k internetu, pap\u00edr a tu\u017eku<\/strong>.<\/li>\n\n\n\n<li>Hra fyzicky za\u010d\u00edn\u00e1 v Dom\u011b Chopin v Mari\u00e1nsk\u00fdch L\u00e1zn\u00edch, ulice Hlavn\u00ed t\u0159\u00edda 47. Hra se spust\u00ed zad\u00e1n\u00edm&nbsp;<strong>p\u0159\u00edstupov\u00e9ho k\u00f3du&nbsp;z hern\u00ed bro\u017eury<\/strong>&nbsp;do prvn\u00edho stanovi\u0161t\u011b.<\/li>\n<\/ol>\n\n\n                <\/div>\n            <\/div>\n        <\/div>\n    <\/div>\n\n<div class=\"row justify-content-center lazyblock-cryptomania-basic-column-Z1sKMWD wp-block-lazyblock-cryptomania-basic-column\">\n        <div class=\"col col-lg-10 col-xl-8 col-xxl-8\">\n            <div class=\"row\">\n                \n<div class=\"col-12 col-lg-6 lazyblock-cryptomania-half-column-2bgw2B wp-block-lazyblock-cryptomania-half-column\">\n                <div class=\"lazyblock-inner-blocks\">\n\n<h2 class=\"wp-block-heading\"><strong>Sch\u00e9ma hry<\/strong><\/h2>\n\n\n\n<ul class=\"wp-block-list\">\n<li>Hra obsahuje <strong>6 stanovi\u0161\u0165<\/strong>. V\u0161echna se nach\u00e1z\u00ed v Dom\u011b Chopin.<\/li>\n\n\n\n<li><strong>Po spln\u011bn\u00ed prvn\u00edho \u00fakolu se v\u00e1m otev\u0159ou \u010dty\u0159i dal\u0161\u00ed \u0161ifry<\/strong> (2A, 2B, 2C, 2D), kter\u00e9 m\u016f\u017eete vy\u0159e\u0161it v libovoln\u00e9m po\u0159ad\u00ed.<\/li>\n\n\n\n<li><strong>Po vy\u0159e\u0161en\u00ed <\/strong>ka\u017ed\u00e9ho z t\u011bchto \u00fakol\u016f si m\u016f\u017eete z p\u0159\u00edslu\u0161n\u00e9 truhly <strong>vyzvednout jednu sadu not <\/strong>(vyu\u017eijete je k \u0159e\u0161en\u00ed z\u00e1v\u011bre\u010dn\u00e9ho \u00fakolu).<\/li>\n\n\n\n<li><strong>Po spln\u011bn\u00ed v\u0161ech \u0161ifer 2 <\/strong>(A, B, C, D), m\u016f\u017eete p\u0159istoupit k \u0159e\u0161en\u00ed z\u00e1v\u011bre\u010dn\u00e9ho \u00fakolu.<\/li>\n<\/ul>\n\n<\/div>\n    <\/div>\n\n<div class=\"col-12 col-lg-6 lazyblock-cryptomania-half-column-2mIDk wp-block-lazyblock-cryptomania-half-column\">\n                <div class=\"lazyblock-inner-blocks\">\n<div class=\"bg-sidebox-light p-4 mb-3 rounded-4 lazyblock-cryptomania-gray-box-23uel7 wp-block-lazyblock-cryptomania-gray-box\">\n                <div class=\"lazyblock-inner-blocks\">\n\n<h2 class=\"wp-block-heading\">Hern\u00ed materi\u00e1ly&nbsp;<\/h2>\n\n\n\n<p class=\"\">Hern\u00ed materi\u00e1ly se skl\u00e1daj\u00ed z&nbsp;<strong>hern\u00ed bro\u017eury<\/strong> s podklady k&nbsp;jednotliv\u00fdm \u00fakol\u016fm.<\/p>\n\n\n\n<h3 class=\"wp-block-heading\">Kde z\u00edsk\u00e1te hern\u00ed materi\u00e1ly<\/h3>\n\n\n\n<p class=\"\">V&nbsp;<a href=\"https:\/\/www.marianskelazne.cz\/dum-chopin\/\" target=\"_blank\" rel=\"noreferrer noopener\">Turistick\u00e9m informa\u010dn\u00edm centru v Dom\u011b Chopin<\/a><br>(Hlavn\u00ed t\u0159\u00edda 47, Mari\u00e1nsk\u00e9 L\u00e1zn\u011b \u2013&nbsp;<a href=\"https:\/\/mapy.com\/s\/nepagevata\" target=\"_blank\" rel=\"noreferrer noopener\">mapa<\/a>)<\/p>\n\n<\/div>\n    <\/div>\n<\/div>\n    <\/div>\n\n            <\/div>\n        <\/div>\n    <\/div>\n\n<div class=\"row justify-content-center lazyblock-cryptomania-text-column-1epJ3T wp-block-lazyblock-cryptomania-text-column\">\n        <div class=\"col col-lg-10 col-xl-8 col-xxl-8\">\n            <div class=\"row\">\n                <div class=\"col-12 col-lg-8 text-bigger mb-3 mt-2\">\n                    \n\n<h2 class=\"wp-block-heading p2\"><span class=\"s6\"><b>Stanovi\u0161t\u011b<\/b><\/span><\/h2>\n\n\n\n<ul class=\"wp-block-list\">\n<li><span class=\"s5\">Za vy\u0159e\u0161en\u00ed stanovi\u0161\u0165 z\u00edsk\u00e1v\u00e1te body. <\/span><\/li>\n\n\n\n<li><span class=\"s5\">Po\u010det z\u00edskan\u00fdch bod\u016f se li\u0161\u00ed podle toho, zda jste \u00fakol vy\u0159e\u0161ili bez pomoci, vzali si v hern\u00edm syst\u00e9mu n\u00e1pov\u011bdu \u010di \u0159e\u0161en\u00ed.<\/span>\n<ul class=\"wp-block-list\">\n<li><span class=\"s5\">Vy\u0159e\u0161en\u00ed \u00fakolu: <b>zisk 10 bod\u016f<\/b>.<\/span><\/li>\n\n\n\n<li><span class=\"s5\">N\u00e1pov\u011bda k p\u0159esunu: <strong>-2 body<\/strong> z 10.<\/span><\/li>\n\n\n\n<li><span class=\"s5\">N\u00e1pov\u011bda k \u00fakolu: <strong>-5 bod\u016f<\/strong> z 10.<\/span><\/li>\n\n\n\n<li><span class=\"s5\">P\u0159esko\u010den\u00ed \u00fakolu zobrazen\u00edm<\/span>&nbsp;<span class=\"s5\">spr\u00e1vn\u00e9ho \u0159e\u0161en\u00ed: <b>0 bod\u016f<\/b>.<b><br><\/b><\/span><\/li>\n<\/ul>\n<\/li>\n\n\n\n<li><span class=\"s5\">\u00dakoly spolu navz\u00e1jem nesouvis\u00ed, ka\u017ed\u00fd je pot\u0159eba \u0159e\u0161it samostatn\u011b.<\/span><\/li>\n\n\n\n<li><b>\u0158e\u0161en\u00edm \u00fakolu je ve v\u017edy jedno smyslupln\u00e9 slovo<\/b> <span class=\"s5\" style=\"font-size: revert; font-family: -apple-system, BlinkMacSystemFont, 'Segoe UI', Roboto, Oxygen-Sans, Ubuntu, Cantarell, 'Helvetica Neue', sans-serif; color: initial;\"><\/span><span class=\"s5\" style=\"font-size: revert; font-family: -apple-system, BlinkMacSystemFont, 'Segoe UI', Roboto, Oxygen-Sans, Ubuntu, Cantarell, 'Helvetica Neue', sans-serif; color: initial;\">\u2013<\/span> v p\u0159\u00edpad\u011b, \u017ee v\u00e1m vyjde v\u011bta, nap\u0159. heslem je strom, zad\u00e1v\u00e1te jen slovo \u201estrom\u201c.<\/li>\n\n\n\n<li>Hern\u00ed syst\u00e9m ignoruje jak velikost p\u00edsmen v heslech, tak i p\u0159\u00edpadnou diakritiku.<\/li>\n\n\n\n<li>Pokud zad\u00e1te dv\u011b \u0161patn\u00e1 hesla po sob\u011b, dal\u0161\u00ed m\u016f\u017eete zadat a\u017e za 2 minuty.<\/li>\n\n\n\n<li>Ve h\u0159e pou\u017e\u00edv\u00e1me anglickou abecedu<strong> o 26 znac\u00edch<\/strong> (CH jsou 2 r\u016fzn\u00e1 p\u00edsmena).<\/li>\n\n\n\n<li>Zad\u00e1n\u00ed z\u00edsk\u00e1te bu\u010f elektronicky v hern\u00edm syst\u00e9mu nebo bude pot\u0159eba, abyste pracovali s hern\u00ed bro\u017eurou. Na takovouto situaci v\u00e1s upozorn\u00edme. V\u0161e ostatn\u00ed, co pot\u0159ebujete k vy\u0159e\u0161en\u00ed \u00fakolu, najdete v bl\u00edzk\u00e9m okol\u00ed <strong>nebo si to nesete s sebou<\/strong>.\u00a0<\/li>\n<\/ul>\n\n\n\n<h2 class=\"wp-block-heading p2\"><span class=\"s6\"><b>P\u0159\u00edb\u011bh<\/b><\/span><\/h2>\n\n\n\n<p class=\"p4\"><span class=\"s5\">P\u0159i p\u0159esunech a tak\u00e9 na jednotliv\u00fdch stanovi\u0161t\u00edch v\u00e1m bude syst\u00e9m po \u010d\u00e1stech odhalovat p\u0159\u00edb\u011bh hry.&nbsp;<\/span><span class=\"s5\"><b>Text p\u0159\u00edb\u011bhu neobsahuje \u017e\u00e1dn\u00e9 \u0161ifry, ale informace z n\u011bj m\u016f\u017eete p\u0159i \u0159e\u0161en\u00ed jednotliv\u00fdch \u00fakol\u016f vyu\u017e\u00edt.<\/b><\/span><\/p>\n\n\n\n<h2 class=\"wp-block-heading p2\"><span class=\"s6\"><b>Fair Play<\/b><\/span><\/h2>\n\n\n\n<p class=\"p4\"><span class=\"s5\">Neprozrazujte pros\u00edm \u0159e\u0161en\u00ed \u00fakol\u016f. Je t\u011b\u017ek\u00e9 m\u00edt radost z objevov\u00e1n\u00ed, kdy\u017e v\u00e1m n\u011bkdo \u0159ekne v\u00fdsledek. Z\u00e1rove\u0148 v\u00e1s pros\u00edme, abyste se ke v\u0161em hern\u00edm prvk\u016fm chovali ohledupln\u011b.<\/span><\/p>\n\n\n\n<p class=\"\">P\u0159ejeme p\u0159\u00edjemnou hru!<\/p>\n\n\n\n<p class=\"has-text-align-right\"><em>T\u00fdm Cryptomania a D\u016fm Chopin<\/em><\/p>\n\n\n                <\/div>\n            <\/div>\n        <\/div>\n    <\/div>","protected":false},"excerpt":{"rendered":"","protected":false},"author":1,"featured_media":0,"parent":0,"menu_order":0,"comment_status":"closed","ping_status":"closed","template":"","meta":{"footnotes":""},"class_list":["post-14","page","type-page","status-publish","hentry"],"_links":{"self":[{"href":"https:\/\/trails.cryptomania.cz\/chopin\/wp-json\/wp\/v2\/pages\/14","targetHints":{"allow":["GET"]}}],"collection":[{"href":"https:\/\/trails.cryptomania.cz\/chopin\/wp-json\/wp\/v2\/pages"}],"about":[{"href":"https:\/\/trails.cryptomania.cz\/chopin\/wp-json\/wp\/v2\/types\/page"}],"author":[{"embeddable":true,"href":"https:\/\/trails.cryptomania.cz\/chopin\/wp-json\/wp\/v2\/users\/1"}],"replies":[{"embeddable":true,"href":"https:\/\/trails.cryptomania.cz\/chopin\/wp-json\/wp\/v2\/comments?post=14"}],"version-history":[{"count":20,"href":"https:\/\/trails.cryptomania.cz\/chopin\/wp-json\/wp\/v2\/pages\/14\/revisions"}],"predecessor-version":[{"id":176,"href":"https:\/\/trails.cryptomania.cz\/chopin\/wp-json\/wp\/v2\/pages\/14\/revisions\/176"}],"wp:attachment":[{"href":"https:\/\/trails.cryptomania.cz\/chopin\/wp-json\/wp\/v2\/media?parent=14"}],"curies":[{"name":"wp","href":"https:\/\/api.w.org\/{rel}","templated":true}]}}