{"id":37,"date":"2023-01-25T13:27:54","date_gmt":"2023-01-25T12:27:54","guid":{"rendered":"https:\/\/trails.cryptomania.cz\/klementinum\/o-hre-2\/"},"modified":"2025-11-04T15:59:47","modified_gmt":"2025-11-04T14:59:47","slug":"o-hre","status":"publish","type":"page","link":"https:\/\/trails.cryptomania.cz\/chmu\/o-hre\/","title":{"rendered":"O h\u0159e"},"content":{"rendered":"<div class=\"row justify-content-center lazyblock-cryptomania-basic-column-pz7Ai wp-block-lazyblock-cryptomania-basic-column\">\n        <div class=\"col col-lg-10 col-xl-8 col-xxl-8\">\n            <div class=\"row\">\n                \n\n<p class=\"is-style-text-perex text-perex\">Jirka \u2013 sympatick\u00fd pr\u016fvodce v&nbsp;pra\u017esk\u00e9m Klementinu, student historie a&nbsp;nad\u0161enec do meteorologie \u2013 ve sv\u00e9m voln\u00e9m \u010dase p\u00e1tr\u00e1 po neobjeven\u00fdch tajemstv\u00edch pra\u017esk\u00fdch budov a&nbsp;z\u00e1kout\u00ed. Bl\u00ed\u017e\u00edc\u00ed se oslavy 250 let nep\u0159etr\u017eit\u00e9ho m\u011b\u0159en\u00ed teploty v&nbsp;Praze ho p\u0159ivedly k&nbsp;objevu zapomenut\u00e9 korespondence Josefa Steplinga (pokud nev\u00edte, kdo to je, tak v\u00e1m to hra brzy prozrad\u00ed). V&nbsp;nalezen\u00e9m dopise se profesor Stepling v\u011bnuje jedn\u00e9 teorii, kter\u00e1 p\u0159edpokl\u00e1d\u00e1, \u017ee se meteorologick\u00e9 jevy, a&nbsp;tedy i&nbsp;p\u0159\u00edpadn\u00e9 katastrofick\u00e9 ud\u00e1losti, opakuj\u00ed. P\u0159\u00edrodn\u00ed pohroma se podle jeho teorie \u0159\u00edt\u00ed na Prahu a&nbsp;snad i&nbsp;na celou Evropu.<\/p>\n\n\n            <\/div>\n        <\/div>\n    <\/div>\n\n<div class=\"row justify-content-center lazyblock-cryptomania-text-column-Z1ckYxQ wp-block-lazyblock-cryptomania-text-column\">\n        <div class=\"col col-lg-10 col-xl-8 col-xxl-8\">\n            <div class=\"row\">\n                <div class=\"col-12 col-lg-8 text-bigger mb-3 mt-2\">\n                    \n\n<h2 class=\"wp-block-heading\">Jak hra funguje?<\/h2>\n\n\n\n<p class=\"\">V&nbsp;na\u0161\u00ed h\u0159e se <strong>dozv\u00edte o&nbsp;bohat\u00e9 historii m\u011b\u0159en\u00ed teploty v&nbsp;Klementinu<\/strong>.&nbsp;<strong>V&nbsp;t\u00fdmu o&nbsp;2\u20135 hr\u00e1\u010d\u00edch&nbsp;<\/strong>b\u011bhem n\u00ed projdete lokalitu hry. <strong>Na 6&nbsp;stanovi\u0161t\u00edch<\/strong> se dozv\u00edte n\u011bco z&nbsp;historie m\u011b\u0159en\u00ed a&nbsp;pozn\u00e1te, co v\u0161echno se dnes v&nbsp;Klementinu m\u011b\u0159\u00ed. \u010cekaj\u00ed v\u00e1s <strong>\u0161ifry, logick\u00e9 \u00falohy a&nbsp;z\u00edsk\u00e1v\u00e1n\u00ed hesel<\/strong>.<\/p>\n\n\n\n<p class=\"\">Do 30. 9. hra obsahovala je\u0161t\u011b bonusov\u00e9 stanovi\u0161t\u011b nav\u00e1zan\u00e9 na v\u00fdstavu, kter\u00e1 v Klementinu byla. Po skon\u010den\u00ed v\u00fdstavy je stanovi\u0161t\u011b zru\u0161en\u00e9.<\/p>\n\n\n                <\/div>\n            <\/div>\n        <\/div>\n    <\/div>\n\n<div class=\"row justify-content-center lazyblock-cryptomania-basic-column-271T6J wp-block-lazyblock-cryptomania-basic-column\">\n        <div class=\"col col-lg-10 col-xl-8 col-xxl-8\">\n            <div class=\"row\">\n                \n<div class=\"col-12 col-lg-6 lazyblock-cryptomania-half-column-1BRhFP wp-block-lazyblock-cryptomania-half-column\">\n                <div class=\"lazyblock-inner-blocks\">\n\n<p class=\"\">V\u017edy po zad\u00e1n\u00ed spr\u00e1vn\u00e9ho hesla do online hern\u00edho syst\u00e9mu se dozv\u00edte polohu dal\u0161\u00edho stanovi\u0161t\u011b. Ke h\u0159e tedy pot\u0159ebujete alespo\u0148 jeden <strong>telefon s&nbsp;p\u0159ipojen\u00edm k internetu<\/strong>.<br>&nbsp;<\/p>\n\n\n\n<h2 class=\"wp-block-heading\">Pro koho je ur\u010dena?<\/h2>\n\n\n\n<p class=\"\"><strong>Hra je ur\u010dena pro 2\u20135\u010dlenn\u00e9 t\u00fdmy. Je vhodn\u00e1 jak pro t\u00fdmy hrav\u00fdch dosp\u011bl\u00fdch, tak pro rodiny s&nbsp;d\u011btmi.<\/strong>&nbsp;Naplno si ji u\u017eij\u00ed d\u011bti cca od 10 let, nicm\u00e9n\u011b \u0161ikovn\u00ed rodi\u010de, u\u010ditel\u00e9 \u010di odd\u00edlov\u00ed vedouc\u00ed zapoj\u00ed ur\u010dit\u011b i&nbsp;mlad\u0161\u00ed d\u011bti.<\/p>\n\n\n\n<p class=\"\">V&nbsp;p\u0159\u00edpad\u011b, \u017ee hru bude hr\u00e1t t\u00fdm d\u011bt\u00ed bez dosp\u011bl\u00fdch, doporu\u010dujeme ji d\u011btem asi od 14 let.&nbsp;<\/p>\n\n<\/div>\n    <\/div>\n\n<div class=\"col-12 col-lg-6 lazyblock-cryptomania-half-column-ZSB1QX wp-block-lazyblock-cryptomania-half-column\">\n                <div class=\"lazyblock-inner-blocks\">\n<div class=\"bg-sidebox-light p-4 mb-3 rounded-4 lazyblock-cryptomania-gray-box-Z1v0q51 wp-block-lazyblock-cryptomania-gray-box\">\n                <div class=\"lazyblock-inner-blocks\">\n\n<figure class=\"wp-block-image size-full\"><img loading=\"lazy\" decoding=\"async\" width=\"800\" height=\"680\" src=\"https:\/\/trails.cryptomania.cz\/chmu\/wp-content\/uploads\/sites\/116\/2025\/05\/Herni-brozura-Az-naprsi-a-uschne.png\" alt=\"\" class=\"wp-image-170\" srcset=\"https:\/\/trails.cryptomania.cz\/chmu\/wp-content\/uploads\/sites\/116\/2025\/05\/Herni-brozura-Az-naprsi-a-uschne.png 800w, https:\/\/trails.cryptomania.cz\/chmu\/wp-content\/uploads\/sites\/116\/2025\/05\/Herni-brozura-Az-naprsi-a-uschne-300x255.png 300w, https:\/\/trails.cryptomania.cz\/chmu\/wp-content\/uploads\/sites\/116\/2025\/05\/Herni-brozura-Az-naprsi-a-uschne-768x653.png 768w\" sizes=\"auto, (max-width: 800px) 100vw, 800px\" \/><\/figure>\n\n<\/div>\n    <\/div>\n<\/div>\n    <\/div>\n\n            <\/div>\n        <\/div>\n    <\/div>\n\n<div class=\"row justify-content-center lazyblock-cryptomania-text-column-ZJVt4N wp-block-lazyblock-cryptomania-text-column\">\n        <div class=\"col col-lg-10 col-xl-8 col-xxl-8\">\n            <div class=\"row\">\n                <div class=\"col-12 col-lg-8 text-bigger mb-3 mt-2\">\n                    \n\n<h2 class=\"wp-block-heading\">Kde hra za\u010d\u00edn\u00e1?<\/h2>\n\n\n\n<p class=\"\">Hra za\u010d\u00edn\u00e1 v Klementinu na Studentsk\u00e9m n\u00e1dvo\u0159\u00ed (vstup z ulice K\u0159i\u017eovnick\u00e1 40\/4, Praha 1 \u2013 Star\u00e9 m\u011bsto).<\/p>\n\n\n                <\/div>\n            <\/div>\n        <\/div>\n    <\/div>\n\n<div class=\"row justify-content-center lazyblock-cryptomania-basic-column-ZGyesr wp-block-lazyblock-cryptomania-basic-column\">\n        <div class=\"col col-lg-10 col-xl-8 col-xxl-8\">\n            <div class=\"row\">\n                \n<div style='position: relative;'><div title='50.086339N, 14.415125E' id='m50437' style='width: 100%; height: 400px;'><\/div><\/div><p class='text-end'><small><a href='https:\/\/mapy.cz\/turisticka?source=coor&id=14.415125%2C50.086339&ds=2&x=14.415125&y=50.086339&z=17' target='_blank'>Zobrazit na mapy.cz<\/a><\/small><\/p>\n\n\n            <\/div>\n        <\/div>\n    <\/div>\n\n<div class=\"row justify-content-center lazyblock-cryptomania-basic-column-Z1G9MSV wp-block-lazyblock-cryptomania-basic-column\">\n        <div class=\"col col-lg-10 col-xl-8 col-xxl-8\">\n            <div class=\"row\">\n                \n<div class=\"col-12 col-lg-6 lazyblock-cryptomania-half-column-1Qq5OK wp-block-lazyblock-cryptomania-half-column\">\n                <div class=\"lazyblock-inner-blocks\">\n\n<h2 class=\"wp-block-heading\">Jak dlouho hra trv\u00e1?<\/h2>\n\n\n\n<p class=\"\">Hra A\u017e napr\u0161\u00ed a uschne obsahuje 6 stanovi\u0161\u0165&nbsp; a&nbsp;m\u00e1 d\u00e9lku 3,5 km. Mysl\u00edme si, \u017ee hru je mo\u017en\u00e9 zvl\u00e1dnout za dv\u011b hodiny.<\/p>\n\n\n\n<p class=\"\">Pokud v\u00e1s zaj\u00edm\u00e1, jak hru zvl\u00e1dly ostatn\u00ed t\u00fdmy, pod\u00edvejte se na jejich <a href=\"https:\/\/trails.cryptomania.cz\/chmu\/vysledky\/\">v\u00fdsledky<\/a>.<br>&nbsp;<\/p>\n\n\n\n<h2 class=\"wp-block-heading\">Co je ke h\u0159e pot\u0159eba?<\/h2>\n\n\n\n<ol class=\"wp-block-list\">\n<li>P\u0159e\u010d\u00edst si <a href=\"https:\/\/trails.cryptomania.cz\/chmu\/pravidla\/\">pravidla hry,<\/a><\/li>\n\n\n\n<li>m\u00edt v t\u00fdmu alespo\u0148 1 chytr\u00fd telefon s&nbsp;p\u0159ipojen\u00edm na internet,<\/li>\n\n\n\n<li>vz\u00edt si s&nbsp;sebou psac\u00ed pot\u0159eby,<\/li>\n\n\n\n<li>vyzvednout si hern\u00ed materi\u00e1ly (<em>p\u0159e\u010dt\u011bte si v&nbsp;r\u00e1me\u010dku jak\u00e9 a&nbsp;kde<\/em>),<\/li>\n\n\n\n<li><a href=\"https:\/\/trails.cryptomania.cz\/chmu\/registrace\/\">zaregistrovat t\u00fdm <\/a>do hry.<\/li>\n<\/ol>\n\n<\/div>\n    <\/div>\n\n<div class=\"col-12 col-lg-6 lazyblock-cryptomania-half-column-Z1wKx35 wp-block-lazyblock-cryptomania-half-column\">\n                <div class=\"lazyblock-inner-blocks\">\n<div class=\"bg-sidebox-light p-4 mb-3 rounded-4 lazyblock-cryptomania-gray-box-Z1NAhf4 wp-block-lazyblock-cryptomania-gray-box\">\n                <div class=\"lazyblock-inner-blocks\">\n\n<h2 class=\"wp-block-heading\">Co obsahuj\u00ed hern\u00ed materi\u00e1ly?<\/h2>\n\n\n\n<ul class=\"wp-block-list\">\n<li><strong>Hern\u00ed bro\u017euru<\/strong> s podklady k\u00a0jednotliv\u00fdm \u00fakol\u016fm.<br>\u00a0<\/li>\n<\/ul>\n\n\n\n<h2 class=\"wp-block-heading\">Kde z\u00edsk\u00e1te hern\u00ed materi\u00e1ly?<\/h2>\n\n\n\n<p class=\"\">Hern\u00ed materi\u00e1ly si m\u016f\u017eete <strong>vytisknout \u010di vyzvednout<\/strong>. <\/p>\n\n\n\n<h3 class=\"wp-block-heading\">Soubory k tisku:<\/h3>\n\n\n\n<ul class=\"wp-block-list\">\n<li><a href=\"https:\/\/trails.cryptomania.cz\/chmu\/wp-content\/uploads\/sites\/116\/2025\/05\/herni_brozura_-_az_naprsi_a_uschne.pdf\">Hern\u00ed bro\u017eura k tisku na A4<\/a> (<strong>d\u016fle\u017eit\u00e9<\/strong> &#8211; tiskn\u011bte s&nbsp;nastaven\u00edm <em>ve skute\u010dn\u00e9 velikosti<\/em>).<\/li>\n<\/ul>\n\n\n\n<h3 class=\"wp-block-heading\">M\u00edsto vyzvednut\u00ed hern\u00edch materi\u00e1l\u016f:<\/h3>\n\n\n\n<ul class=\"wp-block-list\">\n<li>Hern\u00ed materi\u00e1ly si m\u016f\u017eete fyzicky vyzvednout v&nbsp;\u0161atn\u011b u&nbsp;Haly slu\u017eeb Klementina (K\u0159i\u017eovnick\u00e1 40\/4, Praha 1 \u2013 <a href=\"https:\/\/mapy.com\/s\/hecakukave\" target=\"_blank\" rel=\"noreferrer noopener\">mapa<\/a>), aktu\u00e1ln\u00ed <a href=\"https:\/\/trails.cryptomania.cz\/trail\/az-naprsi-a-uschne\/#details\">otev\u00edrac\u00ed dobu najdete zde<\/a>.<\/li>\n<\/ul>\n\n<\/div>\n    <\/div>\n<\/div>\n    <\/div>\n\n            <\/div>\n        <\/div>\n    <\/div>\n\n<div class=\"row justify-content-center lazyblock-cryptomania-basic-column-AuQWy wp-block-lazyblock-cryptomania-basic-column\">\n        <div class=\"col col-lg-10 col-xl-8 col-xxl-8\">\n            <div class=\"row\">\n                \n<div class=\"bg-sidebox-light p-4 mb-3 rounded-4 lazyblock-cryptomania-gray-box-ZVxm1V wp-block-lazyblock-cryptomania-gray-box\">\n                <div class=\"lazyblock-inner-blocks\">\n\n<h2 class=\"wp-block-heading\">Odm\u011bny za \u00fa\u010dast ve h\u0159e A\u017e napr\u0161\u00ed a&nbsp;uschne<\/h2>\n\n\n\n<p class=\"\">Ka\u017ed\u00e9 dva m\u011bs\u00edce do konce roku 2025 (tedy celkem \u010dty\u0159ikr\u00e1t) vylosujeme t\u0159i v\u00fdherce, kte\u0159\u00ed z\u00edskaj\u00ed n\u011bkterou z&nbsp;n\u00e1sleduj\u00edc\u00edch unik\u00e1tn\u00edch cen:<\/p>\n\n\n\n<ul class=\"wp-block-list\">\n<li><strong>Exkluzivn\u00ed n\u00e1v\u0161t\u011bva neve\u0159ejn\u00e9ho pracovi\u0161t\u011b \u010cHM\u00da<\/strong> \u2013 mo\u017enost nahl\u00e9dnout tam, kam se b\u011b\u017en\u011b ve\u0159ejnost nedostane. <\/li>\n\n\n\n<li><strong>Prohl\u00eddka legend\u00e1rn\u00ed stanice Klementinum <\/strong>\u2013 v\u010detn\u011b pozorovatelny a&nbsp;st\u0159e\u0161n\u00ed platformy, odkud se prov\u00e1d\u00ed meteorologick\u00e1 m\u011b\u0159en\u00ed.<\/li>\n\n\n\n<li><strong>\u010cerstv\u011b vydan\u00e1 publikace \u201eV&nbsp;Klementinu bylo nam\u011b\u0159eno\u2026\u201c<\/strong>, pln\u00e1 zaj\u00edmav\u00fdch \u00fadaj\u016f a&nbsp;historick\u00fdch dat z&nbsp;m\u011b\u0159en\u00ed v&nbsp;Klementinu.<\/li>\n<\/ul>\n\n\n\n<p class=\"\">Do losov\u00e1n\u00ed se za\u0159ad\u00ed ka\u017ed\u00fd, kdo \u00fasp\u011b\u0161n\u011b dokon\u010d\u00ed \u0161ifrovac\u00ed hru v dan\u00e9m obdob\u00ed.<\/p>\n\n<\/div>\n    <\/div>\n\n            <\/div>\n        <\/div>\n    <\/div>\n\n<div class=\"row justify-content-center lazyblock-cryptomania-text-column-UpPfw wp-block-lazyblock-cryptomania-text-column\">\n        <div class=\"col col-lg-10 col-xl-8 col-xxl-8\">\n            <div class=\"row\">\n                <div class=\"col-12 col-lg-8 text-bigger mb-3 mt-2\">\n                    \n\n<h2 class=\"wp-block-heading\">Kdo hru vytvo\u0159il?<\/h2>\n\n\n\n<p class=\"\">Origin\u00e1ln\u00ed \u0161ifrovac\u00ed hru pro v\u00e1s p\u0159ipravil <a href=\"https:\/\/www.chmi.cz\/\" target=\"_blank\" rel=\"noreferrer noopener\">\u010cesk\u00fd hydrometeorologick\u00fd \u00fastav<\/a> ve spolupr\u00e1ci s&nbsp;<a href=\"https:\/\/www.cryptomania.cz\/\">Cryptomania&nbsp;s.r.o.<\/a><\/p>\n\n\n\n<p class=\"\">Pokud m\u00e1te ohledn\u011b hry n\u011bjak\u00e9 ot\u00e1zky, nev\u00e1hejte <a href=\"https:\/\/trails.cryptomania.cz\/chmu\/kontakt\/\">n\u00e1s kontaktovat<\/a>.<\/p>\n\n\n\n<p class=\"\">P\u0159ejeme p\u0159\u00edjemnou hru!<\/p>\n\n\n                <\/div>\n            <\/div>\n        <\/div>\n    <\/div>\n\n\n<p class=\"\"><\/p>\n","protected":false},"excerpt":{"rendered":"","protected":false},"author":1,"featured_media":0,"parent":0,"menu_order":0,"comment_status":"closed","ping_status":"closed","template":"","meta":{"footnotes":""},"class_list":["post-37","page","type-page","status-publish","hentry"],"_links":{"self":[{"href":"https:\/\/trails.cryptomania.cz\/chmu\/wp-json\/wp\/v2\/pages\/37","targetHints":{"allow":["GET"]}}],"collection":[{"href":"https:\/\/trails.cryptomania.cz\/chmu\/wp-json\/wp\/v2\/pages"}],"about":[{"href":"https:\/\/trails.cryptomania.cz\/chmu\/wp-json\/wp\/v2\/types\/page"}],"author":[{"embeddable":true,"href":"https:\/\/trails.cryptomania.cz\/chmu\/wp-json\/wp\/v2\/users\/1"}],"replies":[{"embeddable":true,"href":"https:\/\/trails.cryptomania.cz\/chmu\/wp-json\/wp\/v2\/comments?post=37"}],"version-history":[{"count":60,"href":"https:\/\/trails.cryptomania.cz\/chmu\/wp-json\/wp\/v2\/pages\/37\/revisions"}],"predecessor-version":[{"id":305,"href":"https:\/\/trails.cryptomania.cz\/chmu\/wp-json\/wp\/v2\/pages\/37\/revisions\/305"}],"wp:attachment":[{"href":"https:\/\/trails.cryptomania.cz\/chmu\/wp-json\/wp\/v2\/media?parent=37"}],"curies":[{"name":"wp","href":"https:\/\/api.w.org\/{rel}","templated":true}]}}