{"id":59,"date":"2022-05-03T14:14:22","date_gmt":"2022-05-03T12:14:22","guid":{"rendered":"https:\/\/trails.cryptomania.cz\/cevak\/?page_id=59"},"modified":"2022-11-14T14:36:08","modified_gmt":"2022-11-14T13:36:08","slug":"pravidla","status":"publish","type":"page","link":"https:\/\/trails.cryptomania.cz\/cevak\/pravidla\/","title":{"rendered":"Pravidla hry"},"content":{"rendered":"<div class=\"lazyblock-cryptorace-perex-gVTjI wp-block-lazyblock-cryptorace-perex\"><div class=\"row mb-4\">\n    <div class=\"col col-lg-10 col-xxl-8 offset-lg-1 offset-xxl-2 text-perex\">\n        <p>Abyste si \u0161ifrovac\u00ed hru Kachna na prameni mohli u\u017e\u00edt, doporu\u010dujeme pe\u010dliv\u011b proj\u00edt n\u00e1sleduj\u00edc\u00ed pravidla. Nen\u00ed jich mnoho, ale jejich dodr\u017een\u00edm si hru jist\u011b v\u00edce u\u017eijete.<\/p>    <\/div>\n<\/div>\n<\/div>\n\n<div class=\"lazyblock-cryptorace-text-1NEtHK wp-block-lazyblock-cryptorace-text\"><div class=\"row\">\n    <div class=\"col col-md-7 col-lg-6 col-xxl-5 offset-lg-1 offset-xxl-2\">\n        <h2>Nejd\u016fle\u017eit\u011bj\u0161\u00ed pravidla<\/h2>\n<ol>\n<li><strong>Hra je \u0159\u00edzena pomoc\u00ed hern\u00edho syst\u00e9mu<\/strong>\u00a0na t\u011bchto str\u00e1nk\u00e1ch.<\/li>\n<li>K p\u0159ihl\u00e1\u0161en\u00ed do hern\u00edho syst\u00e9mu je pot\u0159eba nejd\u0159\u00edve\u00a0<a href=\"https:\/\/trails.cryptomania.cz\/cevak\/registrace-tymu\/\">zaregistrovat sv\u016fj t\u00fdm<\/a>.<\/li>\n<li><strong>V hern\u00edm syst\u00e9mu najdete v\u0161echny d\u016fle\u017eit\u00e9 pokyny<\/strong>\u00a0a tak\u00e9 do n\u011bj budete zad\u00e1vat v\u0161echna hesla, kter\u00e1 b\u011bhem hry z\u00edsk\u00e1te.<\/li>\n<li>Ke h\u0159e pot\u0159ebujete krom\u011b hern\u00edho syst\u00e9mu tak\u00e9\u00a0<strong>hern\u00ed bro\u017euru<\/strong>\u00a0(v r\u00e1me\u010dku n\u00ed\u017ee zjist\u00edte, jak ji z\u00edskat),\u00a0<strong>nabit\u00fd chytr\u00fd telefon s p\u0159ipojen\u00edm k internetu, pap\u00edr a tu\u017eku<\/strong>.<\/li>\n<li>Hra fyzicky za\u010d\u00edn\u00e1 v are\u00e1lu Vod\u00e1rensk\u00e9 v\u011b\u017ee v \u010cesk\u00fdch Bud\u011bjovic\u00edch, adresa M\u00e1nesova 41\/6. Na n\u00e1dvo\u0159\u00ed mezi budovami nedaleko font\u00e1ny uvid\u00edte hn\u011bdou truhlu. Po p\u0159ihl\u00e1\u0161en\u00ed do hry zjist\u00edte, jak ji otev\u0159\u00edt a zah\u00e1jit hru.<\/li>\n<\/ol>\n<p style=\"text-align: right;\">\u00a0<\/p>    <\/div>\n<\/div>\n<\/div>\n\n<div class=\"lazyblock-cryptorace-two-cols-box-1QlR2d wp-block-lazyblock-cryptorace-two-cols-box\"><div class=\"row mb-3\">\n    <div class=\"col col-md-6 col-lg-5 col-xxl-4 offset-lg-1 offset-xxl-2\">\n        <h2>Stanovi\u0161t\u011b<\/h2>\n<ul>\n<li>Na ka\u017ed\u00e9m stanovi\u0161ti na v\u00e1s \u010dek\u00e1 v\u017edy jeden \u00fakol.<\/li>\n<li>Hra obsahuje <strong>7 stanovi\u0161\u0165 hry<\/strong> a <strong>1 bonusov\u00e9 stanovi\u0161t\u011b.<\/strong><\/li>\n<li>Stanovi\u0161t\u011b hry jsou o\u010d\u00edslov\u00e1na od 1 do 7 a je nutn\u00e9 je nav\u0161t\u00edvit v dan\u00e9m po\u0159ad\u00ed.<\/li>\n<li>Osm\u00e9 stanovi\u0161t\u011b je bonusov\u00e9, lze ho splnit bu\u010f v pr\u016fb\u011bhu samotn\u00e9 hry nebo i kdykoliv po jej\u00edm dokon\u010den\u00ed.<\/li>\n<\/ul>    <\/div>\n    <div class=\"col-12 col-md-6 col-lg-5 col-xxl-4\">\n        <div class=\"bg-box1 p-4 mb-3\">\n            <h2>Hern\u00ed bro\u017eura<\/h2>\n<p>Hern\u00ed bro\u017euru si m\u016f\u017eete <strong>vytisknout \u010di vyzvednout. <\/strong>V\u00edce informac\u00ed, v\u010detn\u011b n\u00e1vodu k tisku najdete po registraci a p\u0159ihl\u00e1\u0161en\u00ed na str\u00e1nce &#8222;Hern\u00ed materi\u00e1ly&#8220;.<\/p>\n<h3>Soubory k tisku:<\/h3>\n<ul>\n<li><a href=\"https:\/\/trails.cryptomania.cz\/cevak\/wp-content\/uploads\/sites\/85\/2022\/06\/2022_06_28_-_herni_brozura_budejovice_-_a5_barevna.pdf\">Plnobarevn\u00fd tisk ve form\u00e1tu bro\u017eury<\/a>.<\/li>\n<li><a href=\"https:\/\/trails.cryptomania.cz\/cevak\/wp-content\/uploads\/sites\/85\/2022\/06\/2022_06_28_-_herni_brozura_budejovice_-_a5_bw.pdf\">\u00dasporn\u00fd tisk ve form\u00e1tu bro\u017eury<\/a>.<br \/><br \/><\/li>\n<li><a href=\"https:\/\/trails.cryptomania.cz\/cevak\/wp-content\/uploads\/sites\/85\/2022\/06\/2022_06_28_-_herni_brozura_budejovice_-_a4_barevna.pdf\">Plnobarevn\u00fd tisk na A4<\/a><\/li>\n<li><a href=\"https:\/\/trails.cryptomania.cz\/cevak\/wp-content\/uploads\/sites\/85\/2022\/06\/2022_06_28_-_herni_brozura_budejovice_-_a4_bw.pdf\">\u00dasporn\u00fd tisk na A4<\/a><\/li>\n<\/ul>\n<h3>M\u00edsto, kde lze bro\u017euru vyzvednout:<\/h3>\n<ul>\n<li>Hern\u00ed bro\u017eurku si fyzicky m\u016f\u017eete vyzvednout na prvn\u00edm stanovi\u0161ti hry v are\u00e1lu Vod\u00e1rensk\u00e9 v\u011b\u017ee v \u010cesk\u00fdch Bud\u011bjovic\u00edch.<\/li>\n<\/ul>        <\/div>\n    <\/div>\n<\/div>\n<\/div>\n\n<div class=\"lazyblock-cryptorace-text-Z1yE66t wp-block-lazyblock-cryptorace-text\"><div class=\"row\">\n    <div class=\"col col-md-7 col-lg-6 col-xxl-5 offset-lg-1 offset-xxl-2\">\n        <h2>\u00dakoly<\/h2>\n<ul>\n<li>Za vy\u0159e\u0161en\u00ed \u00fakol\u016f z\u00edsk\u00e1v\u00e1te body.<\/li>\n<li>Po\u010det z\u00edskan\u00fdch bod\u016f se li\u0161\u00ed podle toho, zda jste \u00fakol vy\u0159e\u0161ili bez pomoci, vzali si v on-line hern\u00edm syst\u00e9mu n\u00e1pov\u011bdu \u010di \u0159e\u0161en\u00ed.\n<ul>\n<li>Vy\u0159e\u0161en\u00ed \u00fakolu: <strong>zisk 10 bod\u016f<\/strong><\/li>\n<li>N\u00e1pov\u011bda k p\u0159esunu: <strong>-2 body<\/strong><\/li>\n<li>N\u00e1pov\u011bda k \u00fakolu: <strong>-5 bod\u016f<\/strong><\/li>\n<li>P\u0159esko\u010den\u00ed stanovi\u0161t\u011b zobrazen\u00edm\u00a0spr\u00e1vn\u00e9ho \u0159e\u0161en\u00ed: <strong>0 bod\u016f<\/strong><\/li>\n<\/ul>\n<\/li>\n<\/ul>\n<ul>\n<li>\u0158e\u0161en\u00edm \u00fakolu je v\u017edy jednoslovn\u00e9 smyslupln\u00e9 heslo &#8211; neznamen\u00e1 to v\u0161ak, \u017ee v\u00e1m ze \u0161ifry nem\u016f\u017ee vyj\u00edt nap\u0159\u00edklad v\u011bta &#8222;heslo je kachni\u010dka&#8220;. V takov\u00e9m p\u0159\u00edpad\u011b od v\u00e1s \u010dek\u00e1me jako heslo slovo &#8222;kachni\u010dka&#8220;.<\/li>\n<li>Pokud do syst\u00e9mu zad\u00e1te dv\u011b \u0161patn\u00e1 hesla po sob\u011b, dal\u0161\u00ed m\u016f\u017eete zadat a\u017e za 2 minuty.<\/li>\n<li>\u00dakoly spolu vz\u00e1jemn\u011b nesouvis\u00ed. Ka\u017ed\u00fd je pot\u0159eba \u0159e\u0161it samostatn\u011b.<\/li>\n<li>Ve h\u0159e pou\u017e\u00edv\u00e1me anglickou abecedu o 26 znac\u00edch (CH jsou dv\u011b r\u016fzn\u00e1 p\u00edsmena).<\/li>\n<li>V\u011bt\u0161inu zad\u00e1n\u00ed z\u00edsk\u00e1te elektronicky v hern\u00edm syst\u00e9mu, n\u011bkter\u00e1 zad\u00e1n\u00ed v\u0161ak mohou vy\u017eadovat i pr\u00e1ci s hern\u00ed bro\u017eurkou. Na takovouto situaci v\u00e1s v\u0161ak upozorn\u00edme. V\u0161e ostatn\u00ed, co pot\u0159ebujete k vy\u0159e\u0161en\u00ed \u00fakolu, najdete v bl\u00edzk\u00e9m okol\u00ed.<\/li>\n<\/ul>\n<h2>P\u0159\u00edb\u011bh<\/h2>\n<p>P\u0159i p\u0159esunech a tak\u00e9 na jednotliv\u00fdch stanovi\u0161t\u00edch v\u00e1m budeme odhalovat \u010d\u00e1st p\u0159\u00edb\u011bhu. Text p\u0159\u00edb\u011bhu neobsahuje \u017e\u00e1dn\u00e9 \u0161ifry, ale informace z n\u011bj m\u016f\u017eete p\u0159i \u0159e\u0161en\u00ed jednotliv\u00fdch \u00fakol\u016f vyu\u017e\u00edt. Doporu\u010dujeme jej \u010d\u00edst velmi pozorn\u011b!<\/p>\n<h2>Fair Play<\/h2>\n<p>Neprozrazujte pros\u00edm \u0159e\u0161en\u00ed \u00fakol\u016f. Je t\u011b\u017ek\u00e9 si hru u\u017e\u00edt, pokud zn\u00e1te dop\u0159edu \u0159e\u0161en\u00ed jednotliv\u00fdch \u0161ifer. A velmi pros\u00edme, chovejte se k v\u0161em hern\u00edm prvk\u016fm ohledupln\u011b.<\/p>\n<p>P\u0159ejeme p\u0159\u00edjemnou hru!<\/p>\n<p style=\"text-align: right;\"><em>T\u00fdm Cryptomania a t\u00fdm \u010cEVAK<\/em><\/p>    <\/div>\n<\/div>\n<\/div>","protected":false},"excerpt":{"rendered":"","protected":false},"author":30920,"featured_media":0,"parent":0,"menu_order":0,"comment_status":"closed","ping_status":"closed","template":"","meta":{"footnotes":""},"class_list":["post-59","page","type-page","status-publish","hentry"],"yoast_head":"<!-- This site is optimized with the Yoast SEO plugin v27.3 - https:\/\/yoast.com\/product\/yoast-seo-wordpress\/ -->\n<title>Pravidla hry - Kachna na prameni<\/title>\n<meta name=\"robots\" content=\"index, follow, max-snippet:-1, max-image-preview:large, max-video-preview:-1\" \/>\n<link rel=\"canonical\" href=\"https:\/\/trails.cryptomania.cz\/cevak\/pravidla\/\" \/>\n<meta property=\"og:locale\" content=\"cs_CZ\" \/>\n<meta property=\"og:type\" content=\"article\" \/>\n<meta property=\"og:title\" content=\"Pravidla hry - Kachna na prameni\" \/>\n<meta property=\"og:url\" content=\"https:\/\/trails.cryptomania.cz\/cevak\/pravidla\/\" \/>\n<meta property=\"og:site_name\" content=\"Kachna na prameni\" \/>\n<meta property=\"article:modified_time\" content=\"2022-11-14T13:36:08+00:00\" \/>\n<meta name=\"twitter:card\" content=\"summary_large_image\" \/>\n<script type=\"application\/ld+json\" class=\"yoast-schema-graph\">{\"@context\":\"https:\\\/\\\/schema.org\",\"@graph\":[{\"@type\":\"WebPage\",\"@id\":\"https:\\\/\\\/trails.cryptomania.cz\\\/cevak\\\/pravidla\\\/\",\"url\":\"https:\\\/\\\/trails.cryptomania.cz\\\/cevak\\\/pravidla\\\/\",\"name\":\"Pravidla hry - Kachna na prameni\",\"isPartOf\":{\"@id\":\"https:\\\/\\\/trails.cryptomania.cz\\\/cevak\\\/#website\"},\"datePublished\":\"2022-05-03T12:14:22+00:00\",\"dateModified\":\"2022-11-14T13:36:08+00:00\",\"breadcrumb\":{\"@id\":\"https:\\\/\\\/trails.cryptomania.cz\\\/cevak\\\/pravidla\\\/#breadcrumb\"},\"inLanguage\":\"cs\",\"potentialAction\":[{\"@type\":\"ReadAction\",\"target\":[\"https:\\\/\\\/trails.cryptomania.cz\\\/cevak\\\/pravidla\\\/\"]}]},{\"@type\":\"BreadcrumbList\",\"@id\":\"https:\\\/\\\/trails.cryptomania.cz\\\/cevak\\\/pravidla\\\/#breadcrumb\",\"itemListElement\":[{\"@type\":\"ListItem\",\"position\":1,\"name\":\"Dom\u016f\",\"item\":\"https:\\\/\\\/trails.cryptomania.cz\\\/cevak\\\/\"},{\"@type\":\"ListItem\",\"position\":2,\"name\":\"Pravidla hry\"}]},{\"@type\":\"WebSite\",\"@id\":\"https:\\\/\\\/trails.cryptomania.cz\\\/cevak\\\/#website\",\"url\":\"https:\\\/\\\/trails.cryptomania.cz\\\/cevak\\\/\",\"name\":\"Kachna na prameni\",\"description\":\"Nap\u00ednav\u00e1 hra o d\u016fle\u017eitosti vody\",\"potentialAction\":[{\"@type\":\"SearchAction\",\"target\":{\"@type\":\"EntryPoint\",\"urlTemplate\":\"https:\\\/\\\/trails.cryptomania.cz\\\/cevak\\\/?s={search_term_string}\"},\"query-input\":{\"@type\":\"PropertyValueSpecification\",\"valueRequired\":true,\"valueName\":\"search_term_string\"}}],\"inLanguage\":\"cs\"}]}<\/script>\n<!-- \/ Yoast SEO plugin. -->","yoast_head_json":{"title":"Pravidla hry - Kachna na prameni","robots":{"index":"index","follow":"follow","max-snippet":"max-snippet:-1","max-image-preview":"max-image-preview:large","max-video-preview":"max-video-preview:-1"},"canonical":"https:\/\/trails.cryptomania.cz\/cevak\/pravidla\/","og_locale":"cs_CZ","og_type":"article","og_title":"Pravidla hry - Kachna na prameni","og_url":"https:\/\/trails.cryptomania.cz\/cevak\/pravidla\/","og_site_name":"Kachna na prameni","article_modified_time":"2022-11-14T13:36:08+00:00","twitter_card":"summary_large_image","schema":{"@context":"https:\/\/schema.org","@graph":[{"@type":"WebPage","@id":"https:\/\/trails.cryptomania.cz\/cevak\/pravidla\/","url":"https:\/\/trails.cryptomania.cz\/cevak\/pravidla\/","name":"Pravidla hry - Kachna na prameni","isPartOf":{"@id":"https:\/\/trails.cryptomania.cz\/cevak\/#website"},"datePublished":"2022-05-03T12:14:22+00:00","dateModified":"2022-11-14T13:36:08+00:00","breadcrumb":{"@id":"https:\/\/trails.cryptomania.cz\/cevak\/pravidla\/#breadcrumb"},"inLanguage":"cs","potentialAction":[{"@type":"ReadAction","target":["https:\/\/trails.cryptomania.cz\/cevak\/pravidla\/"]}]},{"@type":"BreadcrumbList","@id":"https:\/\/trails.cryptomania.cz\/cevak\/pravidla\/#breadcrumb","itemListElement":[{"@type":"ListItem","position":1,"name":"Dom\u016f","item":"https:\/\/trails.cryptomania.cz\/cevak\/"},{"@type":"ListItem","position":2,"name":"Pravidla hry"}]},{"@type":"WebSite","@id":"https:\/\/trails.cryptomania.cz\/cevak\/#website","url":"https:\/\/trails.cryptomania.cz\/cevak\/","name":"Kachna na prameni","description":"Nap\u00ednav\u00e1 hra o d\u016fle\u017eitosti vody","potentialAction":[{"@type":"SearchAction","target":{"@type":"EntryPoint","urlTemplate":"https:\/\/trails.cryptomania.cz\/cevak\/?s={search_term_string}"},"query-input":{"@type":"PropertyValueSpecification","valueRequired":true,"valueName":"search_term_string"}}],"inLanguage":"cs"}]}},"_links":{"self":[{"href":"https:\/\/trails.cryptomania.cz\/cevak\/wp-json\/wp\/v2\/pages\/59","targetHints":{"allow":["GET"]}}],"collection":[{"href":"https:\/\/trails.cryptomania.cz\/cevak\/wp-json\/wp\/v2\/pages"}],"about":[{"href":"https:\/\/trails.cryptomania.cz\/cevak\/wp-json\/wp\/v2\/types\/page"}],"author":[{"embeddable":true,"href":"https:\/\/trails.cryptomania.cz\/cevak\/wp-json\/wp\/v2\/users\/30920"}],"replies":[{"embeddable":true,"href":"https:\/\/trails.cryptomania.cz\/cevak\/wp-json\/wp\/v2\/comments?post=59"}],"version-history":[{"count":21,"href":"https:\/\/trails.cryptomania.cz\/cevak\/wp-json\/wp\/v2\/pages\/59\/revisions"}],"predecessor-version":[{"id":237,"href":"https:\/\/trails.cryptomania.cz\/cevak\/wp-json\/wp\/v2\/pages\/59\/revisions\/237"}],"wp:attachment":[{"href":"https:\/\/trails.cryptomania.cz\/cevak\/wp-json\/wp\/v2\/media?parent=59"}],"curies":[{"name":"wp","href":"https:\/\/api.w.org\/{rel}","templated":true}]}}