{"id":48,"date":"2022-05-03T13:50:15","date_gmt":"2022-05-03T11:50:15","guid":{"rendered":"https:\/\/trails.cryptomania.cz\/cevak\/?page_id=48"},"modified":"2022-05-03T13:50:15","modified_gmt":"2022-05-03T11:50:15","slug":"zapomenute-heslo","status":"publish","type":"page","link":"https:\/\/trails.cryptomania.cz\/cevak\/zapomenute-heslo\/","title":{"rendered":"Zapomenut\u00e9 heslo"},"content":{"rendered":"","protected":false},"excerpt":{"rendered":"","protected":false},"author":30920,"featured_media":0,"parent":0,"menu_order":0,"comment_status":"closed","ping_status":"closed","template":"template-parts\/page-lostpassword.php","meta":{"footnotes":""},"class_list":["post-48","page","type-page","status-publish","hentry"],"yoast_head":"<!-- This site is optimized with the Yoast SEO plugin v27.3 - https:\/\/yoast.com\/product\/yoast-seo-wordpress\/ -->\n<title>Zapomenut\u00e9 heslo - Kachna na prameni<\/title>\n<meta name=\"robots\" content=\"index, follow, max-snippet:-1, max-image-preview:large, max-video-preview:-1\" \/>\n<link rel=\"canonical\" href=\"https:\/\/trails.cryptomania.cz\/cevak\/zapomenute-heslo\/\" \/>\n<meta property=\"og:locale\" content=\"cs_CZ\" \/>\n<meta property=\"og:type\" content=\"article\" \/>\n<meta property=\"og:title\" content=\"Zapomenut\u00e9 heslo - Kachna na prameni\" \/>\n<meta property=\"og:url\" content=\"https:\/\/trails.cryptomania.cz\/cevak\/zapomenute-heslo\/\" \/>\n<meta property=\"og:site_name\" content=\"Kachna na prameni\" \/>\n<meta name=\"twitter:card\" content=\"summary_large_image\" \/>\n<script type=\"application\/ld+json\" class=\"yoast-schema-graph\">{\"@context\":\"https:\\\/\\\/schema.org\",\"@graph\":[{\"@type\":\"WebPage\",\"@id\":\"https:\\\/\\\/trails.cryptomania.cz\\\/cevak\\\/zapomenute-heslo\\\/\",\"url\":\"https:\\\/\\\/trails.cryptomania.cz\\\/cevak\\\/zapomenute-heslo\\\/\",\"name\":\"Zapomenut\u00e9 heslo - Kachna na prameni\",\"isPartOf\":{\"@id\":\"https:\\\/\\\/trails.cryptomania.cz\\\/cevak\\\/#website\"},\"datePublished\":\"2022-05-03T11:50:15+00:00\",\"breadcrumb\":{\"@id\":\"https:\\\/\\\/trails.cryptomania.cz\\\/cevak\\\/zapomenute-heslo\\\/#breadcrumb\"},\"inLanguage\":\"cs\",\"potentialAction\":[{\"@type\":\"ReadAction\",\"target\":[\"https:\\\/\\\/trails.cryptomania.cz\\\/cevak\\\/zapomenute-heslo\\\/\"]}]},{\"@type\":\"BreadcrumbList\",\"@id\":\"https:\\\/\\\/trails.cryptomania.cz\\\/cevak\\\/zapomenute-heslo\\\/#breadcrumb\",\"itemListElement\":[{\"@type\":\"ListItem\",\"position\":1,\"name\":\"Dom\u016f\",\"item\":\"https:\\\/\\\/trails.cryptomania.cz\\\/cevak\\\/\"},{\"@type\":\"ListItem\",\"position\":2,\"name\":\"Zapomenut\u00e9 heslo\"}]},{\"@type\":\"WebSite\",\"@id\":\"https:\\\/\\\/trails.cryptomania.cz\\\/cevak\\\/#website\",\"url\":\"https:\\\/\\\/trails.cryptomania.cz\\\/cevak\\\/\",\"name\":\"Kachna na prameni\",\"description\":\"Nap\u00ednav\u00e1 hra o d\u016fle\u017eitosti vody\",\"potentialAction\":[{\"@type\":\"SearchAction\",\"target\":{\"@type\":\"EntryPoint\",\"urlTemplate\":\"https:\\\/\\\/trails.cryptomania.cz\\\/cevak\\\/?s={search_term_string}\"},\"query-input\":{\"@type\":\"PropertyValueSpecification\",\"valueRequired\":true,\"valueName\":\"search_term_string\"}}],\"inLanguage\":\"cs\"}]}<\/script>\n<!-- \/ Yoast SEO plugin. -->","yoast_head_json":{"title":"Zapomenut\u00e9 heslo - Kachna na prameni","robots":{"index":"index","follow":"follow","max-snippet":"max-snippet:-1","max-image-preview":"max-image-preview:large","max-video-preview":"max-video-preview:-1"},"canonical":"https:\/\/trails.cryptomania.cz\/cevak\/zapomenute-heslo\/","og_locale":"cs_CZ","og_type":"article","og_title":"Zapomenut\u00e9 heslo - Kachna na prameni","og_url":"https:\/\/trails.cryptomania.cz\/cevak\/zapomenute-heslo\/","og_site_name":"Kachna na prameni","twitter_card":"summary_large_image","schema":{"@context":"https:\/\/schema.org","@graph":[{"@type":"WebPage","@id":"https:\/\/trails.cryptomania.cz\/cevak\/zapomenute-heslo\/","url":"https:\/\/trails.cryptomania.cz\/cevak\/zapomenute-heslo\/","name":"Zapomenut\u00e9 heslo - Kachna na prameni","isPartOf":{"@id":"https:\/\/trails.cryptomania.cz\/cevak\/#website"},"datePublished":"2022-05-03T11:50:15+00:00","breadcrumb":{"@id":"https:\/\/trails.cryptomania.cz\/cevak\/zapomenute-heslo\/#breadcrumb"},"inLanguage":"cs","potentialAction":[{"@type":"ReadAction","target":["https:\/\/trails.cryptomania.cz\/cevak\/zapomenute-heslo\/"]}]},{"@type":"BreadcrumbList","@id":"https:\/\/trails.cryptomania.cz\/cevak\/zapomenute-heslo\/#breadcrumb","itemListElement":[{"@type":"ListItem","position":1,"name":"Dom\u016f","item":"https:\/\/trails.cryptomania.cz\/cevak\/"},{"@type":"ListItem","position":2,"name":"Zapomenut\u00e9 heslo"}]},{"@type":"WebSite","@id":"https:\/\/trails.cryptomania.cz\/cevak\/#website","url":"https:\/\/trails.cryptomania.cz\/cevak\/","name":"Kachna na prameni","description":"Nap\u00ednav\u00e1 hra o d\u016fle\u017eitosti vody","potentialAction":[{"@type":"SearchAction","target":{"@type":"EntryPoint","urlTemplate":"https:\/\/trails.cryptomania.cz\/cevak\/?s={search_term_string}"},"query-input":{"@type":"PropertyValueSpecification","valueRequired":true,"valueName":"search_term_string"}}],"inLanguage":"cs"}]}},"_links":{"self":[{"href":"https:\/\/trails.cryptomania.cz\/cevak\/wp-json\/wp\/v2\/pages\/48","targetHints":{"allow":["GET"]}}],"collection":[{"href":"https:\/\/trails.cryptomania.cz\/cevak\/wp-json\/wp\/v2\/pages"}],"about":[{"href":"https:\/\/trails.cryptomania.cz\/cevak\/wp-json\/wp\/v2\/types\/page"}],"author":[{"embeddable":true,"href":"https:\/\/trails.cryptomania.cz\/cevak\/wp-json\/wp\/v2\/users\/30920"}],"replies":[{"embeddable":true,"href":"https:\/\/trails.cryptomania.cz\/cevak\/wp-json\/wp\/v2\/comments?post=48"}],"version-history":[{"count":1,"href":"https:\/\/trails.cryptomania.cz\/cevak\/wp-json\/wp\/v2\/pages\/48\/revisions"}],"predecessor-version":[{"id":49,"href":"https:\/\/trails.cryptomania.cz\/cevak\/wp-json\/wp\/v2\/pages\/48\/revisions\/49"}],"wp:attachment":[{"href":"https:\/\/trails.cryptomania.cz\/cevak\/wp-json\/wp\/v2\/media?parent=48"}],"curies":[{"name":"wp","href":"https:\/\/api.w.org\/{rel}","templated":true}]}}